{"id":2376,"date":"2026-01-07T16:23:22","date_gmt":"2026-01-07T08:23:22","guid":{"rendered":"https:\/\/www.haideclean.com\/?post_type=product&#038;p=2376"},"modified":"2026-03-18T11:47:06","modified_gmt":"2026-03-18T03:47:06","slug":"chd5070zzzqle6-self-loading-and-unloading-garbage-truck","status":"publish","type":"product","link":"https:\/\/www.haideclean.com\/es\/producto\/chd5070zzzqle6-self-loading-and-unloading-garbage-truck\/","title":{"rendered":"CHD5070ZZQLE6 Autocarga y descarga de camiones de basura"},"content":{"rendered":"<p><strong>Caracter\u00edsticas<\/strong><\/p>\n<p>Contenedor: el cuerpo est\u00e1 hecho de acero al carbono de alta calidad (se puede seleccionar acero inoxidable de alta calidad), la entrada est\u00e1 sellada con una tapa de sellado y la apertura y cierre son controlados por un cilindro hidr\u00e1ulico.<\/p>\n<p>Puerta trasera: abierta y cerrada por dos cilindros, bloquea la puerta trasera por dos cilindros, la puerta trasera est\u00e1 sellada por una tira de sellado especial patentada, con control de integraci\u00f3n electromec\u00e1nica-hidr\u00e1ulica, sin fugas durante el uso y el viaje del veh\u00edculo.<\/p>\n<p>Mecanismo de carga de basura: se pueden levantar latas de basura est\u00e1ndar de 120L, 240L, con mecanismo de bloqueo autom\u00e1tico de seguridad, la basura en el barril no se desbordar\u00e1 ni se dejar\u00e1 atr\u00e1s durante el proceso de carga.<\/p>\n<p>El sistema de elevaci\u00f3n y el sistema de apertura y cierre de la tapa adoptan la funci\u00f3n de enlace: cuando el mecanismo de elevaci\u00f3n y carga se levanta, la tapa se abre y cuando el mecanismo de elevaci\u00f3n y carga cae, la tapa se cierra. Evite por completo el peligro oculto de vertido de basura fuera del compartimiento causado por el marco de elevaci\u00f3n y la tapa superior no vinculaci\u00f3n.<\/p>\n<p>Dispositivo de compresi\u00f3n: el recipiente est\u00e1 equipado con un dispositivo de compresi\u00f3n de basura, que puede comprimir moderadamente la basura cargada, mejorar la tasa de utilizaci\u00f3n del volumen del recipiente de basura y tambi\u00e9n resolver el problema de que la basura es f\u00e1cil de apilar en el puerto de descarga, lo que resulta en el problema de baja capacidad de carga de basura.<\/p>\n<p>La placa empujadora tambi\u00e9n tiene la funci\u00f3n de retorno autom\u00e1tico, solo necesita operar la placa empujadora para empujar el interruptor, la placa empujadora empuja a una cierta posici\u00f3n, ser\u00e1 retorno auto-retrocesivo, reducir la dificultad de operaci\u00f3n, mejorar la comodidad de operaci\u00f3n.<\/p>\n<p>Descarga: Cuando la basura en el compartimiento necesita ser descargada, el interruptor se puede manipular para abrir la puerta trasera, de modo que el compartimiento se pueda levantar y la basura se pueda vertir en la piscina de descarga desde el compartimiento.<\/p>\n<p>Sistema operativo: La parte de control de cada funci\u00f3n del veh\u00edculo se concentra en el lado derecho del veh\u00edculo. Cada funci\u00f3n est\u00e1 controlada por el mango de control correspondiente.<\/p>\n<p>Las partes principales del sistema hidr\u00e1ulico adoptan los productos de marcas famosas.<\/p>\n<p>Ambos lados de la puerta trasera tienen dispositivos de protecci\u00f3n de seguridad. Cuando la puerta se abre para el funcionamiento, el bastidor de seguridad de la puerta trasera se baja, lo que evita accidentes de seguridad causados por el mal funcionamiento del operador.<\/p>","protected":false},"excerpt":{"rendered":"<p>CHD5070ZZZQLE6 autocarga y descarga cami\u00f3n de basura producido por Yantai Haide Special Vehicle Co., Ltd. es un nuevo tipo de producto desarrollado y dise\u00f1ado sobre la base del chasis QL1073BUHACY producido por Qingling Motors Company Limited, y su emisi\u00f3n alcanza el est\u00e1ndar Euro VI que es m\u00e1s favorable a la protecci\u00f3n del medio ambiente. Es una gran capacidad, alta eficiencia, sin fugas, alto grado de automatizaci\u00f3n, equipo de recolecci\u00f3n y transporte de basura de vida respetuoso con el medio ambiente, ampliamente utilizado en la comunidad, hoteles, comedores, basura de vida, basura de cocina y otra recolecci\u00f3n y transporte.<\/p>","protected":false},"featured_media":2405,"template":"","meta":[],"product_brand":[],"product_cat":[28],"product_tag":[],"class_list":{"0":"post-2376","1":"product","2":"type-product","3":"status-publish","4":"has-post-thumbnail","6":"product_cat-waste-collection-transport","8":"first","9":"instock","10":"shipping-taxable","11":"product-type-simple"},"_links":{"self":[{"href":"https:\/\/www.haideclean.com\/es\/wp-json\/wp\/v2\/product\/2376","targetHints":{"allow":["GET"]}}],"collection":[{"href":"https:\/\/www.haideclean.com\/es\/wp-json\/wp\/v2\/product"}],"about":[{"href":"https:\/\/www.haideclean.com\/es\/wp-json\/wp\/v2\/types\/product"}],"wp:featuredmedia":[{"embeddable":true,"href":"https:\/\/www.haideclean.com\/es\/wp-json\/wp\/v2\/media\/2405"}],"wp:attachment":[{"href":"https:\/\/www.haideclean.com\/es\/wp-json\/wp\/v2\/media?parent=2376"}],"wp:term":[{"taxonomy":"product_brand","embeddable":true,"href":"https:\/\/www.haideclean.com\/es\/wp-json\/wp\/v2\/product_brand?post=2376"},{"taxonomy":"product_cat","embeddable":true,"href":"https:\/\/www.haideclean.com\/es\/wp-json\/wp\/v2\/product_cat?post=2376"},{"taxonomy":"product_tag","embeddable":true,"href":"https:\/\/www.haideclean.com\/es\/wp-json\/wp\/v2\/product_tag?post=2376"}],"curies":[{"name":"wp","href":"https:\/\/api.w.org\/{rel}","templated":true}]}}