{"id":2396,"date":"2026-01-07T16:24:51","date_gmt":"2026-01-07T08:24:51","guid":{"rendered":"https:\/\/www.haideclean.com\/?post_type=product&#038;p=2396"},"modified":"2026-03-19T11:53:47","modified_gmt":"2026-03-19T03:53:47","slug":"chr42m-diesel-street-sweeper","status":"publish","type":"product","link":"https:\/\/www.haideclean.com\/es\/producto\/chr42m-diesel-street-sweeper\/","title":{"rendered":"CHR42M Barradora de calles diesel"},"content":{"rendered":"<p><strong>Caracter\u00edsticas<\/strong><strong>:<\/strong><\/p>\n<p>1) Est\u00e1 dise\u00f1ado con una estructura \u00fanica de bisagra bidireccional en el medio, de modo que los marcos delantero y trasero pueden oscilar en las dos direcciones de torsi\u00f3n y direcci\u00f3n, y la operaci\u00f3n de direcci\u00f3n es flexible y el radio de giro es peque\u00f1o.<\/p>\n<p>2) La cabina adopta una estructura de vidrio panor\u00e1mica, y la l\u00ednea de operaci\u00f3n de visi\u00f3n es ancha.<\/p>\n<p>3) Ambiente de conducci\u00f3n c\u00f3modo, equipado con radio, funci\u00f3n de control de crucero, funci\u00f3n electr\u00f3nica de regulaci\u00f3n de velocidad sin pasos, el conductor puede conducir el veh\u00edculo m\u00e1s f\u00e1cilmente y convenientemente.<\/p>\n<p>4) Excelente sistema de control el\u00e9ctrico:<\/p>\n<p>\u2606  Todo el veh\u00edculo est\u00e1 controlado digitalmente por un controlador, que se caracteriza por una buena resistencia s\u00edsmica y un alto nivel de protecci\u00f3n.<\/p>\n<p>\u2606  Todas las acciones de limpieza se pueden realizar presionando una tecla.<\/p>\n<p>\u2606  La velocidad del cepillo se puede ajustar sin pasos seg\u00fan los requisitos de operaci\u00f3n.<\/p>\n<p>\u2606  Est\u00e1 equipado con un monitor LCD de 7 pulgadas, que puede observar el estado de trabajo del veh\u00edculo en cualquier momento y proporcionar una imagen de reversi\u00f3n.<\/p>\n<p>5) Sistema de viaje estable:<\/p>\n<p>\u2606  La tracci\u00f3n de las cuatro ruedas y la tracci\u00f3n delantera de las dos ruedas se pueden cambiar para cumplir con los requisitos de conducci\u00f3n y escalada;<\/p>\n<p>\u2606  La funci\u00f3n anti deslizamiento \u00fanica puede realizar la auto extricaci\u00f3n de las ruedas del deslizamiento en la operaci\u00f3n de eliminaci\u00f3n de nieve de invierno;<\/p>\n<p>Descarga de alta tensi\u00f3n<\/p>\n<p>\u2606  El recipiente est\u00e1 hecho de acero inoxidable de alta calidad, que no solo es resistente a la corrosi\u00f3n, sino tambi\u00e9n de alta resistencia.<\/p>\n<p>\u2606  El alto vertido autom\u00e1tico reduce la intensidad de trabajo del operador, lo que hace que sea muy conveniente verter basura y limpiar y mantener toda la m\u00e1quina.<\/p>\n<p>7) funci\u00f3n de autolimpieza<\/p>\n<p>\u2606  Est\u00e1 equipado con una bomba de agua de lavado, que puede proporcionar agua limpia a alta presi\u00f3n.<\/p>\n<p>8<\/p>\n<p>9) Sistema de emergencia<\/p>\n<p>\u2606 En el interior de la cabina est\u00e1 instalado un extintor port\u00e1til para hacer frente a situaciones de emergencia.<\/p>\n<p>\u2606 Cuenta con una bomba de aceite manual de emergencia, que se puede utilizar para elevar el contenedor de basura con el fin de solucionar aver\u00edas en caso de fallo del sistema hidr\u00e1ulico.<\/p>\n<p>\u2606  El interruptor de parada de emergencia del motor est\u00e1 equipado en la cabina.<\/p>\n<p>\u2606  El interruptor de parada de emergencia de potencia del veh\u00edculo mec\u00e1nico est\u00e1 equipado.<\/p>","protected":false},"excerpt":{"rendered":"<p>La barridora de carreteras CHR42M es una barridora de carreteras multifuncional con una estructura especial de chasis que puede reemplazar varios accesorios funcionales. Esta barridora de carreteras adopta el concepto de dise\u00f1o avanzado de plataforma de veh\u00edculo y accesorios funcionales modulares, que pueden cambiar r\u00e1pidamente entre funciones sin herramientas. Toda la m\u00e1quina est\u00e1 alimentada por un motor diesel original importado de Yangma, y todas las operaciones son completadas conjuntamente por la estructura mec\u00e1nica, el sistema el\u00e9ctrico y el sistema hidr\u00e1ulico.<\/p>","protected":false},"featured_media":2397,"template":"","meta":[],"product_brand":[],"product_cat":[30,29],"product_tag":[],"class_list":{"0":"post-2396","1":"product","2":"type-product","3":"status-publish","4":"has-post-thumbnail","6":"product_cat-compact-street-sweepers","7":"product_cat-winter-snow-removal-equipment","9":"first","10":"instock","11":"shipping-taxable","12":"product-type-simple"},"_links":{"self":[{"href":"https:\/\/www.haideclean.com\/es\/wp-json\/wp\/v2\/product\/2396","targetHints":{"allow":["GET"]}}],"collection":[{"href":"https:\/\/www.haideclean.com\/es\/wp-json\/wp\/v2\/product"}],"about":[{"href":"https:\/\/www.haideclean.com\/es\/wp-json\/wp\/v2\/types\/product"}],"wp:featuredmedia":[{"embeddable":true,"href":"https:\/\/www.haideclean.com\/es\/wp-json\/wp\/v2\/media\/2397"}],"wp:attachment":[{"href":"https:\/\/www.haideclean.com\/es\/wp-json\/wp\/v2\/media?parent=2396"}],"wp:term":[{"taxonomy":"product_brand","embeddable":true,"href":"https:\/\/www.haideclean.com\/es\/wp-json\/wp\/v2\/product_brand?post=2396"},{"taxonomy":"product_cat","embeddable":true,"href":"https:\/\/www.haideclean.com\/es\/wp-json\/wp\/v2\/product_cat?post=2396"},{"taxonomy":"product_tag","embeddable":true,"href":"https:\/\/www.haideclean.com\/es\/wp-json\/wp\/v2\/product_tag?post=2396"}],"curies":[{"name":"wp","href":"https:\/\/api.w.org\/{rel}","templated":true}]}}