{"id":2404,"date":"2026-01-07T16:30:07","date_gmt":"2026-01-07T08:30:07","guid":{"rendered":"https:\/\/www.haideclean.com\/?post_type=product&#038;p=2404"},"modified":"2026-03-18T11:36:27","modified_gmt":"2026-03-18T03:36:27","slug":"chr51m-multi-functional-road-sweeper","status":"publish","type":"product","link":"https:\/\/www.haideclean.com\/es\/producto\/chr51m-multi-functional-road-sweeper\/","title":{"rendered":"Barredora vial multifuncional modelo CHR51M"},"content":{"rendered":"<h3><strong><b>Destacados del producto<\/b><\/strong><\/h3>\n<ul>\n<li><strong>Una m\u00e1quina con m\u00faltiples funciones<\/strong><\/li>\n<\/ul>\n<p>La funci\u00f3n de limpieza, la funci\u00f3n de lavado de pisos, la funci\u00f3n de lavado a alta presi\u00f3n, la funci\u00f3n de empujar la nieve, la funci\u00f3n de barrido de nieve y la funci\u00f3n de levantamiento de nieve se pueden lograr reemplazando los accesorios funcionales delanteros.<\/p>\n<ul>\n<li><strong>Cabina de confort<\/strong><\/li>\n<\/ul>\n<p>La cabina adopta un dise\u00f1o de dise\u00f1o general ergon\u00f3mico, estructura de vidrio panor\u00e1mica, asientos suspendidos, neum\u00e1ticos radiales, sistema multimedia, volante totalmente hidr\u00e1ulico, sistema de operaci\u00f3n de un bot\u00f3n, sistema de imagen inversa, sistema de control de crucero y sistema de frenado hidrost\u00e1tico, garantizando la seguridad y la comodidad de conducci\u00f3n.<\/p>\n<ul>\n<li><strong>La capacidad es grande.<\/strong><\/li>\n<\/ul>\n<p>El motor adopta un motor diesel turbocompreso Qingling de 67kw con alta potencia;<\/p>\n<p>Volumen del cuerpo 1,9 m\u00b3, gran capacidad;<\/p>\n<p>La cantidad de agua circulante para la reducci\u00f3n del polvo puede alcanzar 40L \/ min, con una gran cantidad de agua de reducci\u00f3n del polvo;<\/p>\n<ul>\n<li><strong>Rendimiento fiable<\/strong><\/li>\n<\/ul>\n<p>Los componentes principales de toda la m\u00e1quina, como el motor, la bomba de desplazamiento variable, el motor a pie y la direcci\u00f3n, son importados de marcas internacionales de primer nivel, con rendimiento superior y calidad fiable.<\/p>\n<ul>\n<li><strong>Funcionamiento eficiente<\/strong><\/li>\n<\/ul>\n<p>El sistema de limpieza de toda la m\u00e1quina adopta un dise\u00f1o de dise\u00f1o frontal que es propicio para garantizar la calidad y eficiencia del trabajo;<\/p>\n<p>El sistema de barrido est\u00e1 equipado con una estructura de brazo de cepillo flotante que se puede ajustar seg\u00fan las condiciones de la carretera;<\/p>\n<p>El sistema principal de reducci\u00f3n de polvo en el sistema de reducci\u00f3n de polvo adopta un sistema \u00fanico de agua de reducci\u00f3n de polvo circulante de alto flujo para la reducci\u00f3n de polvo, mientras que el sistema secundario de reducci\u00f3n de polvo utiliza un sistema de reducci\u00f3n de polvo de 4 boquillas de cepillo;<\/p>\n<p>El ventilador del sistema de succi\u00f3n adopta un ventilador centr\u00edfugo con un \u00e1rea amplia y eficiente optimizada a trav\u00e9s de m\u00faltiples simulaciones CAE, combinado con un di\u00e1metro de 200 mm de tubo de succi\u00f3n de gran di\u00e1metro puede garantizar efectivamente la calidad de succi\u00f3n.<\/p>\n<h3><strong><b>Caracter\u00edsticas de rendimiento<\/b><\/strong><\/h3>\n<p><strong><b>1.<\/b><b>Basura de gran capacidad<\/b><\/strong><\/p>\n<p>La basura est\u00e1 hecha de material de acero inoxidable de alta calidad con un volumen de 1,9 m\u00b3, Capaz de elevaci\u00f3n y descarga hidr\u00e1ulica propia.<\/p>\n<p><strong><b>2.<\/b><b>Fuerte potencia<\/b><\/strong><\/p>\n<p>Todo el veh\u00edculo est\u00e1 alimentado por un motor diesel turbocompreso Qingling de 67kw, con excelente rendimiento y calidad fiable.<\/p>\n<p><strong><b>3.<\/b><b>Sistema de succi\u00f3n eficiente<\/b><\/strong><\/p>\n<p>La estructura del ventilador de succi\u00f3n se ha optimizado m\u00faltiples veces a trav\u00e9s de la simulaci\u00f3n CAE, lo que le permite tener una amplia gama de alta eficiencia, lo que permite que el ventilador opere eficientemente a diferentes requisitos de velocidad.<\/p>\n<p>El puerto de succi\u00f3n est\u00e1 equipado con un mecanismo de interferencia del flujo de aire y un dispositivo de ajuste del flujo de aire, lo que permite que el flujo de succi\u00f3n agite r\u00e1pidamente el polvo unido a la superficie de la carretera, acelere la entrada en el puerto de succi\u00f3n, asegure la eficiencia de succi\u00f3n y mejore en gran medida la eficiencia de trabajo.<\/p>\n<p><strong><b>4.<\/b><b>Potente sistema de supresi\u00f3n del polvo<\/b><\/strong><\/p>\n<p>El sistema principal de supresi\u00f3n del polvo utiliza agua circulante autofluyente con un flujo de hasta 40 L\/min para la supresi\u00f3n del polvo. El agua circulante en la caja fluye autom\u00e1ticamente al puerto de succi\u00f3n. Bajo la acci\u00f3n de la corriente de chorro, se combina completamente con el polvo aspirado en la tuber\u00eda de succi\u00f3n para lograr la supresi\u00f3n del polvo; El agua que no est\u00e1 involucrada en la combinaci\u00f3n pasa a trav\u00e9s de un filtro especial en la placa lateral de la caja, y luego fluye de nuevo al puerto de succi\u00f3n para participar en la reducci\u00f3n del polvo y se reutiliza. En comparaci\u00f3n con otros m\u00e9todos de reducci\u00f3n de polvo por pulverizaci\u00f3n, la cantidad de agua involucrada en la reducci\u00f3n de polvo es mayor y el efecto de reducci\u00f3n de polvo es mejor; Durante el proceso de reducci\u00f3n de polvo, no hay consumo adicional de agua limpia del dep\u00f3sito de agua a bordo, lo que prolonga el tiempo de funcionamiento de todo el veh\u00edculo y aumenta el radio de funcionamiento del veh\u00edculo.<\/p>\n<p>Las cuatro boquillas de reducci\u00f3n de polvo instaladas por encima del cepillo pueden suprimir el polvo durante el proceso de limpieza, y el conductor puede ajustar la cantidad de agua pulverizada sin pasos de acuerdo con las condiciones de la carretera.<\/p>\n<p><strong><b>5.<\/b><b>Un conductor&#8217; s cabina con una amplia vista<\/b><\/strong><\/p>\n<p>El conductor&#8217; La cabina adopta una estructura de vidrio panor\u00e1mica, que proporciona una amplia vista del trabajo y elimina los puntos muertos visuales durante el funcionamiento, lo que es m\u00e1s propicio para garantizar la calidad del trabajo; Al mismo tiempo, todo el vidrio est\u00e1 recubierto con una pel\u00edcula solar, que puede proporcionar un buen aislamiento en los veranos calurosos y evitar que el vidrio se rompa cuando es golpeado por objetos duros, garantizando la seguridad del conductor.<\/p>\n<p><strong><b>6.<\/b><b>Rendimiento estable<\/b><\/strong><\/p>\n<p>Los principales componentes del sistema hidr\u00e1ulico est\u00e1n hechos de productos de marca de renombre internacional, como la bomba variable de Linde en Alemania, el motor de Poclain en Francia, la direcci\u00f3n hidr\u00e1ulica de Danfoss en Dinamarca y el filtro de Hydac en Alemania.<\/p>\n<p><strong><b>7.<\/b><b>Proceso de operaci\u00f3n sencillo<\/b><\/strong><\/p>\n<p>Operaci\u00f3n de un solo clic, que implica una serie de acciones tales como bajar el dispositivo de limpieza, oscilar autom\u00e1ticamente el cepillo hacia fuera, bajar el orificio de succi\u00f3n, abrir la bomba de agua de supresi\u00f3n del polvo y abrir el ventilador. Del mismo modo, la acci\u00f3n de completar la tarea tambi\u00e9n se puede lograr con un bot\u00f3n.<\/p>\n<p>La velocidad del cepillo y la velocidad del ventilador se pueden ajustar sin pasos seg\u00fan las condiciones de funcionamiento;<\/p>\n<p>Equipado con un sistema de control de crucero, no solo garantiza el efecto de limpieza, sino que tambi\u00e9n libera al conductor&#8217; pies y reduce la intensidad del trabajo.<\/p>\n<p><strong><b>8.<\/b><b>Sistema de monitoreo del estado del veh\u00edculo<\/b><\/strong><\/p>\n<p>Todo el veh\u00edculo est\u00e1 equipado con una pantalla de pantalla de 7 pulgadas, que puede mostrar el estado de operaci\u00f3n en tiempo real y la informaci\u00f3n de alarma del veh\u00edculo; Equipado con una plataforma de detecci\u00f3n de fondo, puede identificar r\u00e1pidamente la causa de los fallos en todo el veh\u00edculo.<\/p>\n<p><strong><b>9.<\/b><b>Ambiente de conducci\u00f3n c\u00f3modo<\/b><\/strong><\/p>\n<p>Cuenta con reproductor de CD, lo que permite al conductor realizar trabajos de limpieza con comodidad.<\/p>\n<p>Equipado con aire acondicionado y calefacci\u00f3n de estructura dividida, y equipado con m\u00faltiples engranajes, lo que permite al conductor conducir el veh\u00edculo m\u00e1s c\u00f3modamente;<\/p>\n<p>Equipado con asientos de suspensi\u00f3n GRAMMER de Alemania, puede ajustar la fuerza amortiguadora de acuerdo con el conductor&#8217; s peso, mejorando el conductor&#8217; comodidad;<\/p>\n<p>Equipado con una imagen inversa de color, lo que hace que sea m\u00e1s seguro para los conductores conducir el veh\u00edculo;<\/p>\n<p>Equipado con un espejo retrovisor de campo grande calentado para asegurar que el conductor&#8217; seguridad de conducci\u00f3n;<\/p>\n<p>El conductor&#8217; La cabina est\u00e1 equipada con un dise\u00f1o de puerta de doble cara, lo que facilita al conductor subir y bajar seg\u00fan la situaci\u00f3n.<\/p>\n<p><strong><b>10.<\/b><b>Sistema de frenado fiable<\/b><\/strong><\/p>\n<p>El sistema de frenado consta de tres partes: frenado de servicio, frenado de emergencia y frenado de estacionamiento. El frenado de servicio se logra mediante las caracter\u00edsticas de frenado antiarrastre de un bucle cerrado accionado por presi\u00f3n hidrost\u00e1tica; El frenado de emergencia se logra mediante frenado hidr\u00e1ulico utilizando los frenos de la rueda delantera; El freno de estacionamiento se logra mediante el uso del motor caminante con frenado mec\u00e1nico fuerte. El sistema de frenado fiable garantiza la seguridad del funcionamiento.<\/p>\n<p><strong><b>11.<\/b><b>Sistema de control de alta integraci\u00f3n<\/b><\/strong><\/p>\n<p>Todo el veh\u00edculo est\u00e1 controlado por un sistema de bus CAN, y el controlador utilizado tiene las caracter\u00edsticas de buena resistencia s\u00edsmica, alto nivel de protecci\u00f3n, resistencia a grandes diferencias de temperatura, fluctuaciones de voltaje y la capacidad de lograr c\u00e1lculos de control complejos. Tiene m\u00faltiples funciones como autodiagn\u00f3stico, procesamiento de alerta temprana, an\u00e1lisis de fallas y registro de operaci\u00f3n, lo que lo convierte en la opci\u00f3n \u00f3ptima para lograr el control el\u00e9ctrico de veh\u00edculos m\u00f3viles no de carretera.<\/p>\n<p><strong>12. Plataforma multifunci\u00f3n<\/strong><\/p>\n<p>Todo el veh\u00edculo es un producto de plataforma multifuncional que puede lograr m\u00faltiples usos para una sola m\u00e1quina. La funci\u00f3n de limpieza, la funci\u00f3n de barrido de nieve, la funci\u00f3n de lavado de pisos y la funci\u00f3n de lavado a alta presi\u00f3n se pueden lograr reemplazando los accesorios funcionales delanteros.<\/p>","protected":false},"excerpt":{"rendered":"<p>La barridora multifuncional CHR51M es una barridora de marco integrado alimentada por di\u00e9sel fabricada por Shandong Howe Technologies Co., Ltd. Bas\u00e1ndose en el legado de la barridora \"Emperador de barrido de calles\", un modelo con m\u00e1s de 20 a\u00f1os de historia de producci\u00f3n, hereda los componentes principales. rendimiento excepcional, calidad estable y alta eficiencia operativa. Este modelo se ha actualizado mediante la integraci\u00f3n de conceptos modernos de dise\u00f1o industrial y Hongrui Group&#8217; elementos de la familia de la firma.<\/p>","protected":false},"featured_media":2412,"template":"","meta":[],"product_brand":[],"product_cat":[30,29],"product_tag":[],"class_list":{"0":"post-2404","1":"product","2":"type-product","3":"status-publish","4":"has-post-thumbnail","6":"product_cat-compact-street-sweepers","7":"product_cat-winter-snow-removal-equipment","9":"first","10":"instock","11":"shipping-taxable","12":"product-type-simple"},"_links":{"self":[{"href":"https:\/\/www.haideclean.com\/es\/wp-json\/wp\/v2\/product\/2404","targetHints":{"allow":["GET"]}}],"collection":[{"href":"https:\/\/www.haideclean.com\/es\/wp-json\/wp\/v2\/product"}],"about":[{"href":"https:\/\/www.haideclean.com\/es\/wp-json\/wp\/v2\/types\/product"}],"wp:featuredmedia":[{"embeddable":true,"href":"https:\/\/www.haideclean.com\/es\/wp-json\/wp\/v2\/media\/2412"}],"wp:attachment":[{"href":"https:\/\/www.haideclean.com\/es\/wp-json\/wp\/v2\/media?parent=2404"}],"wp:term":[{"taxonomy":"product_brand","embeddable":true,"href":"https:\/\/www.haideclean.com\/es\/wp-json\/wp\/v2\/product_brand?post=2404"},{"taxonomy":"product_cat","embeddable":true,"href":"https:\/\/www.haideclean.com\/es\/wp-json\/wp\/v2\/product_cat?post=2404"},{"taxonomy":"product_tag","embeddable":true,"href":"https:\/\/www.haideclean.com\/es\/wp-json\/wp\/v2\/product_tag?post=2404"}],"curies":[{"name":"wp","href":"https:\/\/api.w.org\/{rel}","templated":true}]}}