{"id":2427,"date":"2026-01-07T16:35:42","date_gmt":"2026-01-07T08:35:42","guid":{"rendered":"https:\/\/www.haideclean.com\/?post_type=product&#038;p=2427"},"modified":"2026-03-19T13:59:58","modified_gmt":"2026-03-19T05:59:58","slug":"chr42mhev-full-electric-multi-functional-road-sweeper","status":"publish","type":"product","link":"https:\/\/www.haideclean.com\/es\/producto\/chr42mhev-full-electric-multi-functional-road-sweeper\/","title":{"rendered":"CHR42MHEV Barredora vial multifuncional totalmente el\u00e9ctrica"},"content":{"rendered":"<h3><strong><b>Destacados del producto<\/b><\/strong><\/h3>\n<ul>\n<li>M\u00faltiples funciones en una m\u00e1quina<\/li>\n<\/ul>\n<p>Al reemplazar los accesorios de la funci\u00f3n delantera o los accesorios de engancho detr\u00e1s del veh\u00edculo, puede realizar las funciones de barrido, limpieza del piso, el tercer cepillo, arado de nieve, barrido de nieve, soplado de nieve y difusi\u00f3n.<\/p>\n<ul>\n<li><strong>Cabina de conducci\u00f3n c\u00f3moda<\/strong><\/li>\n<\/ul>\n<p>La cabina adopta dise\u00f1o de dise\u00f1o general ergon\u00f3mico, cabina de estructura de vidrio panor\u00e1mica, asientos de suspensi\u00f3n, neum\u00e1ticos radiales, sistema multimedia, direcci\u00f3n hidr\u00e1ulica completa del volante, sistema de operaci\u00f3n de un solo clic, sistema de v\u00eddeo de inversi\u00f3n, sistema de control de crucero, sistema de frenado hidr\u00e1ulico, sistema de tracci\u00f3n a cuatro ruedas y sistema antideslizante de accionamiento, etc., para garantizar la seguridad y la comodidad de la conducci\u00f3n.<\/p>\n<ul>\n<li><strong>Rendimiento fiable<\/strong><\/li>\n<\/ul>\n<p>Los componentes principales de toda la m\u00e1quina, como los paquetes de bater\u00eda de potencia, los motores caminantes, las direcciones, las unidades de potencia, los motores y los grupos de v\u00e1lvulas hidr\u00e1ulicas, utilizan productos de marca de primer nivel internacionales nacionales, con un excelente rendimiento y una calidad confiable.<\/p>\n<ul>\n<li><strong>Alta eficiencia<\/strong><\/li>\n<\/ul>\n<p>El sistema de limpieza de toda la m\u00e1quina adopta un dise\u00f1o de disposici\u00f3n frontal que es propicio para garantizar la calidad y eficiencia de la operaci\u00f3n;<\/p>\n<p>El sistema de barrido est\u00e1 configurado con una estructura de brazo de cepillo suspendido que puede ajustarse seg\u00fan las condiciones de la carretera;<\/p>\n<p>El sistema principal de reducci\u00f3n de polvo en el sistema de reducci\u00f3n de polvo utiliza un sistema \u00fanico de reducci\u00f3n de polvo circular de gran flujo para la reducci\u00f3n de polvo. El sistema de reducci\u00f3n de polvo utiliza un cepillo de reducci\u00f3n de polvo de 4 boquillas y un gran flujo de la boca para pulverizar la reducci\u00f3n de polvo;<\/p>\n<p>Los ventiladores del sistema de bombeo son ventiladores centr\u00edfugos con una zona amplia y de alta eficiencia que est\u00e1n optimizados por muchas simulaciones CAE, y combinados con un tubo de absorci\u00f3n de circuito grande con un di\u00e1metro de 180 mm, lo que puede beneficiar la calidad de succi\u00f3n.<\/p>\n<h3><strong><b>Caracter\u00edsticas de rendimiento<\/b><\/strong><\/h3>\n<p><strong>1) Operaci\u00f3n flexible<\/strong><\/p>\n<p><strong>\u2606<\/strong>Est\u00e1 dise\u00f1ado con una estructura articulada bidireccional central \u00fanica. Los bastidores delantero y trasero se pueden torcer y dirigir en ambas direcciones con una direcci\u00f3n flexible y un radio de giro peque\u00f1o.<\/p>\n<p><strong>2) Visi\u00f3n abierta<\/strong><\/p>\n<p><strong>\u2606 El gabinete adopta la estructura de vidrio panor\u00e1mico, y la operaci\u00f3n es ancha.<\/strong><\/p>\n<p><img fetchpriority=\"high\" decoding=\"async\" class=\"alignnone wp-image-2529 size-full\" src=\"https:\/\/www.haideclean.com\/wp-content\/uploads\/2026\/01\/Open-vision2.jpg\" alt=\"\" width=\"724\" height=\"543\" srcset=\"https:\/\/www.haideclean.com\/wp-content\/uploads\/2026\/01\/Open-vision2.jpg 724w, https:\/\/www.haideclean.com\/wp-content\/uploads\/2026\/01\/Open-vision2-300x225.jpg 300w, https:\/\/www.haideclean.com\/wp-content\/uploads\/2026\/01\/Open-vision2-600x450.jpg 600w\" sizes=\"(max-width: 724px) 100vw, 724px\" \/><\/p>\n<p><strong>3) Un ambiente de conducci\u00f3n c\u00f3modo<\/strong><\/p>\n<p>Equipado con radio.<\/p>\n<p><strong>\u2606<\/strong>Equipado con el aire acondicionado y el aire caliente con la estructura dividida, el aire acondicionado es la estructura superior de la parte superior, y el viento caliente es la parte inferior de la parte inferior de la estructura de instalaci\u00f3n desde la parte inferior, lo que puede hacer que el aire acondicionado y el aire caliente funcionen de manera m\u00e1s eficiente y proporcionen al conductor uno para proporcionar a un conductor uno.<\/p>\n<p><strong>\u2606<\/strong>Equipado con una funci\u00f3n de crucero de velocidad fija.<\/p>\n<p><strong>\u2606 Equipado con funci\u00f3n de ajuste de velocidad libre electr\u00f3nica para hacer que el conductor sea m\u00e1s relajado y c\u00f3modo para conducir el veh\u00edculo.<\/strong><\/p>\n<p><strong>\u2606<\/strong>Equipado con un conductor c\u00f3modo&#8217; s asiento, la cabina se puede ajustar seg\u00fan el conductor&#8217; peso para mejorar la comodidad del conductor. El asiento est\u00e1 equipado con un cintur\u00f3n de seguridad para garantizar la seguridad de conducci\u00f3n del conductor.<\/p>\n<p><strong>4) Excelente sistema de control el\u00e9ctrico<\/strong><\/p>\n<p><strong>\u2606<\/strong>Todo el veh\u00edculo es controlado digitalmente por un controlador con una buena resistencia a golpes y un alto nivel de protecci\u00f3n.<\/p>\n<p>&nbsp;<\/p>\n<p><strong>\u2606<\/strong>Basta con presionar un bot\u00f3n para lograr toda la acci\u00f3n.<\/p>\n<p><strong>La velocidad de limpieza se puede regular seg\u00fan las necesidades de trabajo.<\/strong><\/p>\n<p><strong>\u2606<\/strong>Con un monitor LCD de 7 pulgadas, puede observar el estado de trabajo del veh\u00edculo en cualquier momento y proporcionar im\u00e1genes de marcha atr\u00e1s.<\/p>\n<p><strong>5) Sistema de caminata estable<\/strong><\/p>\n<p>Este accionamiento de marcha por barrido de frecuencia del circuito adopta un sistema de transmisi\u00f3n hidr\u00e1ulica de velocidad variable continua, equipado con algoritmos de software y sistemas de control maduros, lo que hace que el rendimiento del sistema de marcha de la m\u00e1quina completa sea m\u00e1s estable y fiable.<\/p>\n<p>Se puede transformar por tracci\u00f3n de cuatro ruedas y tracci\u00f3n delantera de dos ruedas para satisfacer las necesidades de conducci\u00f3n y escalada;<\/p>\n<p>La funci\u00f3n anti-deslizamiento \u00fanica puede lograr las ruedas cuando las ruedas se deslizan en la operaci\u00f3n de eliminaci\u00f3n de nieve del invierno;<\/p>\n<p>El veh\u00edculo utiliza un ajuste autom\u00e1tico de carga del control de transmisi\u00f3n. El conductor solo necesita pisar el pedal para alcanzar la velocidad ideal. El veh\u00edculo ajustar\u00e1 la velocidad del motor seg\u00fan el veh\u00edculo&#8217; carga.<\/p>\n<p><strong>6) Dise\u00f1o de colisi\u00f3n m\u00faltiple<\/strong><\/p>\n<p><strong>\u2606<\/strong>Los cepillos de barrido adoptan m\u00faltiples dise\u00f1os anticolisi\u00f3n para lograr la m\u00e1xima protecci\u00f3n de los cepillos contra los da\u00f1os causados por las colisiones.<\/p>\n<p><strong>7) Sistema de eliminaci\u00f3n de polvo<\/strong><\/p>\n<p><strong>\u2606<\/strong>Equipado con un sistema de eliminaci\u00f3n de polvo de agua circulante de gran flujo, el agua circulante en la caja fluye desde el flujo de agua a la entrada. Bajo la influencia del flujo de aire de alta velocidad, se combina completamente con el polvo absorbente en el tubo de bombeo para lograr la reducci\u00f3n del polvo; El filtro especial en la placa, luego fluya de vuelta al lugar de entrada para participar en la reducci\u00f3n del polvo, reutilizalo<\/p>\n<p><strong>\u2606 Equipado con sistema de reducci\u00f3n de polvo de barrido y pulverizaci\u00f3n<\/strong><\/p>\n<p><strong>\u2606 La parte superior del cepillo est\u00e1 equipada con 4 boquillas de supresi\u00f3n de polvo<\/strong><\/p>\n<p><strong>8) Dumping de alto nivel<\/strong><\/p>\n<p><strong>\u2606<\/strong>El tanque de basura est\u00e1 hecho de acero inoxidable de alta calidad, que no solo es resistente a la corrosi\u00f3n, sino tambi\u00e9n de alta resistencia.  \u2606  Adopta el m\u00e9todo de vertido alto para vertir la basura, lo que reduce la intensidad de trabajo del operador y hace que el vertido de basura, la limpieza y el mantenimiento de toda la m\u00e1quina sean extremadamente convenientes.<\/p>\n<p><strong>9) funci\u00f3n de autolimpieza<\/strong><\/p>\n<p><strong>\u2606<\/strong>Est\u00e1 equipado con una bomba de cepillado para autom\u00f3viles que puede proporcionar agua a alta presi\u00f3n. Las pistolas de pulverizaci\u00f3n de alta presi\u00f3n se pueden llevar con el coche. Despu\u00e9s de que el veh\u00edculo funcione, el veh\u00edculo se puede limpiar para asegurarse de que el veh\u00edculo&#8217; La apariencia es limpia.<\/p>\n<p><strong>10) Sistema de frenado fiable<\/strong><\/p>\n<p>El sistema de frenado combina el frenado con buje de freno y el frenado autom\u00e1tico por transmisi\u00f3n de voltaje est\u00e1tico. Los cuatro ruedas disponen de frenado con bomba de aceite, mientras que las ruedas traseras est\u00e1n equipadas adicionalmente con frenado de tipo tensi\u00f3n. Este dise\u00f1o garantiza la seguridad del frenado en marcha y de estacionamiento.<\/p>\n<p><strong>11\uff09Pajita retr\u00e1ctil manual y herramientas auxiliares<\/strong><\/p>\n<p>Equipado con una paja de dosel port\u00e1til de extensi\u00f3n, puede realizar operaciones de aspiraci\u00f3n en lugares como cinturones verdes.<\/p>\n<p>Equipado con herramientas auxiliares, la basura bloqueada en la caja grande se puede limpiar, y se puede operar como la bomba de aceite manual de emergencia correspondiente.<\/p>\n<p><strong>12) Sistema de emergencia<\/strong><\/p>\n<p>La cabina est\u00e1 equipada con un extintor port\u00e1til para emergencias.<\/p>\n<p>Equipado con bombas de aceite de mano de emergencia, cuando el sistema hidr\u00e1ulico falla, se puede levantar la basura y se puede realizar una investigaci\u00f3n de fallas.<\/p>","protected":false},"excerpt":{"rendered":"<p>La barridora de carreteras CHR42MHEV es una barridora de carreteras multifuncional con una estructura de chasis dedicada que reemplaza una variedad de accesorios funcionales. Esta barridora de carreteras adopta conceptos de dise\u00f1o avanzados de plataforma de veh\u00edculos y modularidad de fijaci\u00f3n funcional, que puede realizar r\u00e1pidamente el cambio de funciones sin herramientas. Todas las operaciones son completadas conjuntamente por la estructura mec\u00e1nica, el sistema el\u00e9ctrico y el sistema hidr\u00e1ulico.<\/p>","protected":false},"featured_media":2428,"template":"","meta":[],"product_brand":[],"product_cat":[30,29],"product_tag":[],"class_list":{"0":"post-2427","1":"product","2":"type-product","3":"status-publish","4":"has-post-thumbnail","6":"product_cat-compact-street-sweepers","7":"product_cat-winter-snow-removal-equipment","9":"first","10":"instock","11":"shipping-taxable","12":"product-type-simple"},"_links":{"self":[{"href":"https:\/\/www.haideclean.com\/es\/wp-json\/wp\/v2\/product\/2427","targetHints":{"allow":["GET"]}}],"collection":[{"href":"https:\/\/www.haideclean.com\/es\/wp-json\/wp\/v2\/product"}],"about":[{"href":"https:\/\/www.haideclean.com\/es\/wp-json\/wp\/v2\/types\/product"}],"wp:featuredmedia":[{"embeddable":true,"href":"https:\/\/www.haideclean.com\/es\/wp-json\/wp\/v2\/media\/2428"}],"wp:attachment":[{"href":"https:\/\/www.haideclean.com\/es\/wp-json\/wp\/v2\/media?parent=2427"}],"wp:term":[{"taxonomy":"product_brand","embeddable":true,"href":"https:\/\/www.haideclean.com\/es\/wp-json\/wp\/v2\/product_brand?post=2427"},{"taxonomy":"product_cat","embeddable":true,"href":"https:\/\/www.haideclean.com\/es\/wp-json\/wp\/v2\/product_cat?post=2427"},{"taxonomy":"product_tag","embeddable":true,"href":"https:\/\/www.haideclean.com\/es\/wp-json\/wp\/v2\/product_tag?post=2427"}],"curies":[{"name":"wp","href":"https:\/\/api.w.org\/{rel}","templated":true}]}}