{"id":2431,"date":"2026-01-07T16:37:53","date_gmt":"2026-01-07T08:37:53","guid":{"rendered":"https:\/\/www.haideclean.com\/?post_type=product&#038;p=2431"},"modified":"2026-03-18T11:35:56","modified_gmt":"2026-03-18T03:35:56","slug":"chr50mev-full-electric-street-sweeper","status":"publish","type":"product","link":"https:\/\/www.haideclean.com\/es\/producto\/chr50mev-full-electric-street-sweeper\/","title":{"rendered":"CHR50MEV Barradora de calles totalmente el\u00e9ctrica"},"content":{"rendered":"<p><strong>Caracter\u00edsticas de rendimiento de las barridoras multifunci\u00f3n totalmente el\u00e9ctricas CHR50MEV<\/strong><\/p>\n<ol>\n<li><strong>Sistema de direcci\u00f3n:<\/strong><\/li>\n<\/ol>\n<p>Adoptando un sistema de direcci\u00f3n totalmente hidr\u00e1ulico, la estructura es simple y la direcci\u00f3n es suave. F\u00e1cil de operar durante operaciones de limpieza frecuentes con conducci\u00f3n a baja velocidad y direcci\u00f3n frecuente.<\/p>\n<p><img fetchpriority=\"high\" decoding=\"async\" class=\"alignnone wp-image-2515 size-full\" src=\"https:\/\/www.haideclean.com\/wp-content\/uploads\/2026\/01\/Four-wheel.jpg\" alt=\"\" width=\"1377\" height=\"340\" srcset=\"https:\/\/www.haideclean.com\/wp-content\/uploads\/2026\/01\/Four-wheel.jpg 1377w, https:\/\/www.haideclean.com\/wp-content\/uploads\/2026\/01\/Four-wheel-300x74.jpg 300w, https:\/\/www.haideclean.com\/wp-content\/uploads\/2026\/01\/Four-wheel-1024x253.jpg 1024w, https:\/\/www.haideclean.com\/wp-content\/uploads\/2026\/01\/Four-wheel-768x190.jpg 768w, https:\/\/www.haideclean.com\/wp-content\/uploads\/2026\/01\/Four-wheel-600x148.jpg 600w\" sizes=\"(max-width: 1377px) 100vw, 1377px\" \/><\/p>\n<p><strong><b>Cuatro ruedas<\/b><b>\u00a0\u00a0\u00a0\u00a0\u00a0\u00a0\u00a0\u00a0\u00a0Afina la forma del cangrejo y la direcci\u00f3n de la rueda trasera<\/b><\/strong><\/p>\n<p>Para hacer frente a las complejas y estrechas condiciones de trabajo de las calles traseras y callejones, hemos desarrollado varios sistemas de giro.<\/p>\n<p>Direcci\u00f3n en las cuatro ruedas, radio de giro menor; radio de giro de aproximadamente 3,5 metros.<\/p>\n<p>Ajuste preciso de la postura de movimiento en forma de cangrejo y los par\u00e1metros de direcci\u00f3n de las ruedas traseras en la trayectoria real del veh\u00edculo.<\/p>\n<p>3. direcci\u00f3n de rueda delantera para conducci\u00f3n normal, radio de giro \u2248 5,3 metros;<\/p>\n<p>La direcci\u00f3n de cuatro ruedas es una tecnolog\u00eda de direcci\u00f3n creada para alinearse con el peque\u00f1o radio de giro de marcos articulados;<\/p>\n<p><strong><b>2.<\/b><b>Sistema de recogida de basura<\/b><\/strong><\/p>\n<p>La basura est\u00e1 hecha de placas de acero inoxidable en su conjunto, y las decoraciones externas est\u00e1n hechas de material FRP, que es ligero y duro, seguro y no conductor, con alta resistencia mec\u00e1nica y resistencia a la corrosi\u00f3n;<\/p>\n<table style=\"border-collapse: collapse; width: 100%;\">\n<tbody>\n<tr>\n<td style=\"width: 50%;\"><img decoding=\"async\" class=\"alignnone wp-image-2516 size-full\" src=\"https:\/\/www.haideclean.com\/wp-content\/uploads\/2026\/01\/Garbage-Collection-System.jpg\" alt=\"\" width=\"800\" height=\"800\" srcset=\"https:\/\/www.haideclean.com\/wp-content\/uploads\/2026\/01\/Garbage-Collection-System.jpg 800w, https:\/\/www.haideclean.com\/wp-content\/uploads\/2026\/01\/Garbage-Collection-System-300x300.jpg 300w, https:\/\/www.haideclean.com\/wp-content\/uploads\/2026\/01\/Garbage-Collection-System-150x150.jpg 150w, https:\/\/www.haideclean.com\/wp-content\/uploads\/2026\/01\/Garbage-Collection-System-768x768.jpg 768w, https:\/\/www.haideclean.com\/wp-content\/uploads\/2026\/01\/Garbage-Collection-System-600x600.jpg 600w, https:\/\/www.haideclean.com\/wp-content\/uploads\/2026\/01\/Garbage-Collection-System-100x100.jpg 100w\" sizes=\"(max-width: 800px) 100vw, 800px\" \/><\/td>\n<td style=\"width: 50%;\">La flecha negra indica que la boquilla de succi\u00f3n aspira basura y aguas residuales al contenedor de basura, mientras que la flecha azul indica que las aguas residuales fluyen hacia la boquilla de succi\u00f3n.<\/td>\n<\/tr>\n<\/tbody>\n<\/table>\n<ul>\n<li>Potente capacidad de recolecci\u00f3n de hojas, la potencia m\u00e1xima del ventilador puede alcanzar 10KW, ya sea una hoja de wutong francesa de tama\u00f1o cara o una aguja de pino delgada de pelo, se puede quitar f\u00e1cilmente, junto con el basurero s\u00faper grande de 2 metros c\u00fabicos, lo que explica perfectamente lo que es un artefacto de recolecci\u00f3n de hojas;<\/li>\n<li>La basura est\u00e1 hecha de placas de acero inoxidable, y la basura en el flujo de succi\u00f3n se almacena en la basura despu\u00e9s de la sedimentaci\u00f3n y separaci\u00f3n. El agua pulverizada y la basura se separan y filtran a trav\u00e9s de filtros de acero inoxidable en ambos lados y frente a la caja antes de fluir al canal de agua de filtraci\u00f3n inferior, formando un sistema de circulaci\u00f3n de agua y reducci\u00f3n de polvo para todo el veh\u00edculo;<\/li>\n<li>El filtro de acero inoxidable tiene una estructura \u00fanica, alta resistencia y no se da\u00f1a f\u00e1cilmente. Tiene una fuerte fluidez, alta precisi\u00f3n de filtraci\u00f3n y no es f\u00e1cil de bloquear y limpiar.<\/li>\n<li>El dispositivo de barrido y succi\u00f3n se encuentra debajo del conductor&#8217; s cabina, con un ancho de apertura de succi\u00f3n de 800 mm, el di\u00e1metro de la paja es de 180 mm, y el ancho m\u00e1ximo de limpieza efectiva es de 2400 mm.<\/li>\n<li>El ventilador de succi\u00f3n tiene alta eficiencia y bajo ruido, extremadamente bajo consumo de energ\u00eda, fuerte capacidad de succi\u00f3n y puede inhalar f\u00e1cilmente ladrillos, piedras, hojas de wutong, etc.<\/li>\n<li>Un mecanismo de interferencia del flujo de aire est\u00e1 dise\u00f1ado dentro del puerto de succi\u00f3n para agitar r\u00e1pidamente el polvo que se adhiere a la superficie de la carretera y acelerar su entrada en el puerto de succi\u00f3n. Esto puede lograr una alta tasa de succi\u00f3n a una alta velocidad de limpieza, mejorando en gran medida la eficiencia del trabajo.<\/li>\n<li>Se instala una placa de ajuste del volumen de aire en el puerto de succi\u00f3n para ajustar la abertura de la placa de cubierta de acuerdo con la situaci\u00f3n de basura en la superficie de la carretera, con el fin de obtener el volumen de aire y la velocidad del viento apropiados, garantizando una alta eficiencia de succi\u00f3n.<\/li>\n<\/ul>\n<table style=\"border-collapse: collapse; width: 100%;\">\n<tbody>\n<tr>\n<td style=\"width: 50%;\"><img decoding=\"async\" class=\"wp-image-2517 size-full aligncenter\" src=\"https:\/\/www.haideclean.com\/wp-content\/uploads\/2026\/01\/CHR50MEV-Multi-Functional-Full-Electric-Road-Sweeper.jpg\" alt=\"\" width=\"591\" height=\"465\" srcset=\"https:\/\/www.haideclean.com\/wp-content\/uploads\/2026\/01\/CHR50MEV-Multi-Functional-Full-Electric-Road-Sweeper.jpg 591w, https:\/\/www.haideclean.com\/wp-content\/uploads\/2026\/01\/CHR50MEV-Multi-Functional-Full-Electric-Road-Sweeper-300x236.jpg 300w\" sizes=\"(max-width: 591px) 100vw, 591px\" \/><\/td>\n<td style=\"width: 50%;\"><img loading=\"lazy\" decoding=\"async\" class=\"wp-image-2518 size-full aligncenter\" src=\"https:\/\/www.haideclean.com\/wp-content\/uploads\/2026\/01\/CHR50MEV-Multi-Functional-Full-Electric-Road-Sweeper2.jpg\" alt=\"\" width=\"608\" height=\"455\" srcset=\"https:\/\/www.haideclean.com\/wp-content\/uploads\/2026\/01\/CHR50MEV-Multi-Functional-Full-Electric-Road-Sweeper2.jpg 608w, https:\/\/www.haideclean.com\/wp-content\/uploads\/2026\/01\/CHR50MEV-Multi-Functional-Full-Electric-Road-Sweeper2-300x225.jpg 300w, https:\/\/www.haideclean.com\/wp-content\/uploads\/2026\/01\/CHR50MEV-Multi-Functional-Full-Electric-Road-Sweeper2-600x449.jpg 600w\" sizes=\"(max-width: 608px) 100vw, 608px\" \/><\/td>\n<\/tr>\n<\/tbody>\n<\/table>\n<ul>\n<li><strong>Sistema el\u00e9ctrico completo:<\/strong><\/li>\n<li>La plataforma totalmente el\u00e9ctrica integra la tecnolog\u00eda Powertrain y bater\u00eda para lograr una mayor eficiencia operativa, rendimiento y resistencia.<\/li>\n<li>El paquete de bater\u00eda de litio adopta el control de gesti\u00f3n BMS para garantizar un funcionamiento estable del veh\u00edculo.<\/li>\n<li>Todo el veh\u00edculo adopta un controlador para el control digital, que tiene las caracter\u00edsticas de buena resistencia s\u00edsmica, alto nivel de protecci\u00f3n, resistencia a grandes diferencias de temperatura, fluctuaciones de voltaje y la capacidad de lograr c\u00e1lculos de control complejos. Es la opci\u00f3n \u00f3ptima para lograr el control el\u00e9ctrico de veh\u00edculos m\u00f3viles no de carretera.<\/li>\n<li>Con un solo clic de inicio, el dispositivo de limpieza y el puerto de succi\u00f3n se pueden operar y reciclar. La velocidad de escaneo se puede ajustar sin pasos; Al mismo tiempo, el controlador se comunica con el m\u00f3dulo de entrada y el m\u00f3dulo de salida a trav\u00e9s del bus CAN, simplificando la distribuci\u00f3n de arneses de cableado del veh\u00edculo, reduciendo los puntos de falla del circuito y haciendo que el mantenimiento sea m\u00e1s conveniente.<\/li>\n<\/ul>\n<p><strong>Sistema de supresi\u00f3n del polvo:<\/strong><\/p>\n<p>El sistema de reducci\u00f3n de polvo consta de dos partes: pulverizaci\u00f3n de agua y reducci\u00f3n de polvo de agua circulante.<\/p>\n<p>La boquilla de agua limpia se instala en el soporte del cepillo, y se usa el rociador para reducir el polvo, de modo que la basura se pueda humedecer con antelaci\u00f3n para controlar el polvo en la salida de aire. La cantidad de agua pulverizada se puede ajustar. El circuito de agua circulante de aguas residuales instalado en el puerto de succi\u00f3n permite que la basura se empape completamente; El agua circulante utilizada para pulverizar y reducir el polvo fluye al tanque de agua circulante a trav\u00e9s de una pantalla de filtro especial en la placa lateral de la caja para su reutilizaci\u00f3n. Debido al hecho de que el agua est\u00e1 circulando, no es necesario aumentar la capacidad del tanque de agua para producir una gran cantidad de agua. El filtro de acero inoxidable tiene una estructura \u00fanica, alta resistencia y no se da\u00f1a f\u00e1cilmente. Tiene una fuerte capacidad de flujo, alta precisi\u00f3n de filtraci\u00f3n y no es f\u00e1cil de bloquear, lo que lo hace f\u00e1cil de limpiar.<\/p>\n<p><img loading=\"lazy\" decoding=\"async\" class=\"alignnone wp-image-2519 size-full\" src=\"https:\/\/www.haideclean.com\/wp-content\/uploads\/2026\/01\/CHR50MEV-Multi-Functional-Full-Electric-Road-Sweeper3.jpg\" alt=\"\" width=\"1065\" height=\"536\" srcset=\"https:\/\/www.haideclean.com\/wp-content\/uploads\/2026\/01\/CHR50MEV-Multi-Functional-Full-Electric-Road-Sweeper3.jpg 1065w, https:\/\/www.haideclean.com\/wp-content\/uploads\/2026\/01\/CHR50MEV-Multi-Functional-Full-Electric-Road-Sweeper3-300x151.jpg 300w, https:\/\/www.haideclean.com\/wp-content\/uploads\/2026\/01\/CHR50MEV-Multi-Functional-Full-Electric-Road-Sweeper3-1024x515.jpg 1024w, https:\/\/www.haideclean.com\/wp-content\/uploads\/2026\/01\/CHR50MEV-Multi-Functional-Full-Electric-Road-Sweeper3-768x387.jpg 768w, https:\/\/www.haideclean.com\/wp-content\/uploads\/2026\/01\/CHR50MEV-Multi-Functional-Full-Electric-Road-Sweeper3-600x302.jpg 600w\" sizes=\"(max-width: 1065px) 100vw, 1065px\" \/><\/p>\n<p>Bajo la estructura \u00fanica de la circulaci\u00f3n de aguas residuales, la salida de aire minimiza la concentraci\u00f3n de polvo, y cuando se descarga, se encuentra b\u00e1sicamente en un estado de niebla de agua, cumpliendo con el valor de pH de las normas nacionales.<\/p>\n<p><strong>6. Estructura general <\/strong><\/p>\n<p>El eje delantero CHR51MHEV adopta muelles de hoja est\u00e1ndar para veh\u00edculos comerciales, que son resistentes, soportables y c\u00f3modos. El eje trasero adopta un mecanismo \u00fanico de uni\u00f3n del eje y sistema de amortiguaci\u00f3n de goma, que es el primero en el pa\u00eds.<\/p>\n<p><img loading=\"lazy\" decoding=\"async\" class=\"alignnone wp-image-2520 size-full\" src=\"https:\/\/www.haideclean.com\/wp-content\/uploads\/2026\/01\/Integral-Frame.jpg\" alt=\"\" width=\"1269\" height=\"728\" srcset=\"https:\/\/www.haideclean.com\/wp-content\/uploads\/2026\/01\/Integral-Frame.jpg 1269w, https:\/\/www.haideclean.com\/wp-content\/uploads\/2026\/01\/Integral-Frame-300x172.jpg 300w, https:\/\/www.haideclean.com\/wp-content\/uploads\/2026\/01\/Integral-Frame-1024x587.jpg 1024w, https:\/\/www.haideclean.com\/wp-content\/uploads\/2026\/01\/Integral-Frame-768x441.jpg 768w, https:\/\/www.haideclean.com\/wp-content\/uploads\/2026\/01\/Integral-Frame-600x344.jpg 600w\" sizes=\"(max-width: 1269px) 100vw, 1269px\" \/><\/p>\n<p>El bastidor es el conector de carga de todas las estructuras del sistema de todo el veh\u00edculo. El marco es una estructura soldada integral, y la viga longitudinal principal est\u00e1 hecha de placa de acero 16Mn de alta resistencia. Alta resistencia, peso ligero y estructura simple.<\/p>\n<p><strong>Cabina del conductor:<\/strong><\/p>\n<p>El conductor&#8217; La cabina adopta una estructura de vidrio panor\u00e1mica, que proporciona una amplia vista del trabajo y elimina los puntos muertos visuales durante el funcionamiento, lo que es m\u00e1s propicio para garantizar la calidad del trabajo; Al mismo tiempo, todo el vidrio est\u00e1 recubierto con una pel\u00edcula solar, que puede proporcionar un buen aislamiento en los veranos calurosos y evitar que el vidrio se rompa cuando es golpeado por objetos duros, garantizando la seguridad del conductor.<\/p>\n<p><img loading=\"lazy\" decoding=\"async\" class=\"alignnone wp-image-2521 size-large\" src=\"https:\/\/www.haideclean.com\/wp-content\/uploads\/2026\/01\/Driver-Cab-767x1024.jpg\" alt=\"\" width=\"767\" height=\"1024\" srcset=\"https:\/\/www.haideclean.com\/wp-content\/uploads\/2026\/01\/Driver-Cab-767x1024.jpg 767w, https:\/\/www.haideclean.com\/wp-content\/uploads\/2026\/01\/Driver-Cab-225x300.jpg 225w, https:\/\/www.haideclean.com\/wp-content\/uploads\/2026\/01\/Driver-Cab-768x1025.jpg 768w, https:\/\/www.haideclean.com\/wp-content\/uploads\/2026\/01\/Driver-Cab-600x801.jpg 600w, https:\/\/www.haideclean.com\/wp-content\/uploads\/2026\/01\/Driver-Cab.jpg 855w\" sizes=\"(max-width: 767px) 100vw, 767px\" \/><\/p>\n<ul>\n<li>Cuenta con reproductor de CD, lo que permite al conductor realizar trabajos de limpieza con comodidad.<\/li>\n<li>Equipado con una pantalla de 7 pulgadas, no solo muestra el estado de funcionamiento de todo el veh\u00edculo, sino que tambi\u00e9n controla el movimiento del veh\u00edculo. Al mismo tiempo, tambi\u00e9n integra una imagen inversa, aprovechando plenamente las ventajas de la pantalla de 7 pulgadas;<\/li>\n<li>El conductor&#8217; La cabina est\u00e1 equipada con un dise\u00f1o de puerta de doble cara, lo que facilita al conductor subir y bajar seg\u00fan la situaci\u00f3n;<\/li>\n<li>Durante largas horas de trabajo, el conductor&#8217; El pie izquierdo permanece inactivo, causando molestias en la pierna izquierda de los usuarios m\u00e1s cortos. Por lo tanto, la adici\u00f3n de un kit de reposapi\u00e9s puede usarse como un kit de herramientas o como un reposapi\u00e9s para mejorar el usuario&#8217; conducir la felicidad.<\/li>\n<li>Asientos de cuero suspendidos, f\u00e1ciles de limpiar, c\u00f3modos y fiables. El conductor&#8217; s asiento se puede ajustar manualmente seg\u00fan el conductor&#8217; s peso para asegurar que el asiento proporciona suficiente fuerza amortiguadora y mejora el conductor&#8217; comodidad.<\/li>\n<li>Equipado con una estructura dividida de aire acondicionado y calefacci\u00f3n, el entorno operativo es c\u00f3modo. El aire acondicionado es una estructura montada en la parte superior que ventila el aire desde la parte superior, mientras que la calefacci\u00f3n es una estructura montada en la parte inferior que ventila el aire desde la parte inferior. Al mismo tiempo, el aire acondicionado y la calefacci\u00f3n est\u00e1n equipados con m\u00faltiples engranajes, que se pueden seleccionar seg\u00fan diferentes entornos, lo que permite un ambiente de trabajo c\u00f3modo tanto en verano como en invierno.<\/li>\n<\/ul>\n<p><strong>Sistema de agua de alta presi\u00f3n:<\/strong><\/p>\n<p>El sistema de agua de alta presi\u00f3n se divide en dos funciones en un modo de limpieza multifuncional, con una funci\u00f3n de autolimpieza de caja y una funci\u00f3n de pistola de pulverizaci\u00f3n de alta presi\u00f3n.<\/p>\n<p>Accesorios opcionales multifuncionales &#8211; mantenimiento de carretera y funci\u00f3n de limpieza de punto \u00fanico.<\/p>\n<p><img loading=\"lazy\" decoding=\"async\" class=\"alignnone wp-image-2522 size-large\" src=\"https:\/\/www.haideclean.com\/wp-content\/uploads\/2026\/01\/High-Pressure-Water-System-1024x767.jpg\" alt=\"\" width=\"800\" height=\"599\" srcset=\"https:\/\/www.haideclean.com\/wp-content\/uploads\/2026\/01\/High-Pressure-Water-System-1024x767.jpg 1024w, https:\/\/www.haideclean.com\/wp-content\/uploads\/2026\/01\/High-Pressure-Water-System-300x225.jpg 300w, https:\/\/www.haideclean.com\/wp-content\/uploads\/2026\/01\/High-Pressure-Water-System-768x575.jpg 768w, https:\/\/www.haideclean.com\/wp-content\/uploads\/2026\/01\/High-Pressure-Water-System-600x449.jpg 600w, https:\/\/www.haideclean.com\/wp-content\/uploads\/2026\/01\/High-Pressure-Water-System.jpg 1180w\" sizes=\"(max-width: 800px) 100vw, 800px\" \/><\/p>\n<ul>\n<li>La funci\u00f3n de limpieza dentro del cuerpo se puede activar con un solo clic para realizar la limpieza dentro del cuerpo. Redujo la posibilidad de salpicaduras de basura en el conductor&#8217; s cuerpo al limpiar la basura, garantizando la limpieza y la higiene; Reduce la carga para los conductores de limpiar los contenedores de basura y elimina la posibilidad de obstruir los contenedores de aguas residuales, que es una iniciativa nacional.<\/li>\n<li>La funci\u00f3n de pistola de pulverizaci\u00f3n de alta presi\u00f3n puede limpiar la apariencia de los veh\u00edculos y tambi\u00e9n realizar limpieza punto a punto en los anuncios de carretera, lo que es pr\u00e1ctico y conveniente.<\/li>\n<\/ul>","protected":false},"excerpt":{"rendered":"<p>CHR50MEV es una barridora multifunci\u00f3n totalmente el\u00e9ctrica de nueva energ\u00eda dise\u00f1ada con un dise\u00f1o integrado de un marco integral y un chasis dedicado.<\/p>\n<p>Nuestra empresa, basada en a\u00f1os de experiencia en la fabricaci\u00f3n de equipos de saneamiento urbano y en estrecha colaboraci\u00f3n con los usuarios, ha dise\u00f1ado y desarrollado este barredora multifuncional totalmente el\u00e9ctrica para satisfacer todas sus necesidades. El trabajo se realiza de forma coordinada por la estructura mec\u00e1nica, el sistema el\u00e9ctrico y el sistema hidr\u00e1ulico, con excelente visi\u00f3n panor\u00e1mica, manejo sencillo y conducci\u00f3n confortable.<\/p>","protected":false},"featured_media":2433,"template":"","meta":[],"product_brand":[],"product_cat":[30],"product_tag":[],"class_list":{"0":"post-2431","1":"product","2":"type-product","3":"status-publish","4":"has-post-thumbnail","6":"product_cat-compact-street-sweepers","8":"first","9":"instock","10":"shipping-taxable","11":"product-type-simple"},"_links":{"self":[{"href":"https:\/\/www.haideclean.com\/es\/wp-json\/wp\/v2\/product\/2431","targetHints":{"allow":["GET"]}}],"collection":[{"href":"https:\/\/www.haideclean.com\/es\/wp-json\/wp\/v2\/product"}],"about":[{"href":"https:\/\/www.haideclean.com\/es\/wp-json\/wp\/v2\/types\/product"}],"wp:featuredmedia":[{"embeddable":true,"href":"https:\/\/www.haideclean.com\/es\/wp-json\/wp\/v2\/media\/2433"}],"wp:attachment":[{"href":"https:\/\/www.haideclean.com\/es\/wp-json\/wp\/v2\/media?parent=2431"}],"wp:term":[{"taxonomy":"product_brand","embeddable":true,"href":"https:\/\/www.haideclean.com\/es\/wp-json\/wp\/v2\/product_brand?post=2431"},{"taxonomy":"product_cat","embeddable":true,"href":"https:\/\/www.haideclean.com\/es\/wp-json\/wp\/v2\/product_cat?post=2431"},{"taxonomy":"product_tag","embeddable":true,"href":"https:\/\/www.haideclean.com\/es\/wp-json\/wp\/v2\/product_tag?post=2431"}],"curies":[{"name":"wp","href":"https:\/\/api.w.org\/{rel}","templated":true}]}}