{"id":2446,"date":"2026-01-07T16:38:50","date_gmt":"2026-01-07T08:38:50","guid":{"rendered":"https:\/\/www.haideclean.com\/?post_type=product&#038;p=2446"},"modified":"2026-03-18T11:35:42","modified_gmt":"2026-03-18T03:35:42","slug":"chr52mhev-all-electric-multi-functional-road-sweeper","status":"publish","type":"product","link":"https:\/\/www.haideclean.com\/es\/producto\/chr52mhev-all-electric-multi-functional-road-sweeper\/","title":{"rendered":"CHR52MHEV Todo el\u00e9ctrico multifuncional barridora de carreteras"},"content":{"rendered":"<p><strong>Destacados del producto<\/strong><\/p>\n<ul>\n<li><b><\/b><strong><b>varias funciones<\/b><\/strong><\/li>\n<\/ul>\n<p>Puede realizar la funci\u00f3n de limpieza, lavado de pisos, tercer cepillo, empujar la nieve, barrer la nieve, levantar la nieve y difundir reemplazando los accesorios de funci\u00f3n frontal o accesorios de engancho en la parte trasera del veh\u00edculo.<\/p>\n<ul>\n<li><b><\/b><strong><b>Cabina c\u00f3moda<\/b><\/strong><\/li>\n<\/ul>\n<p>La cabina adopta dise\u00f1o de dise\u00f1o general ergon\u00f3mico, cabina de estructura de vidrio panor\u00e1mica, asientos de suspensi\u00f3n, neum\u00e1ticos radiales, sistema multimedia, direcci\u00f3n hidr\u00e1ulica completa del volante, sistema operativo de un bot\u00f3n, sistema de imagen inversa, sistema de control de crucero, sistema de frenado hidr\u00e1ulico, sistema de tracci\u00f3n a las cuatro ruedas y sistema antideslizante de accionamiento para garantizar la seguridad y la comodidad de la conducci\u00f3n.<\/p>\n<ul>\n<li><b><\/b><strong>Rendimiento fiable<\/strong><\/li>\n<\/ul>\n<p>Los componentes principales de toda la m\u00e1quina, como el paquete de bater\u00eda de potencia, el motor a pie, la direcci\u00f3n, la unidad de potencia, el motor y el grupo de v\u00e1lvulas hidr\u00e1ulicas adoptan productos de marca de primera l\u00ednea nacionales e internacionales, rendimiento superior y calidad confiable.<\/p>\n<ul>\n<li><b><\/b><strong>Alta eficiencia del trabajo<\/strong><\/li>\n<\/ul>\n<p>El sistema de limpieza de toda la m\u00e1quina adopta el dise\u00f1o de disposici\u00f3n frontal que es propicio para garantizar la calidad de trabajo y la eficiencia.<\/p>\n<p>El sistema de cepillado est\u00e1 equipado con una estructura de brazo cepillador cantilever, que se ajusta autom\u00e1ticamente seg\u00fan las condiciones de la calzada.<\/p>\n<p>En el sistema de eliminaci\u00f3n de polvo, el sistema de eliminaci\u00f3n de polvo principal adopta el sistema especial de eliminaci\u00f3n de polvo de agua circulante de gran flujo, y el sistema de eliminaci\u00f3n de polvo secundario adopta las boquillas de barrido 4 y la boquilla de aspiraci\u00f3n de eliminaci\u00f3n de polvo de pulverizaci\u00f3n de gran flujo.<\/p>\n<p>El ventilador del sistema de succi\u00f3n adopta un ventilador centr\u00edfugo con un amplio \u00e1rea de alta eficiencia optimizada por m\u00faltiples simulaciones CAE, combinado con una pipeta de succi\u00f3n de gran di\u00e1metro con un di\u00e1metro de Phi de 180 mm, lo que puede ayudar a garantizar la calidad de succi\u00f3n.<\/p>\n<p><img fetchpriority=\"high\" decoding=\"async\" class=\"alignnone wp-image-2496 size-full\" src=\"https:\/\/www.haideclean.com\/wp-content\/uploads\/2026\/01\/All-electric-Multi-functional-Road-Sweeper.jpg\" alt=\"\" width=\"885\" height=\"433\" srcset=\"https:\/\/www.haideclean.com\/wp-content\/uploads\/2026\/01\/All-electric-Multi-functional-Road-Sweeper.jpg 885w, https:\/\/www.haideclean.com\/wp-content\/uploads\/2026\/01\/All-electric-Multi-functional-Road-Sweeper-300x147.jpg 300w, https:\/\/www.haideclean.com\/wp-content\/uploads\/2026\/01\/All-electric-Multi-functional-Road-Sweeper-768x376.jpg 768w, https:\/\/www.haideclean.com\/wp-content\/uploads\/2026\/01\/All-electric-Multi-functional-Road-Sweeper-600x294.jpg 600w\" sizes=\"(max-width: 885px) 100vw, 885px\" \/><\/p>\n<p><img decoding=\"async\" class=\"alignnone wp-image-2497 size-full\" src=\"https:\/\/www.haideclean.com\/wp-content\/uploads\/2026\/01\/All-electric-Multi-functional-Road-Sweeper2.jpg\" alt=\"\" width=\"672\" height=\"780\" srcset=\"https:\/\/www.haideclean.com\/wp-content\/uploads\/2026\/01\/All-electric-Multi-functional-Road-Sweeper2.jpg 672w, https:\/\/www.haideclean.com\/wp-content\/uploads\/2026\/01\/All-electric-Multi-functional-Road-Sweeper2-258x300.jpg 258w, https:\/\/www.haideclean.com\/wp-content\/uploads\/2026\/01\/All-electric-Multi-functional-Road-Sweeper2-600x696.jpg 600w\" sizes=\"(max-width: 672px) 100vw, 672px\" \/><\/p>\n<p><strong>Caracter\u00edsticas de rendimiento<\/strong><\/p>\n<p><strong>1) Operaci\u00f3n flexible<\/strong><\/p>\n<p><strong>\u2606<\/strong>Este dise\u00f1o adopta una exclusiva estructura articulada bidireccional central, que permite que los chasis delantero y trasero se tuerzan y dirijan en ambas direcciones, logrando una direcci\u00f3n flexible y un radio de giro reducido.<\/p>\n<p><img decoding=\"async\" class=\"alignnone wp-image-2499 size-full\" src=\"https:\/\/www.haideclean.com\/wp-content\/uploads\/2026\/01\/person.jpg\" alt=\"\" width=\"636\" height=\"395\" srcset=\"https:\/\/www.haideclean.com\/wp-content\/uploads\/2026\/01\/person.jpg 636w, https:\/\/www.haideclean.com\/wp-content\/uploads\/2026\/01\/person-300x186.jpg 300w, https:\/\/www.haideclean.com\/wp-content\/uploads\/2026\/01\/person-600x373.jpg 600w\" sizes=\"(max-width: 636px) 100vw, 636px\" \/><\/p>\n<p><strong>2) Amplia vista<\/strong><\/p>\n<p><strong>\u2606<\/strong>La cabina tiene una estructura de vidrio panor\u00e1mico, lo que permite una amplia l\u00ednea de visi\u00f3n.<\/p>\n<p><img loading=\"lazy\" decoding=\"async\" class=\"alignnone wp-image-2500 size-full\" src=\"https:\/\/www.haideclean.com\/wp-content\/uploads\/2026\/01\/Wide-view.jpg\" alt=\"\" width=\"724\" height=\"543\" srcset=\"https:\/\/www.haideclean.com\/wp-content\/uploads\/2026\/01\/Wide-view.jpg 724w, https:\/\/www.haideclean.com\/wp-content\/uploads\/2026\/01\/Wide-view-300x225.jpg 300w, https:\/\/www.haideclean.com\/wp-content\/uploads\/2026\/01\/Wide-view-600x450.jpg 600w\" sizes=\"(max-width: 724px) 100vw, 724px\" \/><\/p>\n<p><strong>3) Ambiente de conducci\u00f3n c\u00f3modo<\/strong><\/p>\n<p><strong>\u2606<\/strong>Equipado con radio.<\/p>\n<p><strong>\u2606<\/strong>Equipado con una estructura separada de aire acondicionado y calefacci\u00f3n, aire acondicionado para la estructura superior del aire superior, aire caliente para la estructura de instalaci\u00f3n inferior del aire inferior, puede hacer que el aire acondicionado y la calefacci\u00f3n trabajen m\u00e1s eficientemente y proporcionen un ambiente de conducci\u00f3n c\u00f3modo para el conductor.<\/p>\n<p><strong>\u2606<\/strong>Equipado con funci\u00f3n de control de crucero.<\/p>\n<p><strong>\u2606<\/strong>Est\u00e1 equipado con funci\u00f3n electr\u00f3nica de regulaci\u00f3n de velocidad sin pasos, para que el conductor pueda conducir el veh\u00edculo de manera m\u00e1s f\u00e1cil y c\u00f3moda.<\/p>\n<p><strong>\u2606<\/strong>Est\u00e1 equipado con un c\u00f3modo asiento de conducci\u00f3n, el asiento de la cabina se puede ajustar de acuerdo con el conductor&#8217; s peso para mejorar el conductor&#8217; confort, y el cintur\u00f3n de seguridad es est\u00e1ndar para asegurar el conductor&#8217; Seguridad de conducci\u00f3n.<\/p>\n<p><strong>\u2606<\/strong>Equipado con un sistema de suspensi\u00f3n c\u00f3modo, el veh\u00edculo tiene una experiencia de conducci\u00f3n con suspensi\u00f3n c\u00f3moda a nivel de coche de pasajeros.<\/p>\n<p><strong>4) Excelente sistema de control el\u00e9ctrico<\/strong><\/p>\n<p><strong>\u2606<\/strong>Todo el veh\u00edculo adopta el controlador para el control digital, que tiene las caracter\u00edsticas de una buena resistencia a los choques y un alto nivel de protecci\u00f3n.<\/p>\n<p><strong>\u2606<\/strong>Basta presionar una tecla, puede limpiar todas las acciones de la implementaci\u00f3n.<\/p>\n<p>\u2606 La velocidad del cepillo se puede ajustar sin pasos seg\u00fan los requisitos de operaci\u00f3n.<\/p>\n<p><strong>\u2606<\/strong>Equipado con un monitor LCD de 7 pulgadas, puede observar el estado de trabajo del veh\u00edculo en cualquier momento y proporcionar v\u00eddeo inverso.<\/p>\n<p><strong>5) Sistema de caminata estable<\/strong><\/p>\n<p>La barridora de carreteras es impulsada por el sistema de transmisi\u00f3n sin pasos hidr\u00e1ulico, con algoritmo de software maduro y sistema de control, de modo que el rendimiento del sistema de caminata sea m\u00e1s estable y la calidad sea m\u00e1s confiable.<\/p>\n<p>La tracci\u00f3n de las cuatro ruedas y la tracci\u00f3n delantera de las dos ruedas se pueden convertir para satisfacer las necesidades de conducci\u00f3n y escalada;<\/p>\n<p>La funci\u00f3n antideslizante \u00fanica puede realizar el auto-escape cuando la rueda se desliza en la operaci\u00f3n de eliminaci\u00f3n de nieve de invierno;<\/p>\n<p>El veh\u00edculo adopta el control autom\u00e1tico de transmisi\u00f3n de ajuste de carga, el conductor solo necesita pisar el pedal para alcanzar la velocidad ideal, el veh\u00edculo ajustar\u00e1 la velocidad del motor de acuerdo con la carga del veh\u00edculo.<\/p>\n<p><strong>6) dise\u00f1o de prevenci\u00f3n de colisiones m\u00faltiples<\/strong><\/p>\n<p><strong>\u2606<\/strong>El cepillo est\u00e1 dise\u00f1ado con m\u00faltiples dise\u00f1os de prevenci\u00f3n de colisiones para maximizar la protecci\u00f3n del cepillo contra los da\u00f1os causados por las colisiones.<\/p>\n<p><strong>7) Sistema de eliminaci\u00f3n de polvo<\/strong><\/p>\n<p><strong>\u2606<\/strong>Equipado con un sistema de eliminaci\u00f3n de polvo de agua circulante de gran flujo, el agua circulante en la caja fluye al puerto de succi\u00f3n, bajo la acci\u00f3n del flujo de aire de alta velocidad, totalmente combinado con el polvo de succi\u00f3n en la tuber\u00eda de succi\u00f3n para lograr la reducci\u00f3n del polvo; El agua no involucrada en la combinaci\u00f3n pasa a trav\u00e9s de la pantalla de filtro especial en el panel lateral de la caja, y luego fluye de nuevo al puerto de succi\u00f3n para participar en la reducci\u00f3n del polvo y la reutilizaci\u00f3n.<\/p>\n<p>\u2606 Equipado con sistema de eliminaci\u00f3n de polvo por spray de cepillo<\/p>\n<p>\u2606 Hay 4 boquillas de supresi\u00f3n de polvo por encima del cepillo<\/p>\n<p><strong>8) Alta descarga el\u00e9ctrica<\/strong><\/p>\n<p><strong>\u2606<\/strong>El contenedor de residuos est\u00e1 hecho de material de acero inoxidable de alta calidad, que no solo es resistente a la corrosi\u00f3n, sino tambi\u00e9n de alta resistencia.<\/p>\n<p><strong>\u2606<\/strong>El uso del m\u00e9todo de vertido de alto vertido para vertir basura, reduce la intensidad de trabajo del operador, de modo que el vertido de basura, la limpieza y el mantenimiento de toda la m\u00e1quina son muy convenientes.<\/p>\n<p><strong>9) funci\u00f3n de autolimpieza<\/strong><\/p>\n<p><strong>\u2606<\/strong>Equipado con una bomba de cepillo, puede proporcionar agua de alta presi\u00f3n, pistola de pulverizaci\u00f3n de alta presi\u00f3n se puede llevar con el coche, se puede limpiar despu\u00e9s del trabajo del veh\u00edculo, para asegurarse de que la apariencia del veh\u00edculo est\u00e9 limpia.<\/p>\n<p><strong>10) Sistema de frenado fiable<\/strong><\/p>\n<p>El modo de frenado adopta el frenado del cubo del freno y el frenado autom\u00e1tico de la transmisi\u00f3n hidrost\u00e1tica, las cuatro ruedas adoptan el frenado de la bomba de freno, mientras que la rueda trasera adopta el frenado de tensi\u00f3n, y el mango del freno manual puede realizar el freno de estacionamiento cuando el veh\u00edculo est\u00e1 estacionado, garantizando la seguridad de la conducci\u00f3n y el frenado de estacionamiento.<\/p>\n<p><strong>11) Bebedero retr\u00e1ctil port\u00e1til y herramientas auxiliares<\/strong><\/p>\n<p>Cuenta con una pajita retr\u00e1ctil manual alargada, que se puede utilizar para operaciones de aspiraci\u00f3n en zonas como las zonas verdes.<\/p>\n<p>Est\u00e1 equipado con herramientas auxiliares para limpiar la basura bloqueada en el tanque grande y puede usarse como balanc\u00edn para operar la bomba manual de emergencia.<\/p>\n<p><strong>12) Sistema de emergencia<\/strong><\/p>\n<p>La cabina est\u00e1 equipada con un extintor port\u00e1til para emergencias.<\/p>\n<p>Equipado con bomba de aceite manual de emergencia, cuando el sistema hidr\u00e1ulico falla, la basura se puede levantar para solucionar problemas.<\/p>","protected":false},"excerpt":{"rendered":"<p>Esta barridora es una barridora multifunci\u00f3n puramente el\u00e9ctrica con una estructura de chasis dedicada que puede ser reemplazada por una variedad de accesorios funcionales. La barridora de carreteras adopta el concepto de dise\u00f1o avanzado de plataforma de veh\u00edculo y accesorios funcionales modulares, que pueden realizar r\u00e1pidamente el cambio entre funciones sin herramientas. Todo el trabajo se realiza por estructura mec\u00e1nica, sistema el\u00e9ctrico y sistema hidr\u00e1ulico. Puede ser ampliamente utilizado en parques, estaciones, \u00e1reas residenciales, puertos y muelles.<\/p>","protected":false},"featured_media":2447,"template":"","meta":[],"product_brand":[],"product_cat":[30,29],"product_tag":[],"class_list":{"0":"post-2446","1":"product","2":"type-product","3":"status-publish","4":"has-post-thumbnail","6":"product_cat-compact-street-sweepers","7":"product_cat-winter-snow-removal-equipment","9":"first","10":"instock","11":"shipping-taxable","12":"product-type-simple"},"_links":{"self":[{"href":"https:\/\/www.haideclean.com\/es\/wp-json\/wp\/v2\/product\/2446","targetHints":{"allow":["GET"]}}],"collection":[{"href":"https:\/\/www.haideclean.com\/es\/wp-json\/wp\/v2\/product"}],"about":[{"href":"https:\/\/www.haideclean.com\/es\/wp-json\/wp\/v2\/types\/product"}],"wp:featuredmedia":[{"embeddable":true,"href":"https:\/\/www.haideclean.com\/es\/wp-json\/wp\/v2\/media\/2447"}],"wp:attachment":[{"href":"https:\/\/www.haideclean.com\/es\/wp-json\/wp\/v2\/media?parent=2446"}],"wp:term":[{"taxonomy":"product_brand","embeddable":true,"href":"https:\/\/www.haideclean.com\/es\/wp-json\/wp\/v2\/product_brand?post=2446"},{"taxonomy":"product_cat","embeddable":true,"href":"https:\/\/www.haideclean.com\/es\/wp-json\/wp\/v2\/product_cat?post=2446"},{"taxonomy":"product_tag","embeddable":true,"href":"https:\/\/www.haideclean.com\/es\/wp-json\/wp\/v2\/product_tag?post=2446"}],"curies":[{"name":"wp","href":"https:\/\/api.w.org\/{rel}","templated":true}]}}