{"id":2735,"date":"2026-01-14T15:00:38","date_gmt":"2026-01-14T07:00:38","guid":{"rendered":"https:\/\/www.haideclean.com\/?post_type=product&#038;p=2735"},"modified":"2026-03-18T11:44:11","modified_gmt":"2026-03-18T03:44:11","slug":"chd5030csj-sand-suction-machine","status":"publish","type":"product","link":"https:\/\/www.haideclean.com\/es\/producto\/chd5030csj-sand-suction-machine\/","title":{"rendered":"M\u00e1quina de succi\u00f3n de arena CHD5030CSJ"},"content":{"rendered":"<ul>\n<li><strong>Materiales aplicables<\/strong><\/li>\n<\/ul>\n<p><span style=\"text-decoration: underline;\"> Polvos industriales: <\/span>Ceniza volante, cemento, polvo de calcio, polvo mineral, polvo de magnesio, polvo de carb\u00f3n, al\u00famina, residuos de recogida de polvo, gangue de carb\u00f3n, polvo industrial, ceniza de carb\u00f3n;<\/p>\n<p><span style=\"text-decoration: underline;\">Materiales granulares:<\/span> Granos, gr\u00e1nulos de pl\u00e1stico (PT, PET, PA66);<\/p>\n<p><span style=\"text-decoration: underline;\">Materiales especiales:<\/span> arena (incluyendo arena de desierto, arena acumulada, arena evacuada, etc.)<\/p>\n<ul>\n<li><strong>Escenarios de aplicaci\u00f3n<\/strong><\/li>\n<\/ul>\n<p><span style=\"text-decoration: underline;\"> Petr\u00f3leo y Campos de gas:<\/span> Mantenimiento de oleoductos de petr\u00f3leo y gas en el desierto, limpieza de descargas de arena de pozos petrol\u00edferos, recuperaci\u00f3n de arena en sitios de perforaci\u00f3n y remodelaci\u00f3n, zonas de remodelaci\u00f3n de alta frecuencia en campos maduros, \u00e1reas de fracturaci\u00f3n intensiva de esquisto;<\/p>\n<p><span style=\"text-decoration: underline;\"> Construcci\u00f3n industrial:<\/span> Recuperaci\u00f3n abrasiva despu\u00e9s del chorro de arena de tuber\u00edas \/ pozos, limpieza de la acumulaci\u00f3n de arena tenaz en las instalaciones;<\/p>\n<p><span style=\"text-decoration: underline;\"> Condiciones especiales:<\/span> Entornos complejos con descarga de arena severa como llanuras costeras y desiertos;<\/p>\n<p><span style=\"text-decoration: underline;\"> Sitios industriales:<\/span> Transferencia y recuperaci\u00f3n de polvos industriales (por ejemplo, cemento, cenizas volantes) dentro de las instalaciones de la f\u00e1brica.<\/p>\n<p><img fetchpriority=\"high\" decoding=\"async\" class=\"alignnone size-medium wp-image-2765\" src=\"https:\/\/www.haideclean.com\/wp-content\/uploads\/2026\/01\/Sand-Suction-Machine5-300x300.jpg\" alt=\"\" width=\"300\" height=\"300\" srcset=\"https:\/\/www.haideclean.com\/wp-content\/uploads\/2026\/01\/Sand-Suction-Machine5-300x300.jpg 300w, https:\/\/www.haideclean.com\/wp-content\/uploads\/2026\/01\/Sand-Suction-Machine5-150x150.jpg 150w, https:\/\/www.haideclean.com\/wp-content\/uploads\/2026\/01\/Sand-Suction-Machine5-768x768.jpg 768w, https:\/\/www.haideclean.com\/wp-content\/uploads\/2026\/01\/Sand-Suction-Machine5-12x12.jpg 12w, https:\/\/www.haideclean.com\/wp-content\/uploads\/2026\/01\/Sand-Suction-Machine5-600x600.jpg 600w, https:\/\/www.haideclean.com\/wp-content\/uploads\/2026\/01\/Sand-Suction-Machine5-100x100.jpg 100w, https:\/\/www.haideclean.com\/wp-content\/uploads\/2026\/01\/Sand-Suction-Machine5.jpg 800w\" sizes=\"(max-width: 300px) 100vw, 300px\" \/><\/p>","protected":false},"excerpt":{"rendered":"<p>Transporta eficientemente varios materiales a granel, incluyendo polvos y materiales granulares, adaptando diversos requisitos de recuperaci\u00f3n y transferencia de materiales en m\u00faltiples escenarios.<\/p>","protected":false},"featured_media":2940,"template":"","meta":[],"product_brand":[],"product_cat":[31],"product_tag":[],"class_list":{"0":"post-2735","1":"product","2":"type-product","3":"status-publish","4":"has-post-thumbnail","6":"product_cat-others","8":"first","9":"instock","10":"shipping-taxable","11":"product-type-simple"},"_links":{"self":[{"href":"https:\/\/www.haideclean.com\/es\/wp-json\/wp\/v2\/product\/2735","targetHints":{"allow":["GET"]}}],"collection":[{"href":"https:\/\/www.haideclean.com\/es\/wp-json\/wp\/v2\/product"}],"about":[{"href":"https:\/\/www.haideclean.com\/es\/wp-json\/wp\/v2\/types\/product"}],"wp:featuredmedia":[{"embeddable":true,"href":"https:\/\/www.haideclean.com\/es\/wp-json\/wp\/v2\/media\/2940"}],"wp:attachment":[{"href":"https:\/\/www.haideclean.com\/es\/wp-json\/wp\/v2\/media?parent=2735"}],"wp:term":[{"taxonomy":"product_brand","embeddable":true,"href":"https:\/\/www.haideclean.com\/es\/wp-json\/wp\/v2\/product_brand?post=2735"},{"taxonomy":"product_cat","embeddable":true,"href":"https:\/\/www.haideclean.com\/es\/wp-json\/wp\/v2\/product_cat?post=2735"},{"taxonomy":"product_tag","embeddable":true,"href":"https:\/\/www.haideclean.com\/es\/wp-json\/wp\/v2\/product_tag?post=2735"}],"curies":[{"name":"wp","href":"https:\/\/api.w.org\/{rel}","templated":true}]}}