{"id":2858,"date":"2026-01-15T14:50:00","date_gmt":"2026-01-15T06:50:00","guid":{"rendered":"https:\/\/www.haideclean.com\/?post_type=product&#038;p=2858"},"modified":"2026-03-19T12:03:07","modified_gmt":"2026-03-19T04:03:07","slug":"chr400msc-multifunctional-floor-scrubber","status":"publish","type":"product","link":"https:\/\/www.haideclean.com\/es\/producto\/chr400msc-multifunctional-floor-scrubber\/","title":{"rendered":"CHR400MSC Fregador de pisos multifuncional"},"content":{"rendered":"<p><img fetchpriority=\"high\" decoding=\"async\" class=\"alignnone size-medium wp-image-2875\" src=\"https:\/\/www.haideclean.com\/wp-content\/uploads\/2026\/01\/CHR400MSC1-300x214.png\" alt=\"\" width=\"300\" height=\"214\" srcset=\"https:\/\/www.haideclean.com\/wp-content\/uploads\/2026\/01\/CHR400MSC1-300x214.png 300w, https:\/\/www.haideclean.com\/wp-content\/uploads\/2026\/01\/CHR400MSC1-18x12.png 18w, https:\/\/www.haideclean.com\/wp-content\/uploads\/2026\/01\/CHR400MSC1-600x428.png 600w, https:\/\/www.haideclean.com\/wp-content\/uploads\/2026\/01\/CHR400MSC1.png 691w\" sizes=\"(max-width: 300px) 100vw, 300px\" \/><\/p>\n<ol>\n<li>La funci\u00f3n integrada de lavado y barrido a gran escala se puede utilizar ampliamente para la limpieza profunda de varios pisos, como aparcamientos residenciales, parques residenciales, carreteras auxiliares, bloques comerciales, plazas, etc.;<\/li>\n<li>Puede lograr un efecto perfecto de lavado y barrido del piso, y las manchas de aguas residuales en el suelo se pueden limpiar a fondo y reciclar, logrando realmente el efecto de limpieza de &#8220; viendo el color verdadero en la carretera, sentado en el suelo&#8221;.<\/li>\n<li>Puede girar en su lugar en un canal de solo 2740 mm de ancho, lo que hace que la limpieza sea m\u00e1s flexible y eficiente;<\/li>\n<li>Puede limpiar piedras, basura, ramas, palos de bamb\u00fa y otros desechos en el suelo, con una presi\u00f3n de lavado de hasta 180 kilogramos, lo que hace que sea f\u00e1cil limpiar a fondo y perfectamente la suciedad, las manchas de aceite y varias impresiones en el suelo;<\/li>\n<\/ol>","protected":false},"excerpt":{"rendered":"<p>Esta m\u00e1quina de lavado y barrido a gran escala permite el giro en el lugar en canales de 2740 mm de ancho para una limpieza profunda flexible y eficiente de m\u00faltiples superficies. Con una presi\u00f3n de lavado de 180 kg, elimina completamente, recicla las aguas residuales y los desechos, y elimina la suciedad, las manchas de aceite y las huellas, logrando un &#8220; color verdadero de la carretera, lo suficientemente limpio como para sentarse en&#8221; efecto.<\/p>","protected":false},"featured_media":2862,"template":"","meta":[],"product_brand":[],"product_cat":[39],"product_tag":[],"class_list":{"0":"post-2858","1":"product","2":"type-product","3":"status-publish","4":"has-post-thumbnail","6":"product_cat-indoor-cleaning-equipment","8":"first","9":"instock","10":"shipping-taxable","11":"product-type-simple"},"_links":{"self":[{"href":"https:\/\/www.haideclean.com\/es\/wp-json\/wp\/v2\/product\/2858","targetHints":{"allow":["GET"]}}],"collection":[{"href":"https:\/\/www.haideclean.com\/es\/wp-json\/wp\/v2\/product"}],"about":[{"href":"https:\/\/www.haideclean.com\/es\/wp-json\/wp\/v2\/types\/product"}],"wp:featuredmedia":[{"embeddable":true,"href":"https:\/\/www.haideclean.com\/es\/wp-json\/wp\/v2\/media\/2862"}],"wp:attachment":[{"href":"https:\/\/www.haideclean.com\/es\/wp-json\/wp\/v2\/media?parent=2858"}],"wp:term":[{"taxonomy":"product_brand","embeddable":true,"href":"https:\/\/www.haideclean.com\/es\/wp-json\/wp\/v2\/product_brand?post=2858"},{"taxonomy":"product_cat","embeddable":true,"href":"https:\/\/www.haideclean.com\/es\/wp-json\/wp\/v2\/product_cat?post=2858"},{"taxonomy":"product_tag","embeddable":true,"href":"https:\/\/www.haideclean.com\/es\/wp-json\/wp\/v2\/product_tag?post=2858"}],"curies":[{"name":"wp","href":"https:\/\/api.w.org\/{rel}","templated":true}]}}