{"id":2936,"date":"2026-01-19T10:41:24","date_gmt":"2026-01-19T02:41:24","guid":{"rendered":"https:\/\/www.haideclean.com\/?post_type=product&#038;p=2936"},"modified":"2026-03-18T11:42:15","modified_gmt":"2026-03-18T03:42:15","slug":"chr5031csj-mobile-photovoltaic-power-supply-sand-removal-machine","status":"publish","type":"product","link":"https:\/\/www.haideclean.com\/es\/producto\/chr5031csj-mobile-photovoltaic-power-supply-sand-removal-machine\/","title":{"rendered":"Modelo CHR5031CSJ, desarenador m\u00f3vil alimentado por energ\u00eda fotovoltaica"},"content":{"rendered":"<p><strong>Funci\u00f3n principal<\/strong><\/p>\n<p>Transmite eficazmente todo tipo de materiales a granel, incluidos materiales en polvo y granulados, satisface las necesidades de recuperaci\u00f3n y transporte de materiales en m\u00faltiples escenarios, al tiempo que resuelve los problemas de recolecci\u00f3n en condiciones de trabajo especiales.<\/p>\n<p><strong>Materiales aplicables<\/strong><\/p>\n<p>Polvos industriales: cenizas volantes, cemento, polvo de calcio, polvo mineral, polvo de magnesio, polvo de carb\u00f3n, al\u00famina, polvo de desempolvado, esquisto de carb\u00f3n, polvo industrial, cenizas de carb\u00f3n.<\/p>\n<p>Materiales granulados: cereales, gr\u00e1nulos de pl\u00e1stico (PT, PET, PA66).<\/p>\n<p>Materiales especiales: arena (incluyendo arena de desierto, arena sedimentaria y arena de extracci\u00f3n, etc.)<\/p>\n<p><strong>Escenarios de aplicaci\u00f3n<\/strong><\/p>\n<p>Relacionados con campos petrol\u00edferos y de gas: tuber\u00edas de campos petrol\u00edferos y de gas en desiertos, eliminaci\u00f3n de arena de pozos petrol\u00edferos, recuperaci\u00f3n de arena en sitios de perforaci\u00f3n y reparaci\u00f3n de pozos, zonas de mantenimiento frecuente de campos petrol\u00edferos antiguos, zonas intensivas de fracturaci\u00f3n de esquisto.<\/p>\n<p>Construcci\u00f3n industrial: arena chorreada para eliminaci\u00f3n de \u00f3xido en tuber\u00edas y pozos, posterior recuperaci\u00f3n de abrasivos y eliminaci\u00f3n de arena acumulada persistente en el lugar.<\/p>\n<p>Condiciones de operaci\u00f3n especiales: entornos complejos con emisiones severas de polvo y arena, como la zona intermareal costera y el desierto.<\/p>\n<p>Trabajo en planta industrial: tratamiento y recuperaci\u00f3n de polvos industriales (como cemento y cenizas volantes).<\/p>","protected":false},"excerpt":{"rendered":"<p>El modelo CHR5031CSJ, desarenador m\u00f3vil alimentado por energ\u00eda fotovoltaica, es una central el\u00e9ctrica de almacenamiento fotovoltaico integrada, plegable y de traslado r\u00e1pido, dise\u00f1ada especialmente para suministrar electricidad a equipos pesados (como instalaciones desarenadoras de campos petrol\u00edferos) en zonas sin red el\u00e9ctrica como desiertos y regiones des\u00e9rticas. Este equipo resuelve eficazmente los problemas de los generadores di\u00e9sel tradicionales, como alto ruido, alta contaminaci\u00f3n y altos costos de mantenimiento, al tiempo que supera la limitaci\u00f3n de la poca flexibilidad de las centrales fotovoltaicas fijas de gran tama\u00f1o. Esta innovadora soluci\u00f3n permite transportar energ\u00eda verde directamente a la l\u00ednea de trabajo.<\/p>","protected":false},"featured_media":2937,"template":"","meta":[],"product_brand":[],"product_cat":[31],"product_tag":[],"class_list":{"0":"post-2936","1":"product","2":"type-product","3":"status-publish","4":"has-post-thumbnail","6":"product_cat-others","8":"first","9":"instock","10":"shipping-taxable","11":"product-type-simple"},"_links":{"self":[{"href":"https:\/\/www.haideclean.com\/es\/wp-json\/wp\/v2\/product\/2936","targetHints":{"allow":["GET"]}}],"collection":[{"href":"https:\/\/www.haideclean.com\/es\/wp-json\/wp\/v2\/product"}],"about":[{"href":"https:\/\/www.haideclean.com\/es\/wp-json\/wp\/v2\/types\/product"}],"wp:featuredmedia":[{"embeddable":true,"href":"https:\/\/www.haideclean.com\/es\/wp-json\/wp\/v2\/media\/2937"}],"wp:attachment":[{"href":"https:\/\/www.haideclean.com\/es\/wp-json\/wp\/v2\/media?parent=2936"}],"wp:term":[{"taxonomy":"product_brand","embeddable":true,"href":"https:\/\/www.haideclean.com\/es\/wp-json\/wp\/v2\/product_brand?post=2936"},{"taxonomy":"product_cat","embeddable":true,"href":"https:\/\/www.haideclean.com\/es\/wp-json\/wp\/v2\/product_cat?post=2936"},{"taxonomy":"product_tag","embeddable":true,"href":"https:\/\/www.haideclean.com\/es\/wp-json\/wp\/v2\/product_tag?post=2936"}],"curies":[{"name":"wp","href":"https:\/\/api.w.org\/{rel}","templated":true}]}}