{"id":80,"date":"2025-12-10T15:42:55","date_gmt":"2025-12-10T07:42:55","guid":{"rendered":"https:\/\/www.haideclean.com\/?post_type=product&#038;p=80"},"modified":"2026-03-19T12:25:43","modified_gmt":"2026-03-19T04:25:43","slug":"chd5075tcajle6-kitchen-food-garbage-truck","status":"publish","type":"product","link":"https:\/\/www.haideclean.com\/es\/producto\/chd5075tcajle6-kitchen-food-garbage-truck\/","title":{"rendered":"CHD5075TCAJLE6 Cami\u00f3n de basura de alimentos de cocina"},"content":{"rendered":"<ul>\n<li>La altura de todo el veh\u00edculo no es superior a 2,2 metros, y puede entrar sin problemas en el aparcamiento subterr\u00e1neo de cada complejo comercial (el l\u00edmite de altura de la entrada es de m\u00e1s de 2,2 metros, y el l\u00edmite de altura del interior es de m\u00e1s de 3,3 metros) para llevar a cabo operaciones de recogida y transporte.<\/li>\n<li><strong>Dise\u00f1o de maximizaci\u00f3n de volumen:<\/strong> El compartimiento adopta dise\u00f1o de estructura cuadrada y redonda para maximizar el volumen. El material est\u00e1 hecho de acero al carbono de alta calidad con alta resistencia.<\/li>\n<li><strong>Dise\u00f1o \u00fanico de la estructura de sellado:<\/strong> La apertura, cierre y bloqueo de la puerta trasera son controlados por diferentes cilindros y sellados por tiras de sellado especiales patentadas con mecanismo de bloqueo ajustable, de modo que no haya fugas en el proceso de operaci\u00f3n y conducci\u00f3n del veh\u00edculo.<\/li>\n<li>Entrada ampliada de tipo de apertura ancha, sellada por tapa de sellado, apertura y cierre controlados por cilindro hidr\u00e1ulico.<\/li>\n<li><strong>Mecanismo de carga de basura ampliamente aplicable:<\/strong> Puede levantar latas de basura est\u00e1ndar de 120L y 240L con mecanismo de bloqueo autom\u00e1tico de seguridad, para que la basura en el barril no se desborde o se deje atr\u00e1s durante el proceso de carga.<\/li>\n<li><strong>Mecanismo de carga de basura de autodetecci\u00f3n:<\/strong> Al levantar y cargar basura, puede detectar si la cubierta superior est\u00e1 completamente abierta y si la placa de empuje est\u00e1 devuelta a su posici\u00f3n. Cuando detecta que la cubierta superior no est\u00e1 abierta o que la placa de empuje no est\u00e1 devuelta a su posici\u00f3n, el veh\u00edculo dar\u00e1 un recordatorio de advertencia.<\/li>\n<li>Compresi\u00f3n de basura y compresi\u00f3n moderada de basura para maximizar la carga.<\/li>\n<li><strong>Dise\u00f1o de descarga autom\u00e1tica:<\/strong> Manipule el interruptor, abra la puerta trasera y empuje la basura de delante a atr\u00e1s con la placa de empuje, limpia a fondo.<\/li>\n<li><strong>Deflector expandido:<\/strong> La puerta de descarga del contenedor de basura est\u00e1 equipada con un deflector expandido, que evita efectivamente que las aguas residuales salpicuen a ambos lados del veh\u00edculo al vertir basura, y es respetuosa con el medio ambiente e higi\u00e9nica.<\/li>\n<li>Dise\u00f1o fiable de sellado de la puerta trasera: la apertura de la puerta trasera es controlada por interruptores dobles para evitar el mal funcionamiento y evitar fugas.<\/li>\n<li>Los cilindros de apertura y cierre de la puerta trasera est\u00e1n instalados con v\u00e1lvulas de seguridad para evitar que la puerta trasera se caiga autom\u00e1ticamente y garantizar la seguridad.<\/li>\n<li><strong>Dise\u00f1o de seguridad fiable:<\/strong> La puerta trasera del veh\u00edculo est\u00e1 equipada con un bastidor de seguridad, que puede apoyarse cuando se abre la puerta trasera para garantizar la seguridad del operador.<\/li>\n<\/ul>","protected":false},"excerpt":{"rendered":"<p>El cami\u00f3n de basura de cocina CHD5075TCAJLE6 producido por Yantai Haide Special Vehicle Co., Ltd. es un nuevo producto desarrollado y dise\u00f1ado sobre la base del chasis EQ1075SJ3CDF producido por Dongfeng Motor Co., LTD. Es una gran capacidad, alta eficiencia, sin fugas, alto grado de automatizaci\u00f3n de la recolecci\u00f3n y el transporte de basura de alimentos y cocina, ampliamente utilizado en hoteles, recolecci\u00f3n y transporte de restos de comedores.<\/p>","protected":false},"featured_media":1248,"template":"","meta":[],"product_brand":[],"product_cat":[28],"product_tag":[],"class_list":{"0":"post-80","1":"product","2":"type-product","3":"status-publish","4":"has-post-thumbnail","6":"product_cat-waste-collection-transport","8":"first","9":"instock","10":"shipping-taxable","11":"product-type-simple"},"_links":{"self":[{"href":"https:\/\/www.haideclean.com\/es\/wp-json\/wp\/v2\/product\/80","targetHints":{"allow":["GET"]}}],"collection":[{"href":"https:\/\/www.haideclean.com\/es\/wp-json\/wp\/v2\/product"}],"about":[{"href":"https:\/\/www.haideclean.com\/es\/wp-json\/wp\/v2\/types\/product"}],"wp:featuredmedia":[{"embeddable":true,"href":"https:\/\/www.haideclean.com\/es\/wp-json\/wp\/v2\/media\/1248"}],"wp:attachment":[{"href":"https:\/\/www.haideclean.com\/es\/wp-json\/wp\/v2\/media?parent=80"}],"wp:term":[{"taxonomy":"product_brand","embeddable":true,"href":"https:\/\/www.haideclean.com\/es\/wp-json\/wp\/v2\/product_brand?post=80"},{"taxonomy":"product_cat","embeddable":true,"href":"https:\/\/www.haideclean.com\/es\/wp-json\/wp\/v2\/product_cat?post=80"},{"taxonomy":"product_tag","embeddable":true,"href":"https:\/\/www.haideclean.com\/es\/wp-json\/wp\/v2\/product_tag?post=80"}],"curies":[{"name":"wp","href":"https:\/\/api.w.org\/{rel}","templated":true}]}}