{"id":1314,"date":"2025-12-19T15:29:43","date_gmt":"2025-12-19T07:29:43","guid":{"rendered":"https:\/\/www.haideclean.com\/?post_type=product&#038;p=1314"},"modified":"2026-03-19T11:42:05","modified_gmt":"2026-03-19T03:42:05","slug":"chd5070twqqle6-high-pressure-water-road-marking-line-cleaning-truck","status":"publish","type":"product","link":"https:\/\/www.haideclean.com\/fr\/produit\/chd5070twqqle6-high-pressure-water-road-marking-line-cleaning-truck\/","title":{"rendered":"CHD5070TWQQLE6 Camion de nettoyage de ligne de marquage routier d'eau haute pression"},"content":{"rendered":"<p><strong>\u4e00\u3001 \u00c9nergie de base &amp; Capacit\u00e9s de nettoyage<\/strong><\/p>\n<ul>\n<li>Unit\u00e9 de pompe ultra-haute pression: en adoptant une technologie avanc\u00e9e, la pression de travail est jusqu'\u00e0 70MPa, r\u00e9alisant un nettoyage profond du sol.<\/li>\n<li>Optimisation de la bo\u00eete de vitesses \u00e0 r\u00e9duction divis\u00e9e: le moteur principal du ch\u00e2ssis est \u00e9quip\u00e9 d'une bo\u00eete de vitesses \u00e0 r\u00e9duction divis\u00e9e, ce qui r\u00e9duit la vitesse de conduite et am\u00e9liore consid\u00e9rablement l'efficacit\u00e9 du nettoyage du sol.<\/li>\n<\/ul>\n<p><strong>\u4e8c\u3001 Configuration efficace de la transmission et du sous-syst\u00e8me<\/strong><\/p>\n<ul>\n<li>Syst\u00e8me d'entra\u00eenement direct du sous-moteur: le sous-moteur entra\u00eene directement la pompe \u00e0 eau haute pression et le dispositif de travail, assurant un contr\u00f4le pr\u00e9cis et une efficacit\u00e9 de transmission \u00e9lev\u00e9e.<\/li>\n<\/ul>\n<p><strong>\u4e09\u3001 Dispositifs de travail flexibles<\/strong><\/p>\n<ul>\n<li>Dispositif de lavage avant de type disque: avec fonction d'oscillation multidirectionnelle (gauche, droite, haut et bas), s'adaptant \u00e0 l'environnement routier complexe et am\u00e9liorant la flexibilit\u00e9 op\u00e9rationnelle.<\/li>\n<li>Conception de s\u00e9curit\u00e9 de conduite: le dispositif de travail est automatiquement r\u00e9tract\u00e9 \u00e0 la position proche du conducteur&#8217; s cabine lors de la conduite pour assurer la s\u00e9curit\u00e9 et la stabilit\u00e9 de la conduite.<\/li>\n<\/ul>\n<p><strong>\u56db\u3001 Composants de haute qualit\u00e9 et protection intelligente<\/strong><\/p>\n<ul>\n<li>Composants de marque bien connus: tous les composants sont s\u00e9lectionn\u00e9s parmi des marques bien connues pour garantir des performances excellentes et un fonctionnement fiable.<\/li>\n<li>Aucun syst\u00e8me d'alarme d'eau: la pompe \u00e0 eau haute pression est \u00e9quip\u00e9e d'un dispositif d'alarme de niveau d'eau, qui surveille automatiquement et alarme pour emp\u00eacher la rotation s\u00e8che sans eau.<\/li>\n<\/ul>\n<p><strong>\u4e94\u3001 Fonctionnement pratique et surveillance compl\u00e8te<\/strong><\/p>\n<ul>\n<li>Syst\u00e8me de contr\u00f4le int\u00e9gr\u00e9: adopter un contr\u00f4leur avanc\u00e9, r\u00e9aliser l'op\u00e9ration int\u00e9rieure \u00e0 une cl\u00e9 et la surveillance de l'instrument, simplifier le processus d'exploitation et faciliter le contr\u00f4le pr\u00e9cis de l'op\u00e9ration de nettoyage et de lavage de la route.<\/li>\n<\/ul>\n<p><strong>\u516d\u3001 Mat\u00e9riaux durables et conception structurelle<\/strong><\/p>\n<ul>\n<li>R\u00e9servoir en acier inoxydable: le r\u00e9servoir est en acier inoxydable, qui a une excellente r\u00e9sistance \u00e0 la corrosion et prolonge la dur\u00e9e de vie.<\/li>\n<\/ul>","protected":false},"excerpt":{"rendered":"<p>Le v\u00e9hicule de nettoyage de marquage d'eau \u00e0 haute pression CHD5070TWQLE6 est Yantai Haide Special Vehicle Co., Ltd. selon la demande du march\u00e9 pour le d\u00e9veloppement ind\u00e9pendant du nettoyage en profondeur de la surface routi\u00e8re et de l'enl\u00e8vement d'huile de tablier de stationnement et d'autres fonctions.<\/p>","protected":false},"featured_media":1315,"template":"","meta":[],"product_brand":[],"product_cat":[27],"product_tag":[],"class_list":{"0":"post-1314","1":"product","2":"type-product","3":"status-publish","4":"has-post-thumbnail","6":"product_cat-cleaning-vehicles","8":"first","9":"instock","10":"shipping-taxable","11":"product-type-simple"},"_links":{"self":[{"href":"https:\/\/www.haideclean.com\/fr\/wp-json\/wp\/v2\/product\/1314","targetHints":{"allow":["GET"]}}],"collection":[{"href":"https:\/\/www.haideclean.com\/fr\/wp-json\/wp\/v2\/product"}],"about":[{"href":"https:\/\/www.haideclean.com\/fr\/wp-json\/wp\/v2\/types\/product"}],"wp:featuredmedia":[{"embeddable":true,"href":"https:\/\/www.haideclean.com\/fr\/wp-json\/wp\/v2\/media\/1315"}],"wp:attachment":[{"href":"https:\/\/www.haideclean.com\/fr\/wp-json\/wp\/v2\/media?parent=1314"}],"wp:term":[{"taxonomy":"product_brand","embeddable":true,"href":"https:\/\/www.haideclean.com\/fr\/wp-json\/wp\/v2\/product_brand?post=1314"},{"taxonomy":"product_cat","embeddable":true,"href":"https:\/\/www.haideclean.com\/fr\/wp-json\/wp\/v2\/product_cat?post=1314"},{"taxonomy":"product_tag","embeddable":true,"href":"https:\/\/www.haideclean.com\/fr\/wp-json\/wp\/v2\/product_tag?post=1314"}],"curies":[{"name":"wp","href":"https:\/\/api.w.org\/{rel}","templated":true}]}}