{"id":1325,"date":"2025-12-19T15:51:29","date_gmt":"2025-12-19T07:51:29","guid":{"rendered":"https:\/\/www.haideclean.com\/?post_type=product&#038;p=1325"},"modified":"2026-03-19T12:25:06","modified_gmt":"2026-03-19T04:25:06","slug":"chd5180zxxdfe6-hook-lift-garbage-truck","status":"publish","type":"product","link":"https:\/\/www.haideclean.com\/fr\/produit\/chd5180zxxdfe6-hook-lift-garbage-truck\/","title":{"rendered":"Camion poubelle \u00e0 bras crochet mod\u00e8le CHD5180ZXXDFE6"},"content":{"rendered":"<p><strong>1. La structure sup\u00e9rieure de la fl\u00e8che est soud\u00e9e \u00e0 partir de la plaque d'acier BS700MC haute r\u00e9sistance:<\/strong> La structure globale de la fl\u00e8che est r\u00e9alis\u00e9e en plaque d'acier haute r\u00e9sistance BS700MC avec une r\u00e9sistance \u00e0 la tenue de 730 N\/mm\u00b2, en acier coul\u00e9 ou en acier forg\u00e9 utilis\u00e9 dans les pi\u00e8ces critiques. Le cadre de la fl\u00e8che est soud\u00e9 par un robot de soudage en utilisant un soudage \u00e0 haute r\u00e9sistance blind\u00e9 au gaz, assurant des performances de soudage stables et fiables. Tous les trous d'arbre rotatif sont usin\u00e9s \u00e0 l'aide d'une grande machine de forage et de fraisage CNC, assurant la pr\u00e9cision de l'ensemble de la structure de la machine.<\/p>\n<p>Tableau des param\u00e8tres de propri\u00e9t\u00e9s m\u00e9caniques des mat\u00e9riaux:<\/p>\n<table>\n<tbody>\n<tr>\n<td colspan=\"8\" width=\"367\">Composition chimique<\/td>\n<td colspan=\"6\" width=\"282\">Propri\u00e9t\u00e9s m\u00e9caniques<\/td>\n<\/tr>\n<tr>\n<td width=\"42\">C<\/td>\n<td width=\"42\">Si<\/td>\n<td width=\"42\">Mn<\/td>\n<td width=\"49\">P<\/td>\n<td width=\"49\">S<\/td>\n<td width=\"49\">ALT<\/td>\n<td width=\"42\">Ti<\/td>\n<td width=\"49\">Cr<\/td>\n<td width=\"58\">R\u00e9sistance au rendement<\/td>\n<td width=\"46\">r\u00e9sistance \u00e0 la traction<\/td>\n<td width=\"38\">allongement<\/td>\n<td width=\"62\">Performance de pliage<\/td>\n<td width=\"38\">temp\u00e9rature de choc<\/td>\n<td width=\"38\">Impact moyen<\/td>\n<\/tr>\n<tr>\n<td width=\"42\">0.07<\/td>\n<td width=\"42\">0.19<\/td>\n<td width=\"42\">1.87<\/td>\n<td width=\"49\">0.012<\/td>\n<td width=\"49\">0.003<\/td>\n<td width=\"49\">0.031<\/td>\n<td width=\"42\">0.03<\/td>\n<td width=\"49\">0.058<\/td>\n<td width=\"58\">730<\/p>\n<p>\/N\/mm2<\/td>\n<td width=\"46\">835<\/p>\n<p>\/MPa<\/td>\n<td width=\"38\">20%<\/td>\n<td width=\"62\">180\u00bad = 2,0a<\/td>\n<td width=\"38\">-20<\/p>\n<p>\u00b0C<\/td>\n<td width=\"38\">90J<\/td>\n<\/tr>\n<\/tbody>\n<\/table>\n<p>2. Le m\u00e9canisme de guidage du bras t\u00e9lescopique adopte la rainure coulissante lat\u00e9rale et le curseur avec la structure de guidage pour faire fonctionner en douceur le processus de chargement et de d\u00e9chargement.<\/p>\n<p><img fetchpriority=\"high\" decoding=\"async\" class=\"alignnone wp-image-2432 size-full\" src=\"https:\/\/www.haideclean.com\/wp-content\/uploads\/2025\/12\/High-strength-slider.jpg\" alt=\"\" width=\"800\" height=\"600\" srcset=\"https:\/\/www.haideclean.com\/wp-content\/uploads\/2025\/12\/High-strength-slider.jpg 800w, https:\/\/www.haideclean.com\/wp-content\/uploads\/2025\/12\/High-strength-slider-300x225.jpg 300w, https:\/\/www.haideclean.com\/wp-content\/uploads\/2025\/12\/High-strength-slider-768x576.jpg 768w, https:\/\/www.haideclean.com\/wp-content\/uploads\/2025\/12\/High-strength-slider-600x450.jpg 600w\" sizes=\"(max-width: 800px) 100vw, 800px\" \/><\/p>\n<p>Slider haute r\u00e9sistance<\/p>\n<p>3. Toutes les pi\u00e8ces d'accouplement de trou d'arbre rotatif utilisent des roulements lubrifi\u00e9s DU sans entretien sans huile, rendant le travail d'entretien simple et le fonctionnement de l'\u00e9quipement fiable.<\/p>\n<p><img decoding=\"async\" class=\"alignnone wp-image-2438 size-full\" src=\"https:\/\/www.haideclean.com\/wp-content\/uploads\/2025\/12\/High-strength-slider2.jpg\" alt=\"\" width=\"800\" height=\"600\" srcset=\"https:\/\/www.haideclean.com\/wp-content\/uploads\/2025\/12\/High-strength-slider2.jpg 800w, https:\/\/www.haideclean.com\/wp-content\/uploads\/2025\/12\/High-strength-slider2-300x225.jpg 300w, https:\/\/www.haideclean.com\/wp-content\/uploads\/2025\/12\/High-strength-slider2-768x576.jpg 768w, https:\/\/www.haideclean.com\/wp-content\/uploads\/2025\/12\/High-strength-slider2-600x450.jpg 600w\" sizes=\"(max-width: 800px) 100vw, 800px\" \/><\/p>\n<p>Roulements DU lubrifi\u00e9s sans huile sans entretien<\/p>\n<p>4. Le bras de crochet adopte une structure automatique de verrouillage et d'ouverture. Le bloc de verrouillage s'ouvre par gravit\u00e9 lorsque la bo\u00eete est accroch\u00e9e et est verrouill\u00e9 dans l'\u00e9tat de transport. Lorsque la bo\u00eete est accroch\u00e9e, le bloc de verrouillage s'ouvre, ce qui \u00e9largit l'ouverture de la pi\u00e8ce de guidage du crochet, facilitant ainsi au conducteur l'accrochage de la bo\u00eete.<\/p>\n<p><img decoding=\"async\" class=\"alignnone wp-image-2443 size-full\" src=\"https:\/\/www.haideclean.com\/wp-content\/uploads\/2025\/12\/High-strength-slider3.jpg\" alt=\"\" width=\"800\" height=\"800\" srcset=\"https:\/\/www.haideclean.com\/wp-content\/uploads\/2025\/12\/High-strength-slider3.jpg 800w, https:\/\/www.haideclean.com\/wp-content\/uploads\/2025\/12\/High-strength-slider3-300x300.jpg 300w, https:\/\/www.haideclean.com\/wp-content\/uploads\/2025\/12\/High-strength-slider3-150x150.jpg 150w, https:\/\/www.haideclean.com\/wp-content\/uploads\/2025\/12\/High-strength-slider3-768x768.jpg 768w, https:\/\/www.haideclean.com\/wp-content\/uploads\/2025\/12\/High-strength-slider3-600x600.jpg 600w, https:\/\/www.haideclean.com\/wp-content\/uploads\/2025\/12\/High-strength-slider3-100x100.jpg 100w\" sizes=\"(max-width: 800px) 100vw, 800px\" \/><\/p>\n<p>5. Le cylindre du conteneur de verrouillage et le cylindre t\u00e9lescopique sont \u00e9quip\u00e9s de verrouillages hydrauliques bidirectionnels pour s'assurer que le mouvement reste dans n'importe quelle position.<\/p>\n<p><img loading=\"lazy\" decoding=\"async\" class=\"alignnone wp-image-2444 size-full\" src=\"https:\/\/www.haideclean.com\/wp-content\/uploads\/2025\/12\/High-strength-slider4.jpg\" alt=\"\" width=\"800\" height=\"600\" srcset=\"https:\/\/www.haideclean.com\/wp-content\/uploads\/2025\/12\/High-strength-slider4.jpg 800w, https:\/\/www.haideclean.com\/wp-content\/uploads\/2025\/12\/High-strength-slider4-300x225.jpg 300w, https:\/\/www.haideclean.com\/wp-content\/uploads\/2025\/12\/High-strength-slider4-768x576.jpg 768w, https:\/\/www.haideclean.com\/wp-content\/uploads\/2025\/12\/High-strength-slider4-600x450.jpg 600w\" sizes=\"(max-width: 800px) 100vw, 800px\" \/><\/p>\n<p>Bo\u00eete de verrouillage hydraulique<\/p>\n<p><img loading=\"lazy\" decoding=\"async\" class=\"alignnone wp-image-2445 size-full\" src=\"https:\/\/www.haideclean.com\/wp-content\/uploads\/2025\/12\/High-strength-slider6.jpg\" alt=\"\" width=\"800\" height=\"800\" srcset=\"https:\/\/www.haideclean.com\/wp-content\/uploads\/2025\/12\/High-strength-slider6.jpg 800w, https:\/\/www.haideclean.com\/wp-content\/uploads\/2025\/12\/High-strength-slider6-300x300.jpg 300w, https:\/\/www.haideclean.com\/wp-content\/uploads\/2025\/12\/High-strength-slider6-150x150.jpg 150w, https:\/\/www.haideclean.com\/wp-content\/uploads\/2025\/12\/High-strength-slider6-768x768.jpg 768w, https:\/\/www.haideclean.com\/wp-content\/uploads\/2025\/12\/High-strength-slider6-600x600.jpg 600w, https:\/\/www.haideclean.com\/wp-content\/uploads\/2025\/12\/High-strength-slider6-100x100.jpg 100w\" sizes=\"(max-width: 800px) 100vw, 800px\" \/><\/p>\n<p>Verrouillage hydraulique t\u00e9lescopique<\/p>\n<p>6. Le v\u00e9hicule adopte un m\u00e9canisme de verrouillage transversal qui verrouille la poutre longitudinale principale de la poubelle avec le crochet de verrouillage, assurant la s\u00e9curit\u00e9 et la fiabilit\u00e9 du verrouillage de la poubelle; le cylindre de verrouillage contr\u00f4l\u00e9 hydrauliquement est simple \u00e0 utiliser et a des performances stables, ce qui rend le bac plus s\u00fbr.<\/p>\n<p><img loading=\"lazy\" decoding=\"async\" class=\"alignnone wp-image-2448 size-full\" src=\"https:\/\/www.haideclean.com\/wp-content\/uploads\/2025\/12\/High-strength-slider7.jpg\" alt=\"\" width=\"800\" height=\"600\" srcset=\"https:\/\/www.haideclean.com\/wp-content\/uploads\/2025\/12\/High-strength-slider7.jpg 800w, https:\/\/www.haideclean.com\/wp-content\/uploads\/2025\/12\/High-strength-slider7-300x225.jpg 300w, https:\/\/www.haideclean.com\/wp-content\/uploads\/2025\/12\/High-strength-slider7-768x576.jpg 768w, https:\/\/www.haideclean.com\/wp-content\/uploads\/2025\/12\/High-strength-slider7-600x450.jpg 600w\" sizes=\"(max-width: 800px) 100vw, 800px\" \/><\/p>\n<p>7. La vanne directionnelle multivoie assure une commutation directionnelle fiable du syst\u00e8me hydraulique et assure que le cylindre de travail peut rester dans n'importe quelle position.<\/p>\n<p><img loading=\"lazy\" decoding=\"async\" class=\"alignnone wp-image-2449 size-full\" src=\"https:\/\/www.haideclean.com\/wp-content\/uploads\/2025\/12\/High-strength-slider8.jpg\" alt=\"\" width=\"800\" height=\"600\" srcset=\"https:\/\/www.haideclean.com\/wp-content\/uploads\/2025\/12\/High-strength-slider8.jpg 800w, https:\/\/www.haideclean.com\/wp-content\/uploads\/2025\/12\/High-strength-slider8-300x225.jpg 300w, https:\/\/www.haideclean.com\/wp-content\/uploads\/2025\/12\/High-strength-slider8-768x576.jpg 768w, https:\/\/www.haideclean.com\/wp-content\/uploads\/2025\/12\/High-strength-slider8-600x450.jpg 600w\" sizes=\"(max-width: 800px) 100vw, 800px\" \/><\/p>\n<p>Vanne directionnelle hydraulique<\/p>\n<p>8. La vanne d'\u00e9quilibre bidirectionnelle assure que les deux cylindres principaux se d\u00e9placent de mani\u00e8re synchrone et maintiennent une pression constante.<\/p>\n<p><img loading=\"lazy\" decoding=\"async\" class=\"alignnone wp-image-2450 size-full\" src=\"https:\/\/www.haideclean.com\/wp-content\/uploads\/2025\/12\/High-strength-slider9.jpg\" alt=\"\" width=\"800\" height=\"600\" srcset=\"https:\/\/www.haideclean.com\/wp-content\/uploads\/2025\/12\/High-strength-slider9.jpg 800w, https:\/\/www.haideclean.com\/wp-content\/uploads\/2025\/12\/High-strength-slider9-300x225.jpg 300w, https:\/\/www.haideclean.com\/wp-content\/uploads\/2025\/12\/High-strength-slider9-768x576.jpg 768w, https:\/\/www.haideclean.com\/wp-content\/uploads\/2025\/12\/High-strength-slider9-600x450.jpg 600w\" sizes=\"(max-width: 800px) 100vw, 800px\" \/><\/p>\n<p>Vanne d'\u00e9quilibre<\/p>\n<p>9. Le syst\u00e8me de filtration hydraulique utilise des \u00e9l\u00e9ments de filtration de haute pr\u00e9cision, qui peuvent grandement am\u00e9liorer la pr\u00e9cision de filtration de l'ensemble du syst\u00e8me hydraulique du v\u00e9hicule.<\/p>\n<p><img loading=\"lazy\" decoding=\"async\" class=\"alignnone wp-image-2451 size-full\" src=\"https:\/\/www.haideclean.com\/wp-content\/uploads\/2025\/12\/High-strength-slider10.jpg\" alt=\"\" width=\"800\" height=\"600\" srcset=\"https:\/\/www.haideclean.com\/wp-content\/uploads\/2025\/12\/High-strength-slider10.jpg 800w, https:\/\/www.haideclean.com\/wp-content\/uploads\/2025\/12\/High-strength-slider10-300x225.jpg 300w, https:\/\/www.haideclean.com\/wp-content\/uploads\/2025\/12\/High-strength-slider10-768x576.jpg 768w, https:\/\/www.haideclean.com\/wp-content\/uploads\/2025\/12\/High-strength-slider10-600x450.jpg 600w\" sizes=\"(max-width: 800px) 100vw, 800px\" \/><\/p>\n<p>10. Le dispositif de soutien arri\u00e8re entra\u00een\u00e9 hydrauliquement abaisse le cadre de la roue de soutien lors de l'accrochage et du d\u00e9chargement de la bo\u00eete de fret, fournissant un soutien auxiliaire. Les rouleaux agrandis uniques d'une pi\u00e8ce augmentent le v\u00e9hicule&#8217; centre de gravit\u00e9, assurant ainsi la stabilit\u00e9 et la fiabilit\u00e9 globales.<\/p>\n<p><img loading=\"lazy\" decoding=\"async\" class=\"alignnone wp-image-2452 size-full\" src=\"https:\/\/www.haideclean.com\/wp-content\/uploads\/2025\/12\/High-strength-slider11.jpg\" alt=\"\" width=\"800\" height=\"600\" srcset=\"https:\/\/www.haideclean.com\/wp-content\/uploads\/2025\/12\/High-strength-slider11.jpg 800w, https:\/\/www.haideclean.com\/wp-content\/uploads\/2025\/12\/High-strength-slider11-300x225.jpg 300w, https:\/\/www.haideclean.com\/wp-content\/uploads\/2025\/12\/High-strength-slider11-768x576.jpg 768w, https:\/\/www.haideclean.com\/wp-content\/uploads\/2025\/12\/High-strength-slider11-600x450.jpg 600w\" sizes=\"(max-width: 800px) 100vw, 800px\" \/><\/p>\n<p>vanne de commande pneumatique<\/p>\n<p>11. Les plaques d'acier haute r\u00e9sistance sont utilis\u00e9es et la sous-poutre adopte une section en forme de Z pour s'assurer que la sous-poutre peut \u00eatre pleinement int\u00e9gr\u00e9e avec la poutre principale du ch\u00e2ssis, pr\u00e9servant la courbure naturelle de la poutre principale du ch\u00e2ssis.<\/p>\n<p><img loading=\"lazy\" decoding=\"async\" class=\"alignnone wp-image-2453 size-full\" src=\"https:\/\/www.haideclean.com\/wp-content\/uploads\/2025\/12\/High-strength-slider12.jpg\" alt=\"\" width=\"800\" height=\"600\" srcset=\"https:\/\/www.haideclean.com\/wp-content\/uploads\/2025\/12\/High-strength-slider12.jpg 800w, https:\/\/www.haideclean.com\/wp-content\/uploads\/2025\/12\/High-strength-slider12-300x225.jpg 300w, https:\/\/www.haideclean.com\/wp-content\/uploads\/2025\/12\/High-strength-slider12-768x576.jpg 768w, https:\/\/www.haideclean.com\/wp-content\/uploads\/2025\/12\/High-strength-slider12-600x450.jpg 600w\" sizes=\"(max-width: 800px) 100vw, 800px\" \/><\/p>\n<p>Type de haute r\u00e9sistance<\/p>\n<p>12. La cabine dispose d &apos; un syst\u00e8me de commande \u00e9lectronique int\u00e9gr\u00e9 permettant l &apos; utilisation de toutes les fonctions \u00e0 l &apos; int\u00e9rieur de la cabine.<\/p>\n<p><img loading=\"lazy\" decoding=\"async\" class=\"alignnone wp-image-2454 size-full\" src=\"https:\/\/www.haideclean.com\/wp-content\/uploads\/2025\/12\/High-strength-slider13.jpg\" alt=\"\" width=\"800\" height=\"600\" srcset=\"https:\/\/www.haideclean.com\/wp-content\/uploads\/2025\/12\/High-strength-slider13.jpg 800w, https:\/\/www.haideclean.com\/wp-content\/uploads\/2025\/12\/High-strength-slider13-300x225.jpg 300w, https:\/\/www.haideclean.com\/wp-content\/uploads\/2025\/12\/High-strength-slider13-768x576.jpg 768w, https:\/\/www.haideclean.com\/wp-content\/uploads\/2025\/12\/High-strength-slider13-600x450.jpg 600w\" sizes=\"(max-width: 800px) 100vw, 800px\" \/><\/p>\n<p><img loading=\"lazy\" decoding=\"async\" class=\"alignnone wp-image-2455 size-full\" src=\"https:\/\/www.haideclean.com\/wp-content\/uploads\/2025\/12\/High-strength-slider14.jpg\" alt=\"\" width=\"800\" height=\"600\" srcset=\"https:\/\/www.haideclean.com\/wp-content\/uploads\/2025\/12\/High-strength-slider14.jpg 800w, https:\/\/www.haideclean.com\/wp-content\/uploads\/2025\/12\/High-strength-slider14-300x225.jpg 300w, https:\/\/www.haideclean.com\/wp-content\/uploads\/2025\/12\/High-strength-slider14-768x576.jpg 768w, https:\/\/www.haideclean.com\/wp-content\/uploads\/2025\/12\/High-strength-slider14-600x450.jpg 600w\" sizes=\"(max-width: 800px) 100vw, 800px\" \/> <img loading=\"lazy\" decoding=\"async\" class=\"alignnone wp-image-2456 size-full\" src=\"https:\/\/www.haideclean.com\/wp-content\/uploads\/2025\/12\/High-strength-slider15.jpg\" alt=\"\" width=\"800\" height=\"600\" srcset=\"https:\/\/www.haideclean.com\/wp-content\/uploads\/2025\/12\/High-strength-slider15.jpg 800w, https:\/\/www.haideclean.com\/wp-content\/uploads\/2025\/12\/High-strength-slider15-300x225.jpg 300w, https:\/\/www.haideclean.com\/wp-content\/uploads\/2025\/12\/High-strength-slider15-768x576.jpg 768w, https:\/\/www.haideclean.com\/wp-content\/uploads\/2025\/12\/High-strength-slider15-600x450.jpg 600w\" sizes=\"(max-width: 800px) 100vw, 800px\" \/><\/p>","protected":false},"excerpt":{"rendered":"<p>Le camion \u00e0 ordures \u00e0 crochet CHD5180ZXXDFE6 est un v\u00e9hicule d'assainissement qui combine une haute efficacit\u00e9, une fiabilit\u00e9 et un respect de l'environnement.<\/p>\n<p>Le v\u00e9hicule pr\u00e9sente des performances puissantes, une faible consommation de carburant et un bruit minimal. Son conteneur \u00e0 d\u00e9chets enti\u00e8rement scell\u00e9 emp\u00eache la pollution secondaire pendant le transport, offre un fonctionnement simple et assure une performance stable.<\/p>","protected":false},"featured_media":1327,"template":"","meta":[],"product_brand":[],"product_cat":[28],"product_tag":[],"class_list":{"0":"post-1325","1":"product","2":"type-product","3":"status-publish","4":"has-post-thumbnail","6":"product_cat-waste-collection-transport","8":"first","9":"instock","10":"shipping-taxable","11":"product-type-simple"},"_links":{"self":[{"href":"https:\/\/www.haideclean.com\/fr\/wp-json\/wp\/v2\/product\/1325","targetHints":{"allow":["GET"]}}],"collection":[{"href":"https:\/\/www.haideclean.com\/fr\/wp-json\/wp\/v2\/product"}],"about":[{"href":"https:\/\/www.haideclean.com\/fr\/wp-json\/wp\/v2\/types\/product"}],"wp:featuredmedia":[{"embeddable":true,"href":"https:\/\/www.haideclean.com\/fr\/wp-json\/wp\/v2\/media\/1327"}],"wp:attachment":[{"href":"https:\/\/www.haideclean.com\/fr\/wp-json\/wp\/v2\/media?parent=1325"}],"wp:term":[{"taxonomy":"product_brand","embeddable":true,"href":"https:\/\/www.haideclean.com\/fr\/wp-json\/wp\/v2\/product_brand?post=1325"},{"taxonomy":"product_cat","embeddable":true,"href":"https:\/\/www.haideclean.com\/fr\/wp-json\/wp\/v2\/product_cat?post=1325"},{"taxonomy":"product_tag","embeddable":true,"href":"https:\/\/www.haideclean.com\/fr\/wp-json\/wp\/v2\/product_tag?post=1325"}],"curies":[{"name":"wp","href":"https:\/\/api.w.org\/{rel}","templated":true}]}}