{"id":1336,"date":"2025-12-19T16:03:16","date_gmt":"2025-12-19T08:03:16","guid":{"rendered":"https:\/\/www.haideclean.com\/?post_type=product&#038;p=1336"},"modified":"2026-03-18T11:22:03","modified_gmt":"2026-03-18T03:22:03","slug":"chd5050twq-dirty-removal-truck","status":"publish","type":"product","link":"https:\/\/www.haideclean.com\/fr\/produit\/chd5050twq-dirty-removal-truck\/","title":{"rendered":"CHD5050TWQ camion d'enl\u00e8vement de la salet\u00e9"},"content":{"rendered":"<p>La machine adopte le monde&#8217; moteur Cummins de meilleure qualit\u00e9 pour fournir la puissance pour l'ensemble du v\u00e9hicule. La puissance nominale du moteur est de 81kw avec une puissance forte et des performances stables. Le moteur Cummins est dot\u00e9 d'une protection nationale, ce qui peut \u00e9liminer les inqui\u00e9tudes des clients.<\/p>\n<p><img fetchpriority=\"high\" decoding=\"async\" class=\"alignnone wp-image-2468 size-full\" src=\"https:\/\/www.haideclean.com\/wp-content\/uploads\/2025\/12\/Cummins-engine1.jpg\" alt=\"\" width=\"309\" height=\"245\" srcset=\"https:\/\/www.haideclean.com\/wp-content\/uploads\/2025\/12\/Cummins-engine1.jpg 309w, https:\/\/www.haideclean.com\/wp-content\/uploads\/2025\/12\/Cummins-engine1-300x238.jpg 300w\" sizes=\"(max-width: 309px) 100vw, 309px\" \/><\/p>\n<p>Image 1 Moteur Cummins<\/p>\n<p>L'\u00e9liminateur de d\u00e9chets est \u00e9quip\u00e9 d'une grande pompe \u00e0 d\u00e9placement variable et d'un moteur \u00e0 piston import\u00e9 d'Allemagne. En ajustant sans pas la taille de d\u00e9placement de la pompe variable, il peut obtenir la vitesse de marche constante n\u00e9cessaire.<\/p>\n<p><img decoding=\"async\" class=\"alignnone wp-image-2467 size-full\" src=\"https:\/\/www.haideclean.com\/wp-content\/uploads\/2025\/12\/Germany-Linde-walking-variable-pump-and-piston-motor.jpg\" alt=\"\" width=\"514\" height=\"217\" srcset=\"https:\/\/www.haideclean.com\/wp-content\/uploads\/2025\/12\/Germany-Linde-walking-variable-pump-and-piston-motor.jpg 514w, https:\/\/www.haideclean.com\/wp-content\/uploads\/2025\/12\/Germany-Linde-walking-variable-pump-and-piston-motor-300x127.jpg 300w\" sizes=\"(max-width: 514px) 100vw, 514px\" \/><\/p>\n<p>Image 2 Allemagne Pompe variable marchande Linde et moteur \u00e0 pistons<\/p>\n<p>L'\u00e9liminateur de poubelles est \u00e9quip\u00e9 d'une aspiratrice \u00e0 rin\u00e7age \u00e0 l'avant, et il peut faire fonctionner la fonction de r\u00e9traction de la vaisselle de nettoyage dans la salle de conduite;<\/p>\n<p><strong>Le v\u00e9hicule dispose de diff\u00e9rents modes de fonctionnement \u00e0 choisir :<\/strong><\/p>\n<ol>\n<li>La vaisselle de nettoyage peut enlever la poubelle s\u00e9par\u00e9ment. \u00c0 travers le plat de nettoyage se d\u00e9place vers la gauche et la droite, il peut r\u00e9aliser l'op\u00e9ration de nettoyage de la pollution sur le c\u00f4t\u00e9 gauche et droit de la route<\/li>\n<li>L'op\u00e9ration de nettoyage de la pollution sur le c\u00f4t\u00e9 droit. Gr\u00e2ce \u00e0 la coop\u00e9ration entre la tige de pulv\u00e9risation droite et l'aspirateur d'aspiration, il peut r\u00e9aliser le lavage et la pollution du c\u00f4t\u00e9 droit du v\u00e9hicule et des pierres le long des routes.<\/li>\n<li>L'op\u00e9ration de nettoyage de la pollution sur le c\u00f4t\u00e9 gauche. Gr\u00e2ce \u00e0 la coop\u00e9ration entre la tige de pulv\u00e9risation gauche et l'aspirateur, il peut r\u00e9aliser le lavage et la pollution du c\u00f4t\u00e9 gauche du v\u00e9hicule et des pierres le long des routes.<\/li>\n<li>Flush aspiration suckerin avant a la fonction de se d\u00e9placer vers la gauche et la droite, Movingsize est 220mm de chaque c\u00f4t\u00e9.<\/li>\n<\/ol>\n<p><img decoding=\"async\" class=\"alignnone wp-image-2466 size-full\" src=\"https:\/\/www.haideclean.com\/wp-content\/uploads\/2025\/12\/Working-device-in-front.jpg\" alt=\"\" width=\"343\" height=\"225\" srcset=\"https:\/\/www.haideclean.com\/wp-content\/uploads\/2025\/12\/Working-device-in-front.jpg 343w, https:\/\/www.haideclean.com\/wp-content\/uploads\/2025\/12\/Working-device-in-front-300x197.jpg 300w\" sizes=\"(max-width: 343px) 100vw, 343px\" \/><\/p>\n<p>Image 3 Dispositif de travail devant<\/p>\n<p>La pompe \u00e0 piston haute pression adopt\u00e9e est import\u00e9e d'Italie. Il rend la performance stable et fiable. Gr\u00e2ce \u00e0 l'entra\u00eenement hydraulique et au r\u00e9glage sans pas, il peut r\u00e9pondre aux exigences de fonctionnement de la pompe de d\u00e9bit et de pression diff\u00e9rents obtenus \u00e0 diff\u00e9rentes vitesses de rotation. La pression maximale peut atteindre 300 bar dans le syst\u00e8me d'eau du v\u00e9hicule.<\/p>\n<p><img loading=\"lazy\" decoding=\"async\" class=\"alignnone wp-image-2465 size-full\" src=\"https:\/\/www.haideclean.com\/wp-content\/uploads\/2025\/12\/Italian-high-pressure-piston-pump-.jpg\" alt=\"\" width=\"293\" height=\"209\" \/><\/p>\n<p>Image 4 Pompe \u00e0 piston haute pression italienne<\/p>\n<p>Remarque: Notre soci\u00e9t\u00e9 se r\u00e9serve le droit de toute modification des produits. Les informations fournies dans cette sp\u00e9cification technique ne peuvent \u00eatre utilis\u00e9es qu'\u00e0 titre de r\u00e9f\u00e9rence. Les param\u00e8tres et configurations sp\u00e9cifiques sont soumis \u00e0 la livraison r\u00e9elle.<\/p>\n<p>Le moteur de cet \u00e9liminateur de poubelles est \u00e9quip\u00e9 au milieu du cadre, et Il y a des r\u00e9servoirs d'eau ind\u00e9pendants sur les deux c\u00f4t\u00e9s du cadre respectivement. La pompe \u00e0 eau haute pression et le silencieux moteur sont respectivement assembl\u00e9s \u00e0 l'int\u00e9rieur du r\u00e9servoir d'eau. La poubelle et le r\u00e9servoir d'eau de nettoyage adoptent la structure int\u00e9grale. La structure est: Le r\u00e9servoir d'eau est plac\u00e9 des deux c\u00f4t\u00e9s de la poubelle et du fond afin d'obtenir une utilisation maximale de l'espace global; La poubelle adopte double cylindre hydraulique qui peut d\u00e9verser et soulever pour d\u00e9charger. La poubelle est \u00e9quip\u00e9e d'une conception frontale pour atteindre le but de d\u00e9chargement auxiliaire. La structure de la porte arri\u00e8re adopte la structure d'\u00e9tanch\u00e9it\u00e9 double, qui peut \u00e9viter l'omission des eaux us\u00e9es caus\u00e9e par le probl\u00e8me d'\u00e9tanch\u00e9it\u00e9 de la porte arri\u00e8re dans le processus de transport du v\u00e9hicule apr\u00e8s la fin du fonctionnement du v\u00e9hicule.<\/p>\n<p>Le capteur de niveau d'eau est install\u00e9 \u00e0 l'arri\u00e8re du r\u00e9servoir d'eau claire lat\u00e9ral. Lorsque le niveau d'eau dans le r\u00e9servoir d'eau claire est proche du premier niveau d'eau d'alarme, l'indicateur lumineux install\u00e9 sur l'\u00e9cran dans le conducteur&#8217; s chambre va alarmer dans le chemin de &#8220; flash \u00bb et faire un &#8220; fl\u00fbte&#8221; son. Ils rappellent \u00e0 l'op\u00e9rateur d'ajouter de l'eau \u00e0 temps. Si elle n'attire pas l'attention en temps opportun de l'op\u00e9rateur, et apr\u00e8s que l'alarme \u00e9clair sera atteinte le moment o\u00f9 le niveau d'eau est proche du deuxi\u00e8me niveau d'alarme qui peut emp\u00eacher les dommages caus\u00e9s par la p\u00e9nurie d'eau, le circuit de commande de la pompe \u00e0 eau haute pression se coupera automatiquement, de sorte que la pompe cesse de fonctionner.<\/p>\n<p><img loading=\"lazy\" decoding=\"async\" class=\"alignnone wp-image-2464 size-full\" src=\"https:\/\/www.haideclean.com\/wp-content\/uploads\/2025\/12\/Low-water-level-alarm-device-for-cleaning-water-tank.jpg\" alt=\"\" width=\"264\" height=\"218\" \/><\/p>\n<p>Image 5 Dispositif d'alarme pour le nettoyage du r\u00e9servoir d'eau<\/p>\n<p>Afin de faciliter l'\u00e9vacuation en temps opportun des eaux us\u00e9es lors de l'op\u00e9ration de rin\u00e7age \u00e0 haute pression du v\u00e9hicule (en particulier pendant la saison des pluies), le v\u00e9hicule est \u00e9quip\u00e9 d'un dispositif d'alarme flottant \u00e0 haut niveau d'eau \u00e0 l'arri\u00e8re de la partie sup\u00e9rieure de la poubelle. Lorsque les eaux us\u00e9es dans la poubelle atteignent le niveau d'alarme, le dispositif flottant flottera automatiquement avec la hausse du niveau d'eau, et lorsqu'il atteint le niveau de liquide d\u00e9fini, le dispositif d'alarme sur le panneau de commande \u00e0 l'int\u00e9rieur de la salle de conduite fera un &#8220; clignotant&#8221; et &#8220; fl\u00fbte&#8221; Son d'alarme. Cela rappellera \u00e0 l'op\u00e9rateur de d\u00e9charger les eaux us\u00e9es \u00e0 temps.<\/p>\n<p><img loading=\"lazy\" decoding=\"async\" class=\"alignnone wp-image-2462 size-full\" src=\"https:\/\/www.haideclean.com\/wp-content\/uploads\/2025\/12\/Dustbin-high-water-level-alarm-and-flush-device.jpg\" alt=\"\" width=\"386\" height=\"209\" srcset=\"https:\/\/www.haideclean.com\/wp-content\/uploads\/2025\/12\/Dustbin-high-water-level-alarm-and-flush-device.jpg 386w, https:\/\/www.haideclean.com\/wp-content\/uploads\/2025\/12\/Dustbin-high-water-level-alarm-and-flush-device-300x162.jpg 300w\" sizes=\"(max-width: 386px) 100vw, 386px\" \/><\/p>\n<p>Image 6 Dispositif d'alarme et de rin\u00e7age de niveau d'eau \u00e9lev\u00e9 dans la poussi\u00e8re<\/p>\n<p>La poubelle du v\u00e9hicule a non seulement une fonction simple de basculement et de d\u00e9chargement, mais elle est \u00e9galement \u00e9quip\u00e9e d'un dispositif de rin\u00e7age \u00e0 haute pression \u00e0 l'avant de la poubelle. C'est-\u00e0-dire, lorsque le v\u00e9hicule d\u00e9charge les poubelles, l'op\u00e9rateur ouvre d'abord la porte arri\u00e8re, puis soul\u00e8ve la bo\u00eete, et enfin ouvre le dispositif de rin\u00e7age \u00e0 haute pression assembl\u00e9 \u00e0 l'avant de la poubelle pour laver soigneusement la poubelle. Afin de faciliter \u00e0 l'op\u00e9rateur d'ajouter en temps opportun de l'eau pour le r\u00e9servoir d'eau, le remplissage du r\u00e9servoir d'eau est plac\u00e9 au milieu du c\u00f4t\u00e9 droit de la poubelle: Lorsque l'eau doit \u00eatre ajout\u00e9e, l'op\u00e9rateur connecte simplement l'interface de l'hydrante avec le remplissage de connexion \u00e0 l'eau \u00e0 travers la ceinture d'incendie pour ajouter de l'eau;<\/p>\n<p><img loading=\"lazy\" decoding=\"async\" class=\"alignnone wp-image-2461 size-full\" src=\"https:\/\/www.haideclean.com\/wp-content\/uploads\/2025\/12\/Clean-water-filler.jpg\" alt=\"\" width=\"298\" height=\"236\" \/><\/p>\n<p>Image 7 Remplisseur d'eau propre<\/p>\n<p>Le mode de commande automatique intelligente \u00e0 une cl\u00e9, c'est-\u00e0-dire qu'apr\u00e8s que le mode de fonctionnement du v\u00e9hicule a \u00e9t\u00e9 s\u00e9lectionn\u00e9, l'op\u00e9ration de commande du v\u00e9hicule peut \u00eatre compl\u00e9t\u00e9e avec une op\u00e9ration \u00e0 cl\u00e9 et le v\u00e9hicule peut directement entrer dans l'\u00e9tat de fonctionnement programm\u00e9. Tous les commutateurs de commande sont accessibles \u00e0 obtenir. L'op\u00e9ration est tr\u00e8s pratique.<\/p>\n<p><img loading=\"lazy\" decoding=\"async\" class=\"alignnone wp-image-2460 size-full\" src=\"https:\/\/www.haideclean.com\/wp-content\/uploads\/2025\/12\/One-button-automatic-control.jpg\" alt=\"\" width=\"368\" height=\"215\" srcset=\"https:\/\/www.haideclean.com\/wp-content\/uploads\/2025\/12\/One-button-automatic-control.jpg 368w, https:\/\/www.haideclean.com\/wp-content\/uploads\/2025\/12\/One-button-automatic-control-300x175.jpg 300w\" sizes=\"(max-width: 368px) 100vw, 368px\" \/><\/p>\n<p>Image 8 Commande automatique \u00e0 un bouton<\/p>\n<p>Afin de faciliter \u00e0 l'op\u00e9rateur d'observer \u00e0 temps le niveau des eaux us\u00e9es dans le r\u00e9servoir, la voiture est \u00e9quip\u00e9e d'un miroir d'observation des eaux us\u00e9es sur la porte arri\u00e8re de la poubelle, ce qui est tr\u00e8s pratique pour l'op\u00e9rateur d'observer et de faire fonctionner le niveau des eaux us\u00e9es dans le r\u00e9servoir.<\/p>\n<p><img loading=\"lazy\" decoding=\"async\" class=\"alignnone wp-image-2459 size-full\" src=\"https:\/\/www.haideclean.com\/wp-content\/uploads\/2025\/12\/sewage-observation-mirror-on-the-rear-door-of-the-dustbin.jpg\" alt=\"\" width=\"365\" height=\"206\" srcset=\"https:\/\/www.haideclean.com\/wp-content\/uploads\/2025\/12\/sewage-observation-mirror-on-the-rear-door-of-the-dustbin.jpg 365w, https:\/\/www.haideclean.com\/wp-content\/uploads\/2025\/12\/sewage-observation-mirror-on-the-rear-door-of-the-dustbin-300x169.jpg 300w\" sizes=\"(max-width: 365px) 100vw, 365px\" \/><\/p>\n<p>Image 9 Miroir d'observation des eaux us\u00e9es sur la porte arri\u00e8re de la poubelle<\/p>\n<p>L'enl\u00e8vement des poubelles est \u00e9quip\u00e9 non seulement d'appareils d'\u00e9clairage n\u00e9cessaires au fonctionnement ordinaire du v\u00e9hicule, mais \u00e9galement de la fl\u00e8che d'indication de fonctionnement sup\u00e9rieure. Gr\u00e2ce \u00e0 la forme d'indication clignotant continue, il rappelle la s\u00e9curit\u00e9 du fonctionnement du v\u00e9hicule arri\u00e8re.<\/p>\n<p><img loading=\"lazy\" decoding=\"async\" class=\"alignnone wp-image-2458 size-full\" src=\"https:\/\/www.haideclean.com\/wp-content\/uploads\/2025\/12\/Rear-indicating-arrow-light.jpg\" alt=\"\" width=\"340\" height=\"216\" srcset=\"https:\/\/www.haideclean.com\/wp-content\/uploads\/2025\/12\/Rear-indicating-arrow-light.jpg 340w, https:\/\/www.haideclean.com\/wp-content\/uploads\/2025\/12\/Rear-indicating-arrow-light-300x191.jpg 300w\" sizes=\"(max-width: 340px) 100vw, 340px\" \/><\/p>\n<p>Image 10 Lumi\u00e8re de fl\u00e8che d'indication arri\u00e8re<\/p>\n<p>Un dispositif de pistolet \u00e0 pulv\u00e9risation portatif avec fonction de bobine automatique est assembl\u00e9 au milieu gauche du v\u00e9hicule, qui est utilis\u00e9 pour retirer la carrosserie du v\u00e9hicule lui-m\u00eame et les publicit\u00e9s routi\u00e8res. La longueur de la bobine peut atteindre 15 m\u00e8tres et elle peut \u00e9galement \u00eatre utilis\u00e9e pour connecter le dispositif de lavage rotatif pouss\u00e9 \u00e0 la main et le dispositif de tige de pulv\u00e9risation de ventilateur pouss\u00e9 \u00e0 la main pour r\u00e9aliser l'op\u00e9ration de rin\u00e7age du trottoir.<\/p>\n<p><img loading=\"lazy\" decoding=\"async\" class=\"alignnone wp-image-2457 size-full\" src=\"https:\/\/www.haideclean.com\/wp-content\/uploads\/2025\/12\/Picture-11.jpg\" alt=\"\" width=\"364\" height=\"250\" srcset=\"https:\/\/www.haideclean.com\/wp-content\/uploads\/2025\/12\/Picture-11.jpg 364w, https:\/\/www.haideclean.com\/wp-content\/uploads\/2025\/12\/Picture-11-300x206.jpg 300w\" sizes=\"(max-width: 364px) 100vw, 364px\" \/><\/p>\n<p>Image 11<\/p>","protected":false},"excerpt":{"rendered":"<p>CHD5050TWQ est un nouveau v\u00e9hicule de travail routier con\u00e7u et d\u00e9velopp\u00e9 par Yantai Haide Special Vehicle Co., LTD. Il est principalement appliqu\u00e9 \u00e0 la d\u00e9contamination profonde et au nettoyage du trottoir, de la place, du parc et de la communaut\u00e9.<\/p>","protected":false},"featured_media":1337,"template":"","meta":[],"product_brand":[],"product_cat":[27],"product_tag":[],"class_list":{"0":"post-1336","1":"product","2":"type-product","3":"status-publish","4":"has-post-thumbnail","6":"product_cat-cleaning-vehicles","8":"first","9":"instock","10":"shipping-taxable","11":"product-type-simple"},"_links":{"self":[{"href":"https:\/\/www.haideclean.com\/fr\/wp-json\/wp\/v2\/product\/1336","targetHints":{"allow":["GET"]}}],"collection":[{"href":"https:\/\/www.haideclean.com\/fr\/wp-json\/wp\/v2\/product"}],"about":[{"href":"https:\/\/www.haideclean.com\/fr\/wp-json\/wp\/v2\/types\/product"}],"wp:featuredmedia":[{"embeddable":true,"href":"https:\/\/www.haideclean.com\/fr\/wp-json\/wp\/v2\/media\/1337"}],"wp:attachment":[{"href":"https:\/\/www.haideclean.com\/fr\/wp-json\/wp\/v2\/media?parent=1336"}],"wp:term":[{"taxonomy":"product_brand","embeddable":true,"href":"https:\/\/www.haideclean.com\/fr\/wp-json\/wp\/v2\/product_brand?post=1336"},{"taxonomy":"product_cat","embeddable":true,"href":"https:\/\/www.haideclean.com\/fr\/wp-json\/wp\/v2\/product_cat?post=1336"},{"taxonomy":"product_tag","embeddable":true,"href":"https:\/\/www.haideclean.com\/fr\/wp-json\/wp\/v2\/product_tag?post=1336"}],"curies":[{"name":"wp","href":"https:\/\/api.w.org\/{rel}","templated":true}]}}