{"id":1349,"date":"2025-12-19T16:13:51","date_gmt":"2025-12-19T08:13:51","guid":{"rendered":"https:\/\/www.haideclean.com\/?post_type=product&#038;p=1349"},"modified":"2026-04-10T09:26:17","modified_gmt":"2026-04-10T01:26:17","slug":"chd5110twq-high-pressure-dirty-removal-road-sweeper","status":"publish","type":"product","link":"https:\/\/www.haideclean.com\/fr\/produit\/chd5110twq-high-pressure-dirty-removal-road-sweeper\/","title":{"rendered":"CHD5110TWQ Balayeuse routi\u00e8re \u00e0 haute pression et puissante"},"content":{"rendered":"<ul>\n<li>Technologie d'entra\u00eenement hydrostatique<\/li>\n<\/ul>\n<p>Afin de r\u00e9pondre \u00e0 l'op\u00e9ration de d\u00e9contamination du v\u00e9hicule des besoins de marche \u00e0 basse vitesse, le ch\u00e2ssis des op\u00e9rations de marche du v\u00e9hicule assembl\u00e9 avec la technologie de marche d'entra\u00eenement hydrostatique, pour r\u00e9aliser le v\u00e9hicule&#8217; Besoins de marche ultra-basse vitesse de couple \u00e9lev\u00e9. Afin de r\u00e9aliser le v\u00e9hicule&#8217; Besoins d'op\u00e9ration de d\u00e9contamination profonde, voyage \u00e0 basse vitesse pour l'utilisation du r\u00e9gulateur de vitesse automatique.<\/p>\n<ul>\n<li>Plusieurs combinaisons modulaires rendent le v\u00e9hicule vraiment polyvalent<\/li>\n<\/ul>\n<p>Le v\u00e9hicule est \u00e9quip\u00e9 d'une plaque de brosse de balayage mont\u00e9e sur le c\u00f4t\u00e9, qui peut r\u00e9pondre \u00e0 l'op\u00e9ration de lavage du v\u00e9hicule lorsque l'enl\u00e8vement des ordures au coin de la route, le v\u00e9hicule une vari\u00e9t\u00e9 de modes op\u00e9rationnels de multiples options: 1, le disque de nettoyage arri\u00e8re du mode de fonctionnement de d\u00e9contamination individuel, \u00e0 travers le c\u00f4t\u00e9 gauche et droit du disque de nettoyage, peut r\u00e9aliser le v\u00e9hicule &#8217; les c\u00f4t\u00e9s gauche et droite des besoins op\u00e9rationnels; 2, la plaque de brosse de balayage mont\u00e9e lat\u00e9ralement et le disque de nettoyage arri\u00e8re, pour r\u00e9aliser les op\u00e9rations de balayage et de balayage des ordures dans le coin routier du v\u00e9hicule; 3, l'arri\u00e8re de la r\u00e9duction de poussi\u00e8re de pulv\u00e9risation 3, la fonction de r\u00e9duction de poussi\u00e8re de pulv\u00e9risation arri\u00e8re, peut \u00eatre pour la poussi\u00e8re de refroidissement d'\u00e9t\u00e9 chaud; 4, pistolet de pulv\u00e9risation de lavage de voiture \u00e0 haute pression portatif peut non seulement r\u00e9aliser le v\u00e9hicule&#8217; propre nettoyage, mais peut \u00e9galement \u00eatre utilis\u00e9 pour supprimer la fonction de la publicit\u00e9 routi\u00e8re.<\/p>\n<ul>\n<li>Protection multi-alarme<\/li>\n<\/ul>\n<p>Le v\u00e9hicule&#8217; Le r\u00e9servoir d'eau s est \u00e9quip\u00e9 d'un dispositif d'alarme de niveau d'eau bas pour \u00e9viter les dommages \u00e0 la pompe en raison du manque d'eau, et le v\u00e9hicule est \u00e9quip\u00e9 d'un dispositif d'alarme flottant de niveau d'eau \u00e9lev\u00e9 \u00e0 l'arri\u00e8re sup\u00e9rieur de la poubelle pour rappeler \u00e0 l'op\u00e9rateur d'effectuer l'\u00e9vacuation des eaux us\u00e9es \u00e0 temps lorsque les eaux us\u00e9es dans la poubelle atteignent le niveau d'alarme.<\/p>\n<ul>\n<li>Pistolet de rin\u00e7age \u00e0 haute pression, peut efficacement rincer la surface du v\u00e9hicule et la pollution huileuse locale.<\/li>\n<\/ul>\n<p>\u00c9quip\u00e9 d'une unit\u00e9 de lavage automatique rotative de type treuil, d'une lance de rin\u00e7age \u00e0 main haute pression d'une longueur de bobine pouvant atteindre 20 m\u00e8tres pour faciliter le nettoyage des surfaces des v\u00e9hicules et le rin\u00e7age de petites publicit\u00e9s routi\u00e8res, avec une pression de travail pouvant atteindre 300 bar.<\/p>","protected":false},"excerpt":{"rendered":"<p>CHD5110TWQ Road Pollutant Removal Vehicle is a new type of road surface environmental protection construction vehicle adapted by Yantai Haide Special Vehicle Company Limited from the chassis of QL1110ANMACY truck of Qingling Motors Co. It is mainly used for road deep cleaning and cleaning and sweeping operations.<\/p>","protected":false},"featured_media":1350,"template":"","meta":[],"product_brand":[],"product_cat":[15],"product_tag":[],"class_list":{"0":"post-1349","1":"product","2":"type-product","3":"status-publish","4":"has-post-thumbnail","6":"product_cat-road-sweeping","8":"first","9":"instock","10":"shipping-taxable","11":"product-type-simple"},"_links":{"self":[{"href":"https:\/\/www.haideclean.com\/fr\/wp-json\/wp\/v2\/product\/1349","targetHints":{"allow":["GET"]}}],"collection":[{"href":"https:\/\/www.haideclean.com\/fr\/wp-json\/wp\/v2\/product"}],"about":[{"href":"https:\/\/www.haideclean.com\/fr\/wp-json\/wp\/v2\/types\/product"}],"wp:featuredmedia":[{"embeddable":true,"href":"https:\/\/www.haideclean.com\/fr\/wp-json\/wp\/v2\/media\/1350"}],"wp:attachment":[{"href":"https:\/\/www.haideclean.com\/fr\/wp-json\/wp\/v2\/media?parent=1349"}],"wp:term":[{"taxonomy":"product_brand","embeddable":true,"href":"https:\/\/www.haideclean.com\/fr\/wp-json\/wp\/v2\/product_brand?post=1349"},{"taxonomy":"product_cat","embeddable":true,"href":"https:\/\/www.haideclean.com\/fr\/wp-json\/wp\/v2\/product_cat?post=1349"},{"taxonomy":"product_tag","embeddable":true,"href":"https:\/\/www.haideclean.com\/fr\/wp-json\/wp\/v2\/product_tag?post=1349"}],"curies":[{"name":"wp","href":"https:\/\/api.w.org\/{rel}","templated":true}]}}