{"id":1352,"date":"2025-12-19T16:14:49","date_gmt":"2025-12-19T08:14:49","guid":{"rendered":"https:\/\/www.haideclean.com\/?post_type=product&#038;p=1352"},"modified":"2026-03-19T11:40:35","modified_gmt":"2026-03-19T03:40:35","slug":"chd5180gqxdfe6-road-cleaning-truck","status":"publish","type":"product","link":"https:\/\/www.haideclean.com\/fr\/produit\/chd5180gqxdfe6-road-cleaning-truck\/","title":{"rendered":"CHD5180GQXDFE6 Camion de nettoyage routier"},"content":{"rendered":"<ul>\n<li><b><\/b><strong><b>R\u00e9servoir standard en acier inoxydable, avec un syst\u00e8me d'alarme \u00e0 faible eau;<\/b><\/strong><\/li>\n<li><b><\/b><strong><b>L'arri\u00e8re du v\u00e9hicule est \u00e9quip\u00e9 de signaux de fonctionnement \u00e9metteurs de lumi\u00e8re;<\/b><\/strong><\/li>\n<li><b><\/b><strong><b>Deux ensembles de haute pression ind\u00e9pendante, &amp; syst\u00e8me d'eau \u00e0 basse pression;<\/b><\/strong><\/li>\n<li><b><\/b><strong><b>Syst\u00e8me d'eau haute pression:<\/b><\/strong>\n<ol>\n<li>Protection d'alarme automatique de pompe \u00e0 eau haute pression<\/li>\n<li>Syst\u00e8me de commande pneumatique pour le fonctionnement de la vanne d'eau haute pression dans la cabine<\/li>\n<li>L'avant est \u00e9quip\u00e9 d'un dispositif de lavage \u00e0 haute pression qui oscille \u00e0 gauche et \u00e0 droite avec commande pneumatique pour la s\u00e9curit\u00e9 et l'\u00e9vitement d'obstacles, et la largeur de nettoyage est augment\u00e9e \u00e0 3,5 m\u00e8tres;<\/li>\n<li>Il y a un dispositif de pulv\u00e9risation derri\u00e8re le v\u00e9hicule pour r\u00e9gler la temp\u00e9rature de l'air<\/li>\n<li>L'avant du v\u00e9hicule est \u00e9quip\u00e9 de buses haute pression gauche et droite pour le rin\u00e7age lat\u00e9ral haute pression<\/li>\n<\/ol>\n<\/li>\n<li><b><\/b><strong><b>Syst\u00e8me d'eau \u00e0 basse pression:<\/b><\/strong>\n<ol>\n<li>Toutes les op\u00e9rations sont effectu\u00e9es dans la cabine, et diverses t\u00e2ches peuvent \u00eatre compl\u00e9t\u00e9es en un clic<\/li>\n<li>\u00c9quip\u00e9 de buses lat\u00e9rales colonnaires multi-courbes pour le fonctionnement de rin\u00e7age lat\u00e9ral, l'angle de rin\u00e7age peut \u00eatre ajust\u00e9 arbitrairement, la largeur de rin\u00e7age est sup\u00e9rieure \u00e0 24M. Il y a des buses \u00e0 pied de canard et des buses cylindriques \u00e0 l'avant et \u00e0 l'arri\u00e8re, et la largeur d'aspersion est sup\u00e9rieure \u00e0 16M.<\/li>\n<li>Plateforme de travail arri\u00e8re, avec pistolet \u00e0 eau r\u00e9glable \u00e0 longue port\u00e9e (cylindrique ou brumeux)<\/li>\n<li>Il a une fonction d'auto-amor\u00e7age et utilise la pompe \u00e0 eau du v\u00e9hicule pour aspirer l'eau dans le r\u00e9servoir.<\/li>\n<li>Il y a une boucle d'auto-circulation dans le syst\u00e8me d'eau, qui peut \u00eatre utilis\u00e9e pour fondre l'agent de fonte de la neige en hiver;<\/li>\n<li>L'arri\u00e8re du v\u00e9hicule est \u00e9quip\u00e9 d'une interface anti-incendie \u00e0 pression de conduite d'eau \u00e0 ceinture verte pour faciliter la connexion \u00e0 des conduites d'eau distantes;<\/li>\n<\/ol>\n<\/li>\n<\/ul>\n<p><img fetchpriority=\"high\" decoding=\"async\" class=\"alignnone size-medium wp-image-2479\" src=\"https:\/\/www.haideclean.com\/wp-content\/uploads\/2025\/12\/Arrow-style-operation-instructions1-213x300.jpg\" alt=\"\" width=\"213\" height=\"300\" data-wp-editing=\"1\" srcset=\"https:\/\/www.haideclean.com\/wp-content\/uploads\/2025\/12\/Arrow-style-operation-instructions1-213x300.jpg 213w, https:\/\/www.haideclean.com\/wp-content\/uploads\/2025\/12\/Arrow-style-operation-instructions1-726x1024.jpg 726w, https:\/\/www.haideclean.com\/wp-content\/uploads\/2025\/12\/Arrow-style-operation-instructions1-768x1083.jpg 768w, https:\/\/www.haideclean.com\/wp-content\/uploads\/2025\/12\/Arrow-style-operation-instructions1-600x846.jpg 600w, https:\/\/www.haideclean.com\/wp-content\/uploads\/2025\/12\/Arrow-style-operation-instructions1.jpg 790w\" sizes=\"(max-width: 213px) 100vw, 213px\" \/> <img decoding=\"async\" class=\"alignnone size-medium wp-image-2480\" src=\"https:\/\/www.haideclean.com\/wp-content\/uploads\/2025\/12\/Arrow-style-operation-instructions15-219x300.jpg\" alt=\"\" width=\"219\" height=\"300\" srcset=\"https:\/\/www.haideclean.com\/wp-content\/uploads\/2025\/12\/Arrow-style-operation-instructions15-219x300.jpg 219w, https:\/\/www.haideclean.com\/wp-content\/uploads\/2025\/12\/Arrow-style-operation-instructions15-746x1024.jpg 746w, https:\/\/www.haideclean.com\/wp-content\/uploads\/2025\/12\/Arrow-style-operation-instructions15-768x1054.jpg 768w, https:\/\/www.haideclean.com\/wp-content\/uploads\/2025\/12\/Arrow-style-operation-instructions15-600x823.jpg 600w, https:\/\/www.haideclean.com\/wp-content\/uploads\/2025\/12\/Arrow-style-operation-instructions15.jpg 790w\" sizes=\"(max-width: 219px) 100vw, 219px\" \/> <img decoding=\"async\" class=\"alignnone size-medium wp-image-2481\" src=\"https:\/\/www.haideclean.com\/wp-content\/uploads\/2025\/12\/Arrow-style-operation-instructions17-124x300.jpg\" alt=\"\" width=\"124\" height=\"300\" srcset=\"https:\/\/www.haideclean.com\/wp-content\/uploads\/2025\/12\/Arrow-style-operation-instructions17-124x300.jpg 124w, https:\/\/www.haideclean.com\/wp-content\/uploads\/2025\/12\/Arrow-style-operation-instructions17-424x1024.jpg 424w, https:\/\/www.haideclean.com\/wp-content\/uploads\/2025\/12\/Arrow-style-operation-instructions17-768x1853.jpg 768w, https:\/\/www.haideclean.com\/wp-content\/uploads\/2025\/12\/Arrow-style-operation-instructions17-637x1536.jpg 637w, https:\/\/www.haideclean.com\/wp-content\/uploads\/2025\/12\/Arrow-style-operation-instructions17-600x1448.jpg 600w, https:\/\/www.haideclean.com\/wp-content\/uploads\/2025\/12\/Arrow-style-operation-instructions17.jpg 790w\" sizes=\"(max-width: 124px) 100vw, 124px\" \/> <img loading=\"lazy\" decoding=\"async\" class=\"alignnone size-medium wp-image-2482\" src=\"https:\/\/www.haideclean.com\/wp-content\/uploads\/2025\/12\/Arrow-style-operation-instructions19-143x300.jpg\" alt=\"\" width=\"143\" height=\"300\" srcset=\"https:\/\/www.haideclean.com\/wp-content\/uploads\/2025\/12\/Arrow-style-operation-instructions19-143x300.jpg 143w, https:\/\/www.haideclean.com\/wp-content\/uploads\/2025\/12\/Arrow-style-operation-instructions19-487x1024.jpg 487w, https:\/\/www.haideclean.com\/wp-content\/uploads\/2025\/12\/Arrow-style-operation-instructions19-768x1616.jpg 768w, https:\/\/www.haideclean.com\/wp-content\/uploads\/2025\/12\/Arrow-style-operation-instructions19-730x1536.jpg 730w, https:\/\/www.haideclean.com\/wp-content\/uploads\/2025\/12\/Arrow-style-operation-instructions19-600x1262.jpg 600w, https:\/\/www.haideclean.com\/wp-content\/uploads\/2025\/12\/Arrow-style-operation-instructions19.jpg 790w\" sizes=\"(max-width: 143px) 100vw, 143px\" \/> <img loading=\"lazy\" decoding=\"async\" class=\"alignnone size-medium wp-image-2483\" src=\"https:\/\/www.haideclean.com\/wp-content\/uploads\/2025\/12\/Arrow-style-operation-instructions27-174x300.jpg\" alt=\"\" width=\"174\" height=\"300\" srcset=\"https:\/\/www.haideclean.com\/wp-content\/uploads\/2025\/12\/Arrow-style-operation-instructions27-174x300.jpg 174w, https:\/\/www.haideclean.com\/wp-content\/uploads\/2025\/12\/Arrow-style-operation-instructions27-593x1024.jpg 593w, https:\/\/www.haideclean.com\/wp-content\/uploads\/2025\/12\/Arrow-style-operation-instructions27-768x1326.jpg 768w, https:\/\/www.haideclean.com\/wp-content\/uploads\/2025\/12\/Arrow-style-operation-instructions27-600x1036.jpg 600w, https:\/\/www.haideclean.com\/wp-content\/uploads\/2025\/12\/Arrow-style-operation-instructions27.jpg 790w\" sizes=\"(max-width: 174px) 100vw, 174px\" \/><\/p>","protected":false},"excerpt":{"rendered":"<p>Les s\u00e9ries de camions de nettoyage routier sont d\u00e9velopp\u00e9es par Haide Vehicle avec des performances fiables et des applications multiples \u00e0 l'esprit. Il a une vari\u00e9t\u00e9 de fonctions telles que le lavage du trottoir, le lavage de la route, le rin\u00e7age de la route, la pulv\u00e9risation du jardin et la protection contre l'incendie d'urgence.<\/p>","protected":false},"featured_media":1353,"template":"","meta":[],"product_brand":[],"product_cat":[27],"product_tag":[],"class_list":{"0":"post-1352","1":"product","2":"type-product","3":"status-publish","4":"has-post-thumbnail","6":"product_cat-cleaning-vehicles","8":"first","9":"instock","10":"shipping-taxable","11":"product-type-simple"},"_links":{"self":[{"href":"https:\/\/www.haideclean.com\/fr\/wp-json\/wp\/v2\/product\/1352","targetHints":{"allow":["GET"]}}],"collection":[{"href":"https:\/\/www.haideclean.com\/fr\/wp-json\/wp\/v2\/product"}],"about":[{"href":"https:\/\/www.haideclean.com\/fr\/wp-json\/wp\/v2\/types\/product"}],"wp:featuredmedia":[{"embeddable":true,"href":"https:\/\/www.haideclean.com\/fr\/wp-json\/wp\/v2\/media\/1353"}],"wp:attachment":[{"href":"https:\/\/www.haideclean.com\/fr\/wp-json\/wp\/v2\/media?parent=1352"}],"wp:term":[{"taxonomy":"product_brand","embeddable":true,"href":"https:\/\/www.haideclean.com\/fr\/wp-json\/wp\/v2\/product_brand?post=1352"},{"taxonomy":"product_cat","embeddable":true,"href":"https:\/\/www.haideclean.com\/fr\/wp-json\/wp\/v2\/product_cat?post=1352"},{"taxonomy":"product_tag","embeddable":true,"href":"https:\/\/www.haideclean.com\/fr\/wp-json\/wp\/v2\/product_tag?post=1352"}],"curies":[{"name":"wp","href":"https:\/\/api.w.org\/{rel}","templated":true}]}}