{"id":2223,"date":"2026-01-07T14:03:18","date_gmt":"2026-01-07T06:03:18","guid":{"rendered":"https:\/\/www.haideclean.com\/?post_type=product&#038;p=2223"},"modified":"2026-03-18T11:31:48","modified_gmt":"2026-03-18T03:31:48","slug":"chd5250gqxdfe6-road-cleaning-truck","status":"publish","type":"product","link":"https:\/\/www.haideclean.com\/fr\/produit\/chd5250gqxdfe6-road-cleaning-truck\/","title":{"rendered":"CHD5250GQXDFE6 Camion de nettoyage routier"},"content":{"rendered":"<p>R\u00e9servoir en acier inoxydable standard, mettre en place un syst\u00e8me d'alarme sans eau;<\/p>\n<p>L'arri\u00e8re du v\u00e9hicule est \u00e9quip\u00e9 de signaux de fonctionnement \u00e9metteurs de lumi\u00e8re;<\/p>\n<p>Deux ensembles de syst\u00e8mes de voies navigables ind\u00e9pendants \u00e0 haute et basse pression;<\/p>\n<p><strong><b>Syst\u00e8me de voies navigables \u00e0 haute pression<\/b><b>Pour:<\/b><\/strong><\/p>\n<p>Protection d'alarme de vitesse de pompe \u00e0 eau \u00e0 haute pression;<\/p>\n<p>Syst\u00e8me de commande a\u00e9rodynamique de fonctionnement int\u00e9rieur de la vanne d'eau \u00e0 haute pression;<\/p>\n<p>S\u00e9curit\u00e9 - \u00e9vitant et contr\u00f4le pneumatique des dispositifs de rin\u00e7age \u00e0 haute pression \u00e0 gauche et \u00e0 droite \u00e0 l'avant, la largeur de nettoyage augmente \u00e0 3,5 m\u00e8tres;<\/p>\n<p>Il y a un dispositif de pulv\u00e9risation derri\u00e8re le v\u00e9hicule pour r\u00e9gler la temp\u00e9rature de l'air;<\/p>\n<p>L'avant du v\u00e9hicule est \u00e9quip\u00e9 d'une buse haute pression gauche et droite pour le rin\u00e7age lat\u00e9ral \u00e0 haute tension;<\/p>\n<p><strong><b>Syst\u00e8me de voies navigables \u00e0 basse pression<\/b><b>Pour:<\/b><\/strong><\/p>\n<p>Toutes les op\u00e9rations dans la cabine, compl\u00e9ter toutes les op\u00e9rations en un clic;<\/p>\n<p>Avec des buses de pulv\u00e9risation en forme de colonne multi-courbes et des op\u00e9rations de lavage lat\u00e9ral, vous pouvez ajuster arbitrairement l'angle de rin\u00e7age et la largeur de rin\u00e7age est sup\u00e9rieure \u00e0 24 m. Une buse de style paume de canard et une buse cylindrique sont fournies avec la largeur du sprinkler de plus de 16m.<\/p>\n<p>La plateforme de travail arri\u00e8re utilise un pistolet \u00e0 eau r\u00e9glable \u00e0 longue port\u00e9e (colonne ou brouillard);<\/p>\n<p>Avec la fonction auto-absorbante, utilisez la pompe \u00e0 eau sur la voiture pour absorber l'eau dans le r\u00e9servoir;<\/p>\n<p>Il y a un circuit auto-circulant dans le syst\u00e8me des voies navigables, qui peut \u00eatre utilis\u00e9 pour faire fondre les agents de fonte de la neige en hiver;<\/p>\n<p>L'arri\u00e8re du v\u00e9hicule est \u00e9quip\u00e9 d'une interface d'incendie \u00e0 pression de conduite d'eau pour les conduites d'eau afin de faciliter la connexion de la conduite d'eau \u00e0 distance;<\/p>\n<p><img fetchpriority=\"high\" decoding=\"async\" class=\"alignnone size-medium wp-image-2469\" src=\"https:\/\/www.haideclean.com\/wp-content\/uploads\/2025\/12\/CHD5180GQXDFE6-Road-Cleaning-Truck-1-300x200.jpg\" alt=\"\" width=\"300\" height=\"200\" srcset=\"https:\/\/www.haideclean.com\/wp-content\/uploads\/2025\/12\/CHD5180GQXDFE6-Road-Cleaning-Truck-1-300x200.jpg 300w, https:\/\/www.haideclean.com\/wp-content\/uploads\/2025\/12\/CHD5180GQXDFE6-Road-Cleaning-Truck-1-768x512.jpg 768w, https:\/\/www.haideclean.com\/wp-content\/uploads\/2025\/12\/CHD5180GQXDFE6-Road-Cleaning-Truck-1-600x400.jpg 600w, https:\/\/www.haideclean.com\/wp-content\/uploads\/2025\/12\/CHD5180GQXDFE6-Road-Cleaning-Truck-1.jpg 1004w\" sizes=\"(max-width: 300px) 100vw, 300px\" \/><\/p>\n<p><img decoding=\"async\" class=\"alignnone size-medium wp-image-2470\" src=\"https:\/\/www.haideclean.com\/wp-content\/uploads\/2025\/12\/CHD5180GQXDFE6-Road-Cleaning-Truck2-1-300x229.jpg\" alt=\"\" width=\"300\" height=\"229\" srcset=\"https:\/\/www.haideclean.com\/wp-content\/uploads\/2025\/12\/CHD5180GQXDFE6-Road-Cleaning-Truck2-1-300x229.jpg 300w, https:\/\/www.haideclean.com\/wp-content\/uploads\/2025\/12\/CHD5180GQXDFE6-Road-Cleaning-Truck2-1-600x457.jpg 600w, https:\/\/www.haideclean.com\/wp-content\/uploads\/2025\/12\/CHD5180GQXDFE6-Road-Cleaning-Truck2-1.jpg 718w\" sizes=\"(max-width: 300px) 100vw, 300px\" \/><\/p>\n<p>Dispositif de rin\u00e7age avant<\/p>\n<p><img decoding=\"async\" class=\"alignnone size-medium wp-image-2471\" src=\"https:\/\/www.haideclean.com\/wp-content\/uploads\/2025\/12\/CHD5180GQXDFE6-Road-Cleaning-Truck3-300x200.jpg\" alt=\"\" width=\"300\" height=\"200\" srcset=\"https:\/\/www.haideclean.com\/wp-content\/uploads\/2025\/12\/CHD5180GQXDFE6-Road-Cleaning-Truck3-300x200.jpg 300w, https:\/\/www.haideclean.com\/wp-content\/uploads\/2025\/12\/CHD5180GQXDFE6-Road-Cleaning-Truck3-768x513.jpg 768w, https:\/\/www.haideclean.com\/wp-content\/uploads\/2025\/12\/CHD5180GQXDFE6-Road-Cleaning-Truck3-600x400.jpg 600w, https:\/\/www.haideclean.com\/wp-content\/uploads\/2025\/12\/CHD5180GQXDFE6-Road-Cleaning-Truck3.jpg 866w\" sizes=\"(max-width: 300px) 100vw, 300px\" \/><\/p>\n<p>Grand d\u00e9bit buse<\/p>\n<p><img loading=\"lazy\" decoding=\"async\" class=\"alignnone size-medium wp-image-2472\" src=\"https:\/\/www.haideclean.com\/wp-content\/uploads\/2025\/12\/CHD5180GQXDFE6-Road-Cleaning-Truck4-300x200.jpg\" alt=\"\" width=\"300\" height=\"200\" srcset=\"https:\/\/www.haideclean.com\/wp-content\/uploads\/2025\/12\/CHD5180GQXDFE6-Road-Cleaning-Truck4-300x200.jpg 300w, https:\/\/www.haideclean.com\/wp-content\/uploads\/2025\/12\/CHD5180GQXDFE6-Road-Cleaning-Truck4-768x512.jpg 768w, https:\/\/www.haideclean.com\/wp-content\/uploads\/2025\/12\/CHD5180GQXDFE6-Road-Cleaning-Truck4-600x400.jpg 600w, https:\/\/www.haideclean.com\/wp-content\/uploads\/2025\/12\/CHD5180GQXDFE6-Road-Cleaning-Truck4.jpg 858w\" sizes=\"(max-width: 300px) 100vw, 300px\" \/><\/p>\n<p>Dispositif de pulv\u00e9risation arri\u00e8re<\/p>\n<p><img loading=\"lazy\" decoding=\"async\" class=\"alignnone size-medium wp-image-2473\" src=\"https:\/\/www.haideclean.com\/wp-content\/uploads\/2025\/12\/CHD5180GQXDFE6-Road-Cleaning-Truck6-300x250.jpg\" alt=\"\" width=\"300\" height=\"250\" srcset=\"https:\/\/www.haideclean.com\/wp-content\/uploads\/2025\/12\/CHD5180GQXDFE6-Road-Cleaning-Truck6-300x250.jpg 300w, https:\/\/www.haideclean.com\/wp-content\/uploads\/2025\/12\/CHD5180GQXDFE6-Road-Cleaning-Truck6-600x499.jpg 600w, https:\/\/www.haideclean.com\/wp-content\/uploads\/2025\/12\/CHD5180GQXDFE6-Road-Cleaning-Truck6.jpg 721w\" sizes=\"(max-width: 300px) 100vw, 300px\" \/><\/p>\n<p>Pistolet de pulv\u00e9risation \u00e0 haute pression<\/p>\n<p><img loading=\"lazy\" decoding=\"async\" class=\"alignnone size-medium wp-image-2474\" src=\"https:\/\/www.haideclean.com\/wp-content\/uploads\/2025\/12\/CHD5180GQXDFE6-Road-Cleaning-Truck8-300x200.jpg\" alt=\"\" width=\"300\" height=\"200\" srcset=\"https:\/\/www.haideclean.com\/wp-content\/uploads\/2025\/12\/CHD5180GQXDFE6-Road-Cleaning-Truck8-300x200.jpg 300w, https:\/\/www.haideclean.com\/wp-content\/uploads\/2025\/12\/CHD5180GQXDFE6-Road-Cleaning-Truck8-768x512.jpg 768w, https:\/\/www.haideclean.com\/wp-content\/uploads\/2025\/12\/CHD5180GQXDFE6-Road-Cleaning-Truck8-600x400.jpg 600w, https:\/\/www.haideclean.com\/wp-content\/uploads\/2025\/12\/CHD5180GQXDFE6-Road-Cleaning-Truck8.jpg 927w\" sizes=\"(max-width: 300px) 100vw, 300px\" \/><\/p>\n<p>Signe d'affectation d'\u00e9clairage<\/p>\n<p><strong><b>Option :<\/b><\/strong><\/p>\n<ol>\n<li>S\u00e9lectionnez aucun dispositif de rin\u00e7age devant le v\u00e9hicule.<\/li>\n<li>S\u00e9lectionnez la buse ronde \u00e0 l'arri\u00e8re.<\/li>\n<li>\u00a0S\u00e9lectionnez l'ensemble du tube.<\/li>\n<li>\u00a0S\u00e9lectionnez les dispositifs de versement \u00e0 gauche et \u00e0 droite.<\/li>\n<li>\u00a0S\u00e9lectionnez le dispositif de versement vert en haut.<\/li>\n<li>\u00a0S\u00e9lectionnez l'indicateur d'op\u00e9ration de style fl\u00e8che.<\/li>\n<li>\u00a0S\u00e9lectionnez le logo externe du nouveau v\u00e9hicule.<\/li>\n<li>\u00a0S\u00e9lectionnez la plaque d'indicateur de fonctionnement.<\/li>\n<\/ol>\n<p><img loading=\"lazy\" decoding=\"async\" class=\"alignnone size-medium wp-image-2475\" src=\"https:\/\/www.haideclean.com\/wp-content\/uploads\/2025\/12\/CHD5180GQXDFE6-Road-Cleaning-Truck11-300x145.png\" alt=\"\" width=\"300\" height=\"145\" srcset=\"https:\/\/www.haideclean.com\/wp-content\/uploads\/2025\/12\/CHD5180GQXDFE6-Road-Cleaning-Truck11-300x145.png 300w, https:\/\/www.haideclean.com\/wp-content\/uploads\/2025\/12\/CHD5180GQXDFE6-Road-Cleaning-Truck11.png 443w\" sizes=\"(max-width: 300px) 100vw, 300px\" \/><\/p>\n<p>Buse ronde<\/p>\n<p><img loading=\"lazy\" decoding=\"async\" class=\"alignnone wp-image-2476 size-medium\" src=\"https:\/\/www.haideclean.com\/wp-content\/uploads\/2025\/12\/CHD5180GQXDFE6-Road-Cleaning-Truck14-300x234.png\" alt=\"\" width=\"300\" height=\"234\" srcset=\"https:\/\/www.haideclean.com\/wp-content\/uploads\/2025\/12\/CHD5180GQXDFE6-Road-Cleaning-Truck14-300x234.png 300w, https:\/\/www.haideclean.com\/wp-content\/uploads\/2025\/12\/CHD5180GQXDFE6-Road-Cleaning-Truck14.png 314w\" sizes=\"(max-width: 300px) 100vw, 300px\" \/><\/p>\n<p>Assemblage de tube de rouleau<\/p>\n<p><img loading=\"lazy\" decoding=\"async\" class=\"alignnone wp-image-2477 size-medium\" src=\"https:\/\/www.haideclean.com\/wp-content\/uploads\/2025\/12\/CHD5180GQXDFE6-Road-Cleaning-Truck16-300x179.jpg\" alt=\"\" width=\"300\" height=\"179\" srcset=\"https:\/\/www.haideclean.com\/wp-content\/uploads\/2025\/12\/CHD5180GQXDFE6-Road-Cleaning-Truck16-300x179.jpg 300w, https:\/\/www.haideclean.com\/wp-content\/uploads\/2025\/12\/CHD5180GQXDFE6-Road-Cleaning-Truck16-600x357.jpg 600w, https:\/\/www.haideclean.com\/wp-content\/uploads\/2025\/12\/CHD5180GQXDFE6-Road-Cleaning-Truck16.jpg 658w\" sizes=\"(max-width: 300px) 100vw, 300px\" \/><\/p>\n<p>Instructions d'utilisation de style fl\u00e8che<\/p>","protected":false},"excerpt":{"rendered":"<p>Le camion de nettoyage routier CHD5250GQXDFE6 est un v\u00e9hicule de nettoyage au gaz naturel d\u00e9velopp\u00e9 ind\u00e9pendamment d\u00e9velopp\u00e9 par Yantai Haide Special Vehicle Co., Ltd., avec d'excellentes performances et une technologie de pointe. Les composants de base utilisent des produits de marque mondiale, des performances stables et une int\u00e9gration multifonctionnelle. Il a une vari\u00e9t\u00e9 de fonctions telles que l'aspersion de trottoir, le rin\u00e7age de la route, la pulv\u00e9risation de jardin et la protection contre les incendies d'urgence.<\/p>","protected":false},"featured_media":2224,"template":"","meta":[],"product_brand":[],"product_cat":[27],"product_tag":[],"class_list":{"0":"post-2223","1":"product","2":"type-product","3":"status-publish","4":"has-post-thumbnail","6":"product_cat-cleaning-vehicles","8":"first","9":"instock","10":"shipping-taxable","11":"product-type-simple"},"_links":{"self":[{"href":"https:\/\/www.haideclean.com\/fr\/wp-json\/wp\/v2\/product\/2223","targetHints":{"allow":["GET"]}}],"collection":[{"href":"https:\/\/www.haideclean.com\/fr\/wp-json\/wp\/v2\/product"}],"about":[{"href":"https:\/\/www.haideclean.com\/fr\/wp-json\/wp\/v2\/types\/product"}],"wp:featuredmedia":[{"embeddable":true,"href":"https:\/\/www.haideclean.com\/fr\/wp-json\/wp\/v2\/media\/2224"}],"wp:attachment":[{"href":"https:\/\/www.haideclean.com\/fr\/wp-json\/wp\/v2\/media?parent=2223"}],"wp:term":[{"taxonomy":"product_brand","embeddable":true,"href":"https:\/\/www.haideclean.com\/fr\/wp-json\/wp\/v2\/product_brand?post=2223"},{"taxonomy":"product_cat","embeddable":true,"href":"https:\/\/www.haideclean.com\/fr\/wp-json\/wp\/v2\/product_cat?post=2223"},{"taxonomy":"product_tag","embeddable":true,"href":"https:\/\/www.haideclean.com\/fr\/wp-json\/wp\/v2\/product_tag?post=2223"}],"curies":[{"name":"wp","href":"https:\/\/api.w.org\/{rel}","templated":true}]}}