{"id":2226,"date":"2026-01-07T14:19:24","date_gmt":"2026-01-07T06:19:24","guid":{"rendered":"https:\/\/www.haideclean.com\/?post_type=product&#038;p=2226"},"modified":"2026-03-18T11:31:35","modified_gmt":"2026-03-18T03:31:35","slug":"chd5180gssdfe6-watering-truck","status":"publish","type":"product","link":"https:\/\/www.haideclean.com\/fr\/produit\/chd5180gssdfe6-watering-truck\/","title":{"rendered":"CHD5180GSSDFE6 camion d'arrosage"},"content":{"rendered":"<p>La structure du r\u00e9servoir est carr\u00e9e et ronde, les mat\u00e9riaux d'acier au carbone de haute qualit\u00e9 WISCO s\u00e9lectionn\u00e9s, les pompes sp\u00e9ciales, les extracteurs, les pompes, les vannes \u00e0 bille, les \u00e9crans sont des produits standard nationaux, avec d'excellentes performances, un travail fiable, une haute efficacit\u00e9, un d\u00e9bit \u00e9lev\u00e9, une maintenance facile et ainsi de suite.<\/p>\n<p>Apr\u00e8s une conception d'analyse soigneuse par analyse d'\u00e9l\u00e9ments finis, en conjonction avec la structure interne de la structure tampon de plaque anti-ondes, le corps du r\u00e9servoir utilise une grande machine \u00e0 laminer pour former un moule \u00e0 la fois, et le robot soude automatiquement un r\u00e9servoir pour former \u00e0 la fois.<\/p>\n<p>La flexion globale du pipeline est pli\u00e9e pour r\u00e9duire la surface de soudage, r\u00e9duire efficacement le risque de fuite, le pipeline n'est pas bloqu\u00e9, toute la voiture&#8217; s grande vanne de circuit, le d\u00e9bit d'eau est plus grand.<\/p>\n<p>L'apparence est pulv\u00e9ris\u00e9e avec la peinture anti-rouille multi et la peinture d\u00e9corative, et la surface int\u00e9rieure est pulv\u00e9ris\u00e9e avec la technologie anticorrosive de haute qualit\u00e9, et le r\u00e9servoir est durable. \u00c9quipement avanc\u00e9, comp\u00e9tences exquises, processus normalis\u00e9, belle apparence et excellentes performances d'\u00e9tanch\u00e9it\u00e9.<\/p>\n<p>Le produit est \u00e9quip\u00e9 de canons d'eau \u00e0 haute pression sur l'avant pr\u00e9cipitant, le sprinkler arri\u00e8re, la pulv\u00e9risation lat\u00e9rale, la pulv\u00e9risation lat\u00e9rale, la plate-forme de travail arri\u00e8re et la plate-forme (peut tourner \u00e0 360 \u00b0, et la forme de la brume d'eau peut \u00eatre ajust\u00e9e \u00e0 droite, pluie lourde, pluie moyenne, pluie l\u00e9g\u00e8re, pluie poilue; La plage maximale de la plage en forme droite est de 35 m\u00e8tres, et elle peut \u00e9galement \u00eatre ajust\u00e9e dans une plage maximale de brouillard \u2265 15 m\u00e8tres), \u00e9quip\u00e9 de pompes \u00e0 sprinkler sp\u00e9ciales de haute qualit\u00e9 de haute puissance, extraction de force de marque, filtre de d\u00e9bris, interface incendie standard national 65 (peut passer \u00e0 travers l'eau de protection contre l'incendie plug-in), 1 ensemble de syst\u00e8me de vanne auto-fonctionne (auto-aspiration, aspiration maximale de 7 m\u00e8tres), 2 tuyaux Il convient \u00e0 divers nettoyages routiers; arbres, ceintures vertes et verdure de pelouse; routes, usine et mines, construction et construction, et rin\u00e7age de b\u00e2timent \u00e0 haute altitude. Il a une vari\u00e9t\u00e9 de fonctions telles que l'aspersion, la poussi\u00e8re, la pulv\u00e9risation haute (basse), la pulv\u00e9risation de pesticides, le rin\u00e7age de la cl\u00f4ture et la protection contre les incendies d'urgence.<\/p>\n<p>B\u00e9n\u00e9diction de la technologie intelligente: syst\u00e8me de protection de la force, contr\u00f4le d'interrupteur en un clic, \u00e9liminant les dommages aux dommages \u00e0 la force; le niveau de l'eau invite le syst\u00e8me d'alarme, \u00e0 travers le capteur de niveau d'eau, surveiller le niveau d'eau interne du r\u00e9servoir, avertissement pr\u00e9coce pour emp\u00eacher la br\u00fblure sans eau et br\u00fbler la pompe; Le rappel vocal de l'armoire, l'orientation et l'utilisation dans toutes les directions, \u00e9liminant l'utilisation inappropri\u00e9e des d\u00e9butants et causant des dommages au v\u00e9hicule.<\/p>","protected":false},"excerpt":{"rendered":"<p>CHD5180GSSDFE6 est un v\u00e9hicule \u00e0 eau basse pression d\u00e9velopp\u00e9 ind\u00e9pendamment en fonction de la demande du march\u00e9. Il a d'excellentes performances et une technologie de pointe. Les principales pi\u00e8ces d'achat \u00e9trang\u00e8res utilisent des produits mondialement c\u00e9l\u00e8bres, avec une qualit\u00e9 stable et une multifonction et une int\u00e9gration. Il a une vari\u00e9t\u00e9 de fonctions telles que l'aspersion de trottoir, le rin\u00e7age de la route, la pulv\u00e9risation de jardin et la protection contre les incendies d'urgence.<\/p>","protected":false},"featured_media":2228,"template":"","meta":[],"product_brand":[],"product_cat":[27],"product_tag":[],"class_list":{"0":"post-2226","1":"product","2":"type-product","3":"status-publish","4":"has-post-thumbnail","6":"product_cat-cleaning-vehicles","8":"first","9":"instock","10":"shipping-taxable","11":"product-type-simple"},"_links":{"self":[{"href":"https:\/\/www.haideclean.com\/fr\/wp-json\/wp\/v2\/product\/2226","targetHints":{"allow":["GET"]}}],"collection":[{"href":"https:\/\/www.haideclean.com\/fr\/wp-json\/wp\/v2\/product"}],"about":[{"href":"https:\/\/www.haideclean.com\/fr\/wp-json\/wp\/v2\/types\/product"}],"wp:featuredmedia":[{"embeddable":true,"href":"https:\/\/www.haideclean.com\/fr\/wp-json\/wp\/v2\/media\/2228"}],"wp:attachment":[{"href":"https:\/\/www.haideclean.com\/fr\/wp-json\/wp\/v2\/media?parent=2226"}],"wp:term":[{"taxonomy":"product_brand","embeddable":true,"href":"https:\/\/www.haideclean.com\/fr\/wp-json\/wp\/v2\/product_brand?post=2226"},{"taxonomy":"product_cat","embeddable":true,"href":"https:\/\/www.haideclean.com\/fr\/wp-json\/wp\/v2\/product_cat?post=2226"},{"taxonomy":"product_tag","embeddable":true,"href":"https:\/\/www.haideclean.com\/fr\/wp-json\/wp\/v2\/product_tag?post=2226"}],"curies":[{"name":"wp","href":"https:\/\/api.w.org\/{rel}","templated":true}]}}