{"id":2229,"date":"2026-01-07T14:43:05","date_gmt":"2026-01-07T06:43:05","guid":{"rendered":"https:\/\/www.haideclean.com\/?post_type=product&#038;p=2229"},"modified":"2026-04-09T15:32:48","modified_gmt":"2026-04-09T07:32:48","slug":"chd5070tslqle6-road-sweeper-truck","status":"publish","type":"product","link":"https:\/\/www.haideclean.com\/fr\/produit\/chd5070tslqle6-road-sweeper-truck\/","title":{"rendered":"CHD5070TSLQLE6 Camion balayeur routier"},"content":{"rendered":"<p>1.Embrayage centrifuge auto-augmentant d\u00e9velopp\u00e9 ind\u00e9pendamment: Afin d'atteindre le d\u00e9marrage sans charge du moteur, un embrayage centrifuge auto-augmentant d\u00e9velopp\u00e9 est install\u00e9. Compar\u00e9 aux embrayages centrifuges traditionnels, ce type d'embrayage centrifuge a un engagement lisse, n'est pas sujette au glissement, \u00e0 une usure minimale et \u00e0 une dur\u00e9e de vie plus longue.<\/p>\n<p><img fetchpriority=\"high\" decoding=\"async\" class=\"alignnone wp-image-2236 size-full\" src=\"https:\/\/www.haideclean.com\/wp-content\/uploads\/2026\/01\/Performance-characteristics1.jpg\" alt=\"\" width=\"800\" height=\"600\" srcset=\"https:\/\/www.haideclean.com\/wp-content\/uploads\/2026\/01\/Performance-characteristics1.jpg 800w, https:\/\/www.haideclean.com\/wp-content\/uploads\/2026\/01\/Performance-characteristics1-300x225.jpg 300w, https:\/\/www.haideclean.com\/wp-content\/uploads\/2026\/01\/Performance-characteristics1-768x576.jpg 768w, https:\/\/www.haideclean.com\/wp-content\/uploads\/2026\/01\/Performance-characteristics1-600x450.jpg 600w\" sizes=\"(max-width: 800px) 100vw, 800px\" \/><\/p>\n<p>2.Le groupe de vannes hydrauliques ros\u00e9es a des performances plus stables: Pour assurer la stabilit\u00e9 et la fiabilit\u00e9 de l'ensemble du v\u00e9hicule &#8217; s syst\u00e8me hydraulique, le groupe de vanne hydraulique utilis\u00e9 dans le v\u00e9hicule est une vanne hydraulique plug-in, qui a les avantages de structure compacte, poids l\u00e9ger, fonction puissante, fiabilit\u00e9 \u00e9lev\u00e9e et entretien facile.<\/p>\n<p>3.La vitesse de la brosse de balayage adopte un r\u00e9glage sans pas: en raison de diff\u00e9rentes conditions routi\u00e8res et de la distribution des ordures, la brosse de balayage doit utiliser diff\u00e9rentes vitesses de travail pour obtenir des r\u00e9sultats d'exploitation id\u00e9aux. Le r\u00e9glage de la brosse de balayage de ce v\u00e9hicule est r\u00e9alis\u00e9 en r\u00e9glant le bouton de r\u00e9glage sur la bo\u00eete de commande \u00e9lectrique pour contr\u00f4ler le courant de la bobine sur le groupe de vannes, et obtenir le changement du d\u00e9placement du groupe de vannes, r\u00e9alisant un r\u00e9glage sans pas du disque de brosse de balayage.<\/p>\n<p>4.All joints de manchon de tuyauterie hydraulique sont form\u00e9s en un seul aller par une machine de formation d'extr\u00e9mit\u00e9 de tuyauterie: les machines de formation d'extr\u00e9mit\u00e9 de tuyauterie couramment utilis\u00e9es en Europe et en Am\u00e9rique sont utilis\u00e9es pour les tuyauteries hydrauliques. Toutes les extr\u00e9mit\u00e9s des tuyaux en acier sont form\u00e9es en une seule fois par pressage et sont \u00e9quip\u00e9es d'anneaux d'\u00e9tanch\u00e9it\u00e9 sp\u00e9ciaux pour r\u00e9sister au tirage, sans fuite dans le tuyau.<\/p>\n<p>5.Dispositif de filtre d'air \u00e0 deux \u00e9tapes: adopte un filtre d'air de bain d'huile de filtre d'air \u00e0 double couche, assurant la qualit\u00e9 d'admission du moteur et maximisant la dur\u00e9e de vie du moteur.<\/p>\n<p>6.The dumping angle of the garbage container is as high as 60\u00b0: Due to the sticky nature of the garbage collected by the road sweeper, it is difficult to remove it directly. In order to maximize the unloading angle of the vehicle, the water tank of the vehicle is designed at the bottom of the garbage container, with a volume of up to 1100L. This allows the bottom plate of the garbage container to have a pre inclination angle of more than 10 degrees, and the unloading angle of the garbage container reach more than 60 degrees.<\/p>\n<p><img decoding=\"async\" class=\"alignnone wp-image-2237 size-full\" src=\"https:\/\/www.haideclean.com\/wp-content\/uploads\/2026\/01\/Performance-characteristics2.jpg\" alt=\"\" width=\"800\" height=\"600\" srcset=\"https:\/\/www.haideclean.com\/wp-content\/uploads\/2026\/01\/Performance-characteristics2.jpg 800w, https:\/\/www.haideclean.com\/wp-content\/uploads\/2026\/01\/Performance-characteristics2-300x225.jpg 300w, https:\/\/www.haideclean.com\/wp-content\/uploads\/2026\/01\/Performance-characteristics2-768x576.jpg 768w, https:\/\/www.haideclean.com\/wp-content\/uploads\/2026\/01\/Performance-characteristics2-600x450.jpg 600w\" sizes=\"(max-width: 800px) 100vw, 800px\" \/><\/p>\n<p>7.Un \u00e9cran de filtre de grande surface est install\u00e9 en haut du corps: Afin de minimiser la diminution de la capacit\u00e9 d'aspiration caus\u00e9e par le blocage du flux d'air, le v\u00e9hicule est \u00e9quip\u00e9 d'un \u00e9cran de filtre en acier inoxydable de grande surface en haut du conteneur \u00e0 ordures, qui est utilis\u00e9 pour bloquer et filtrer les ordures de grand et petit volume dans le flux d'air. Une rainure de guidage est \u00e9galement install\u00e9e en haut de la bo\u00eete pour am\u00e9liorer l'effet de r\u00e9duction de la poussi\u00e8re, faire monter les ordures de mani\u00e8re uniforme et augmenter la capacit\u00e9 effective.<\/p>\n<p><img decoding=\"async\" class=\"alignnone wp-image-2238 size-full\" src=\"https:\/\/www.haideclean.com\/wp-content\/uploads\/2026\/01\/Performance-characteristics3.jpg\" alt=\"\" width=\"800\" height=\"600\" srcset=\"https:\/\/www.haideclean.com\/wp-content\/uploads\/2026\/01\/Performance-characteristics3.jpg 800w, https:\/\/www.haideclean.com\/wp-content\/uploads\/2026\/01\/Performance-characteristics3-300x225.jpg 300w, https:\/\/www.haideclean.com\/wp-content\/uploads\/2026\/01\/Performance-characteristics3-768x576.jpg 768w, https:\/\/www.haideclean.com\/wp-content\/uploads\/2026\/01\/Performance-characteristics3-600x450.jpg 600w\" sizes=\"(max-width: 800px) 100vw, 800px\" \/><\/p>\n<p>Le syst\u00e8me de levage d'urgence de la pompe \u00e0 main fournit une commodit\u00e9 pour l'entretien d'urgence du v\u00e9hicule: La fonction de levage d'urgence de la pompe \u00e0 main peut non seulement contr\u00f4ler le levage de la bo\u00eete lorsque le moteur auxiliaire \u00e9choue et ne peut pas \u00eatre d\u00e9marr\u00e9, mais peut \u00e9galement soulever d'urgence les brosses et les ports d'aspiration pour faciliter le d\u00e9placement des v\u00e9hicules ou l'entretien.<\/p>\n<p><img loading=\"lazy\" decoding=\"async\" class=\"alignnone wp-image-2239 size-full\" src=\"https:\/\/www.haideclean.com\/wp-content\/uploads\/2026\/01\/Performance-characteristics4.jpg\" alt=\"\" width=\"800\" height=\"600\" srcset=\"https:\/\/www.haideclean.com\/wp-content\/uploads\/2026\/01\/Performance-characteristics4.jpg 800w, https:\/\/www.haideclean.com\/wp-content\/uploads\/2026\/01\/Performance-characteristics4-300x225.jpg 300w, https:\/\/www.haideclean.com\/wp-content\/uploads\/2026\/01\/Performance-characteristics4-768x576.jpg 768w, https:\/\/www.haideclean.com\/wp-content\/uploads\/2026\/01\/Performance-characteristics4-600x450.jpg 600w\" sizes=\"(max-width: 800px) 100vw, 800px\" \/><\/p>\n<p>9.Equip\u00e9 d'un dispositif de surveillance de t\u00e9l\u00e9vision couleur avanc\u00e9: Afin de faciliter l'observation opportune du v\u00e9hicule; \u00e9tat de fonctionnement, les sondes d'observation sont install\u00e9es sur les c\u00f4t\u00e9s arri\u00e8re et droit du v\u00e9hicule, et le fonctionnement et la conversion de la cam\u00e9ra sont extr\u00eamement pratiques, ce qui peut fournir en temps opportun la qualit\u00e9 d'op\u00e9ration de nettoyage et la fonction d'image arri\u00e8re du v\u00e9hicule pour les op\u00e9rateurs.<\/p>\n<p><img loading=\"lazy\" decoding=\"async\" class=\"alignnone wp-image-2240 size-full\" src=\"https:\/\/www.haideclean.com\/wp-content\/uploads\/2026\/01\/Performance-characteristics5.jpg\" alt=\"\" width=\"800\" height=\"600\" srcset=\"https:\/\/www.haideclean.com\/wp-content\/uploads\/2026\/01\/Performance-characteristics5.jpg 800w, https:\/\/www.haideclean.com\/wp-content\/uploads\/2026\/01\/Performance-characteristics5-300x225.jpg 300w, https:\/\/www.haideclean.com\/wp-content\/uploads\/2026\/01\/Performance-characteristics5-768x576.jpg 768w, https:\/\/www.haideclean.com\/wp-content\/uploads\/2026\/01\/Performance-characteristics5-600x450.jpg 600w\" sizes=\"(max-width: 800px) 100vw, 800px\" \/><\/p>\n<p>10.Le cadre de s\u00e9curit\u00e9 est \u00e9quip\u00e9 d'un interrupteur de proximit\u00e9: Afin d'\u00e9viter d'oublier d'abaisser le corps de s\u00e9curit\u00e9 et de causer des dommages \u00e0 la bo\u00eete et au cadre, un interrupteur de proximit\u00e9 est sp\u00e9cialement install\u00e9.<\/p>\n<p><img loading=\"lazy\" decoding=\"async\" class=\"alignnone wp-image-2241 size-full\" src=\"https:\/\/www.haideclean.com\/wp-content\/uploads\/2026\/01\/Performance-characteristics6.jpg\" alt=\"\" width=\"800\" height=\"600\" srcset=\"https:\/\/www.haideclean.com\/wp-content\/uploads\/2026\/01\/Performance-characteristics6.jpg 800w, https:\/\/www.haideclean.com\/wp-content\/uploads\/2026\/01\/Performance-characteristics6-300x225.jpg 300w, https:\/\/www.haideclean.com\/wp-content\/uploads\/2026\/01\/Performance-characteristics6-768x576.jpg 768w, https:\/\/www.haideclean.com\/wp-content\/uploads\/2026\/01\/Performance-characteristics6-600x450.jpg 600w\" sizes=\"(max-width: 800px) 100vw, 800px\" \/><\/p>\n<p>La ventouse enti\u00e8rement flottante adopte une structure de connexion: la ventouse adopte une connexion enti\u00e8rement flottante et un m\u00e9canisme d'\u00e9quilibre unique, qui peut s'ajuster automatiquement en fonction de la hauteur du sol pour s'assurer que l'\u00e9cart entre la ventouse et la route reste inchang\u00e9, de sorte que le v\u00e9hicule maintient toujours un bon effet de travail.<\/p>\n<p><img loading=\"lazy\" decoding=\"async\" class=\"alignnone wp-image-2243 size-full\" src=\"https:\/\/www.haideclean.com\/wp-content\/uploads\/2026\/01\/Performance-characteristics8.jpg\" alt=\"\" width=\"800\" height=\"600\" srcset=\"https:\/\/www.haideclean.com\/wp-content\/uploads\/2026\/01\/Performance-characteristics8.jpg 800w, https:\/\/www.haideclean.com\/wp-content\/uploads\/2026\/01\/Performance-characteristics8-300x225.jpg 300w, https:\/\/www.haideclean.com\/wp-content\/uploads\/2026\/01\/Performance-characteristics8-768x576.jpg 768w, https:\/\/www.haideclean.com\/wp-content\/uploads\/2026\/01\/Performance-characteristics8-600x450.jpg 600w\" sizes=\"(max-width: 800px) 100vw, 800px\" \/><\/p>\n<p>La pompe \u00e0 eau vortex efficace offre une garantie pour le nettoyage et la r\u00e9duction de la poussi\u00e8re: la pulv\u00e9risation efficace et la r\u00e9duction de la poussi\u00e8re est une condition n\u00e9cessaire pour le nettoyage de la route. En plus d'avoir les brosses n\u00e9cessaires, les ports d'aspiration et les tuyaux d'aspiration pour la r\u00e9duction de la poussi\u00e8re, ce v\u00e9hicule sert \u00e9galement de buse d'auto\u00e9coulement pour nettoyer et compresser la poussi\u00e8re dans les zones \u00e0 forte teneur en poussi\u00e8re. Cette buse n'est ouverte que lorsque la poussi\u00e8re est grave pour augmenter la quantit\u00e9 d'eau pulv\u00e9ris\u00e9e par le tuyau d'aspiration, am\u00e9liorer l'effet de r\u00e9duction de la poussi\u00e8re et \u00e9viter l'obstruction du tuyau d'aspiration.<\/p>\n<p><img loading=\"lazy\" decoding=\"async\" class=\"alignnone wp-image-2242 size-full\" src=\"https:\/\/www.haideclean.com\/wp-content\/uploads\/2026\/01\/Performance-characteristics7.jpg\" alt=\"\" width=\"800\" height=\"600\" srcset=\"https:\/\/www.haideclean.com\/wp-content\/uploads\/2026\/01\/Performance-characteristics7.jpg 800w, https:\/\/www.haideclean.com\/wp-content\/uploads\/2026\/01\/Performance-characteristics7-300x225.jpg 300w, https:\/\/www.haideclean.com\/wp-content\/uploads\/2026\/01\/Performance-characteristics7-768x576.jpg 768w, https:\/\/www.haideclean.com\/wp-content\/uploads\/2026\/01\/Performance-characteristics7-600x450.jpg 600w\" sizes=\"(max-width: 800px) 100vw, 800px\" \/><\/p>\n<p>13. les ventilateurs d'aspiration efficaces et \u00e0 faible bruit fournissent des capacit\u00e9s d'aspiration puissantes pour les op\u00e9rations des v\u00e9hicules: les ventilateurs d'aspiration \u00e0 haut rendement et \u00e0 faible bruit sp\u00e9cialement con\u00e7us sont utilis\u00e9s pour fournir des capacit\u00e9s d'aspiration fortes aux v\u00e9hicules pour obtenir de meilleurs r\u00e9sultats op\u00e9rationnels. Ils peuvent r\u00e9aliser un nettoyage d'aspiration unique des ordures communes, de la boue et des petites pierres sur la surface de la route.<\/p>\n<p><img loading=\"lazy\" decoding=\"async\" class=\"alignnone wp-image-2244 size-full\" src=\"https:\/\/www.haideclean.com\/wp-content\/uploads\/2026\/01\/Performance-characteristics9.jpg\" alt=\"\" width=\"800\" height=\"600\" srcset=\"https:\/\/www.haideclean.com\/wp-content\/uploads\/2026\/01\/Performance-characteristics9.jpg 800w, https:\/\/www.haideclean.com\/wp-content\/uploads\/2026\/01\/Performance-characteristics9-300x225.jpg 300w, https:\/\/www.haideclean.com\/wp-content\/uploads\/2026\/01\/Performance-characteristics9-768x576.jpg 768w, https:\/\/www.haideclean.com\/wp-content\/uploads\/2026\/01\/Performance-characteristics9-600x450.jpg 600w\" sizes=\"(max-width: 800px) 100vw, 800px\" \/><\/p>\n<p>14.Le dispositif de refroidissement d'huile hydraulique fournit le refroidissement des v\u00e9hicules pendant les op\u00e9rations chaudes d'\u00e9t\u00e9: Comme la temp\u00e9rature de l'huile hydraulique d\u00e9passe 70 \u00b0 C pendant les op\u00e9rations chaudes d'\u00e9t\u00e9, la viscosit\u00e9 de l'huile hydraulique diminuera et elle peut \u00e9galement endommager les joints hydrauliques. Par cons\u00e9quent, le v\u00e9hicule est \u00e9quip\u00e9 d'un dispositif de refroidissement d'huile hydraulique, qui refroidit et refroidit l'huile hydraulique \u00e0 travers le flux d'eau dans le r\u00e9servoir \u00e0 poussi\u00e8res pour s'assurer que le v\u00e9hicule fonctionne normalement en \u00e9t\u00e9 chaud.<\/p>\n<p><img loading=\"lazy\" decoding=\"async\" class=\"alignnone wp-image-2245 size-full\" src=\"https:\/\/www.haideclean.com\/wp-content\/uploads\/2026\/01\/Performance-characteristics10.jpg\" alt=\"\" width=\"800\" height=\"600\" srcset=\"https:\/\/www.haideclean.com\/wp-content\/uploads\/2026\/01\/Performance-characteristics10.jpg 800w, https:\/\/www.haideclean.com\/wp-content\/uploads\/2026\/01\/Performance-characteristics10-300x225.jpg 300w, https:\/\/www.haideclean.com\/wp-content\/uploads\/2026\/01\/Performance-characteristics10-768x576.jpg 768w, https:\/\/www.haideclean.com\/wp-content\/uploads\/2026\/01\/Performance-characteristics10-600x450.jpg 600w\" sizes=\"(max-width: 800px) 100vw, 800px\" \/><\/p>\n<p>15.Le moteur d'entra\u00eenement de brosse est choisi parmi des moteurs cyclo\u00efdales de haute qualit\u00e9 et efficaces: les moteurs d'entra\u00eenement pour chaque disque de brosse de nettoyage sont des moteurs d'entra\u00eenement cyclo\u00efdales de haute qualit\u00e9, qui ont une efficacit\u00e9 de transmission \u00e9lev\u00e9e et une longue dur\u00e9e de vie.<\/p>\n<p>Les disques de brosse de nettoyage avant gauche et droit ont une fonction de protection automatique contre les obstacles et une fonction de r\u00e9initialisation automatique: lorsque le disque de balayage rencontre des obstacles, il peut se r\u00e9tracter automatiquement pour \u00e9viter et r\u00e9initialiser, r\u00e9solvant efficacement le probl\u00e8me des dommages faciles au dispositif de nettoyage.<\/p>\n<p>Les brosses avant gauche et droite peuvent \u00eatre ind\u00e9pendantes ou li\u00e9es: permettant au v\u00e9hicule d'utiliser s\u00e9lectivement les brosses avant droite ou gauche pendant le fonctionnement, permettant au m\u00e9canisme de travail du c\u00f4t\u00e9 de la voie rapide de ne pas s'\u00e9tendre au-del\u00e0 de la carrosserie du v\u00e9hicule lors de la s\u00e9lection de la brosse gauche. Cela r\u00e9duit non seulement la largeur de l'occupation routi\u00e8re, am\u00e9liore la s\u00e9curit\u00e9 des v\u00e9hicules de travail et de passage, mais r\u00e9duit \u00e9galement l'usure des brosses, r\u00e9duisant les co\u00fbts d'exploitation.<\/p>\n<p>18.Pour r\u00e9duire au minimum le bruit g\u00e9n\u00e9r\u00e9 pendant le fonctionnement du v\u00e9hicule, des mat\u00e9riaux acoustiques sp\u00e9ciaux sont ajout\u00e9s au compartiment \u00e9lectrique du v\u00e9hicule.<\/p>\n<p>19.Ce v\u00e9hicule peut \u00eatre \u00e9quip\u00e9 d'une pelle \u00e0 neige de 2,2 m\u00e8tres.<\/p>\n<p><strong>Option<\/strong><\/p>\n<ol>\n<li>Tube d'aspiration porte arri\u00e8re<\/li>\n<li>Dispositif aimant avant<\/li>\n<li>Dispositif de pulv\u00e9risation d'eau avant<\/li>\n<\/ol>","protected":false},"excerpt":{"rendered":"<p>Le camion balayeur CHD5070TSLQLE6 est un v\u00e9hicule de balayage et de balayage modifi\u00e9 de type balayage et aspiration pour l'\u00e9limination de la poussi\u00e8re par pulv\u00e9risation d'eau bas\u00e9 sur le ch\u00e2ssis QL1070BUHACY Euro VI Automobile produit par Qingling Automobile Co., Ltd., \u00e9quip\u00e9 d'un dispositif de fonctionnement d\u00e9di\u00e9 avec un moteur secondaire comme puissance de fonctionnement.<\/p>","protected":false},"featured_media":2246,"template":"","meta":[],"product_brand":[],"product_cat":[15],"product_tag":[],"class_list":{"0":"post-2229","1":"product","2":"type-product","3":"status-publish","4":"has-post-thumbnail","6":"product_cat-road-sweeping","8":"first","9":"instock","10":"shipping-taxable","11":"product-type-simple"},"_links":{"self":[{"href":"https:\/\/www.haideclean.com\/fr\/wp-json\/wp\/v2\/product\/2229","targetHints":{"allow":["GET"]}}],"collection":[{"href":"https:\/\/www.haideclean.com\/fr\/wp-json\/wp\/v2\/product"}],"about":[{"href":"https:\/\/www.haideclean.com\/fr\/wp-json\/wp\/v2\/types\/product"}],"wp:featuredmedia":[{"embeddable":true,"href":"https:\/\/www.haideclean.com\/fr\/wp-json\/wp\/v2\/media\/2246"}],"wp:attachment":[{"href":"https:\/\/www.haideclean.com\/fr\/wp-json\/wp\/v2\/media?parent=2229"}],"wp:term":[{"taxonomy":"product_brand","embeddable":true,"href":"https:\/\/www.haideclean.com\/fr\/wp-json\/wp\/v2\/product_brand?post=2229"},{"taxonomy":"product_cat","embeddable":true,"href":"https:\/\/www.haideclean.com\/fr\/wp-json\/wp\/v2\/product_cat?post=2229"},{"taxonomy":"product_tag","embeddable":true,"href":"https:\/\/www.haideclean.com\/fr\/wp-json\/wp\/v2\/product_tag?post=2229"}],"curies":[{"name":"wp","href":"https:\/\/api.w.org\/{rel}","templated":true}]}}