{"id":2230,"date":"2026-01-07T14:56:16","date_gmt":"2026-01-07T06:56:16","guid":{"rendered":"https:\/\/www.haideclean.com\/?post_type=product&#038;p=2230"},"modified":"2026-04-09T15:10:39","modified_gmt":"2026-04-09T07:10:39","slug":"chd5110tslqle6-road-sweeper-truck","status":"publish","type":"product","link":"https:\/\/www.haideclean.com\/fr\/produit\/chd5110tslqle6-road-sweeper-truck\/","title":{"rendered":"CHD5110TSLQLE6 Camion balayeur routier"},"content":{"rendered":"<p>1. groupe de vanne hydraulique \u00e0 cartouche filet\u00e9e a des performances plus stables: afin d'assurer la stabilit\u00e9 et la fiabilit\u00e9 du syst\u00e8me hydraulique de l'ensemble du v\u00e9hicule, le groupe de vanne hydraulique adopt\u00e9 par le v\u00e9hicule est une vanne hydraulique \u00e0 cartouche, qui a les avantages de structure compacte, poids l\u00e9ger, fonction puissante, fiabilit\u00e9 \u00e9lev\u00e9e, entretien facile, et ainsi de suite.<\/p>\n<p>2.La vitesse de la brosse de balayage adopte un r\u00e9glage sans pas : en raison de diff\u00e9rentes conditions routi\u00e8res et de la distribution des ordures, la brosse de balayage a besoin de vitesses de travail diff\u00e9rentes pour obtenir un effet de travail plus id\u00e9al, le r\u00e9glage de la brosse de balayage de ce v\u00e9hicule est adopt\u00e9 en ajustant le bouton de r\u00e9glage sur la bo\u00eete de commande \u00e9lectronique pour r\u00e9aliser la taille du courant des bobines de commande sur le groupe de vanne et obtenir le changement du d\u00e9placement du groupe de vanne, afin d'obtenir l'ajustement sans pas du disque de brosse de balayage.<\/p>\n<p>Les raccords de tuyaux 3.Hydraulic sont tous form\u00e9s par la machine de moulage d'extr\u00e9mit\u00e9 de tuyau en une seule fois: la machine de moulage d'extr\u00e9mit\u00e9 de tuyau couramment utilis\u00e9e en Europe et aux \u00c9tats-Unis pour les tuyaux hydrauliques est s\u00e9lectionn\u00e9e, et toutes les extr\u00e9mit\u00e9s de tuyaux de tubes en acier sont press\u00e9es et moul\u00e9es en une seule fois et \u00e9quip\u00e9es d'\u00e9tanch\u00e9it\u00e9s sp\u00e9ciales pour r\u00e9sister au tirage, de sorte qu'il n'y a pas de fuite dans les tuyaux.<\/p>\n<p>4.Sub-moteur trois dispositif de filtration d'air: adopte filtre d'air \u00e0 double couche filtre d'huile bain filtre d'air cyclone filtre primaire pour assurer la qualit\u00e9 du moteur&#8217; s admission d'air et maximiser la dur\u00e9e de vie du moteur.<\/p>\n<p>5.L'angle de d\u00e9versement du r\u00e9servoir \u00e0 ordures est jusqu'\u00e0 53 degr\u00e9s: Parce que les ordures du balayeur routier sont principalement des ordures visqueuses, il est difficile d'enlever directement, afin de maximiser l'angle de d\u00e9chargement du v\u00e9hicule, le r\u00e9servoir \u00e0 eau du v\u00e9hicule est con\u00e7u au fond du r\u00e9servoir \u00e0 ordures et le volume du r\u00e9servoir \u00e0 eau est aussi \u00e9lev\u00e9 que 2 000 L, ce qui rend le r\u00e9servoir \u00e0 ordures &#8217; La plaque de fond a un angle de pr\u00e9-d\u00e9versement de 11 degr\u00e9s, et l'angle de d\u00e9chargement des ordures est aussi \u00e9lev\u00e9 que 53 degr\u00e9s ou plus.<\/p>\n<p>6.Filtre de grande surface sur le haut du corps: Afin de maximiser la diminution de la capacit\u00e9 d'aspiration due au blocage du flux d'air, le v\u00e9hicule est \u00e9quip\u00e9 d'un filet de filtre en acier inoxydable de grande surface sur le haut du r\u00e9servoir \u00e0 ordures, qui est utilis\u00e9 pour bloquer et filtrer les ordures de grande et de petite taille dans le flux d'air, et une fente de d\u00e9flecteur est install\u00e9e sur le haut du corps pour am\u00e9liorer l'effet de r\u00e9duction de la poussi\u00e8re et pour faire monter uniform\u00e9ment la pile de ordures et am\u00e9liorer la capacit\u00e9 effective.<\/p>\n<p>Syst\u00e8me de levage d'urgence de pompe \u00e0 main pour l'entretien d'urgence du v\u00e9hicule pour fournir la commodit\u00e9: la fonction de levage d'urgence de pompe \u00e0 main peut \u00eatre dans la d\u00e9faillance secondaire du moteur ne peut pas d\u00e9marrer, non seulement peut contr\u00f4ler l'ascenseur de carrosserie, mais peut \u00e9galement \u00eatre sur la brosse \u00e0 balayer, bouche d'aspiration pour le levage d'urgence, afin de d\u00e9placer le v\u00e9hicule ou de faciliter son entretien.<\/p>\n<p>8.Equip\u00e9 d'un moniteur de t\u00e9l\u00e9vision couleur avanc\u00e9: afin de faciliter l'observation en temps opportun des conditions de fonctionnement du v\u00e9hicule, l'arri\u00e8re et le c\u00f4t\u00e9 droit du v\u00e9hicule sont \u00e9quip\u00e9s de sondes d'observation, la cam\u00e9ra est extr\u00eamement pratique pour le fonctionnement de la conversion et peut fournir aux op\u00e9rateurs la qualit\u00e9 de l'op\u00e9ration de balayage et l'arri\u00e8re de l'image du v\u00e9hicule en temps opportun.<\/p>\n<p>9.Interrupteur de proximit\u00e9 pour cadre de s\u00e9curit\u00e9: Un interrupteur de proximit\u00e9 est fourni pour \u00e9viter les dommages au corps et au cadre si le corps est utilis\u00e9 en oubliant de mettre la s\u00e9curit\u00e9.<\/p>\n<p>Le disque d'aspiration pleinement flottant adopte la structure de connexion: la ventouse adopte une connexion pleinement flottante et adopte un m\u00e9canisme d'\u00e9quilibrage unique, qui peut \u00eatre ajust\u00e9 automatiquement avec les diff\u00e9rentes hauteurs du sol pour s'assurer que l'\u00e9cart entre la ventouse et la surface de la route est toujours constant, de sorte que le v\u00e9hicule a toujours un bon effet de fonctionnement.<\/p>\n<p>11.Pompe \u00e0 vortex \u00e0 haute efficacit\u00e9 pour balayer la poussi\u00e8re pour fournir une garantie: la poussi\u00e8re de pulv\u00e9risation efficace est une condition n\u00e9cessaire pour balayer la route, la voiture en plus d'avoir les brosses de balayage et les bouches d'aspiration n\u00e9cessaires, la poussi\u00e8re de tuyau d'aspiration, mais \u00e9galement pour les zones sableuses et poussi\u00e9reuses balayant la pression de la poussi\u00e8re des buses auto-\u00e9coulantes, cette buse n'est que dans la poussi\u00e8re est plus grave lorsque la voie navigable est ouverte afin d'augmenter le tuyau d'aspiration de la bouche d'aspiration de la quantit\u00e9 de pulv\u00e9risation d'eau pour augmenter l'effet de la poussi\u00e8re afin d'\u00e9viter le blocage de la colle de tuyau d'aspiration.<\/p>\n<p>12.Le ventilateur d'aspiration \u00e0 haut rendement et \u00e0 faible bruit fournit une forte capacit\u00e9 d'aspiration pour le fonctionnement du v\u00e9hicule: le ventilateur d'aspiration \u00e0 haut rendement et \u00e0 faible bruit sp\u00e9cialement con\u00e7u fournit une forte capacit\u00e9 d'aspiration pour le v\u00e9hicule pour obtenir un meilleur effet d'exploitation, qui peut r\u00e9aliser que les ordures, la boue, le sable et les petites pierres communes sur la surface de la route peuvent \u00eatre aspir\u00e9es proprement \u00e0 la fois.<\/p>\n<p>Dispositif de refroidissement \u00e0 l'huile hydraulique pour le v\u00e9hicule dans l'op\u00e9ration d'\u00e9t\u00e9 chaud pour fournir le refroidissement: parce que le v\u00e9hicule dans l'op\u00e9ration d'\u00e9t\u00e9 chaud, la temp\u00e9rature de l'huile hydraulique plus de 70 \u00b0, fera que la viscosit\u00e9 de l'huile hydraulique sera r\u00e9duite, mais peut \u00e9galement causer des dommages aux joints hydrauliques, de sorte que le v\u00e9hicule est \u00e9quip\u00e9 d'un dispositif de refroidissement \u00e0 l'huile hydraulique pour s'assurer que le v\u00e9hicule dans l'\u00e9t\u00e9 chaud fonctionne comme d'habitude.<\/p>\n<p>Le moteur d'entra\u00eenement de brosse de balayage est un moteur cyclo\u00efde de haute qualit\u00e9 et \u00e0 haut rendement: le moteur d'entra\u00eenement de chaque disque de brosse de balayage est un moteur cyclo\u00efde de haute qualit\u00e9, qui a une efficacit\u00e9 de transmission \u00e9lev\u00e9e et une longue dur\u00e9e de vie.<\/p>\n<p>Disque de brosse de balayage avant gauche et droit, avec fonction de protection automatique d'\u00e9vitement d'obstacles et fonction de r\u00e9initialisation automatique: lorsque le disque de balayage rencontre des obstacles, il peut se r\u00e9tracter automatiquement pour \u00e9viter et r\u00e9initialiser automatiquement, cette fonction r\u00e9sout efficacement le probl\u00e8me de facile \u00e0 toucher le mauvais dispositif de balayage.<\/p>\n<p>La plaque de brosse avant gauche et droite peut \u00eatre ind\u00e9pendante ou reli\u00e9e: de sorte que le v\u00e9hicule dans le travail du balayage avant droit ou du balayage avant gauche puisse \u00eatre utilis\u00e9 de mani\u00e8re s\u00e9lective, de sorte que le c\u00f4t\u00e9 de la voie rapide du m\u00e9canisme de travail puisse \u00eatre dans le choix du bo\u00eetier de balayage gauche ne prolonge pas le corps du v\u00e9hicule non seulement r\u00e9duit la largeur de la route occup\u00e9e, am\u00e9liore la s\u00e9curit\u00e9 du fonctionnement et du passage du v\u00e9hicule, mais r\u00e9duit \u00e9galement l'usure de la brosse, r\u00e9duisant les co\u00fbts d'exploitation.<\/p>\n<p>Mat\u00e9riel d'amortissement du compartiment de puissance: Afin de minimiser l'agitation g\u00e9n\u00e9r\u00e9e lorsque le v\u00e9hicule est en fonctionnement, le v\u00e9hicule a un mat\u00e9riau d'amortissement sp\u00e9cial fix\u00e9 au compartiment de puissance.<\/p>\n<p>18. Les cylindres de levage sont \u00e9quip\u00e9s de serrures hydrauliques sp\u00e9ciales: les serrures hydrauliques sp\u00e9ciales d\u00e9velopp\u00e9es conjointement avec des fabricants c\u00e9l\u00e8bres peuvent r\u00e9aliser les fonctions de synchronisation de levage, descente lisse et auto-verrouillage.<\/p>\n<p><strong>Option<\/strong><\/p>\n<ol>\n<li>Tuyau d'aspiration porte arri\u00e8re<\/li>\n<li>Dispositif aimant avant<\/li>\n<li>Dispositif de jets d'eau avant<\/li>\n<li>Pele \u00e0 neige<\/li>\n<\/ol>","protected":false},"excerpt":{"rendered":"<p>Le camion balayeur routier CHD5110TSLQLE6 est un balayeur routier de r\u00e9duction de poussi\u00e8re de type humide d'op\u00e9ration de balayage et d'aspiration modifi\u00e9 sur la base du ch\u00e2ssis QL1110ANLACY produit par Qingling Automobile Co.Ltd.<\/p>","protected":false},"featured_media":2252,"template":"","meta":[],"product_brand":[],"product_cat":[15],"product_tag":[],"class_list":{"0":"post-2230","1":"product","2":"type-product","3":"status-publish","4":"has-post-thumbnail","6":"product_cat-road-sweeping","8":"first","9":"instock","10":"shipping-taxable","11":"product-type-simple"},"_links":{"self":[{"href":"https:\/\/www.haideclean.com\/fr\/wp-json\/wp\/v2\/product\/2230","targetHints":{"allow":["GET"]}}],"collection":[{"href":"https:\/\/www.haideclean.com\/fr\/wp-json\/wp\/v2\/product"}],"about":[{"href":"https:\/\/www.haideclean.com\/fr\/wp-json\/wp\/v2\/types\/product"}],"wp:featuredmedia":[{"embeddable":true,"href":"https:\/\/www.haideclean.com\/fr\/wp-json\/wp\/v2\/media\/2252"}],"wp:attachment":[{"href":"https:\/\/www.haideclean.com\/fr\/wp-json\/wp\/v2\/media?parent=2230"}],"wp:term":[{"taxonomy":"product_brand","embeddable":true,"href":"https:\/\/www.haideclean.com\/fr\/wp-json\/wp\/v2\/product_brand?post=2230"},{"taxonomy":"product_cat","embeddable":true,"href":"https:\/\/www.haideclean.com\/fr\/wp-json\/wp\/v2\/product_cat?post=2230"},{"taxonomy":"product_tag","embeddable":true,"href":"https:\/\/www.haideclean.com\/fr\/wp-json\/wp\/v2\/product_tag?post=2230"}],"curies":[{"name":"wp","href":"https:\/\/api.w.org\/{rel}","templated":true}]}}