{"id":2257,"date":"2026-01-07T15:10:44","date_gmt":"2026-01-07T07:10:44","guid":{"rendered":"https:\/\/www.haideclean.com\/?post_type=product&#038;p=2257"},"modified":"2026-04-09T15:09:25","modified_gmt":"2026-04-09T07:09:25","slug":"chd5186tslzqe2-road-sweeper-truck","status":"publish","type":"product","link":"https:\/\/www.haideclean.com\/fr\/produit\/chd5186tslzqe2-road-sweeper-truck\/","title":{"rendered":"CHD5186TSLZQE2 Camion balayeur routier"},"content":{"rendered":"<p>1. Dispositif d'embrayage pneumatique ultra-stable: adopter un embrayage pneumatique de haute qualit\u00e9, r\u00e9alisant le d\u00e9marrage pneumatique sans charge du moteur, prolongant efficacement la dur\u00e9e de vie du moteur.<\/p>\n<p>Vanne hydraulique de cartouche 2.High-pr\u00e9cision: adopter bobine et bobine de haute qualit\u00e9, combin\u00e9 avec bloc de vanne de haute pr\u00e9cision, il a une structure compacte, poids l\u00e9ger, fonction puissante, fiabilit\u00e9 \u00e9lev\u00e9e, entretien facile, assurant la stabilit\u00e9 et la fiabilit\u00e9 de l'ensemble du syst\u00e8me hydraulique du v\u00e9hicule.<\/p>\n<p>3. changement de vitesse sans pas de brosse de balayage r\u00e9glable \u00e9lectrique: \u00e0 travers le bouton r\u00e9glable \u00e9lectrique, la vitesse de la brosse de balayage peut \u00eatre ajust\u00e9e sans pas pour s'adapter aux diff\u00e9rentes conditions routi\u00e8res et \u00e0 la distribution des ordures pour assurer le meilleur effet de fonctionnement.<\/p>\n<p>4. tube d'acier de moulage \u00e0 pi\u00e8ce unique de pr\u00e9cision: Il adopte une machine de moulage \u00e0 extr\u00e9mit\u00e9 de tube standard europ\u00e9enne et am\u00e9ricaine pour le moulage ponctuel et assemble un anneau d'\u00e9tanch\u00e9it\u00e9 sp\u00e9cial pour s'assurer que le pipeline n'a pas de fuite et que l'op\u00e9ration est plus s\u00fbre.<\/p>\n<p>Dispositif de filtre d'air 5.Double vice-moteur: filtre d'air \u00e0 double \u00e9l\u00e9ment filtre d'huile bain d'air est utilis\u00e9 pour assurer la qualit\u00e9 de l'entr\u00e9e du moteur et maximiser la dur\u00e9e de vie du moteur.<\/p>\n<p>6.Extra grand angle de d\u00e9chargement: Parce que les ordures du balayeur routier sont principalement des ordures collantes, il est plus difficile d'enlever directement, afin de maximiser l'angle de d\u00e9chargement du v\u00e9hicule, le r\u00e9servoir d'eau du v\u00e9hicule est con\u00e7u au fond du r\u00e9servoir \u00e0 ordures et l'angle de d\u00e9chargement des ordures est aussi \u00e9lev\u00e9 que 60 degr\u00e9s ou plus.<\/p>\n<p>7.Filtre de grande surface: Afin de maximiser la diminution de la capacit\u00e9 d'aspiration caus\u00e9e par le blocage du flux d'air, le v\u00e9hicule est \u00e9quip\u00e9 d'un filet de filtre en acier inoxydable de grande surface en haut de la poubelle pour bloquer et filtrer le grand volume mais une petite zone de poubelles dans le flux d'air, et une fente de d\u00e9flecteur est \u00e9galement install\u00e9e en haut de la bo\u00eete pour am\u00e9liorer l'effet de r\u00e9duction de la poussi\u00e8re, pour faire monter uniformement la pile de poubelles et am\u00e9liorer la capacit\u00e9 effective.<\/p>\n<p>8.Rich syst\u00e8me hydraulique \u00e0 double pompe: la voiture en plus du moteur secondaire assembl\u00e9 avec une pompe \u00e0 huile \u00e0 engrenage hydraulique, pour une facilit\u00e9 d'utilisation, mais aussi dans l'extracteur de ch\u00e2ssis assembl\u00e9 avec une pompe \u00e0 huile hydraulique \u00e0 haut d\u00e9bit, la pompe et la pompe \u00e0 huile moteur secondaire pour prendre la connexion parall\u00e8le, de sorte que l'op\u00e9rateur puisse d\u00e9marrer n'importe quelle pompe peut \u00eatre termin\u00e9 le v\u00e9hicule&#8217; s action hydraulique.<\/p>\n<p>Moniteur de t\u00e9l\u00e9vision couleur 9,7 pouces: afin de faciliter l'observation en temps opportun des conditions de fonctionnement du v\u00e9hicule, l'arri\u00e8re et le c\u00f4t\u00e9 droit du v\u00e9hicule sont \u00e9quip\u00e9s de sondes d'observation, la cam\u00e9ra&#8217; L'op\u00e9ration s est extr\u00eamement pratique \u00e0 commuter pour fournir aux op\u00e9rateurs la qualit\u00e9 de l'op\u00e9ration de balayage et l'arri\u00e8re du v\u00e9hicule en temps opportun pour fournir \u00e0 l'op\u00e9rateur la fonction de l'image du v\u00e9hicule.<\/p>\n<p>Cadre de s\u00e9curit\u00e9 d'assurance 10.Double: Afin d'\u00e9viter d'oublier de poser la s\u00e9curit\u00e9 et d'utiliser la bo\u00eete d'atterrissage, entra\u00eenant la destruction de la bo\u00eete, le cadre, sp\u00e9cialement mis en place avec un interrupteur de proximit\u00e9.<\/p>\n<p>11.High-efficiency vortex pump: effective spray dust is a necessary condition for road sweeping, the car in addition to having the necessary sweeping brush and suction mouth, suction pipe dust, but also for the sandy and dusty areas sweeping for dust pressure of the self-flowing nozzles, this nozzle is only in the dust is more serious when the waterway is open in order to increase the amount of suction mouth suction pipe of the water spray to increase the effect of the dust, in order to avoid the suction pipe sticky blockage.<\/p>\n<p>12.High-efficiency and low-noise suction fan: The specially designed high-efficiency and low-noise suction fan provides strong suction capacity for the vehicle to obtain better operating results, which can realize the common garbage, mud, sand and small stones on the road surface can be suctioned clean at once.<\/p>\n<p>13.Reliable hydraulic oil cooling device: because the vehicle in the hot summer operation, the temperature of the hydraulic oil exceeds 70\u00b0, will make the viscosity of the hydraulic oil reduced, but also may cause damage to the hydraulic seals, so the vehicle is equipped with a hydraulic oil cooling device, through the water flow in the dust reduction tank to the hydraulic oil cooling cooling to ensure that the vehicle in the hot summer work as usual.<\/p>\n<p>14.High-efficiency brush motor: The drive motor of each sweeping brush disk is a high-quality cycloid drive motor with high transmission efficiency and long service life.<\/p>\n<p>15.Automatic obstacle avoidance sweeping and suction: when the sweeping device and suction device meets the obstacle, it can automatically retract to avoid the obstacle, this function effectively solves the suction cup device easy to touch the bad problem.<\/p>\n<p>16.Flexible and independent brush plate: enables the vehicle to selectively use the right front sweep or left front sweep during the work, so that the working mechanism on the side of the fast lane can be selected in the case of left sweep without extending the body of the vehicle not only reduces the width of the occupied road, improves the safety of the operation and the passing vehicles, and reduces the wear and tear of the sweeping brushes, reduces the operating costs.<\/p>\n<p>17.Silenced powerhouse: To minimize the agitated sound generated when the vehicle is in operation, the vehicle has a special silencing material affixed to the powerhouse.<\/p>\n<p>18.Safe lifting hydraulic lock: special hydraulic lock jointly developed with famous manufacturers, which can realize lifting synchronization, smooth descent and self-locking.<\/p>\n<p>19.Convenient high-pressure car washing device: equipped with a high-pressure car washing gun, the gun can not only effectively remove all the oil impurities on the car, but also remove posted advertisements.<\/p>\n<p>20.Durable stainless steel box: the dumpster and water tank are made of stainless steel. Dumpster and water tank are integral structure, water tank is set in the bottom of the dumpster so that the dumpster floor has a 10-degree pre-tilt angle, which is more convenient for dumping clean garbage.<\/p>","protected":false},"excerpt":{"rendered":"<p>Ce produit est une balayeuse routi\u00e8re avec pulv\u00e9risation d'eau, brosse \u00e0 balayer et buse d'aspiration comme puissance de fonctionnement du sous-moteur. Il adopte la structure de quatre brosses de balayage au centre et une aspiratrice \u00e0 l'arri\u00e8re, qui peut \u00eatre largement utilis\u00e9e dans les routes urbaines et d'autres sc\u00e8nes d'exploitation.<\/p>","protected":false},"featured_media":2905,"template":"","meta":[],"product_brand":[],"product_cat":[15],"product_tag":[],"class_list":{"0":"post-2257","1":"product","2":"type-product","3":"status-publish","4":"has-post-thumbnail","6":"product_cat-road-sweeping","8":"first","9":"instock","10":"shipping-taxable","11":"product-type-simple"},"_links":{"self":[{"href":"https:\/\/www.haideclean.com\/fr\/wp-json\/wp\/v2\/product\/2257","targetHints":{"allow":["GET"]}}],"collection":[{"href":"https:\/\/www.haideclean.com\/fr\/wp-json\/wp\/v2\/product"}],"about":[{"href":"https:\/\/www.haideclean.com\/fr\/wp-json\/wp\/v2\/types\/product"}],"wp:featuredmedia":[{"embeddable":true,"href":"https:\/\/www.haideclean.com\/fr\/wp-json\/wp\/v2\/media\/2905"}],"wp:attachment":[{"href":"https:\/\/www.haideclean.com\/fr\/wp-json\/wp\/v2\/media?parent=2257"}],"wp:term":[{"taxonomy":"product_brand","embeddable":true,"href":"https:\/\/www.haideclean.com\/fr\/wp-json\/wp\/v2\/product_brand?post=2257"},{"taxonomy":"product_cat","embeddable":true,"href":"https:\/\/www.haideclean.com\/fr\/wp-json\/wp\/v2\/product_cat?post=2257"},{"taxonomy":"product_tag","embeddable":true,"href":"https:\/\/www.haideclean.com\/fr\/wp-json\/wp\/v2\/product_tag?post=2257"}],"curies":[{"name":"wp","href":"https:\/\/api.w.org\/{rel}","templated":true}]}}