{"id":2258,"date":"2026-01-07T15:31:05","date_gmt":"2026-01-07T07:31:05","guid":{"rendered":"https:\/\/www.haideclean.com\/?post_type=product&#038;p=2258"},"modified":"2026-03-19T12:10:44","modified_gmt":"2026-03-19T04:10:44","slug":"chd5181txsdfbev-full-electric-washing-and-sweeping-truck","status":"publish","type":"product","link":"https:\/\/www.haideclean.com\/fr\/produit\/chd5181txsdfbev-full-electric-washing-and-sweeping-truck\/","title":{"rendered":"CHD5181TXSDFBEV Camion de lavage et de balayage \u00e9lectrique complet"},"content":{"rendered":"<p>Le v\u00e9hicule adopte le mode de contr\u00f4le multi-moteur plus tout-en-un du contr\u00f4leur, compar\u00e9 au mode de contr\u00f4le monomoteur peut consid\u00e9rablement r\u00e9duire la perte d'\u00e9nergie apport\u00e9e par la transmission m\u00e9canique, et en m\u00eame temps peut r\u00e9aliser la meilleure correspondance \u00e0 la demande d'\u00e9nergie des v\u00e9hicules \u00e9lectriques purs, maximiser le temps de fonctionnement du v\u00e9hicule, et chaque action peut r\u00e9aliser un contr\u00f4le de vitesse ind\u00e9pendant.<\/p>\n<p>Le v\u00e9hicule adopte des brosses doubles mont\u00e9es au centre, un large port d'aspiration, le cadre de pulv\u00e9risation de rin\u00e7age est situ\u00e9 des deux c\u00f4t\u00e9s du large port d'aspiration, et le port d'aspiration est dispos\u00e9 en forme de V, de sorte que toute la structure du v\u00e9hicule est dispos\u00e9e raisonnablement, et il existe une vari\u00e9t\u00e9 de choix pour le mode de fonctionnement.<\/p>\n<p>Le v\u00e9hicule utilise l'affichage programmable de communication CAN et le contr\u00f4leur mobile pour contr\u00f4ler l'ensemble du v\u00e9hicule &#8217; s action, et l'affichage montre compl\u00e8tement le v\u00e9hicule&#8217; conditions de fonctionnement, \u00e9tat du moteur et \u00e9tat d'alarme et autres informations. Gr\u00e2ce au module de d\u00e9tection de bus CAN, il r\u00e9alise la collecte de donn\u00e9es de l'ensemble du syst\u00e8me de circuit du v\u00e9hicule, qui peut fournir un avertissement pr\u00e9coce lorsque la ligne \u00e9choue, r\u00e9duisant efficacement les risques de s\u00e9curit\u00e9 de l'exploitation, et toutes les informations de d\u00e9faillance peuvent \u00eatre consult\u00e9es dans l'affichage ou \u00e0 travers la plateforme cloud du r\u00e9seau du v\u00e9hicule. Syst\u00e8me de contr\u00f4le \u00e9lectronique intelligent gr\u00e2ce \u00e0 une op\u00e9ration \u00e0 une touche pour r\u00e9aliser le fonctionnement du contr\u00f4le \u00e0 une touche de d\u00e9marrage et d'arr\u00eat, une interface d'exploitation conviviale, et a un certain nombre de programmes de protection automatiques, d\u00e9tection automatique de programme et commutation automatique, l'installation d'alarmes vocales pour les invites vocales, des conditions de fonctionnement claires et des points de d\u00e9f<\/p>\n<table style=\"border-collapse: collapse; width: 100%;\">\n<tbody>\n<tr>\n<td style=\"width: 28.9625%;\"><img fetchpriority=\"high\" decoding=\"async\" class=\"size-medium wp-image-2908 alignnone\" src=\"https:\/\/www.haideclean.com\/wp-content\/uploads\/2026\/01\/CHD5181TXSDFBEV1-297x300.jpg\" alt=\"\" width=\"297\" height=\"300\" srcset=\"https:\/\/www.haideclean.com\/wp-content\/uploads\/2026\/01\/CHD5181TXSDFBEV1-297x300.jpg 297w, https:\/\/www.haideclean.com\/wp-content\/uploads\/2026\/01\/CHD5181TXSDFBEV1-12x12.jpg 12w, https:\/\/www.haideclean.com\/wp-content\/uploads\/2026\/01\/CHD5181TXSDFBEV1-100x100.jpg 100w, https:\/\/www.haideclean.com\/wp-content\/uploads\/2026\/01\/CHD5181TXSDFBEV1.jpg 483w\" sizes=\"(max-width: 297px) 100vw, 297px\" \/><\/td>\n<td style=\"width: 71.0375%;\"><img decoding=\"async\" class=\"alignnone wp-image-2909\" src=\"https:\/\/www.haideclean.com\/wp-content\/uploads\/2026\/01\/CHD5181TXSDFBEV2-300x205.jpg\" alt=\"\" width=\"449\" height=\"307\" srcset=\"https:\/\/www.haideclean.com\/wp-content\/uploads\/2026\/01\/CHD5181TXSDFBEV2-300x205.jpg 300w, https:\/\/www.haideclean.com\/wp-content\/uploads\/2026\/01\/CHD5181TXSDFBEV2-18x12.jpg 18w, https:\/\/www.haideclean.com\/wp-content\/uploads\/2026\/01\/CHD5181TXSDFBEV2-600x409.jpg 600w, https:\/\/www.haideclean.com\/wp-content\/uploads\/2026\/01\/CHD5181TXSDFBEV2.jpg 724w\" sizes=\"(max-width: 449px) 100vw, 449px\" \/><\/td>\n<\/tr>\n<\/tbody>\n<\/table>\n<p>Figure 1 Groupe de vannes hydrauliques<\/p>\n<table style=\"border-collapse: collapse; width: 100%;\">\n<tbody>\n<tr>\n<td style=\"width: 21.3737%;\"><img decoding=\"async\" class=\"alignnone size-medium wp-image-2910\" src=\"https:\/\/www.haideclean.com\/wp-content\/uploads\/2026\/01\/CHD5181TXSDFBEV3-217x300.jpg\" alt=\"\" width=\"217\" height=\"300\" srcset=\"https:\/\/www.haideclean.com\/wp-content\/uploads\/2026\/01\/CHD5181TXSDFBEV3-217x300.jpg 217w, https:\/\/www.haideclean.com\/wp-content\/uploads\/2026\/01\/CHD5181TXSDFBEV3-9x12.jpg 9w, https:\/\/www.haideclean.com\/wp-content\/uploads\/2026\/01\/CHD5181TXSDFBEV3.jpg 328w\" sizes=\"(max-width: 217px) 100vw, 217px\" \/><\/td>\n<td style=\"width: 78.6263%;\"><img loading=\"lazy\" decoding=\"async\" class=\"alignnone wp-image-2911\" src=\"https:\/\/www.haideclean.com\/wp-content\/uploads\/2026\/01\/CHD5181TXSDFBEV4-300x284.jpg\" alt=\"\" width=\"310\" height=\"293\" srcset=\"https:\/\/www.haideclean.com\/wp-content\/uploads\/2026\/01\/CHD5181TXSDFBEV4-300x284.jpg 300w, https:\/\/www.haideclean.com\/wp-content\/uploads\/2026\/01\/CHD5181TXSDFBEV4-13x12.jpg 13w, https:\/\/www.haideclean.com\/wp-content\/uploads\/2026\/01\/CHD5181TXSDFBEV4.jpg 472w\" sizes=\"(max-width: 310px) 100vw, 310px\" \/><\/td>\n<\/tr>\n<\/tbody>\n<\/table>\n<p><img loading=\"lazy\" decoding=\"async\" class=\"alignnone size-medium wp-image-2914\" src=\"https:\/\/www.haideclean.com\/wp-content\/uploads\/2026\/01\/CHD5181TXSDFBEV7-300x226.jpg\" alt=\"\" width=\"300\" height=\"226\" srcset=\"https:\/\/www.haideclean.com\/wp-content\/uploads\/2026\/01\/CHD5181TXSDFBEV7-300x226.jpg 300w, https:\/\/www.haideclean.com\/wp-content\/uploads\/2026\/01\/CHD5181TXSDFBEV7-16x12.jpg 16w, https:\/\/www.haideclean.com\/wp-content\/uploads\/2026\/01\/CHD5181TXSDFBEV7.jpg 561w\" sizes=\"(max-width: 300px) 100vw, 300px\" \/><\/p>\n<p>Figure 2 Composants du circuit d'air<\/p>\n<p><img loading=\"lazy\" decoding=\"async\" class=\"alignnone size-medium wp-image-2915\" src=\"https:\/\/www.haideclean.com\/wp-content\/uploads\/2026\/01\/CHD5181TXSDFBEV8-300x296.jpg\" alt=\"\" width=\"300\" height=\"296\" srcset=\"https:\/\/www.haideclean.com\/wp-content\/uploads\/2026\/01\/CHD5181TXSDFBEV8-300x296.jpg 300w, https:\/\/www.haideclean.com\/wp-content\/uploads\/2026\/01\/CHD5181TXSDFBEV8-12x12.jpg 12w, https:\/\/www.haideclean.com\/wp-content\/uploads\/2026\/01\/CHD5181TXSDFBEV8-100x100.jpg 100w, https:\/\/www.haideclean.com\/wp-content\/uploads\/2026\/01\/CHD5181TXSDFBEV8.jpg 340w\" sizes=\"(max-width: 300px) 100vw, 300px\" \/><\/p>\n<p>Figure 3 Corps en acier inoxydable<\/p>\n<p><img loading=\"lazy\" decoding=\"async\" class=\"alignnone size-medium wp-image-2916\" src=\"https:\/\/www.haideclean.com\/wp-content\/uploads\/2026\/01\/CHD5181TXSDFBEV9-300x172.jpg\" alt=\"\" width=\"300\" height=\"172\" srcset=\"https:\/\/www.haideclean.com\/wp-content\/uploads\/2026\/01\/CHD5181TXSDFBEV9-300x172.jpg 300w, https:\/\/www.haideclean.com\/wp-content\/uploads\/2026\/01\/CHD5181TXSDFBEV9-18x10.jpg 18w, https:\/\/www.haideclean.com\/wp-content\/uploads\/2026\/01\/CHD5181TXSDFBEV9-600x344.jpg 600w, https:\/\/www.haideclean.com\/wp-content\/uploads\/2026\/01\/CHD5181TXSDFBEV9.jpg 648w\" sizes=\"(max-width: 300px) 100vw, 300px\" \/><\/p>\n<p>Figure 4 Alarme de niveau d'eau du r\u00e9servoir d'\u00e9gout<\/p>\n<p><img loading=\"lazy\" decoding=\"async\" class=\"alignnone size-medium wp-image-2917\" src=\"https:\/\/www.haideclean.com\/wp-content\/uploads\/2026\/01\/CHD5181TXSDFBEV10-300x161.jpg\" alt=\"\" width=\"300\" height=\"161\" srcset=\"https:\/\/www.haideclean.com\/wp-content\/uploads\/2026\/01\/CHD5181TXSDFBEV10-300x161.jpg 300w, https:\/\/www.haideclean.com\/wp-content\/uploads\/2026\/01\/CHD5181TXSDFBEV10-18x10.jpg 18w, https:\/\/www.haideclean.com\/wp-content\/uploads\/2026\/01\/CHD5181TXSDFBEV10-600x323.jpg 600w, https:\/\/www.haideclean.com\/wp-content\/uploads\/2026\/01\/CHD5181TXSDFBEV10.jpg 649w\" sizes=\"(max-width: 300px) 100vw, 300px\" \/><\/p>\n<p>Figure 5 Tuyau de pulv\u00e9risation arri\u00e8re<\/p>\n<p><img loading=\"lazy\" decoding=\"async\" class=\"alignnone size-medium wp-image-2918\" src=\"https:\/\/www.haideclean.com\/wp-content\/uploads\/2026\/01\/CHD5181TXSDFBEV11-300x286.jpg\" alt=\"\" width=\"300\" height=\"286\" srcset=\"https:\/\/www.haideclean.com\/wp-content\/uploads\/2026\/01\/CHD5181TXSDFBEV11-300x286.jpg 300w, https:\/\/www.haideclean.com\/wp-content\/uploads\/2026\/01\/CHD5181TXSDFBEV11-13x12.jpg 13w, https:\/\/www.haideclean.com\/wp-content\/uploads\/2026\/01\/CHD5181TXSDFBEV11.jpg 519w\" sizes=\"(max-width: 300px) 100vw, 300px\" \/><\/p>\n<p>Fig. 6 Disque de brosse automatique d'\u00e9vitement des obstacles et d'\u00e9vitement des collisions<\/p>","protected":false},"excerpt":{"rendered":"<p>CHD5181TXSDFBEV est une nouvelle g\u00e9n\u00e9ration de balayeuse enti\u00e8rement \u00e9lectrique pour le fonctionnement routier qui est modifi\u00e9e par Yantai Haide Special Vehicle Co., Ltd. avec un empattement de 5,3 m\u00e8tres enti\u00e8rement \u00e9lectrique ch\u00e2ssis EQ1180DACEV produit par Dongfeng Motor Co.<\/p>","protected":false},"featured_media":2905,"template":"","meta":[],"product_brand":[],"product_cat":[15],"product_tag":[],"class_list":{"0":"post-2258","1":"product","2":"type-product","3":"status-publish","4":"has-post-thumbnail","6":"product_cat-road-sweeping","8":"first","9":"instock","10":"shipping-taxable","11":"product-type-simple"},"_links":{"self":[{"href":"https:\/\/www.haideclean.com\/fr\/wp-json\/wp\/v2\/product\/2258","targetHints":{"allow":["GET"]}}],"collection":[{"href":"https:\/\/www.haideclean.com\/fr\/wp-json\/wp\/v2\/product"}],"about":[{"href":"https:\/\/www.haideclean.com\/fr\/wp-json\/wp\/v2\/types\/product"}],"wp:featuredmedia":[{"embeddable":true,"href":"https:\/\/www.haideclean.com\/fr\/wp-json\/wp\/v2\/media\/2905"}],"wp:attachment":[{"href":"https:\/\/www.haideclean.com\/fr\/wp-json\/wp\/v2\/media?parent=2258"}],"wp:term":[{"taxonomy":"product_brand","embeddable":true,"href":"https:\/\/www.haideclean.com\/fr\/wp-json\/wp\/v2\/product_brand?post=2258"},{"taxonomy":"product_cat","embeddable":true,"href":"https:\/\/www.haideclean.com\/fr\/wp-json\/wp\/v2\/product_cat?post=2258"},{"taxonomy":"product_tag","embeddable":true,"href":"https:\/\/www.haideclean.com\/fr\/wp-json\/wp\/v2\/product_tag?post=2258"}],"curies":[{"name":"wp","href":"https:\/\/api.w.org\/{rel}","templated":true}]}}