{"id":2264,"date":"2026-01-07T15:17:36","date_gmt":"2026-01-07T07:17:36","guid":{"rendered":"https:\/\/www.haideclean.com\/?post_type=product&#038;p=2264"},"modified":"2026-04-09T15:06:32","modified_gmt":"2026-04-09T07:06:32","slug":"chd5186txcdfe6-vacuum-sweeper-truck","status":"publish","type":"product","link":"https:\/\/www.haideclean.com\/fr\/produit\/chd5186txcdfe6-vacuum-sweeper-truck\/","title":{"rendered":"CHD5186TXCDFE6 V\u00e9hicule balayeur et aspirateur sous vide"},"content":{"rendered":"<p><img fetchpriority=\"high\" decoding=\"async\" class=\"alignnone size-medium wp-image-2893\" src=\"https:\/\/www.haideclean.com\/wp-content\/uploads\/2026\/01\/CHD5186TXCDFE64-300x199.jpg\" alt=\"\" width=\"300\" height=\"199\" data-wp-editing=\"1\" srcset=\"https:\/\/www.haideclean.com\/wp-content\/uploads\/2026\/01\/CHD5186TXCDFE64-300x199.jpg 300w, https:\/\/www.haideclean.com\/wp-content\/uploads\/2026\/01\/CHD5186TXCDFE64-18x12.jpg 18w, https:\/\/www.haideclean.com\/wp-content\/uploads\/2026\/01\/CHD5186TXCDFE64-600x398.jpg 600w, https:\/\/www.haideclean.com\/wp-content\/uploads\/2026\/01\/CHD5186TXCDFE64.jpg 665w\" sizes=\"(max-width: 300px) 100vw, 300px\" \/><\/p>\n<p>Syst\u00e8me de transport pneumatique de filtration de volume d'air 1.Full: r\u00e9aliser compl\u00e8tement le fonctionnement sans eau.<\/p>\n<p><img decoding=\"async\" class=\"alignnone size-medium wp-image-2890\" src=\"https:\/\/www.haideclean.com\/wp-content\/uploads\/2026\/01\/CHD5186TXCDFE61-300x163.jpg\" alt=\"\" width=\"300\" height=\"163\" srcset=\"https:\/\/www.haideclean.com\/wp-content\/uploads\/2026\/01\/CHD5186TXCDFE61-300x163.jpg 300w, https:\/\/www.haideclean.com\/wp-content\/uploads\/2026\/01\/CHD5186TXCDFE61-18x10.jpg 18w, https:\/\/www.haideclean.com\/wp-content\/uploads\/2026\/01\/CHD5186TXCDFE61-600x325.jpg 600w, https:\/\/www.haideclean.com\/wp-content\/uploads\/2026\/01\/CHD5186TXCDFE61.jpg 707w\" sizes=\"(max-width: 300px) 100vw, 300px\" \/><\/p>\n<p>Syst\u00e8me de r\u00e9duction de poussi\u00e8re de d\u00e9chargement 2.Spraying: r\u00e9aliser la r\u00e9duction de poussi\u00e8re de pulv\u00e9risation lors du d\u00e9versement des ordures.<\/p>\n<p><img decoding=\"async\" class=\"alignnone size-medium wp-image-2891\" src=\"https:\/\/www.haideclean.com\/wp-content\/uploads\/2026\/01\/CHD5186TXCDFE62-300x171.jpg\" alt=\"\" width=\"300\" height=\"171\" srcset=\"https:\/\/www.haideclean.com\/wp-content\/uploads\/2026\/01\/CHD5186TXCDFE62-300x171.jpg 300w, https:\/\/www.haideclean.com\/wp-content\/uploads\/2026\/01\/CHD5186TXCDFE62-18x10.jpg 18w, https:\/\/www.haideclean.com\/wp-content\/uploads\/2026\/01\/CHD5186TXCDFE62-600x343.jpg 600w, https:\/\/www.haideclean.com\/wp-content\/uploads\/2026\/01\/CHD5186TXCDFE62.jpg 707w\" sizes=\"(max-width: 300px) 100vw, 300px\" \/><\/p>\n<p>Unit\u00e9 de brosse \u00e0 vitesse variable r\u00e9glable 3.Electrically: La vitesse variable de l'unit\u00e9 de brosse peut \u00eatre r\u00e9alis\u00e9e dans n'importe quelle condition de travail pour am\u00e9liorer l'efficacit\u00e9 de nettoyage.<\/p>\n<p><img loading=\"lazy\" decoding=\"async\" class=\"alignnone size-medium wp-image-2892\" src=\"https:\/\/www.haideclean.com\/wp-content\/uploads\/2026\/01\/CHD5186TXCDFE63-300x205.jpg\" alt=\"\" width=\"300\" height=\"205\" srcset=\"https:\/\/www.haideclean.com\/wp-content\/uploads\/2026\/01\/CHD5186TXCDFE63-300x205.jpg 300w, https:\/\/www.haideclean.com\/wp-content\/uploads\/2026\/01\/CHD5186TXCDFE63-18x12.jpg 18w, https:\/\/www.haideclean.com\/wp-content\/uploads\/2026\/01\/CHD5186TXCDFE63-600x410.jpg 600w, https:\/\/www.haideclean.com\/wp-content\/uploads\/2026\/01\/CHD5186TXCDFE63.jpg 663w\" sizes=\"(max-width: 300px) 100vw, 300px\" \/><\/p>\n<p>Dispositif de filtre d'air de moteur auxiliaire 4.Double: filtre d'air de bain d'huile de filtre d'air \u00e0 double \u00e9l\u00e9ment est utilis\u00e9 pour assurer la qualit\u00e9 de l'entr\u00e9e du moteur et maximiser la dur\u00e9e de vie du moteur.<\/p>\n<p>Protection de la machine du moteur auxiliaire 5.Multi: avec un niveau d'huile bas, une temp\u00e9rature basse, un syst\u00e8me d'alarme de niveau d'eau bas, v\u00e9rifiez toujours l'\u00e9tat du sous-moteur.<br \/>\n6.Open port d'aspiration \u00e0 brosse \u00e0 grande vitesse: entretien facile, efficacit\u00e9 d'aspiration \u00e9lev\u00e9e, brosse \u00e0 grande vitesse pour r\u00e9aliser un nettoyage efficace des ordures sans manquer.<\/p>\n<p>&nbsp;<\/p>","protected":false},"excerpt":{"rendered":"<p>L'aspirateur est une nouvelle g\u00e9n\u00e9ration de v\u00e9hicule op\u00e9rationnel d\u00e9velopp\u00e9 par Yantai Haide Special Vehicle Co., Ltd. selon la situation r\u00e9elle de la Chine et en combinaison avec la soci\u00e9t\u00e9&#8217; s ann\u00e9es d'exp\u00e9rience de recherche et de d\u00e9veloppement dans les balayeurs routiers et les aspirateurs. Ce v\u00e9hicule a chang\u00e9 la fa\u00e7on traditionnelle de balayer avec une plaque de balayage par des balayeurs routiers conventionnels, et tous adoptent une aspiration \u00e0 pression n\u00e9gative sans structure de r\u00e9trosufflage pour obtenir une filtration compl\u00e8te de poussi\u00e8re et aucune poussi\u00e8re secondaire. Le v\u00e9hicule est adapt\u00e9 pour le nettoyage des routes urbaines, viaducs, places, a\u00e9roports, docks, usines, mines de charbon et autres endroits.<\/p>","protected":false},"featured_media":2265,"template":"","meta":[],"product_brand":[],"product_cat":[15],"product_tag":[],"class_list":{"0":"post-2264","1":"product","2":"type-product","3":"status-publish","4":"has-post-thumbnail","6":"product_cat-road-sweeping","8":"first","9":"instock","10":"shipping-taxable","11":"product-type-simple"},"_links":{"self":[{"href":"https:\/\/www.haideclean.com\/fr\/wp-json\/wp\/v2\/product\/2264","targetHints":{"allow":["GET"]}}],"collection":[{"href":"https:\/\/www.haideclean.com\/fr\/wp-json\/wp\/v2\/product"}],"about":[{"href":"https:\/\/www.haideclean.com\/fr\/wp-json\/wp\/v2\/types\/product"}],"wp:featuredmedia":[{"embeddable":true,"href":"https:\/\/www.haideclean.com\/fr\/wp-json\/wp\/v2\/media\/2265"}],"wp:attachment":[{"href":"https:\/\/www.haideclean.com\/fr\/wp-json\/wp\/v2\/media?parent=2264"}],"wp:term":[{"taxonomy":"product_brand","embeddable":true,"href":"https:\/\/www.haideclean.com\/fr\/wp-json\/wp\/v2\/product_brand?post=2264"},{"taxonomy":"product_cat","embeddable":true,"href":"https:\/\/www.haideclean.com\/fr\/wp-json\/wp\/v2\/product_cat?post=2264"},{"taxonomy":"product_tag","embeddable":true,"href":"https:\/\/www.haideclean.com\/fr\/wp-json\/wp\/v2\/product_tag?post=2264"}],"curies":[{"name":"wp","href":"https:\/\/api.w.org\/{rel}","templated":true}]}}