{"id":2279,"date":"2026-01-07T15:38:13","date_gmt":"2026-01-07T07:38:13","guid":{"rendered":"https:\/\/www.haideclean.com\/?post_type=product&#038;p=2279"},"modified":"2026-03-18T11:31:22","modified_gmt":"2026-03-18T03:31:22","slug":"chd5073tqxqle6-dustbin-cleaning-truck","status":"publish","type":"product","link":"https:\/\/www.haideclean.com\/fr\/produit\/chd5073tqxqle6-dustbin-cleaning-truck\/","title":{"rendered":"Camion nettoyeur de poubelles mod\u00e8le CHD5073TQXQLE6"},"content":{"rendered":"<p>Le camion de nettoyage des poubelles CHD5073TQXQLE6 est un nouveau mod\u00e8le enti\u00e8rement ferm\u00e9 \u00e0 chargement arri\u00e8re modifi\u00e9 par Yantai Haide Special Vehicle Co., Ltd. bas\u00e9 sur le ch\u00e2ssis Euro VI produit par Qingling Motor Co., Ltd. Con\u00e7u pour r\u00e9pondre \u00e0 diverses exigences de l'utilisateur, ce v\u00e9hicule est largement applicable pour le nettoyage des poubelles sur les routes urbaines et rurales. Capable de nettoyer les poubelles 120L, 240L, 660L et 1100L, il int\u00e8gre des fonctions de lavage des poubelles et d'entretien routier, comblant l'\u00e9cart du march\u00e9 int\u00e9rieur pour les v\u00e9hicules compacts de lavage des poubelles.<\/p>\n<p>L\u2019ext\u00e9rieur de ce v\u00e9hicule a \u00e9t\u00e9 con\u00e7u par une entreprise italienne, pr\u00e9sentant une forme distinctive et une esth\u00e9tique technologique forte. Le compartiment de nettoyage comprend deux buses rotatives \u00e0 haute pression import\u00e9es d'Italie qui tournent de 360 degr\u00e9s pour nettoyer soigneusement l'int\u00e9rieur de la poubelle. L'ext\u00e9rieur de la poubelle est nettoy\u00e9 par des barres de pulv\u00e9risation d'eau positionn\u00e9es autour du p\u00e9rim\u00e8tre du compartiment de nettoyage, qui effectuent un nettoyage ferm\u00e9 de haut en bas et de gauche en droite, assurant un nettoyage complet de toutes les surfaces \u00e0 l'int\u00e9rieur et \u00e0 l'ext\u00e9rieur de la poubelle.<\/p>","protected":false},"excerpt":{"rendered":"<p>Le camion de nettoyage des poubelles CHD5073TQXQLE6 est un nouveau mod\u00e8le enti\u00e8rement ferm\u00e9 \u00e0 chargement arri\u00e8re modifi\u00e9 par Yantai Haide Special Vehicle Co., Ltd. bas\u00e9 sur le ch\u00e2ssis Euro VI produit par Qingling Motor Co., Ltd. Con\u00e7u pour r\u00e9pondre \u00e0 diverses exigences de l'utilisateur, ce v\u00e9hicule est largement applicable pour le nettoyage des poubelles sur les routes urbaines et rurales. Capable de nettoyer les poubelles 120L, 240L, 660L et 1100L, il int\u00e8gre des fonctions de lavage des poubelles et d'entretien routier, comblant l'\u00e9cart du march\u00e9 int\u00e9rieur pour les v\u00e9hicules compacts de lavage des poubelles.<\/p>","protected":false},"featured_media":2296,"template":"","meta":[],"product_brand":[],"product_cat":[27],"product_tag":[],"class_list":{"0":"post-2279","1":"product","2":"type-product","3":"status-publish","4":"has-post-thumbnail","6":"product_cat-cleaning-vehicles","8":"first","9":"instock","10":"shipping-taxable","11":"product-type-simple"},"_links":{"self":[{"href":"https:\/\/www.haideclean.com\/fr\/wp-json\/wp\/v2\/product\/2279","targetHints":{"allow":["GET"]}}],"collection":[{"href":"https:\/\/www.haideclean.com\/fr\/wp-json\/wp\/v2\/product"}],"about":[{"href":"https:\/\/www.haideclean.com\/fr\/wp-json\/wp\/v2\/types\/product"}],"wp:featuredmedia":[{"embeddable":true,"href":"https:\/\/www.haideclean.com\/fr\/wp-json\/wp\/v2\/media\/2296"}],"wp:attachment":[{"href":"https:\/\/www.haideclean.com\/fr\/wp-json\/wp\/v2\/media?parent=2279"}],"wp:term":[{"taxonomy":"product_brand","embeddable":true,"href":"https:\/\/www.haideclean.com\/fr\/wp-json\/wp\/v2\/product_brand?post=2279"},{"taxonomy":"product_cat","embeddable":true,"href":"https:\/\/www.haideclean.com\/fr\/wp-json\/wp\/v2\/product_cat?post=2279"},{"taxonomy":"product_tag","embeddable":true,"href":"https:\/\/www.haideclean.com\/fr\/wp-json\/wp\/v2\/product_tag?post=2279"}],"curies":[{"name":"wp","href":"https:\/\/api.w.org\/{rel}","templated":true}]}}