{"id":2301,"date":"2026-01-07T15:42:44","date_gmt":"2026-01-07T07:42:44","guid":{"rendered":"https:\/\/www.haideclean.com\/?post_type=product&#038;p=2301"},"modified":"2026-03-18T11:47:21","modified_gmt":"2026-03-18T03:47:21","slug":"chd5186zysdfe6e-garbage-compactor-truck","status":"publish","type":"product","link":"https:\/\/www.haideclean.com\/fr\/produit\/chd5186zysdfe6e-garbage-compactor-truck\/","title":{"rendered":"CHD5186ZYSDFE6E camion compacteur de ordures"},"content":{"rendered":"<p>Le camion compacteur \u00e0 ordures a une belle apparence, une conduite confortable, un fonctionnement pratique, une flexibilit\u00e9, une fiabilit\u00e9 \u00e9lev\u00e9e et un co\u00fbt d'exploitation bas, et peut \u00eatre largement utilis\u00e9 dans le transfert ferm\u00e9 des d\u00e9chets solides municipaux.<\/p>\n<p>La prise en compte maximale de l'environnement d'utilisation du client, les points forts de la conception conviviale, avec \u00e9clairage nocturne, avec double r\u00e9servoir d'\u00e9gouts, avec tuyau de drainage, t\u00e9l\u00e9commande, manuel d'exploitation et d'entretien et vid\u00e9o compl\u00e8te.<\/p>\n<p>Le syst\u00e8me \u00e9lectrique \u00e9quip\u00e9 de l'ensemble du v\u00e9hicule peut r\u00e9aliser le contr\u00f4le automatique de la puissance du moteur, s'assurer que l'acc\u00e9l\u00e9ration ou l'\u00e9tat au ralenti peut \u00eatre s\u00e9lectionn\u00e9 automatiquement dans les conditions de travail ou d'autres conditions de travail, r\u00e9duire la perte de puissance et le taux de panne, r\u00e9duire la consommation de carburant, plus stable et d'\u00e9conomie d'\u00e9nergie.<\/p>\n<p><strong>Traitement des eaux us\u00e9es<\/strong><\/p>\n<p>Selon les \u00e9tudes de march\u00e9 au fil des ans, une grande quantit\u00e9 d'eaux us\u00e9es appara\u00eetra lorsque les camions \u00e0 ordures comprim\u00e9s remplissent les ordures domestiques, et la pollution caus\u00e9e par son goutte \u00e0 goutte est l'un des principaux d\u00e9fauts des camions compacteurs \u00e0 ordures actuels. En r\u00e9ponse aux probl\u00e8mes ci-dessus, Yantai Haide Special Vehicle Co., Ltd. a con\u00e7u une vari\u00e9t\u00e9 de param\u00e8tres pour les m\u00e9thodes de collecte des eaux us\u00e9es pour emp\u00eacher le compresseur de fuir les eaux us\u00e9es pendant le compactage des ordures et le transfert. Le r\u00e9servoir d'eaux us\u00e9es de grande capacit\u00e9 est configur\u00e9 selon la structure du ch\u00e2ssis, et le dispositif de collecte d'eaux us\u00e9es combin\u00e9 au type de d\u00e9tournement peut drainer les fuites d'eaux us\u00e9es entre la charge et le r\u00e9servoir \u00e0 ordures en raison de la d\u00e9faillance de la bande en caoutchouc d'\u00e9tanch\u00e9it\u00e9 au r\u00e9servoir sp\u00e9cial de collecte d'eaux us\u00e9es, emp\u00eachant efficacement la pollution secondaire caus\u00e9e par les fuites d'eaux us\u00e9es.<\/p>\n<p>1.La structure de la partie jointe de la charge et de la bo\u00eete est raisonnable, et la technologie d'\u00e9tanch\u00e9it\u00e9 compl\u00e8te de verrouillage hydraulique et la bande en caoutchouc d'\u00e9tanch\u00e9it\u00e9 haute performance sont utilis\u00e9es pour assurer l'\u00e9tanch\u00e9it\u00e9 entre la charge et le corps, et pour s'assurer que le v\u00e9hicule n'a pas de fuite d'eaux us\u00e9es lorsque les ordures sont remplies et transf\u00e9r\u00e9es.<\/p>\n<p>2.Le fond de la charge est \u00e9quip\u00e9 d'un r\u00e9servoir d'\u00e9gouts, combin\u00e9 avec le dispositif de collecte d'\u00e9gouts de type de d\u00e9tournement, les fuites d'\u00e9gouts entre la charge et le r\u00e9servoir \u00e0 ordures en raison de la d\u00e9faillance de la bande en caoutchouc d'\u00e9tanch\u00e9it\u00e9 peuvent \u00eatre d\u00e9tourn\u00e9es vers la bo\u00eete sp\u00e9ciale de collecte d'\u00e9gouts pour emp\u00eacher la pollution secondaire caus\u00e9e par les fuites d'\u00e9gouts.<\/p>\n<p><img fetchpriority=\"high\" decoding=\"async\" class=\"alignnone wp-image-2309 size-full\" src=\"https:\/\/www.haideclean.com\/wp-content\/uploads\/2026\/01\/CHD5186ZYSDFE6E-Garbage-Compactor-Truck.jpg\" alt=\"\" width=\"800\" height=\"600\" srcset=\"https:\/\/www.haideclean.com\/wp-content\/uploads\/2026\/01\/CHD5186ZYSDFE6E-Garbage-Compactor-Truck.jpg 800w, https:\/\/www.haideclean.com\/wp-content\/uploads\/2026\/01\/CHD5186ZYSDFE6E-Garbage-Compactor-Truck-300x225.jpg 300w, https:\/\/www.haideclean.com\/wp-content\/uploads\/2026\/01\/CHD5186ZYSDFE6E-Garbage-Compactor-Truck-768x576.jpg 768w, https:\/\/www.haideclean.com\/wp-content\/uploads\/2026\/01\/CHD5186ZYSDFE6E-Garbage-Compactor-Truck-600x450.jpg 600w\" sizes=\"(max-width: 800px) 100vw, 800px\" \/><\/p>\n<p><strong>Bac \u00e0 ordures<\/strong><\/p>\n<p>L'apparence du corps est de forme lin\u00e9aire de flux d'arc, et l'ensemble de l'ourlet de la plaque de fond n'est pas soud\u00e9, ce qui emp\u00eache le risque de fuite. Simple et beau, forte r\u00e9sistance \u00e0 la d\u00e9formation, bonne fiabilit\u00e9 structurale, tout en augmentant efficacement le volume de remplissage r\u00e9el, plus que des produits similaires, le mat\u00e9riau utilise une plaque d'acier \u00e0 mangan\u00e8se haute r\u00e9sistance, pas facile \u00e0 d\u00e9former, r\u00e9sistance \u00e0 l'usure, r\u00e9sistance \u00e0 la corrosion.<\/p>\n<p>Le mat\u00e9riau r\u00e9sistant \u00e0 l'usure en nylon est utilis\u00e9 pour r\u00e9duire la r\u00e9sistance au coulissement et l'usure de la paire en mouvement, et \u00e9galement r\u00e9duire le bruit de mouvement dans le travail.<\/p>\n<p><strong>Dispositif poussoir<\/strong><\/p>\n<p>La plaque de pouss\u00e9e est situ\u00e9e dans le bac \u00e0 ordures et peut \u00eatre retourn\u00e9e le long du rail de guidage sur le c\u00f4t\u00e9, qui a trois fonctions: 1. Lors du d\u00e9versement des ordures, les ordures seront d\u00e9charg\u00e9es de la poubelle;  2. Fermez l'extr\u00e9mit\u00e9 avant de la poubelle; 3, les ordures dans la poubelle peuvent produire une r\u00e9sistance, de sorte que les ordures compact\u00e9es. Ainsi pour terminer le travail d'enl\u00e8vement des ordures du v\u00e9hicule.<\/p>\n<p>En tant que point d'appui principal du dispositif de compression des d\u00e9chets, le rail de guidage mobile de la plaque de pouss\u00e9e doit pr\u00e9senter une r\u00e9sistance structurelle extr\u00eamement \u00e9lev\u00e9e. Le camion compacteur d'ordures produit par Haide adopte la technologie import\u00e9e de trusses de formation int\u00e9grale en forme de U de haute r\u00e9sistance, qui est utilis\u00e9e comme rail de guidage mobile de la plaque poussoire d'ordures, avec une forte capacit\u00e9 de compression et une bonne r\u00e9sistance \u00e0 la d\u00e9formation. Le bloc coulissant est en alliage \u00e0 haute r\u00e9sistance \u00e0 l'usure avec une longue dur\u00e9e de vie.<\/p>\n<p><strong>Remplisseur<\/strong><\/p>\n<p>La charge est situ\u00e9e \u00e0 l'arri\u00e8re de la poubelle, et la forme de la charge correspond au grand arc de la poubelle, rendant la forme globale du v\u00e9hicule rationnelle et belle.<\/p>\n<p>La charge est compos\u00e9e d'une tr\u00e9mie, d'un rasoir, d'un skateboard, d'un m\u00e9canisme d'alimentation, d'un dispositif d'ouverture du couvercle et d'autres composants, qui sont utilis\u00e9s pour terminer le concassage, le compactage et le pressage des ordures denses dans la poubelle. C'est la partie la plus importante du camion \u00e0 ordures de compression dans le travail \u00e0 ordures de compression.<\/p>\n<p>Afin d'assurer l'excellente production de la charge, la charge produite par Yantai Haide Special Automobile Co., Ltd. utilise des outils de positionnement pour assurer la pr\u00e9cision du traitement.<\/p>\n<p><img decoding=\"async\" class=\"alignnone wp-image-2310 size-full\" src=\"https:\/\/www.haideclean.com\/wp-content\/uploads\/2026\/01\/CHD5186ZYSDFE6E-Garbage-Compactor-Truck2.jpg\" alt=\"\" width=\"800\" height=\"600\" srcset=\"https:\/\/www.haideclean.com\/wp-content\/uploads\/2026\/01\/CHD5186ZYSDFE6E-Garbage-Compactor-Truck2.jpg 800w, https:\/\/www.haideclean.com\/wp-content\/uploads\/2026\/01\/CHD5186ZYSDFE6E-Garbage-Compactor-Truck2-300x225.jpg 300w, https:\/\/www.haideclean.com\/wp-content\/uploads\/2026\/01\/CHD5186ZYSDFE6E-Garbage-Compactor-Truck2-768x576.jpg 768w, https:\/\/www.haideclean.com\/wp-content\/uploads\/2026\/01\/CHD5186ZYSDFE6E-Garbage-Compactor-Truck2-600x450.jpg 600w\" sizes=\"(max-width: 800px) 100vw, 800px\" \/><\/p>\n<p>Dispositif d'emballage en cours de traitement sur outillage<\/p>\n<p>La connexion entre le r\u00e9servoir \u00e0 ordures et la charge adopte deux bandes d'\u00e9tanch\u00e9it\u00e9 en silicone de type seuil et le dispositif de crochet anti-verrouillage automatique. Les bandes d'\u00e9tanch\u00e9it\u00e9 sont en mat\u00e9riau de silicone, qui a une dur\u00e9e de vie plus longue, plus durable et de meilleures performances d'\u00e9tanch\u00e9it\u00e9 que le caoutchouc mouss\u00e9 traditionnel.<\/p>\n<p><img decoding=\"async\" class=\"alignnone wp-image-2311 size-full\" src=\"https:\/\/www.haideclean.com\/wp-content\/uploads\/2026\/01\/CHD5186ZYSDFE6E-Garbage-Compactor-Truck3.jpg\" alt=\"\" width=\"800\" height=\"600\" srcset=\"https:\/\/www.haideclean.com\/wp-content\/uploads\/2026\/01\/CHD5186ZYSDFE6E-Garbage-Compactor-Truck3.jpg 800w, https:\/\/www.haideclean.com\/wp-content\/uploads\/2026\/01\/CHD5186ZYSDFE6E-Garbage-Compactor-Truck3-300x225.jpg 300w, https:\/\/www.haideclean.com\/wp-content\/uploads\/2026\/01\/CHD5186ZYSDFE6E-Garbage-Compactor-Truck3-768x576.jpg 768w, https:\/\/www.haideclean.com\/wp-content\/uploads\/2026\/01\/CHD5186ZYSDFE6E-Garbage-Compactor-Truck3-600x450.jpg 600w\" sizes=\"(max-width: 800px) 100vw, 800px\" \/><\/p>\n<p>Deux \u00e9tanch\u00e9it\u00e9s en silicone de type barri\u00e8re<\/p>\n<p>En outre, la partie jointe de la charge et de la bo\u00eete adopte la technologie d'\u00e9tanch\u00e9it\u00e9 compl\u00e8te de verrouillage hydraulique r\u00e9glable, qui a de bonnes performances d'\u00e9tanch\u00e9it\u00e9. Il est \u00e9quip\u00e9 d'un certain nombre de mesures de protection de s\u00e9curit\u00e9 telles que l'interrupteur d'interverrouillage pour emp\u00eacher la chute de la charge, la tige de soutien de s\u00e9curit\u00e9 et la fonction d'autoverrouillage du cylindre de levage de charge pour assurer la s\u00e9curit\u00e9 de l'op\u00e9rateur et am\u00e9liorer consid\u00e9rablement la s\u00e9curit\u00e9 de l'op\u00e9ration.<\/p>\n<p><strong>Syst\u00e8me de commande \u00e9lectrique et syst\u00e8me hydraulique<\/strong><\/p>\n<p>Automatisation du fonctionnement: le syst\u00e8me de contr\u00f4le intelligent adopte la conception de bus CAN import\u00e9 et la structure modulaire. Gr\u00e2ce \u00e0 la combinaison d'interrupteur de proximit\u00e9 et d'induction de pression d'huile, le programme de compression est efficace, stable et facile \u00e0 entretenir. Il dispose de trois ensembles de modes de commande manuels, automatiques et semi-automatiques, qui peuvent \u00eatre utilis\u00e9s \u00e0 l'int\u00e9rieur de la cabine, \u00e0 l'avant de la bo\u00eete et \u00e0 l'arri\u00e8re de la bo\u00eete. Il est \u00e9quip\u00e9 d'une t\u00e9l\u00e9commande, qui peut \u00eatre utilis\u00e9e dans diff\u00e9rents environnements de travail.<\/p>\n<p>Syst\u00e8me d'assurance double: Le syst\u00e8me d'exploitation a deux fonctions de contr\u00f4le informatique et de fonctionnement manuel, ce qui prot\u00e8ge et am\u00e9liore grandement le taux d'utilisation du v\u00e9hicule. La vanne de r\u00e9gulation de pression change de position pour emp\u00eacher les clients de r\u00e9gler la pression sans autorisation, et l'extracteur de force est \u00e9quip\u00e9 de mots d'avertissement pour rappeler aux clients de commuter l'extracteur de force et d'emp\u00eacher l'extracteur de force d'\u00eatre endommag\u00e9. La queue peut \u00e9ventuellement \u00eatre \u00e9quip\u00e9e d'un m\u00e9canisme de tournage avec une poubelle (ou seau).<\/p>\n<p>La pompe \u00e0 huile adopte la pompe \u00e0 huile de marque bien connue domestique et installe la vanne de compactage pour augmenter la densit\u00e9 de compression et am\u00e9liorer la capacit\u00e9 de chargement. La capacit\u00e9 de chargement est \u00e9quivalente \u00e0 deux fois et demie celle du m\u00eame tonnage de d\u00e9chets non comprim\u00e9s. En utilisant la derni\u00e8re structure de cylindre externe et la technologie de compression bidirectionnelle, gr\u00e2ce \u00e0 des accessoires de marque de premi\u00e8re classe domestiques et \u00e9trangers, le rapport de compression a atteint 1:6, un cycle unique \u226420 secondes, pour r\u00e9aliser la collecte des ordures, l'efficacit\u00e9 a doubl\u00e9.<\/p>\n<p>Le r\u00e9servoir d'huile est augment\u00e9, le volume est augment\u00e9, pour emp\u00eacher la temp\u00e9rature \u00e9lev\u00e9e de l'huile hydraulique, toute l'huile hydraulique doit \u00eatre ajout\u00e9e au r\u00e9servoir d'huile \u00e0 travers le filtre d'huile hydraulique, le filtre de conduite haute pression peut \u00eatre install\u00e9 sur la conduite de pression de diff\u00e9rents niveaux de pression, pour \u00e9liminer ou bloquer davantage les impuret\u00e9s caus\u00e9es par l'usure caus\u00e9e par les \u00e9l\u00e9ments externes \u00e0 l'int\u00e9rieur, ou coinc\u00e9, et l'action chimique du milieu interne lui-m\u00eame, etc. La pr\u00e9cision de filtration de l'huile est de 0,01 micron avec filtre haute pression. R\u00e9duire le taux de d\u00e9faillance, emp\u00eacher efficacement les dommages des pi\u00e8ces;<\/p>\n<p><strong>Diagramme de d\u00e9composition<\/strong><\/p>\n<table style=\"border-collapse: collapse; width: 100%; height: 360px;\">\n<tbody>\n<tr style=\"height: 120px;\">\n<td style=\"width: 50%; height: 120px;\"><img loading=\"lazy\" decoding=\"async\" class=\"alignnone wp-image-2312 size-full\" src=\"https:\/\/www.haideclean.com\/wp-content\/uploads\/2026\/01\/CHD5186ZYSDFE6E-Garbage-Compactor-Truck4.jpg\" alt=\"\" width=\"800\" height=\"600\" srcset=\"https:\/\/www.haideclean.com\/wp-content\/uploads\/2026\/01\/CHD5186ZYSDFE6E-Garbage-Compactor-Truck4.jpg 800w, https:\/\/www.haideclean.com\/wp-content\/uploads\/2026\/01\/CHD5186ZYSDFE6E-Garbage-Compactor-Truck4-300x225.jpg 300w, https:\/\/www.haideclean.com\/wp-content\/uploads\/2026\/01\/CHD5186ZYSDFE6E-Garbage-Compactor-Truck4-768x576.jpg 768w, https:\/\/www.haideclean.com\/wp-content\/uploads\/2026\/01\/CHD5186ZYSDFE6E-Garbage-Compactor-Truck4-600x450.jpg 600w\" sizes=\"(max-width: 800px) 100vw, 800px\" \/><\/td>\n<td style=\"width: 50%; height: 120px;\">Camion compacteur de ordures, la bo\u00eete est \u00e9quip\u00e9e d'une bo\u00eete courbe et la plaque de fond est soud\u00e9e sans couture pour \u00e9liminer le risque de fuite. Simple et beau, forte r\u00e9sistance \u00e0 la d\u00e9formation, bonne fiabilit\u00e9 structurale, tout en augmentant efficacement le volume de remplissage r\u00e9el, plus que des produits similaires, mat\u00e9riau avec une carte \u00e0 haute r\u00e9sistance aux intemp\u00e9ries, pas facile \u00e0 d\u00e9former, r\u00e9sistance \u00e0 l'usure; Forte r\u00e9sistance \u00e0 la corrosion.<\/td>\n<\/tr>\n<tr style=\"height: 48px;\">\n<td style=\"width: 50%; height: 48px;\">La structure principale de la charge de queue est divis\u00e9e en un seau de remplissage, un m\u00e9canisme de chargement, un m\u00e9canisme de bras basculant et un couvercle ext\u00e9rieur.<\/td>\n<td style=\"width: 50%; height: 48px;\"><img loading=\"lazy\" decoding=\"async\" class=\"alignnone wp-image-2313 size-full\" src=\"https:\/\/www.haideclean.com\/wp-content\/uploads\/2026\/01\/CHD5186ZYSDFE6E-Garbage-Compactor-Truck5.jpg\" alt=\"\" width=\"800\" height=\"800\" srcset=\"https:\/\/www.haideclean.com\/wp-content\/uploads\/2026\/01\/CHD5186ZYSDFE6E-Garbage-Compactor-Truck5.jpg 800w, https:\/\/www.haideclean.com\/wp-content\/uploads\/2026\/01\/CHD5186ZYSDFE6E-Garbage-Compactor-Truck5-300x300.jpg 300w, https:\/\/www.haideclean.com\/wp-content\/uploads\/2026\/01\/CHD5186ZYSDFE6E-Garbage-Compactor-Truck5-150x150.jpg 150w, https:\/\/www.haideclean.com\/wp-content\/uploads\/2026\/01\/CHD5186ZYSDFE6E-Garbage-Compactor-Truck5-768x768.jpg 768w, https:\/\/www.haideclean.com\/wp-content\/uploads\/2026\/01\/CHD5186ZYSDFE6E-Garbage-Compactor-Truck5-600x600.jpg 600w, https:\/\/www.haideclean.com\/wp-content\/uploads\/2026\/01\/CHD5186ZYSDFE6E-Garbage-Compactor-Truck5-100x100.jpg 100w\" sizes=\"(max-width: 800px) 100vw, 800px\" \/><\/td>\n<\/tr>\n<tr style=\"height: 48px;\">\n<td style=\"width: 50%; height: 48px;\"><img loading=\"lazy\" decoding=\"async\" class=\"alignnone wp-image-2314 size-full\" src=\"https:\/\/www.haideclean.com\/wp-content\/uploads\/2026\/01\/CHD5186ZYSDFE6E-Garbage-Compactor-Truck6.jpg\" alt=\"\" width=\"800\" height=\"600\" srcset=\"https:\/\/www.haideclean.com\/wp-content\/uploads\/2026\/01\/CHD5186ZYSDFE6E-Garbage-Compactor-Truck6.jpg 800w, https:\/\/www.haideclean.com\/wp-content\/uploads\/2026\/01\/CHD5186ZYSDFE6E-Garbage-Compactor-Truck6-300x225.jpg 300w, https:\/\/www.haideclean.com\/wp-content\/uploads\/2026\/01\/CHD5186ZYSDFE6E-Garbage-Compactor-Truck6-768x576.jpg 768w, https:\/\/www.haideclean.com\/wp-content\/uploads\/2026\/01\/CHD5186ZYSDFE6E-Garbage-Compactor-Truck6-600x450.jpg 600w\" sizes=\"(max-width: 800px) 100vw, 800px\" \/><\/td>\n<td style=\"width: 50%; height: 48px;\">Valve de contrepression \/ vanne de compactage: compression bidirectionnelle, augmenter le rapport de compression des ordures charg\u00e9es, am\u00e9liorer la charge des ordures.<\/td>\n<\/tr>\n<tr style=\"height: 24px;\">\n<td style=\"width: 50%; height: 24px;\">R\u00e9servoir d'huile hydraulique: le volume du r\u00e9servoir d'huile est augment\u00e9, am\u00e9liore efficacement l'efficacit\u00e9 de refroidissement, stabilise la temp\u00e9rature et la pression de l'huile, avec le dispositif de filtrage de retour d'huile, filtre efficacement les impuret\u00e9s contenues dans l'huile hydraulique, prolonge le temps de service de l'huile.<\/td>\n<td style=\"width: 50%; height: 24px;\"><img loading=\"lazy\" decoding=\"async\" class=\"alignnone wp-image-2315 size-full\" src=\"https:\/\/www.haideclean.com\/wp-content\/uploads\/2026\/01\/CHD5186ZYSDFE6E-Garbage-Compactor-Truck7.jpg\" alt=\"\" width=\"800\" height=\"600\" srcset=\"https:\/\/www.haideclean.com\/wp-content\/uploads\/2026\/01\/CHD5186ZYSDFE6E-Garbage-Compactor-Truck7.jpg 800w, https:\/\/www.haideclean.com\/wp-content\/uploads\/2026\/01\/CHD5186ZYSDFE6E-Garbage-Compactor-Truck7-300x225.jpg 300w, https:\/\/www.haideclean.com\/wp-content\/uploads\/2026\/01\/CHD5186ZYSDFE6E-Garbage-Compactor-Truck7-768x576.jpg 768w, https:\/\/www.haideclean.com\/wp-content\/uploads\/2026\/01\/CHD5186ZYSDFE6E-Garbage-Compactor-Truck7-600x450.jpg 600w\" sizes=\"(max-width: 800px) 100vw, 800px\" \/><\/td>\n<\/tr>\n<tr style=\"height: 24px;\">\n<td style=\"width: 50%; height: 24px;\"><img loading=\"lazy\" decoding=\"async\" class=\"alignnone wp-image-2316 size-full\" src=\"https:\/\/www.haideclean.com\/wp-content\/uploads\/2026\/01\/CHD5186ZYSDFE6E-Garbage-Compactor-Truck9.jpg\" alt=\"\" width=\"800\" height=\"600\" srcset=\"https:\/\/www.haideclean.com\/wp-content\/uploads\/2026\/01\/CHD5186ZYSDFE6E-Garbage-Compactor-Truck9.jpg 800w, https:\/\/www.haideclean.com\/wp-content\/uploads\/2026\/01\/CHD5186ZYSDFE6E-Garbage-Compactor-Truck9-300x225.jpg 300w, https:\/\/www.haideclean.com\/wp-content\/uploads\/2026\/01\/CHD5186ZYSDFE6E-Garbage-Compactor-Truck9-768x576.jpg 768w, https:\/\/www.haideclean.com\/wp-content\/uploads\/2026\/01\/CHD5186ZYSDFE6E-Garbage-Compactor-Truck9-600x450.jpg 600w\" sizes=\"(max-width: 800px) 100vw, 800px\" \/><\/td>\n<td style=\"width: 50%; height: 24px;\">Commutateur de proximit\u00e9: l'interrupteur d'induction plus le contr\u00f4le du temps est utilis\u00e9 pour commuter l'action, l'action est plus pr\u00e9cise, le syst\u00e8me de contr\u00f4le \u00e9lectronique est plus stable et le cylindre et le syst\u00e8me hydraulique sont mieux prot\u00e9g\u00e9s.<\/td>\n<\/tr>\n<tr style=\"height: 24px;\">\n<td style=\"width: 50%; height: 24px;\">Le syst\u00e8me d'exploitation du v\u00e9hicule est divis\u00e9 en deux parties, et il y a deux syst\u00e8mes de fonctionnement de poign\u00e9e et de fonctionnement d'interrupteur \u00e9lectrique.<span style=\"font-family: inherit; font-size: inherit;\">Pratique pour les travailleurs \u00e0 utiliser.<\/span><\/td>\n<td style=\"width: 50%; height: 24px;\"><img loading=\"lazy\" decoding=\"async\" class=\"alignnone wp-image-2317 size-full\" src=\"https:\/\/www.haideclean.com\/wp-content\/uploads\/2026\/01\/CHD5186ZYSDFE6E-Garbage-Compactor-Truck10.jpg\" alt=\"\" width=\"800\" height=\"600\" srcset=\"https:\/\/www.haideclean.com\/wp-content\/uploads\/2026\/01\/CHD5186ZYSDFE6E-Garbage-Compactor-Truck10.jpg 800w, https:\/\/www.haideclean.com\/wp-content\/uploads\/2026\/01\/CHD5186ZYSDFE6E-Garbage-Compactor-Truck10-300x225.jpg 300w, https:\/\/www.haideclean.com\/wp-content\/uploads\/2026\/01\/CHD5186ZYSDFE6E-Garbage-Compactor-Truck10-768x576.jpg 768w, https:\/\/www.haideclean.com\/wp-content\/uploads\/2026\/01\/CHD5186ZYSDFE6E-Garbage-Compactor-Truck10-600x450.jpg 600w\" sizes=\"(max-width: 800px) 100vw, 800px\" \/><\/td>\n<\/tr>\n<tr style=\"height: 24px;\">\n<td style=\"width: 50%; height: 24px;\"><img loading=\"lazy\" decoding=\"async\" class=\"alignnone wp-image-2318 size-full\" src=\"https:\/\/www.haideclean.com\/wp-content\/uploads\/2026\/01\/CHD5186ZYSDFE6E-Garbage-Compactor-Truck11.jpg\" alt=\"\" width=\"800\" height=\"600\" srcset=\"https:\/\/www.haideclean.com\/wp-content\/uploads\/2026\/01\/CHD5186ZYSDFE6E-Garbage-Compactor-Truck11.jpg 800w, https:\/\/www.haideclean.com\/wp-content\/uploads\/2026\/01\/CHD5186ZYSDFE6E-Garbage-Compactor-Truck11-300x225.jpg 300w, https:\/\/www.haideclean.com\/wp-content\/uploads\/2026\/01\/CHD5186ZYSDFE6E-Garbage-Compactor-Truck11-768x576.jpg 768w, https:\/\/www.haideclean.com\/wp-content\/uploads\/2026\/01\/CHD5186ZYSDFE6E-Garbage-Compactor-Truck11-600x450.jpg 600w\" sizes=\"(max-width: 800px) 100vw, 800px\" \/><\/td>\n<td style=\"width: 50%; height: 24px;\">Structure de coulissante: nouveau type avec structure de coulissante int\u00e9gr\u00e9e, avec arbre de connexion, r\u00e9sistance \u00e0 l'usure, aucune d\u00e9formation, entra\u00eenement pour fonction inverse, rasoir les obstacles de rencontre peut changer automatiquement l'action, \u00e9viter efficacement les obstacles, \u00e9viter les dommages \u00e0 l'\u00e9quipement.<\/td>\n<\/tr>\n<tr style=\"height: 24px;\">\n<td style=\"width: 50%; height: 24px;\">Standard avec pompe \u00e0 huile de marque bien connue domestique, la pompe hydraulique est le composant de puissance du syst\u00e8me hydraulique, est entra\u00een\u00e9 par le moteur, \u00e0 partir de l'huile d'aspiration du r\u00e9servoir hydraulique, la formation de d\u00e9charge d'huile sous pression, envoy\u00e9 \u00e0 l'ex\u00e9cution d'une action unique du cylindre \u00e0 huile, pour fournir de l'\u00e9nergie au syst\u00e8me hydraulique<\/td>\n<td style=\"width: 50%; height: 24px;\"><img loading=\"lazy\" decoding=\"async\" class=\"alignnone wp-image-2319 size-full\" src=\"https:\/\/www.haideclean.com\/wp-content\/uploads\/2026\/01\/CHD5186ZYSDFE6E-Garbage-Compactor-Truck12.jpg\" alt=\"\" width=\"800\" height=\"600\" srcset=\"https:\/\/www.haideclean.com\/wp-content\/uploads\/2026\/01\/CHD5186ZYSDFE6E-Garbage-Compactor-Truck12.jpg 800w, https:\/\/www.haideclean.com\/wp-content\/uploads\/2026\/01\/CHD5186ZYSDFE6E-Garbage-Compactor-Truck12-300x225.jpg 300w, https:\/\/www.haideclean.com\/wp-content\/uploads\/2026\/01\/CHD5186ZYSDFE6E-Garbage-Compactor-Truck12-768x576.jpg 768w, https:\/\/www.haideclean.com\/wp-content\/uploads\/2026\/01\/CHD5186ZYSDFE6E-Garbage-Compactor-Truck12-600x450.jpg 600w\" sizes=\"(max-width: 800px) 100vw, 800px\" \/><\/td>\n<\/tr>\n<tr style=\"height: 24px;\">\n<td style=\"width: 50%; height: 24px;\"><img loading=\"lazy\" decoding=\"async\" class=\"alignnone wp-image-2320 size-full\" src=\"https:\/\/www.haideclean.com\/wp-content\/uploads\/2026\/01\/CHD5186ZYSDFE6E-Garbage-Compactor-Truck13.jpg\" alt=\"\" width=\"800\" height=\"600\" srcset=\"https:\/\/www.haideclean.com\/wp-content\/uploads\/2026\/01\/CHD5186ZYSDFE6E-Garbage-Compactor-Truck13.jpg 800w, https:\/\/www.haideclean.com\/wp-content\/uploads\/2026\/01\/CHD5186ZYSDFE6E-Garbage-Compactor-Truck13-300x225.jpg 300w, https:\/\/www.haideclean.com\/wp-content\/uploads\/2026\/01\/CHD5186ZYSDFE6E-Garbage-Compactor-Truck13-768x576.jpg 768w, https:\/\/www.haideclean.com\/wp-content\/uploads\/2026\/01\/CHD5186ZYSDFE6E-Garbage-Compactor-Truck13-600x450.jpg 600w\" sizes=\"(max-width: 800px) 100vw, 800px\" \/><\/td>\n<td style=\"width: 50%; height: 24px;\">Le filtre de conduite \u00e0 haute pression peut \u00eatre install\u00e9 dans diff\u00e9rents niveaux de pression de la conduite \u00e0 pression, pour enlever ou bloquer davantage en raison des \u00e9l\u00e9ments externes dans l'usure interne, ou coinc\u00e9, ainsi que le milieu interne lui-m\u00eame caus\u00e9 par l'action chimique des impuret\u00e9s, etc., \u00e9quip\u00e9 d'une pr\u00e9cision de filtration d'huile de filtre \u00e0 haute pression de 0,01 micron. Particuli\u00e8rement adapt\u00e9 aux syst\u00e8mes de commande automatique et aux syst\u00e8mes servo, il peut emp\u00eacher les composants de commande de haute pr\u00e9cision et les composants ex\u00e9cutifs d'usure pr\u00e9matur\u00e9e ou de blocage en raison de la pollution, r\u00e9duisant ainsi les d\u00e9faillances et prolongant la dur\u00e9e de vie des composants du syst\u00e8me hydraulique.<\/td>\n<\/tr>\n<\/tbody>\n<\/table>","protected":false},"excerpt":{"rendered":"<p>Le camion compacteur \u00e0 ordures CHD5186ZYSDFE6E est principalement utilis\u00e9 pour la collecte, la compression et le transport des d\u00e9chets solides municipaux, et peut \u00e9galement \u00eatre utilis\u00e9 pour la collecte, la compression et le transport de certains d\u00e9chets industriels et agricoles l\u00e9gers et dispersants. Le v\u00e9hicule est \u00e9quip\u00e9 d'une unit\u00e9 sp\u00e9ciale pour charger, comprimer, transf\u00e9rer et d\u00e9verser les ordures dans, comprimer, transf\u00e9rer et d\u00e9verser les ordures par lui-m\u00eame, en combinaison avec l'\u00e9quipement et la puissance du v\u00e9hicule et le conteneur st\u00e9r\u00e9otyp\u00e9 (comme une poubelle).<\/p>","protected":false},"featured_media":2304,"template":"","meta":[],"product_brand":[],"product_cat":[28],"product_tag":[],"class_list":{"0":"post-2301","1":"product","2":"type-product","3":"status-publish","4":"has-post-thumbnail","6":"product_cat-waste-collection-transport","8":"first","9":"instock","10":"shipping-taxable","11":"product-type-simple"},"_links":{"self":[{"href":"https:\/\/www.haideclean.com\/fr\/wp-json\/wp\/v2\/product\/2301","targetHints":{"allow":["GET"]}}],"collection":[{"href":"https:\/\/www.haideclean.com\/fr\/wp-json\/wp\/v2\/product"}],"about":[{"href":"https:\/\/www.haideclean.com\/fr\/wp-json\/wp\/v2\/types\/product"}],"wp:featuredmedia":[{"embeddable":true,"href":"https:\/\/www.haideclean.com\/fr\/wp-json\/wp\/v2\/media\/2304"}],"wp:attachment":[{"href":"https:\/\/www.haideclean.com\/fr\/wp-json\/wp\/v2\/media?parent=2301"}],"wp:term":[{"taxonomy":"product_brand","embeddable":true,"href":"https:\/\/www.haideclean.com\/fr\/wp-json\/wp\/v2\/product_brand?post=2301"},{"taxonomy":"product_cat","embeddable":true,"href":"https:\/\/www.haideclean.com\/fr\/wp-json\/wp\/v2\/product_cat?post=2301"},{"taxonomy":"product_tag","embeddable":true,"href":"https:\/\/www.haideclean.com\/fr\/wp-json\/wp\/v2\/product_tag?post=2301"}],"curies":[{"name":"wp","href":"https:\/\/api.w.org\/{rel}","templated":true}]}}