{"id":2302,"date":"2026-01-07T16:12:02","date_gmt":"2026-01-07T08:12:02","guid":{"rendered":"https:\/\/www.haideclean.com\/?post_type=product&#038;p=2302"},"modified":"2026-03-19T11:32:41","modified_gmt":"2026-03-19T03:32:41","slug":"chd5181tdydfbev-full-electric-multi-functional-dust-suppression-truck","status":"publish","type":"product","link":"https:\/\/www.haideclean.com\/fr\/produit\/chd5181tdydfbev-full-electric-multi-functional-dust-suppression-truck\/","title":{"rendered":"CHD5181TDYDFBEV camion multifonctionnel \u00e9lectrique compl\u00e8te de suppression de la poussi\u00e8re"},"content":{"rendered":"<p>Les syst\u00e8mes de brouillard \u00e0 haute pression et de voies navigables \u00e0 basse pression sont ind\u00e9pendants les uns des autres.<\/p>\n<p>Niveau avanc\u00e9 de la technologie: le r\u00e9servoir est \u00e9quip\u00e9 d'une cloison anti-ondes multicanal pour r\u00e9duire l'impact sur le r\u00e9servoir, le r\u00e9servoir d'eau est \u00e9quip\u00e9 d'un syst\u00e8me d'alarme de niveau d'eau bas et le canon de brouillard adopte un processus de r\u00e9duction du bruit \u00e0 double bras pour minimiser le bruit du fonctionnement du v\u00e9hicule.<\/p>\n<p>Qualit\u00e9 du mat\u00e9riau de fabrication: Le r\u00e9servoir adopte le mat\u00e9riau en acier inoxydable 304, la r\u00e9sistance \u00e0 la corrosion, la performance stable.<\/p>\n<p>Commodit\u00e9 d'exploitation et d'entretien: le contr\u00f4le adopte la forme d'une t\u00e9l\u00e9commande sans fil, facile \u00e0 utiliser, les \u00e9l\u00e9ments de base du canon de brouillard sont situ\u00e9s dans la cabine d'entretien sous le canon de brouillard pour une entretien facile.<\/p>\n<p>Globalement avanc\u00e9 et stable: arrosage moteur ind\u00e9pendant, distance de rin\u00e7age d'op\u00e9ration d'arrosage \u00e0 basse vitesse, d\u00e9bit stable.<\/p>\n<p><strong>Syst\u00e8mes d'aspersion \u00e0 basse pression :<\/strong><\/p>\n<p>Adoptant un syst\u00e8me d'exploitation en un clic, il a la fonction de rin\u00e7age avant et d'aspersion arri\u00e8re, et la largeur est r\u00e9glable;<\/p>\n<p>\u00c9quip\u00e9 d'un dispositif de rin\u00e7age c\u00f4t\u00e9 colonne centrale gauche et droite, la buse peut \u00eatre r\u00e9gl\u00e9e \u00e0 n'importe quel angle 360 \u00b0;<\/p>\n<p>Le r\u00e9servoir est normalis\u00e9 en acier inoxydable 304 avec plusieurs cloisons anti-ondes pour r\u00e9duire l'impact sur le r\u00e9servoir, et le r\u00e9servoir d'eau est \u00e9quip\u00e9 d'un syst\u00e8me d'alarme \u00e0 faible niveau d'eau.<\/p>\n<p>Le v\u00e9hicule est \u00e9quip\u00e9 d'une pompe \u00e0 eau auto-aspirante avec fonction d'auto-aspiration et d'une boucle auto-circulante dans le syst\u00e8me d'eau, qui peut \u00eatre utilis\u00e9e pour faire fondre la neige fondue en hiver;<\/p>\n<p>L'ensemble du circuit d'eau adopte le syst\u00e8me pneumatique, qui est s\u00fbr, fiable, facile et flexible \u00e0 utiliser;<\/p>\n<p>Pulv\u00e9risation moteur ind\u00e9pendant, distance de rin\u00e7age d'op\u00e9ration de pulv\u00e9risation \u00e0 basse vitesse, d\u00e9bit stable.<\/p>\n<p><strong>Syst\u00e8mes de pulv\u00e9risation haute pression :<\/strong><\/p>\n<p>Syst\u00e8me de contr\u00f4le intelligent, avec manuel (t\u00e9l\u00e9commande) et t\u00e9l\u00e9commande deux types de mode de fonctionnement, fonctionnement simple et intelligent;<\/p>\n<p>Le syst\u00e8me de pulv\u00e9risation adopte des doubles anneaux de pulv\u00e9risation et des buses r\u00e9glables pour la granularit\u00e9 du brouillard, avec une puissance \u00e9olienne forte, une port\u00e9e \u00e9lev\u00e9e (\u00e9loign\u00e9e) et une bonne p\u00e9n\u00e9tration;<\/p>\n<p>Les pompes \u00e0 eau centrifuges verticales multi\u00e9tages ont une t\u00eate \u00e9lev\u00e9e, une longue dur\u00e9e de vie et une r\u00e9sistance \u00e0 la corrosion;<\/p>\n<p>Le v\u00e9hicule&#8217; les lignes \u00e0 haute tension sont \u00e9quip\u00e9es d'un protecteur de court-circuit de s\u00e9curit\u00e9 pour \u00e9viter les accidents de s\u00e9curit\u00e9 lorsque les lignes sont abras\u00e9es, submerg\u00e9es dans l'eau ou autrement court-circuit\u00e9es;<\/p>\n<p>Plateforme de travail arri\u00e8re multi-protection est \u00e9quip\u00e9e de prot\u00e8ges de cadre de s\u00e9curit\u00e9, avec pistolet \u00e0 eau verte haute pulv\u00e9risation, avec fonction de lutte contre les incendies auxiliaire, peut \u00eatre press\u00e9 dans une colonne ou brouillard;<\/p>\n<p>Bouton d'arr\u00eat arri\u00e8re, dispositif d'alarme de s\u00e9curit\u00e9, syst\u00e8me de protection contre le court-circuit de s\u00e9curit\u00e9 Syst\u00e8me de protection de s\u00e9curit\u00e9 multiple assure la s\u00e9curit\u00e9 du fonctionnement du v\u00e9hicule.<\/p>\n<p><img fetchpriority=\"high\" decoding=\"async\" class=\"alignnone wp-image-2326 size-full\" src=\"https:\/\/www.haideclean.com\/wp-content\/uploads\/2026\/01\/CHD5181TDYDFBEV-Full-Electric-Multi-functional-Dust-Suppression-Truck12.jpg\" alt=\"\" width=\"800\" height=\"600\" srcset=\"https:\/\/www.haideclean.com\/wp-content\/uploads\/2026\/01\/CHD5181TDYDFBEV-Full-Electric-Multi-functional-Dust-Suppression-Truck12.jpg 800w, https:\/\/www.haideclean.com\/wp-content\/uploads\/2026\/01\/CHD5181TDYDFBEV-Full-Electric-Multi-functional-Dust-Suppression-Truck12-300x225.jpg 300w, https:\/\/www.haideclean.com\/wp-content\/uploads\/2026\/01\/CHD5181TDYDFBEV-Full-Electric-Multi-functional-Dust-Suppression-Truck12-768x576.jpg 768w, https:\/\/www.haideclean.com\/wp-content\/uploads\/2026\/01\/CHD5181TDYDFBEV-Full-Electric-Multi-functional-Dust-Suppression-Truck12-600x450.jpg 600w\" sizes=\"(max-width: 800px) 100vw, 800px\" \/><\/p>\n<p>Figure 1 Flushing avant (bas\u00e9 sur le v\u00e9hicule r\u00e9el)<\/p>\n<p><img decoding=\"async\" class=\"alignnone wp-image-2327 size-full\" src=\"https:\/\/www.haideclean.com\/wp-content\/uploads\/2026\/01\/Figure-2-Side-Flush-Device-based-on-actual-vehicle13.jpg\" alt=\"\" width=\"800\" height=\"600\" srcset=\"https:\/\/www.haideclean.com\/wp-content\/uploads\/2026\/01\/Figure-2-Side-Flush-Device-based-on-actual-vehicle13.jpg 800w, https:\/\/www.haideclean.com\/wp-content\/uploads\/2026\/01\/Figure-2-Side-Flush-Device-based-on-actual-vehicle13-300x225.jpg 300w, https:\/\/www.haideclean.com\/wp-content\/uploads\/2026\/01\/Figure-2-Side-Flush-Device-based-on-actual-vehicle13-768x576.jpg 768w, https:\/\/www.haideclean.com\/wp-content\/uploads\/2026\/01\/Figure-2-Side-Flush-Device-based-on-actual-vehicle13-600x450.jpg 600w\" sizes=\"(max-width: 800px) 100vw, 800px\" \/><\/p>\n<p>Figure 2 Dispositif de rin\u00e7age lat\u00e9ral (bas\u00e9 sur le v\u00e9hicule r\u00e9el)<\/p>\n<p><img decoding=\"async\" class=\"alignnone wp-image-2328 size-full\" src=\"https:\/\/www.haideclean.com\/wp-content\/uploads\/2026\/01\/Figure-2-Side-Flush-Device-based-on-actual-vehicle14.jpg\" alt=\"\" width=\"800\" height=\"600\" srcset=\"https:\/\/www.haideclean.com\/wp-content\/uploads\/2026\/01\/Figure-2-Side-Flush-Device-based-on-actual-vehicle14.jpg 800w, https:\/\/www.haideclean.com\/wp-content\/uploads\/2026\/01\/Figure-2-Side-Flush-Device-based-on-actual-vehicle14-300x225.jpg 300w, https:\/\/www.haideclean.com\/wp-content\/uploads\/2026\/01\/Figure-2-Side-Flush-Device-based-on-actual-vehicle14-768x576.jpg 768w, https:\/\/www.haideclean.com\/wp-content\/uploads\/2026\/01\/Figure-2-Side-Flush-Device-based-on-actual-vehicle14-600x450.jpg 600w\" sizes=\"(max-width: 800px) 100vw, 800px\" \/><\/p>\n<p>Figure 3 Sprinkler arri\u00e8re<\/p>\n<p><img loading=\"lazy\" decoding=\"async\" class=\"alignnone wp-image-2329 size-full\" src=\"https:\/\/www.haideclean.com\/wp-content\/uploads\/2026\/01\/Figure-2-Side-Flush-Device-based-on-actual-vehicle15.jpg\" alt=\"\" width=\"800\" height=\"600\" srcset=\"https:\/\/www.haideclean.com\/wp-content\/uploads\/2026\/01\/Figure-2-Side-Flush-Device-based-on-actual-vehicle15.jpg 800w, https:\/\/www.haideclean.com\/wp-content\/uploads\/2026\/01\/Figure-2-Side-Flush-Device-based-on-actual-vehicle15-300x225.jpg 300w, https:\/\/www.haideclean.com\/wp-content\/uploads\/2026\/01\/Figure-2-Side-Flush-Device-based-on-actual-vehicle15-768x576.jpg 768w, https:\/\/www.haideclean.com\/wp-content\/uploads\/2026\/01\/Figure-2-Side-Flush-Device-based-on-actual-vehicle15-600x450.jpg 600w\" sizes=\"(max-width: 800px) 100vw, 800px\" \/><\/p>\n<p>Figure 4 Pistolet \u00e0 brouillard \u00e0 double anneau de pulv\u00e9risation<\/p>\n<p><img loading=\"lazy\" decoding=\"async\" class=\"alignnone wp-image-2330 size-full\" src=\"https:\/\/www.haideclean.com\/wp-content\/uploads\/2026\/01\/Figure-4-Double-spray-ring-fog-gun1.jpg\" alt=\"\" width=\"800\" height=\"600\" srcset=\"https:\/\/www.haideclean.com\/wp-content\/uploads\/2026\/01\/Figure-4-Double-spray-ring-fog-gun1.jpg 800w, https:\/\/www.haideclean.com\/wp-content\/uploads\/2026\/01\/Figure-4-Double-spray-ring-fog-gun1-300x225.jpg 300w, https:\/\/www.haideclean.com\/wp-content\/uploads\/2026\/01\/Figure-4-Double-spray-ring-fog-gun1-768x576.jpg 768w, https:\/\/www.haideclean.com\/wp-content\/uploads\/2026\/01\/Figure-4-Double-spray-ring-fog-gun1-600x450.jpg 600w\" sizes=\"(max-width: 800px) 100vw, 800px\" \/><\/p>\n<p>Figure 5 Pistolets \u00e0 eau verte \u00e0 pulv\u00e9risation \u00e9lev\u00e9e<\/p>\n<p><img loading=\"lazy\" decoding=\"async\" class=\"alignnone wp-image-2331 size-full\" src=\"https:\/\/www.haideclean.com\/wp-content\/uploads\/2026\/01\/Figure-4-Double-spray-ring-fog-gun2.jpg\" alt=\"\" width=\"800\" height=\"600\" srcset=\"https:\/\/www.haideclean.com\/wp-content\/uploads\/2026\/01\/Figure-4-Double-spray-ring-fog-gun2.jpg 800w, https:\/\/www.haideclean.com\/wp-content\/uploads\/2026\/01\/Figure-4-Double-spray-ring-fog-gun2-300x225.jpg 300w, https:\/\/www.haideclean.com\/wp-content\/uploads\/2026\/01\/Figure-4-Double-spray-ring-fog-gun2-768x576.jpg 768w, https:\/\/www.haideclean.com\/wp-content\/uploads\/2026\/01\/Figure-4-Double-spray-ring-fog-gun2-600x450.jpg 600w\" sizes=\"(max-width: 800px) 100vw, 800px\" \/><\/p>\n<p>Fig. 6 Buse avec taille de grain de brouillard r\u00e9glable<\/p>\n<p><img loading=\"lazy\" decoding=\"async\" class=\"alignnone wp-image-2333 size-full\" src=\"https:\/\/www.haideclean.com\/wp-content\/uploads\/2026\/01\/Figure-4-Double-spray-ring-fog-gun4.jpg\" alt=\"\" width=\"800\" height=\"600\" srcset=\"https:\/\/www.haideclean.com\/wp-content\/uploads\/2026\/01\/Figure-4-Double-spray-ring-fog-gun4.jpg 800w, https:\/\/www.haideclean.com\/wp-content\/uploads\/2026\/01\/Figure-4-Double-spray-ring-fog-gun4-300x225.jpg 300w, https:\/\/www.haideclean.com\/wp-content\/uploads\/2026\/01\/Figure-4-Double-spray-ring-fog-gun4-768x576.jpg 768w, https:\/\/www.haideclean.com\/wp-content\/uploads\/2026\/01\/Figure-4-Double-spray-ring-fog-gun4-600x450.jpg 600w\" sizes=\"(max-width: 800px) 100vw, 800px\" \/><\/p>\n<p>Figure 8 Syst\u00e8me pneumatique des voies navigables<\/p>\n<p><img loading=\"lazy\" decoding=\"async\" class=\"alignnone wp-image-2332 size-full\" src=\"https:\/\/www.haideclean.com\/wp-content\/uploads\/2026\/01\/Figure-4-Double-spray-ring-fog-gun6.jpg\" alt=\"\" width=\"800\" height=\"600\" srcset=\"https:\/\/www.haideclean.com\/wp-content\/uploads\/2026\/01\/Figure-4-Double-spray-ring-fog-gun6.jpg 800w, https:\/\/www.haideclean.com\/wp-content\/uploads\/2026\/01\/Figure-4-Double-spray-ring-fog-gun6-300x225.jpg 300w, https:\/\/www.haideclean.com\/wp-content\/uploads\/2026\/01\/Figure-4-Double-spray-ring-fog-gun6-768x576.jpg 768w, https:\/\/www.haideclean.com\/wp-content\/uploads\/2026\/01\/Figure-4-Double-spray-ring-fog-gun6-600x450.jpg 600w\" sizes=\"(max-width: 800px) 100vw, 800px\" \/><\/p>\n<p>Figure 9 Syst\u00e8me de t\u00e9l\u00e9commande<\/p>","protected":false},"excerpt":{"rendered":"<p>Le camion anti-poussi\u00e8re multifonctionnel est un \u00e9quipement anti-poussi\u00e8re de haute technologie qui peut purifier l'air et r\u00e9duire la concentration de PM2,5, \u00e9galement connu sous le nom de &#8220; canon de brouillard&#8221; Il peut r\u00e9duire la poussi\u00e8re et la d\u00e9contamination en pulv\u00e9risant la brume d'eau, et a une forte p\u00e9n\u00e9tration de poussi\u00e8re dans l'air, qui peut contr\u00f4ler efficacement la pollution par les PM2,5, le dioxyde d'azote et l'ozone et am\u00e9liorer l'environnement atmosph\u00e9rique urbain.<\/p>","protected":false},"featured_media":2321,"template":"","meta":[],"product_brand":[],"product_cat":[27],"product_tag":[],"class_list":{"0":"post-2302","1":"product","2":"type-product","3":"status-publish","4":"has-post-thumbnail","6":"product_cat-cleaning-vehicles","8":"first","9":"instock","10":"shipping-taxable","11":"product-type-simple"},"_links":{"self":[{"href":"https:\/\/www.haideclean.com\/fr\/wp-json\/wp\/v2\/product\/2302","targetHints":{"allow":["GET"]}}],"collection":[{"href":"https:\/\/www.haideclean.com\/fr\/wp-json\/wp\/v2\/product"}],"about":[{"href":"https:\/\/www.haideclean.com\/fr\/wp-json\/wp\/v2\/types\/product"}],"wp:featuredmedia":[{"embeddable":true,"href":"https:\/\/www.haideclean.com\/fr\/wp-json\/wp\/v2\/media\/2321"}],"wp:attachment":[{"href":"https:\/\/www.haideclean.com\/fr\/wp-json\/wp\/v2\/media?parent=2302"}],"wp:term":[{"taxonomy":"product_brand","embeddable":true,"href":"https:\/\/www.haideclean.com\/fr\/wp-json\/wp\/v2\/product_brand?post=2302"},{"taxonomy":"product_cat","embeddable":true,"href":"https:\/\/www.haideclean.com\/fr\/wp-json\/wp\/v2\/product_cat?post=2302"},{"taxonomy":"product_tag","embeddable":true,"href":"https:\/\/www.haideclean.com\/fr\/wp-json\/wp\/v2\/product_tag?post=2302"}],"curies":[{"name":"wp","href":"https:\/\/api.w.org\/{rel}","templated":true}]}}