{"id":2334,"date":"2026-01-07T16:11:59","date_gmt":"2026-01-07T08:11:59","guid":{"rendered":"https:\/\/www.haideclean.com\/?post_type=product&#038;p=2334"},"modified":"2026-03-19T12:00:57","modified_gmt":"2026-03-19T04:00:57","slug":"chr20s-compact-diesel-powered-street-sweeper","status":"publish","type":"product","link":"https:\/\/www.haideclean.com\/fr\/produit\/chr20s-compact-diesel-powered-street-sweeper\/","title":{"rendered":"CHR20S Compact balayeur de rue diesel"},"content":{"rendered":"<p>1\u3001Transmission hydraulique compl\u00e8te, toute l'action peut \u00eatre utilis\u00e9e dans la cabine.<\/p>\n<p>2\u3001La cabine est principalement en verre, le champ de vision est ouvert, a la climatisation, spacieux et confortable.<\/p>\n<p>3\u3001Le cadre est compos\u00e9 de deux parties, qui est reli\u00e9e par charni\u00e8re, la conception est appropri\u00e9e et le virage de tout le v\u00e9hicule est tr\u00e8s flexible.<\/p>\n<p>4, m\u00e9canisme de tournage hydraulique complet, changement de vitesse sans pas.<\/p>\n<p>5\u3001Balayage: les deux brosses sont \u00e0 l'avant du v\u00e9hicule, le port d'aspiration est au milieu, de sorte que les brosses peuvent balayer les ordures au port d'aspiration avec succ\u00e8s.<\/p>\n<p>6\u3001Mode d'aspiration: il adopte la filtration de l'air d'\u00e9chappement circulaire, lorsque l'air du ventilateur est filtr\u00e9 par le syst\u00e8me de filtre sec, alors il retournera au port d'aspiration pour l'utilisation de soufflage inverse, haute efficacit\u00e9, protection de l'environnement et faible re-pollution.<\/p>\n<p>7\u3001La balayeuse est \u00e9quip\u00e9e d'un r\u00e9servoir d'eau propre de 150L, allumez la buse, qui est sur le support de brosse, pour r\u00e9duire la poussi\u00e8re avec l'arrosage.<\/p>\n<p>8\u3001Les ordures collect\u00e9es sont transport\u00e9es dans la poubelle de 240L. L'\u00e9tag\u00e8re de levage, contr\u00f4l\u00e9e par l'hydraulique, peut laisser tomber la poubelle \u00e0 la terre simplement et tranquillement. L'op\u00e9ration est pratique.<\/p>","protected":false},"excerpt":{"rendered":"<p>Le balayeur CHR20S adopte un moteur unique et la conduite par hydraulique compl\u00e8te, il est fabriqu\u00e9 avec la technologie avanc\u00e9e de la c\u00e9l\u00e8bre soci\u00e9t\u00e9. Le fonctionnement du v\u00e9hicule est flexible avec le virage articul\u00e9.<\/p>","protected":false},"featured_media":2337,"template":"","meta":[],"product_brand":[],"product_cat":[30],"product_tag":[],"class_list":{"0":"post-2334","1":"product","2":"type-product","3":"status-publish","4":"has-post-thumbnail","6":"product_cat-compact-street-sweepers","8":"first","9":"instock","10":"shipping-taxable","11":"product-type-simple"},"_links":{"self":[{"href":"https:\/\/www.haideclean.com\/fr\/wp-json\/wp\/v2\/product\/2334","targetHints":{"allow":["GET"]}}],"collection":[{"href":"https:\/\/www.haideclean.com\/fr\/wp-json\/wp\/v2\/product"}],"about":[{"href":"https:\/\/www.haideclean.com\/fr\/wp-json\/wp\/v2\/types\/product"}],"wp:featuredmedia":[{"embeddable":true,"href":"https:\/\/www.haideclean.com\/fr\/wp-json\/wp\/v2\/media\/2337"}],"wp:attachment":[{"href":"https:\/\/www.haideclean.com\/fr\/wp-json\/wp\/v2\/media?parent=2334"}],"wp:term":[{"taxonomy":"product_brand","embeddable":true,"href":"https:\/\/www.haideclean.com\/fr\/wp-json\/wp\/v2\/product_brand?post=2334"},{"taxonomy":"product_cat","embeddable":true,"href":"https:\/\/www.haideclean.com\/fr\/wp-json\/wp\/v2\/product_cat?post=2334"},{"taxonomy":"product_tag","embeddable":true,"href":"https:\/\/www.haideclean.com\/fr\/wp-json\/wp\/v2\/product_tag?post=2334"}],"curies":[{"name":"wp","href":"https:\/\/api.w.org\/{rel}","templated":true}]}}