{"id":2341,"date":"2026-01-07T16:17:49","date_gmt":"2026-01-07T08:17:49","guid":{"rendered":"https:\/\/www.haideclean.com\/?post_type=product&#038;p=2341"},"modified":"2026-04-09T15:19:44","modified_gmt":"2026-04-09T07:19:44","slug":"chd5181tdydfe6-multi-functional-dust-suppression-truck","status":"publish","type":"product","link":"https:\/\/www.haideclean.com\/fr\/produit\/chd5181tdydfe6-multi-functional-dust-suppression-truck\/","title":{"rendered":"CHD5181TDYDFE6 camion multifonctionnel de suppression de la poussi\u00e8re"},"content":{"rendered":"<p><strong><b>Features :<\/b><\/strong><\/p>\n<ol>\n<li>Le camion pourrait \u00eatre \u00e9quip\u00e9 d'une charrue \u00e0 neige en hiver.<\/li>\n<li>La largeur d'arrosage avant et arri\u00e8re est sup\u00e9rieure \u00e0 24m.<\/li>\n<li>It has two independent water systems, high pressure spray system and low pressure watering system.<\/li>\n<li>Le r\u00e9servoir d'eau est en acier inoxydable, l'\u00e9paisseur n'est pas inf\u00e9rieure \u00e0 3mm.<\/li>\n<li>Le panneau de commande du sprinkler dispose d'un bouton d'arr\u00eat d'urgence et d'un dispositif d'alarme de s\u00e9curit\u00e9.<\/li>\n<li>Il a la fonction d'auto-aspiration, le camion pourrait aspirer l'eau \u00e0 l'eau en utilisant une pompe \u00e0 eau.<\/li>\n<li>Le camion alarmera s'il n'y a pas d'eau dans le r\u00e9servoir d'eau, ce qui pourrait prot\u00e9ger la pompe \u00e0 eau \u00e0 basse pression.<\/li>\n<li>La protection lat\u00e9rale est faite de mat\u00e9riau en alliage d'aluminium, qui a une haute r\u00e9sistance \u00e0 la s\u00e9curit\u00e9 et une belle apparence.<\/li>\n<\/ol>","protected":false},"excerpt":{"rendered":"<p>Compar\u00e9 au camion d'arrosage ordinaire, le plus grand avantage du camion de pulv\u00e9risation CHD5181TDYDFE6 est sa pleine fonction. Il a non seulement la fonction d'aspersion et d'arrosage de la ceinture verte en bord de route, mais aussi la fonction de contr\u00f4le de la pulv\u00e9risation et de la poussi\u00e8re, d'am\u00e9lioration de la qualit\u00e9 de l'air et de lutte contre les incendies d'urgence. Le camion a \u00e9galement une fonction d'auto-amor\u00e7age et peut \u00eatre absorb\u00e9 par l'auto &#8211; pompe d'aspiration. Par cons\u00e9quent, le camion peut \u00eatre largement utilis\u00e9 dans les d\u00e9partements de gestion routi\u00e8re, municipale et sanitaire de haute qualit\u00e9.<\/p>","protected":false},"featured_media":2360,"template":"","meta":[],"product_brand":[],"product_cat":[27],"product_tag":[],"class_list":{"0":"post-2341","1":"product","2":"type-product","3":"status-publish","4":"has-post-thumbnail","6":"product_cat-cleaning-vehicles","8":"first","9":"instock","10":"shipping-taxable","11":"product-type-simple"},"_links":{"self":[{"href":"https:\/\/www.haideclean.com\/fr\/wp-json\/wp\/v2\/product\/2341","targetHints":{"allow":["GET"]}}],"collection":[{"href":"https:\/\/www.haideclean.com\/fr\/wp-json\/wp\/v2\/product"}],"about":[{"href":"https:\/\/www.haideclean.com\/fr\/wp-json\/wp\/v2\/types\/product"}],"wp:featuredmedia":[{"embeddable":true,"href":"https:\/\/www.haideclean.com\/fr\/wp-json\/wp\/v2\/media\/2360"}],"wp:attachment":[{"href":"https:\/\/www.haideclean.com\/fr\/wp-json\/wp\/v2\/media?parent=2341"}],"wp:term":[{"taxonomy":"product_brand","embeddable":true,"href":"https:\/\/www.haideclean.com\/fr\/wp-json\/wp\/v2\/product_brand?post=2341"},{"taxonomy":"product_cat","embeddable":true,"href":"https:\/\/www.haideclean.com\/fr\/wp-json\/wp\/v2\/product_cat?post=2341"},{"taxonomy":"product_tag","embeddable":true,"href":"https:\/\/www.haideclean.com\/fr\/wp-json\/wp\/v2\/product_tag?post=2341"}],"curies":[{"name":"wp","href":"https:\/\/api.w.org\/{rel}","templated":true}]}}