{"id":2342,"date":"2026-01-07T16:14:42","date_gmt":"2026-01-07T08:14:42","guid":{"rendered":"https:\/\/www.haideclean.com\/?post_type=product&#038;p=2342"},"modified":"2026-03-18T11:38:06","modified_gmt":"2026-03-18T03:38:06","slug":"chr21qevf-full-electric-high-pressure-cleaner","status":"publish","type":"product","link":"https:\/\/www.haideclean.com\/fr\/produit\/chr21qevf-full-electric-high-pressure-cleaner\/","title":{"rendered":"Nettoyeur haute pression \u00e9lectrique tout fonctionnel mod\u00e8le CHR21QEVF"},"content":{"rendered":"<ol>\n<li><strong>Direction articul\u00e9e<\/strong><\/li>\n<\/ol>\n<p>Petit rayon de tournage. Le rayon minimum de tournage n'est que de 2,6 m, qui a une bonne passabilit\u00e9 et peut facilement passer \u00e0 travers la pile d'isolation. La largeur du porte-pulv\u00e9risateurs avant est de 1540 mm, avec une largeur minimale de passage de 1350 mm (avec le porte-pulv\u00e9risateurs avant inclin\u00e9). Il peut facilement se retourner sur des routes \u00e9troites et r\u00e9aliser un rin\u00e7age et une d\u00e9sinfection circonf\u00e9rentiels \u00e0 360 \u00b0;<\/p>\n<ol start=\"2\">\n<li><strong>Cabine en verre panoramique<\/strong><\/li>\n<\/ol>\n<p>Le pare-chocs avant et les deux c\u00f4t\u00e9s de l'arri\u00e8re du conducteur&#8217; les cabines sont \u00e9quip\u00e9es de structures en verre panoramiques, offrant une large vue du travail sans aucun point mort, ce qui est plus propice \u00e0 garantir la qualit\u00e9 du travail; Le verre dans le conducteur&#8217; La cabine est recouverte d'un film solaire, qui peut efficacement isoler de la chaleur en \u00e9t\u00e9 chaud et emp\u00eacher le verre d'\u00e9clater lorsqu'il est frapp\u00e9 par des objets durs, assurant la s\u00e9curit\u00e9 du conducteur.<\/p>\n<ol start=\"3\">\n<li><strong>Confort de conduite<\/strong><\/li>\n<\/ol>\n<p>Le conducteur&#8217; La cabine s est \u00e9quip\u00e9e de fonctions telles que la climatisation et la charge du t\u00e9l\u00e9phone. Il peut \u00e9galement \u00eatre \u00e9quip\u00e9 de dispositifs multim\u00e9dia plus puissants, tels que la radio sans fil, la lecture MP3, etc.; \u00c9quip\u00e9 avec des si\u00e8ges de suspension m\u00e9caniques de marque de renom domestique en standard, le confort d'absorption des chocs peut \u00eatre ajust\u00e9 en fonction du conducteur&#8217; hauteur et poids, r\u00e9solvant efficacement le probl\u00e8me du mauvais confort de conduite des petites balayeuses routi\u00e8res \u00e0 suspension rigide. Les si\u00e8ges peuvent \u00e9galement \u00eatre \u00e9quip\u00e9s de si\u00e8ges GRAMMER allemands pour une meilleure absorption des chocs.<\/p>\n<ol start=\"4\">\n<li><strong>Syst\u00e8me de contr\u00f4le efficace<\/strong><\/li>\n<\/ol>\n<p>Le syst\u00e8me de commande adopte une unit\u00e9 de commande de v\u00e9hicule au niveau du v\u00e9hicule \u00e9lectrique pur (VECU), qui a de fortes capacit\u00e9s de traitement d'informations de bus CAN. Il a les caract\u00e9ristiques de bonne r\u00e9sistance sismique, de haut niveau de protection, de r\u00e9sistance aux grandes diff\u00e9rences de temp\u00e9rature, aux fluctuations de tension et de la capacit\u00e9 \u00e0 r\u00e9aliser des calculs de contr\u00f4le complexes. Il prend \u00e9galement en charge l'installation de terminaux de r\u00e9seautage des v\u00e9hicules pour assurer la surveillance \u00e0 distance et le diagnostic des donn\u00e9es du v\u00e9hicule.<\/p>\n<ol start=\"5\">\n<li><strong>\u00c9missions z\u00e9ro<\/strong><\/li>\n<\/ol>\n<p>L'ensemble du syst\u00e8me d'alimentation adopte une batterie au phosphate de lithium et de fer, qui est s\u00fbre et fiable. Le contr\u00f4le de gestion BMS assure la stabilit\u00e9 et la s\u00e9curit\u00e9 du fonctionnement et de la charge du v\u00e9hicule. Le syst\u00e8me de marche dispose d'une fonction de r\u00e9troaction d'\u00e9nergie \u00e9lectrique qui peut charger la batterie \u00e0 l'inverse lorsque le v\u00e9hicule est en descente et d\u00e9c\u00e9l\u00e9rate. Combin\u00e9 avec une plate-forme unique de r\u00e9seautage de v\u00e9hicule, il peut contr\u00f4ler efficacement la s\u00e9curit\u00e9 du v\u00e9hicule &#8217; s consommation d'\u00e9lectricit\u00e9 et d\u00e9tecter rapidement les d\u00e9fauts.<\/p>\n<ol start=\"6\">\n<li><strong>Performance fiable<\/strong><\/li>\n<\/ol>\n<p>Les principaux composants, tels que le moteur d'entra\u00eenement et le contr\u00f4leur de la pompe \u00e0 eau marchande, sont tous produits domestiquement, avec d'excellentes performances et un fonctionnement fiable.<\/p>\n<ol start=\"7\">\n<li><strong>Performance anti-corrosion \u00e9lev\u00e9e<\/strong><\/li>\n<\/ol>\n<p>Le corps du r\u00e9servoir d'eau est en verre, qui a les avantages d'une haute r\u00e9sistance et une forte r\u00e9sistance \u00e0 la corrosion.<\/p>\n<ol start=\"8\">\n<li><strong>Faible bruit de fonctionnement<\/strong><\/li>\n<\/ol>\n<p>L'op\u00e9ration de pulv\u00e9risation a un faible bruit, et le bruit de fonctionnement maximum est de seulement 75dBA.<\/p>\n<p>9.<strong>Op\u00e9ration de rin\u00e7age avant<\/strong><\/p>\n<p>Lors du fonctionnement du syst\u00e8me de rin\u00e7age avant haute pression, le conducteur peut ajuster la hauteur et l'angle d'oscillation du porte-pulv\u00e9risateurs avant \u00e0 tout moment en fonction des conditions routi\u00e8res pour assurer l'effet de fonctionnement.<\/p>\n<ol start=\"10\">\n<li><strong>Op\u00e9ration de rin\u00e7age lat\u00e9ral<\/strong><\/li>\n<\/ol>\n<p>L'op\u00e9ration de rin\u00e7age lat\u00e9ral peut \u00eatre coordonn\u00e9e avec une balayeuse routi\u00e8re (balayeuse routi\u00e8re) pour utiliser de l'eau haute pression du c\u00f4t\u00e9 pour rincer les ordures sur le trottoir sur la route, ou pour rincer les ordures sous le v\u00e9hicule, qui est ensuite nettoy\u00e9e par la balayeuse routi\u00e8re (balayeuse routi\u00e8re). Le travail en collaboration peut am\u00e9liorer consid\u00e9rablement l'efficacit\u00e9 des op\u00e9rations d'assainissement municipales.<\/p>\n<ol start=\"11\">\n<li><strong>Op\u00e9ration de pulv\u00e9risation arri\u00e8re<\/strong><\/li>\n<\/ol>\n<p>La pulv\u00e9risation \u00e0 haute pression a une large couverture, qui peut \u00eatre utilis\u00e9e pour des op\u00e9rations de suppression de poussi\u00e8re de pulv\u00e9risation \u00e0 distance rapproch\u00e9e et de couverture de grande superficie dans un rayon de 5 m\u00e8tres des deux c\u00f4t\u00e9s.<\/p>\n<ul>\n<li>Fonction de d\u00e9sinfection et de st\u00e9rilisation<\/li>\n<\/ul>\n<p>En m\u00e9langeant les d\u00e9sinfectants en proportion, des op\u00e9rations de d\u00e9sinfection et de st\u00e9rilisation efficaces et flexibles peuvent \u00eatre r\u00e9alis\u00e9es, adapt\u00e9es aux zones \u00e9pid\u00e9miques, aux h\u00f4pitaux et \u00e0 d'autres sc\u00e9narios.<\/p>\n<ul>\n<li>Fonction de pulv\u00e9risation de pesticides<\/li>\n<\/ul>\n<p>En ajoutant des pesticides, des insecticides, etc., des op\u00e9rations de pulv\u00e9risation de m\u00e9dicaments \u00e0 grande \u00e9chelle et flexibles peuvent \u00eatre r\u00e9alis\u00e9es dans les parcs, les fermes et d'autres endroits.<\/p>\n<ol start=\"12\">\n<li><strong>Op\u00e9ration de rin\u00e7age \u00e0 haute pression \u00e0 main<\/strong><\/li>\n<\/ol>\n<p>Le pistolet \u00e0 pulv\u00e9risation \u00e0 haute pression peut r\u00e9aliser des fonctions telles que la pulv\u00e9risation (m\u00e9dicament, d\u00e9sinfection), le nettoyage de petites publicit\u00e9s et le brossage des voitures.<\/p>\n<p>13.<strong>Configuration facultative<\/strong><\/p>\n<ul>\n<li>Fonction de pulv\u00e9risation de pistolet \u00e0 brouillard facultative, la gamme effective du pistolet \u00e0 brouillard est de 20M, et la gamme de produits similaires domestiques est la plus longue.<\/li>\n<li>La plaque de lavage de sol \u00e0 haute pression peut \u00eatre utilis\u00e9e pour nettoyer profond\u00e9ment diverses surfaces routi\u00e8res, sols en pierre, etc. La plaque de lavage du sol peut r\u00e9cup\u00e9rer et d\u00e9charger automatiquement les eaux us\u00e9es, s'assurant qu'il n'y a pas d'eaux us\u00e9es restantes dans la zone d'exploitation, et l'effet de nettoyage peut atteindre la norme de &#8220; assis sur le sol&#8221;.<\/li>\n<\/ul>","protected":false},"excerpt":{"rendered":"<p>Le nettoyeur \u00e0 haute pression \u00e9lectrique CHR21QEVF est une machine de lavage et de d\u00e9sinfection \u00e0 haute pression \u00e9lectrique pure d\u00e9velopp\u00e9e par Shandong Howe Technologies Co. Ltd. Cette machine de d\u00e9sinfection adopte les m\u00e9thodes de fonctionnement de &#8220; rin\u00e7age&#8221; , &#8220; lavage&#8221; et &#8220; r\u00e9duction de poussi\u00e8re&#8221; ciblant les rues urbaines, les a\u00e9roports, les quais, les campus, les zones d'usines, les places, les parcs, les tunnels et les routes communautaires comme principaux objets d'exploitation, et peut \u00e9galement \u00eatre appliqu\u00e9 aux anneaux ext\u00e9rieurs urbains.<\/p>","protected":false},"featured_media":2343,"template":"","meta":[],"product_brand":[],"product_cat":[30],"product_tag":[],"class_list":{"0":"post-2342","1":"product","2":"type-product","3":"status-publish","4":"has-post-thumbnail","6":"product_cat-compact-street-sweepers","8":"first","9":"instock","10":"shipping-taxable","11":"product-type-simple"},"_links":{"self":[{"href":"https:\/\/www.haideclean.com\/fr\/wp-json\/wp\/v2\/product\/2342","targetHints":{"allow":["GET"]}}],"collection":[{"href":"https:\/\/www.haideclean.com\/fr\/wp-json\/wp\/v2\/product"}],"about":[{"href":"https:\/\/www.haideclean.com\/fr\/wp-json\/wp\/v2\/types\/product"}],"wp:featuredmedia":[{"embeddable":true,"href":"https:\/\/www.haideclean.com\/fr\/wp-json\/wp\/v2\/media\/2343"}],"wp:attachment":[{"href":"https:\/\/www.haideclean.com\/fr\/wp-json\/wp\/v2\/media?parent=2342"}],"wp:term":[{"taxonomy":"product_brand","embeddable":true,"href":"https:\/\/www.haideclean.com\/fr\/wp-json\/wp\/v2\/product_brand?post=2342"},{"taxonomy":"product_cat","embeddable":true,"href":"https:\/\/www.haideclean.com\/fr\/wp-json\/wp\/v2\/product_cat?post=2342"},{"taxonomy":"product_tag","embeddable":true,"href":"https:\/\/www.haideclean.com\/fr\/wp-json\/wp\/v2\/product_tag?post=2342"}],"curies":[{"name":"wp","href":"https:\/\/api.w.org\/{rel}","templated":true}]}}