{"id":2350,"date":"2026-01-07T16:16:15","date_gmt":"2026-01-07T08:16:15","guid":{"rendered":"https:\/\/www.haideclean.com\/?post_type=product&#038;p=2350"},"modified":"2026-03-19T11:59:36","modified_gmt":"2026-03-19T03:59:36","slug":"chr21sev-full-electric-street-sweeper","status":"publish","type":"product","link":"https:\/\/www.haideclean.com\/fr\/produit\/chr21sev-full-electric-street-sweeper\/","title":{"rendered":"CHR21SEV balayeur de rue enti\u00e8rement \u00e9lectrique"},"content":{"rendered":"<p>1.La cabine de balayage est \u00e9quip\u00e9e d'un lecteur CD, d'un moniteur LCD couleur et d'un climatiseur pour cr\u00e9er un environnement de conduite confortable pour le conducteur.<\/p>\n<p>2.The power system adopts a lithium battery pack and BMS management control to ensure the stability of work.<\/p>\n<p>3.The walking system components adopt worldwide famous brand to ensure the safety and stability of driving.<\/p>\n<p>Structure 4.Articulated, fonctionnement flexible avec un rayon de tournage court, facilement accessible dans des espaces \u00e9troits et des coins.<\/p>\n<p>5.Le frein \u00e0 moyeu \u00e0 quatre roues et le frein \u00e0 l'arri\u00e8re du moteur peuvent r\u00e9aliser le freinage d'urgence du v\u00e9hicule pendant la normale.<\/p>\n<p>6.Conduire; la roue arri\u00e8re a le frein de lacement, qui peut r\u00e9aliser le frein de stationnement, assurant la s\u00e9curit\u00e9 de la conduite et du stationnement.<\/p>\n<p>7.La brosse est mont\u00e9e devant la cabine et le port d'aspiration est plac\u00e9 sous la cabine. Cette disposition permet au conducteur de voir clairement le fonctionnement du dispositif de balayage \u00e0 travers le pare-brise avant.<\/p>\n<p>Capacit\u00e9 d'aspiration 8.Strong: aspiration sous vide conduite par<\/p>\n<p>moteur sans brosse \u00e0 grande vitesse.<\/p>\n<p>9.Two modes de filtre: filtration humide et filtration s\u00e8che. Les deux modes de filtration peuvent \u00eatre convertis par un bouton.<\/p>\n<p>10. structure de d\u00e9versement de haut niveau qui rend le d\u00e9versement des ordures plus propre et rapide. conception imperm\u00e9able au vent pour emp\u00eacher la poussi\u00e8re de d\u00e9versement. deux modes de fonctionnement: bouton de commande sur le v\u00e9hicule et t\u00e9l\u00e9commande sans fil, qui est pratique pour le personnel de fonctionner dans un rayon de 20 m\u00e8tres.<\/p>\n<p>11.Electric VECU unit\u00e9 de commande au niveau du v\u00e9hicule avec grande capacit\u00e9 de traitement de l'information de bus CAN. Il a les caract\u00e9ristiques de bonne r\u00e9sistance aux tremblements de terre, de haut niveau de protection, de r\u00e9sistance \u00e0 une grande diff\u00e9rence de temp\u00e9rature, de r\u00e9sistance aux fluctuations de tension et de calcul de contr\u00f4le complexe. Il prend \u00e9galement en charge la t\u00e9l\u00e9commande des donn\u00e9es du v\u00e9hicule et le diagnostic \u00e0 distance.<\/p>\n<p>Le syst\u00e8me de gestion de batterie 12.BMS\/SOC peut g\u00e9rer la charge et la d\u00e9charge des batteries et prot\u00e9ger les batteries individuelles d\u00e9fectueuses. Il peut pr\u00e9venir les dommages caus\u00e9s par la surcharge et la surd\u00e9charge de la batterie, assurer la s\u00e9curit\u00e9 et \u00e9liminer l'explosion et l'incendie.<\/p>\n<p>13.Charg\u00e9 par la tension AC 220V, prend 4-5 heures avec le courant de charge 80A, coup\u00e9 automatiquement apr\u00e8s avoir \u00e9t\u00e9 enti\u00e8rement charg\u00e9.<\/p>\n<p>Les pailles r\u00e9tractables \u00e0 main \u00e9tendues pour poussi\u00e9rer dans des zones telles que les ceintures vertes sont facultatives, ainsi qu'un outil auxiliaire pour nettoyer les d\u00e9chets dans les tuyaux d'aspiration. La pompe \u00e0 eau pour le lavage des v\u00e9hicules est \u00e9galement facultative. Le pistolet \u00e0 pulv\u00e9risation haute pression peut \u00eatre transport\u00e9 avec le v\u00e9hicule, de sorte que le v\u00e9hicule puisse \u00eatre nettoy\u00e9 apr\u00e8s son travail.<\/p>\n<p>Les extincteurs 15.Portable sont disponibles dans la cabine pour les situations d'urgence. \u00c9quip\u00e9 d'une pompe \u00e0 main d'urgence pour soulever la poubelle pour le d\u00e9pannage en cas de panne du syst\u00e8me \u00e9lectrique et hydraulique.<\/p>","protected":false},"excerpt":{"rendered":"<p>Le balayeur \u00e9lectrique CHR21SEV, d\u00e9velopp\u00e9 par Shandong Howe Technologies Co. Ltd., est une balayeuse compacte sp\u00e9cialis\u00e9e \u00e0 base de ch\u00e2ssis articul\u00e9s \u00e0 vide balayeuse \u00e9lectrique compl\u00e8te. Cette balayeuse \u00e9lectrique utilise un mode de fonctionnement \"balayage et aspiration combin\u00e9s\" avec des capacit\u00e9s de \"circulation des eaux us\u00e9es\" et d'\"auto-d\u00e9versement \u00e0 haute position\", avec une conception structurale qui r\u00e9pond aux normes sp\u00e9cialis\u00e9es avanc\u00e9es tant au niveau national qu'international.<\/p>","protected":false},"featured_media":2351,"template":"","meta":[],"product_brand":[],"product_cat":[30],"product_tag":[],"class_list":{"0":"post-2350","1":"product","2":"type-product","3":"status-publish","4":"has-post-thumbnail","6":"product_cat-compact-street-sweepers","8":"first","9":"instock","10":"shipping-taxable","11":"product-type-simple"},"_links":{"self":[{"href":"https:\/\/www.haideclean.com\/fr\/wp-json\/wp\/v2\/product\/2350","targetHints":{"allow":["GET"]}}],"collection":[{"href":"https:\/\/www.haideclean.com\/fr\/wp-json\/wp\/v2\/product"}],"about":[{"href":"https:\/\/www.haideclean.com\/fr\/wp-json\/wp\/v2\/types\/product"}],"wp:featuredmedia":[{"embeddable":true,"href":"https:\/\/www.haideclean.com\/fr\/wp-json\/wp\/v2\/media\/2351"}],"wp:attachment":[{"href":"https:\/\/www.haideclean.com\/fr\/wp-json\/wp\/v2\/media?parent=2350"}],"wp:term":[{"taxonomy":"product_brand","embeddable":true,"href":"https:\/\/www.haideclean.com\/fr\/wp-json\/wp\/v2\/product_brand?post=2350"},{"taxonomy":"product_cat","embeddable":true,"href":"https:\/\/www.haideclean.com\/fr\/wp-json\/wp\/v2\/product_cat?post=2350"},{"taxonomy":"product_tag","embeddable":true,"href":"https:\/\/www.haideclean.com\/fr\/wp-json\/wp\/v2\/product_tag?post=2350"}],"curies":[{"name":"wp","href":"https:\/\/api.w.org\/{rel}","templated":true}]}}