{"id":2359,"date":"2026-01-07T16:18:43","date_gmt":"2026-01-07T08:18:43","guid":{"rendered":"https:\/\/www.haideclean.com\/?post_type=product&#038;p=2359"},"modified":"2026-03-19T11:56:45","modified_gmt":"2026-03-19T03:56:45","slug":"chr30mev-full-electric-multi-functional-street-sweeper","status":"publish","type":"product","link":"https:\/\/www.haideclean.com\/fr\/produit\/chr30mev-full-electric-multi-functional-street-sweeper\/","title":{"rendered":"CHR30MEV balayeur de rue multifonctionnel pleinement \u00e9lectrique"},"content":{"rendered":"<p><strong>Caract\u00e9ristiques de performance des balayeurs multifonctions pleinement \u00e9lectriques CHR30MEV<\/strong><\/p>\n<ol>\n<li><strong>Articul\u00e9Direction\u00a0<\/strong><\/li>\n<\/ol>\n<p>Petit rayon de tournage. Le rayon minimum de virage est de seulement 2,05 m, ce qui facilite le virage sur des routes \u00e9troites et permet un nettoyage circonf\u00e9rentiel \u00e0 360 \u00b0. Il peut \u00e9galement nettoyer les coins de la route;<\/p>\n<ol start=\"2\">\n<li><strong>Cabine en verre panoramique<\/strong><\/li>\n<\/ol>\n<p>Le pare-chocs avant et les deux c\u00f4t\u00e9s de l'arri\u00e8re du conducteur&#8217; les cabines sont \u00e9quip\u00e9es de structures en verre panoramiques, offrant une large gamme de vision pour le travail sans points morts, ce qui est plus propice \u00e0 assurer la qualit\u00e9 du travail; Le verre dans le conducteur&#8217; La cabine est recouverte d'un film solaire, qui peut efficacement isoler de la chaleur en \u00e9t\u00e9 chaud et emp\u00eacher le verre d'\u00e9clater lorsqu'il est frapp\u00e9 par des objets durs, assurant la s\u00e9curit\u00e9 du conducteur.<\/p>\n<ol start=\"3\">\n<li><strong>Confort de conduite<\/strong><\/li>\n<\/ol>\n<p>Le conducteur&#8217; sa cabine est \u00e9quip\u00e9e de fonctions telles que la climatisation et la charge du t\u00e9l\u00e9phone. Il peut \u00e9galement \u00eatre \u00e9quip\u00e9 de dispositifs multim\u00e9dia plus puissants, tels que la radio sans fil, le lecteur MP3, etc.; \u00c9quip\u00e9 avec des si\u00e8ges de suspension m\u00e9caniques de marque de renom domestique en standard, le confort d'absorption des chocs peut \u00eatre ajust\u00e9 en fonction du conducteur&#8217; hauteur et poids, r\u00e9solvant efficacement le probl\u00e8me du mauvais confort de conduite des balayeuses compactes \u00e0 suspension rigide. Les si\u00e8ges peuvent \u00e9galement \u00eatre \u00e9quip\u00e9s de si\u00e8ges GRAMMER allemands pour une meilleure absorption des chocs.<\/p>\n<ol start=\"4\">\n<li><b><\/b><strong><b>Efficace <\/b><b>C<\/b><b>contr\u00f4le <\/b><b>S<\/b><b>syst\u00e8me<\/b><\/strong><\/li>\n<\/ol>\n<p>Le syst\u00e8me de commande adopte une unit\u00e9 de commande de v\u00e9hicule au niveau du v\u00e9hicule \u00e9lectrique (VECU), qui a une forte capacit\u00e9 de traitement de l'information du bus CAN. Il a les caract\u00e9ristiques de bonne r\u00e9sistance sismique, haut niveau de protection, r\u00e9sistance \u00e0 la grande diff\u00e9rence de temp\u00e9rature, r\u00e9sistance aux fluctuations de tension et peut r\u00e9aliser un calcul de contr\u00f4le complexe. Il prend \u00e9galement en charge l'utilisation de terminaux Vehicle-to-everything pour r\u00e9aliser la surveillance \u00e0 distance et le diagnostic des donn\u00e9es du v\u00e9hicule.<\/p>\n<ol start=\"5\">\n<li><b><\/b><strong><b>z\u00e9ro <\/b><b>E<\/b><b>missions<\/b><\/strong><\/li>\n<\/ol>\n<p>Le syst\u00e8me d'alimentation de l'ensemble du v\u00e9hicule adopte une batterie au phosphate de fer de lithium, qui est s\u00fbre et fiable. Le contr\u00f4le de gestion BMS assure la stabilit\u00e9 et la s\u00e9curit\u00e9 du fonctionnement et de la charge du v\u00e9hicule. Le syst\u00e8me de marche dispose d'une fonction de r\u00e9troaction d'\u00e9nergie \u00e9lectrique pour charger inversement la batterie lorsque le v\u00e9hicule descend et d\u00e9c\u00e9l\u00e9re. Gr\u00e2ce \u00e0 la plateforme unique Vehicle-to-everything, il peut surveiller efficacement la s\u00e9curit\u00e9 \u00e9nerg\u00e9tique de l'ensemble du v\u00e9hicule et d\u00e9tecter les d\u00e9faillances \u00e0 temps.<\/p>\n<ol start=\"6\">\n<li><b><\/b><strong><b>fiable <\/b><b>P<\/b><b>performance<\/b><\/strong><\/li>\n<\/ol>\n<p>Les principaux composants tels que les moteurs d'entra\u00eenement, les contr\u00f4leurs, etc. sont tous des produits de premi\u00e8re ligne produits domestiquement, et les accessoires hydrauliques sont import\u00e9s, avec d'excellentes performances et un fonctionnement fiable.<\/p>\n<ol start=\"7\">\n<li><b><\/b><strong><b>Durable <\/b><b>M<\/b><b>mat\u00e9riel <\/b><b>S<\/b><b>\u00e9lection<\/b><\/strong><\/li>\n<\/ol>\n<p>Les composants structurels tels que le corps de tr\u00e9mie \u00e0 ordures, la buse d'aspiration et le cylindre d'aspiration sont en acier inoxydable; Le r\u00e9servoir d'eau propre et diverses op\u00e9rations, pi\u00e8ces de recouvrement, etc. sont moul\u00e9s \u00e0 l'aide d'un processus de moulage rotatif ou sous vide dans son ensemble. Poids l\u00e9ger, haute r\u00e9sistance et belle apparence.<\/p>\n<ol start=\"8\">\n<li><b><\/b><strong><b>Tous<\/b><b>M\u00e9t\u00e9o O<\/b><b>op\u00e9ration<\/b><\/strong><\/li>\n<\/ol>\n<p>Le syst\u00e8me de double filtration pionnier \u00e0 l'\u00e9chelle internationale dispose de deux modes de balayage: humide et sec, avec deux configurations correspondant \u00e0 diff\u00e9rents environnements dans le sud et le nord. Le syst\u00e8me de nettoyage humide est adapt\u00e9 aux environnements du sud qui ne g\u00e8lent pas toute l'ann\u00e9e, am\u00e9liorant l'effet de r\u00e9duction de la poussi\u00e8re des op\u00e9rations de balayage et utilisant l'eau circulante \u00e0 plusieurs reprises, \u00e9conomisant des ressources en eau et augmentant le rayon de fonctionnement des v\u00e9hicules; Le syst\u00e8me de nettoyage \u00e0 sec convient aux r\u00e9gions du nord qui g\u00e8lent en hiver et utilise la technologie de r\u00e9trosufflage circulant pour r\u00e9aliser le balayage anhydre. En choisissant raisonnablement deux configurations diff\u00e9rentes, il est possible de r\u00e9aliser toutes les op\u00e9rations saisonni\u00e8res et m\u00e9t\u00e9orologiques.<\/p>\n<ol start=\"9\">\n<li><b><\/b><strong><b>Haut <\/b><b>L<\/b><b>evel <\/b><b>D<\/b><b>d\u00e9charge<\/b><\/strong><\/li>\n<\/ol>\n<p>La m\u00e9thode de d\u00e9versement de la tr\u00e9mie \u00e0 ordures de cette balayeuse routi\u00e8re est l'auto-d\u00e9versement de haut niveau, ce qui rend le d\u00e9versement des ordures plus propre et plus rapide. Prend en charge deux types d'op\u00e9rations de d\u00e9chargement des ordures: jogging et t\u00e9l\u00e9commande sans fil, ce qui rend pratique pour le personnel d'op\u00e9rer dans une port\u00e9e de 20M.<\/p>\n<ol start=\"10\">\n<li><b><\/b><strong><b>Faible <\/b><b>W<\/b><b>Orque <\/b><b>N<\/b><b>oise<\/b><\/strong><\/li>\n<\/ol>\n<p>Le niveau maximal de bruit pendant l'op\u00e9ration de balayage \u00e0 sec n'est que de 68 dBA, tandis que le niveau maximal de bruit pendant l'op\u00e9ration de balayage \u00e0 humide n'est que de 72 dBA, ce qui est bien inf\u00e9rieur aux exigences standard de l'industrie. Le niveau de bruit est le leader de l'industrie enti\u00e8re.<\/p>\n<ol start=\"11\">\n<li><b><\/b><strong><b>Efficace <\/b><b>balayage<\/b><b>ing<\/b><\/strong><\/li>\n<\/ol>\n<p>La fonction de nettoyage et d'aspiration de la route est forte, et l'op\u00e9ration de balayage peut r\u00e9gler librement la vitesse de brosse et la vitesse du ventilateur en fonction de la situation des ordures routi\u00e8res pour \u00e9conomiser de l'\u00e9lectricit\u00e9. Une charge peut durer plus de 8 heures de fonctionnement et atteindre des performances de pointe dans l'industrie.<\/p>\n<p><strong><b>12.Quick <\/b><b>C<\/b><b>pendre <\/b><b>M<\/b><b>echanisme<\/b><\/strong><\/p>\n<p>Il existe trois types d'\u00e9quipement d'enneigement multifonctionnel pour les balayeuses routi\u00e8res: pelles \u00e0 neige, brosse \u00e0 rouleaux \u00e0 neige et souffleuse \u00e0 neige. Ils peuvent rapidement remplacer les meilleurs \u00e9quipements d'enneigement en fonction des besoins op\u00e9rationnels des diff\u00e9rentes conditions de travail.<\/p>\n<p>I\u3001Pelle \u00e0 neige<\/p>\n<p><img decoding=\"async\" class=\"wp-image-2534 alignleft\" src=\"https:\/\/www.haideclean.com\/wp-content\/uploads\/2026\/01\/CHR30MEV-FULL-ELECTRIC-STREET-SWEEPER-5-300x252.png\" alt=\"\" width=\"227\" height=\"191\" srcset=\"https:\/\/www.haideclean.com\/wp-content\/uploads\/2026\/01\/CHR30MEV-FULL-ELECTRIC-STREET-SWEEPER-5-300x252.png 300w, https:\/\/www.haideclean.com\/wp-content\/uploads\/2026\/01\/CHR30MEV-FULL-ELECTRIC-STREET-SWEEPER-5.png 427w\" sizes=\"(max-width: 227px) 100vw, 227px\" \/><\/p>\n<p>&nbsp;<\/p>\n<p>&nbsp;<\/p>\n<p>&nbsp;<\/p>\n<p>&nbsp;<\/p>\n<p>&nbsp;<\/p>\n<p>&nbsp;<\/p>\n<table style=\"border-collapse: collapse; width: 62.4687%; height: 139px;\" border=\"0\" width=\"835\" cellspacing=\"0\" cellpadding=\"0\">\n<tbody>\n<tr style=\"height: 13.50pt;\">\n<td class=\"et2\" style=\"width: 36.7925%; height: 13px;\" width=\"248\">Projet<\/td>\n<td class=\"et2\" style=\"width: 62.9717%; height: 13px;\" width=\"425\">Param\u00e8tre<\/td>\n<\/tr>\n<tr style=\"height: 13.50pt;\">\n<td class=\"et4\" style=\"width: 36.7925%; height: 48px;\" rowspan=\"2\" width=\"248\">Neige poussant largeur<\/td>\n<td class=\"et4\" style=\"width: 62.9717%; height: 24px;\" width=\"425\">30MEV\/50MEV<\/td>\n<\/tr>\n<tr style=\"height: 13.50pt;\">\n<td class=\"et4\" style=\"width: 62.9717%; height: 24px;\" width=\"425\">1500\u339c\/1800mm<\/td>\n<\/tr>\n<tr style=\"height: 13.50pt;\">\n<td class=\"et4\" style=\"width: 36.7925%; height: 13px;\" width=\"248\">Neige poussant \u00e9paisseur<\/td>\n<td class=\"et4\" style=\"width: 62.9717%; height: 13px;\" width=\"425\">50-200\u339c<\/td>\n<\/tr>\n<tr style=\"height: 16.00pt;\">\n<td class=\"et4\" style=\"width: 36.7925%; height: 16px;\" width=\"248\">Sc\u00e9nario d'application<\/td>\n<td class=\"et4\" style=\"width: 62.9717%; height: 16px;\" width=\"425\">Surface routi\u00e8re pav\u00e9e, sans saillies ni d\u00e9bris, surface routi\u00e8re relativement plane<\/td>\n<\/tr>\n<tr style=\"height: 13.50pt;\">\n<td class=\"et4\" style=\"width: 36.7925%; height: 13px;\" width=\"248\">Angle de basculement de la neige poussant la pelle<\/td>\n<td class=\"et4\" style=\"width: 62.9717%; height: 13px;\" width=\"425\">\u00b1 20\u00b0<\/td>\n<\/tr>\n<tr style=\"height: 18.00pt;\">\n<td class=\"et4\" style=\"width: 36.7925%; height: 18px;\" width=\"248\">Avantages de la pelle \u00e0 neige<\/td>\n<td class=\"et4\" style=\"width: 62.9717%; height: 18px;\" width=\"425\">Simple, pratique, fiable et capable de nettoyer rapidement les routes dans la neige<\/td>\n<\/tr>\n<tr style=\"height: 18.00pt;\">\n<td class=\"et4\" style=\"width: 36.7925%; height: 18px;\" width=\"248\">Pi\u00e8ces vuln\u00e9rables<\/td>\n<td class=\"et4\" style=\"width: 62.9717%; height: 18px;\" width=\"425\">Lame \u00e0 pelle de neige<\/td>\n<\/tr>\n<\/tbody>\n<\/table>\n<p>&nbsp;<\/p>\n<p>&nbsp;<\/p>\n<p>II, brosse \u00e0 rouleaux de neige<\/p>\n<p><img fetchpriority=\"high\" decoding=\"async\" class=\"alignnone size-medium wp-image-2533\" src=\"https:\/\/www.haideclean.com\/wp-content\/uploads\/2026\/01\/CHR30MEV-FULL-ELECTRIC-STREET-SWEEPER-4-300x182.png\" alt=\"\" width=\"300\" height=\"182\" srcset=\"https:\/\/www.haideclean.com\/wp-content\/uploads\/2026\/01\/CHR30MEV-FULL-ELECTRIC-STREET-SWEEPER-4-300x182.png 300w, https:\/\/www.haideclean.com\/wp-content\/uploads\/2026\/01\/CHR30MEV-FULL-ELECTRIC-STREET-SWEEPER-4.png 561w\" sizes=\"(max-width: 300px) 100vw, 300px\" \/><\/p>\n<table style=\"border-collapse: collapse; width: 61.9246%;\" border=\"0\" width=\"835\" cellspacing=\"0\" cellpadding=\"0\">\n<tbody>\n<tr style=\"height: 13.50pt;\">\n<td class=\"et2\" style=\"width: 308px;\" width=\"248\">Projet<\/td>\n<td class=\"et2\" style=\"width: 526px;\" width=\"425\">Param\u00e8tre<\/td>\n<\/tr>\n<tr style=\"height: 13.50pt;\">\n<td class=\"et4\" style=\"width: 308px;\" width=\"248\">Largeur de brosse \u00e0 rouleaux<\/td>\n<td class=\"et4\" style=\"width: 526px;\" width=\"425\">1480\u339c<\/td>\n<\/tr>\n<tr style=\"height: 13.50pt;\">\n<td class=\"et4\" style=\"width: 308px;\" width=\"248\">Diam\u00e8tre de brosse \u00e0 rouleaux<\/td>\n<td class=\"et4\" style=\"width: 526px;\" width=\"425\">470\u339c<\/td>\n<\/tr>\n<tr style=\"height: 33.00pt;\">\n<td class=\"et4\" style=\"width: 308px;\" width=\"248\">Sc\u00e9nario d'application<\/td>\n<td class=\"et4\" style=\"width: 526px;\" width=\"425\">Neige s\u00e8che, neige humide, neige humide, neige sucr\u00e9e<\/td>\n<\/tr>\n<tr style=\"height: 13.50pt;\">\n<td class=\"et4\" style=\"width: 308px;\" width=\"248\">Rouleau \u00e9paisseur de neige<\/td>\n<td class=\"et4\" style=\"width: 526px;\" width=\"425\">1-100\u339c<\/td>\n<\/tr>\n<tr style=\"height: 33.00pt;\">\n<td class=\"et4\" style=\"width: 308px;\" width=\"248\">Angle de basculement de la neige poussant la pelle<\/td>\n<td class=\"et4\" style=\"width: 526px;\" width=\"425\">\u00b1 20\u00b0<\/td>\n<\/tr>\n<tr style=\"height: 13.50pt;\">\n<td class=\"et4\" style=\"width: 308px;\" width=\"248\">Mat\u00e9riel de brosse \u00e0 rouleaux<\/td>\n<td class=\"et4\" style=\"width: 526px;\" width=\"425\">Toutes les poils en nylon<\/td>\n<\/tr>\n<tr style=\"height: 35.00pt;\">\n<td class=\"et4\" style=\"width: 308px;\" width=\"248\">Sc\u00e9nario d'application<\/td>\n<td class=\"et4\" style=\"width: 526px;\" width=\"425\">Nettoyage de l'accumulation de neige dans les \u00e9carts entre les routes en brique et en pierre, les pav\u00e9s, les routes pav\u00e9es, etc.<\/td>\n<\/tr>\n<tr style=\"height: 24.00pt;\">\n<td class=\"et4\" style=\"width: 308px;\" width=\"248\">Pi\u00e8ces vuln\u00e9rables<\/td>\n<td class=\"et4\" style=\"width: 526px;\" width=\"425\">poils de brosse \u00e0 rouleaux<\/td>\n<\/tr>\n<\/tbody>\n<\/table>\n<p>&nbsp;<\/p>\n<p>III, Elevateur \u00e0 neige<\/p>\n<p><img decoding=\"async\" class=\"alignnone size-medium wp-image-2532\" src=\"https:\/\/www.haideclean.com\/wp-content\/uploads\/2026\/01\/CHR30MEV-FULL-ELECTRIC-STREET-SWEEPER-3-225x300.png\" alt=\"\" width=\"225\" height=\"300\" srcset=\"https:\/\/www.haideclean.com\/wp-content\/uploads\/2026\/01\/CHR30MEV-FULL-ELECTRIC-STREET-SWEEPER-3-225x300.png 225w, https:\/\/www.haideclean.com\/wp-content\/uploads\/2026\/01\/CHR30MEV-FULL-ELECTRIC-STREET-SWEEPER-3.png 357w\" sizes=\"(max-width: 225px) 100vw, 225px\" \/><\/p>\n<table style=\"border-collapse: collapse; width: 61.9246%;\" border=\"0\" width=\"835\" cellspacing=\"0\" cellpadding=\"0\">\n<tbody>\n<tr style=\"height: 13.50pt;\">\n<td class=\"et2\" style=\"width: 99.881%;\" width=\"425\">Param\u00e8tre<\/td>\n<\/tr>\n<tr style=\"height: 13.50pt;\">\n<td class=\"et5\" style=\"width: 99.881%;\" width=\"425\">30MEV\/50MEV<\/td>\n<\/tr>\n<tr style=\"height: 13.50pt;\">\n<td class=\"et5\" style=\"width: 99.881%;\" width=\"425\">1250\u339c\/1530\u339c<\/td>\n<\/tr>\n<tr style=\"height: 13.50pt;\">\n<td class=\"et5\" style=\"width: 99.881%;\" width=\"425\">- 15\u00b0 ~ 35\u00b0<\/td>\n<\/tr>\n<tr style=\"height: 65.00pt;\">\n<td class=\"et5\" style=\"width: 99.881%;\" width=\"425\">Accumulation de neige qui ne peut pas \u00eatre nettoy\u00e9e par des pelles de neige et brosse \u00e0 rouleaux de neige<\/p>\n<p>Les pelles \u00e0 neige et la brosse \u00e0 rouleaux \u00e0 neige sont utilis\u00e9es pour enlever la neige du bord de la route<\/td>\n<\/tr>\n<tr style=\"height: 13.50pt;\">\n<td class=\"et5\" style=\"width: 99.881%;\" width=\"425\">200-450\u339c<\/td>\n<\/tr>\n<tr style=\"height: 33.00pt;\">\n<td class=\"et5\" style=\"width: 99.881%;\" width=\"425\">\u00b1 90\u00b0<\/td>\n<\/tr>\n<tr style=\"height: 54.00pt;\">\n<td class=\"et5\" style=\"width: 99.881%;\" width=\"425\">La neige peut \u00eatre jet\u00e9e des deux c\u00f4t\u00e9s de la route et peut \u00e9galement \u00eatre transport\u00e9e avec un chariot \u00e9l\u00e9vateur ou un petit tricycle<\/td>\n<\/tr>\n<\/tbody>\n<\/table>\n<p><img loading=\"lazy\" decoding=\"async\" class=\"alignnone wp-image-2531\" src=\"https:\/\/www.haideclean.com\/wp-content\/uploads\/2026\/01\/CHR30MEV-FULL-ELECTRIC-STREET-SWEEPER-2-300x171.png\" alt=\"\" width=\"396\" height=\"225\" srcset=\"https:\/\/www.haideclean.com\/wp-content\/uploads\/2026\/01\/CHR30MEV-FULL-ELECTRIC-STREET-SWEEPER-2-300x171.png 300w, https:\/\/www.haideclean.com\/wp-content\/uploads\/2026\/01\/CHR30MEV-FULL-ELECTRIC-STREET-SWEEPER-2-1024x583.png 1024w, https:\/\/www.haideclean.com\/wp-content\/uploads\/2026\/01\/CHR30MEV-FULL-ELECTRIC-STREET-SWEEPER-2-768x438.png 768w, https:\/\/www.haideclean.com\/wp-content\/uploads\/2026\/01\/CHR30MEV-FULL-ELECTRIC-STREET-SWEEPER-2-600x342.png 600w, https:\/\/www.haideclean.com\/wp-content\/uploads\/2026\/01\/CHR30MEV-FULL-ELECTRIC-STREET-SWEEPER-2.png 1262w\" sizes=\"(max-width: 396px) 100vw, 396px\" \/><img loading=\"lazy\" decoding=\"async\" class=\"alignnone size-medium wp-image-2535\" src=\"https:\/\/www.haideclean.com\/wp-content\/uploads\/2026\/01\/CHR30MEV-FULL-ELECTRIC-STREET-SWEEPER-300x225.png\" alt=\"\" width=\"300\" height=\"225\" srcset=\"https:\/\/www.haideclean.com\/wp-content\/uploads\/2026\/01\/CHR30MEV-FULL-ELECTRIC-STREET-SWEEPER-300x225.png 300w, https:\/\/www.haideclean.com\/wp-content\/uploads\/2026\/01\/CHR30MEV-FULL-ELECTRIC-STREET-SWEEPER-1024x768.png 1024w, https:\/\/www.haideclean.com\/wp-content\/uploads\/2026\/01\/CHR30MEV-FULL-ELECTRIC-STREET-SWEEPER-768x576.png 768w, https:\/\/www.haideclean.com\/wp-content\/uploads\/2026\/01\/CHR30MEV-FULL-ELECTRIC-STREET-SWEEPER-600x450.png 600w, https:\/\/www.haideclean.com\/wp-content\/uploads\/2026\/01\/CHR30MEV-FULL-ELECTRIC-STREET-SWEEPER.png 1269w\" sizes=\"(max-width: 300px) 100vw, 300px\" \/><\/p>","protected":false},"excerpt":{"rendered":"<p>La balayeuse routi\u00e8re multifonctionnelle enti\u00e8rement \u00e9lectrique CHR30MEV est une balayeuse routi\u00e8re compacte de type ch\u00e2ssis sp\u00e9cial articul\u00e9, balayeuse multifonctionnelle et aspiration.<\/p>","protected":false},"featured_media":2362,"template":"","meta":[],"product_brand":[],"product_cat":[30],"product_tag":[],"class_list":{"0":"post-2359","1":"product","2":"type-product","3":"status-publish","4":"has-post-thumbnail","6":"product_cat-compact-street-sweepers","8":"first","9":"instock","10":"shipping-taxable","11":"product-type-simple"},"_links":{"self":[{"href":"https:\/\/www.haideclean.com\/fr\/wp-json\/wp\/v2\/product\/2359","targetHints":{"allow":["GET"]}}],"collection":[{"href":"https:\/\/www.haideclean.com\/fr\/wp-json\/wp\/v2\/product"}],"about":[{"href":"https:\/\/www.haideclean.com\/fr\/wp-json\/wp\/v2\/types\/product"}],"wp:featuredmedia":[{"embeddable":true,"href":"https:\/\/www.haideclean.com\/fr\/wp-json\/wp\/v2\/media\/2362"}],"wp:attachment":[{"href":"https:\/\/www.haideclean.com\/fr\/wp-json\/wp\/v2\/media?parent=2359"}],"wp:term":[{"taxonomy":"product_brand","embeddable":true,"href":"https:\/\/www.haideclean.com\/fr\/wp-json\/wp\/v2\/product_brand?post=2359"},{"taxonomy":"product_cat","embeddable":true,"href":"https:\/\/www.haideclean.com\/fr\/wp-json\/wp\/v2\/product_cat?post=2359"},{"taxonomy":"product_tag","embeddable":true,"href":"https:\/\/www.haideclean.com\/fr\/wp-json\/wp\/v2\/product_tag?post=2359"}],"curies":[{"name":"wp","href":"https:\/\/api.w.org\/{rel}","templated":true}]}}