{"id":2376,"date":"2026-01-07T16:23:22","date_gmt":"2026-01-07T08:23:22","guid":{"rendered":"https:\/\/www.haideclean.com\/?post_type=product&#038;p=2376"},"modified":"2026-03-18T11:47:06","modified_gmt":"2026-03-18T03:47:06","slug":"chd5070zzzqle6-self-loading-and-unloading-garbage-truck","status":"publish","type":"product","link":"https:\/\/www.haideclean.com\/fr\/produit\/chd5070zzzqle6-self-loading-and-unloading-garbage-truck\/","title":{"rendered":"CHD5070ZZQLE6 Autochargement et d\u00e9chargement de camion \u00e0 ordures"},"content":{"rendered":"<p><strong>Caract\u00e9ristiques<\/strong><\/p>\n<p>Conteneur: le corps est en acier au carbone de haute qualit\u00e9 (l'acier inoxydable de haute qualit\u00e9 peut \u00eatre s\u00e9lectionn\u00e9), l'entr\u00e9e est scell\u00e9e avec un capuchon d'\u00e9tanch\u00e9it\u00e9 et l'ouverture et la fermeture sont contr\u00f4l\u00e9es par un cylindre hydraulique.<\/p>\n<p>Porte arri\u00e8re: ouverte et ferm\u00e9e par deux cylindres, verrouillage de la porte arri\u00e8re par deux cylindres, la porte arri\u00e8re est scell\u00e9e par une bande d'\u00e9tanch\u00e9it\u00e9 sp\u00e9ciale brevet\u00e9e, avec contr\u00f4le d'int\u00e9gration \u00e9lectrom\u00e9canique-hydraulique, aucune fuite pendant l'utilisation et le d\u00e9placement du v\u00e9hicule.<\/p>\n<p>M\u00e9canisme de chargement des ordures: les poubelles standard 120L, 240L peuvent \u00eatre soulev\u00e9es, avec m\u00e9canisme de verrouillage automatique de s\u00e9curit\u00e9, les ordures dans le f\u00fbt ne d\u00e9borderont pas ou ne seront pas laiss\u00e9es derri\u00e8re pendant le processus de chargement.<\/p>\n<p>Le syst\u00e8me de levage et le syst\u00e8me d'ouverture et de fermeture du couvercle adoptent la fonction de liaison: lorsque le m\u00e9canisme de levage et de chargement monte, le couvercle s'ouvre et lorsque le m\u00e9canisme de levage et de chargement tombe, le couvercle se ferme. \u00c9vitez compl\u00e8tement le danger cach\u00e9 de d\u00e9versement des ordures \u00e0 l'ext\u00e9rieur du compartiment caus\u00e9 par le cadre de levage et le couvercle sup\u00e9rieur pas de liaison.<\/p>\n<p>Dispositif de compression: le conteneur est \u00e9quip\u00e9 d'un dispositif de compression des ordures, qui peut compresser mod\u00e9r\u00e9ment les ordures charg\u00e9es, am\u00e9liorer le taux d'utilisation du volume du conteneur des ordures et r\u00e9soudre \u00e9galement le probl\u00e8me que les ordures sont faciles \u00e0 empiler dans le port de d\u00e9chargement, ce qui entra\u00eene le probl\u00e8me de faible capacit\u00e9 de chargement des ordures.<\/p>\n<p>La plaque poussoire a \u00e9galement la fonction de retour automatique, il suffit d'utiliser la plaque poussoire pour pousser l'interrupteur, la plaque poussoire pousse \u00e0 une certaine position, il sera auto-retour en arri\u00e8re, r\u00e9duire la difficult\u00e9 de fonctionnement, am\u00e9liorer le confort de fonctionnement.<\/p>\n<p>D\u00e9chargement: Lorsque les ordures dans le compartiment doivent \u00eatre d\u00e9charg\u00e9es, l'interrupteur peut \u00eatre manipul\u00e9 pour ouvrir la porte arri\u00e8re, de sorte que le compartiment puisse \u00eatre soulev\u00e9 et que les ordures puissent \u00eatre d\u00e9vers\u00e9es dans la piscine de d\u00e9charge depuis le compartiment.<\/p>\n<p>Syst\u00e8me d'exploitation: La partie de commande de chaque fonction du v\u00e9hicule est concentr\u00e9e sur le c\u00f4t\u00e9 droit du v\u00e9hicule. Chaque fonction est command\u00e9e par la poign\u00e9e de commande correspondante.<\/p>\n<p>Les parties principales du syst\u00e8me hydraulique adoptent les produits de marques c\u00e9l\u00e8bres.<\/p>\n<p>Les deux c\u00f4t\u00e9s de la porte arri\u00e8re disposent de dispositifs de protection. Lorsque la porte est ouverte pour fonctionnement, le cadre de s\u00e9curit\u00e9 de la porte arri\u00e8re est abaiss\u00e9, ce qui \u00e9vite les accidents de s\u00e9curit\u00e9 caus\u00e9s par le mauvais fonctionnement de l'op\u00e9rateur.<\/p>","protected":false},"excerpt":{"rendered":"<p>CHD5070ZZZQLE6 camion \u00e0 ordures auto-chargement et d\u00e9chargement produit par Yantai Haide Special Vehicle Co., Ltd. est un nouveau type de produit d\u00e9velopp\u00e9 et con\u00e7u sur la base du ch\u00e2ssis QL1073BUHACY produit par Qingling Motors Company Limited, et son \u00e9mission atteint la norme Euro VI qui est plus favorable \u00e0 la protection de l'environnement. C'est une grande capacit\u00e9, une haute efficacit\u00e9, aucune fuite, un haut degr\u00e9 d'automatisation, des \u00e9quipements de collecte et de transport des ordures de vie respectueux de l'environnement, largement utilis\u00e9s dans la communaut\u00e9, les h\u00f4tels, les cantines, les ordures de vie, les ordures de cuisine et d'autres collectes et transports.<\/p>","protected":false},"featured_media":2405,"template":"","meta":[],"product_brand":[],"product_cat":[28],"product_tag":[],"class_list":{"0":"post-2376","1":"product","2":"type-product","3":"status-publish","4":"has-post-thumbnail","6":"product_cat-waste-collection-transport","8":"first","9":"instock","10":"shipping-taxable","11":"product-type-simple"},"_links":{"self":[{"href":"https:\/\/www.haideclean.com\/fr\/wp-json\/wp\/v2\/product\/2376","targetHints":{"allow":["GET"]}}],"collection":[{"href":"https:\/\/www.haideclean.com\/fr\/wp-json\/wp\/v2\/product"}],"about":[{"href":"https:\/\/www.haideclean.com\/fr\/wp-json\/wp\/v2\/types\/product"}],"wp:featuredmedia":[{"embeddable":true,"href":"https:\/\/www.haideclean.com\/fr\/wp-json\/wp\/v2\/media\/2405"}],"wp:attachment":[{"href":"https:\/\/www.haideclean.com\/fr\/wp-json\/wp\/v2\/media?parent=2376"}],"wp:term":[{"taxonomy":"product_brand","embeddable":true,"href":"https:\/\/www.haideclean.com\/fr\/wp-json\/wp\/v2\/product_brand?post=2376"},{"taxonomy":"product_cat","embeddable":true,"href":"https:\/\/www.haideclean.com\/fr\/wp-json\/wp\/v2\/product_cat?post=2376"},{"taxonomy":"product_tag","embeddable":true,"href":"https:\/\/www.haideclean.com\/fr\/wp-json\/wp\/v2\/product_tag?post=2376"}],"curies":[{"name":"wp","href":"https:\/\/api.w.org\/{rel}","templated":true}]}}