{"id":2386,"date":"2026-01-07T16:23:08","date_gmt":"2026-01-07T08:23:08","guid":{"rendered":"https:\/\/www.haideclean.com\/?post_type=product&#038;p=2386"},"modified":"2026-04-10T14:22:12","modified_gmt":"2026-04-10T06:22:12","slug":"chr31m-multi-functional-vacuum-street-sweeper","status":"publish","type":"product","link":"https:\/\/www.haideclean.com\/fr\/produit\/chr31m-multi-functional-vacuum-street-sweeper\/","title":{"rendered":"CHR31M Vacuum Street Sweeper multifonctionnel"},"content":{"rendered":"<p>1\u3001Transmission hydraulique compl\u00e8te, toute l'action peut \u00eatre utilis\u00e9e dans la cabine.<\/p>\n<p>2\u3001La cabine est principalement en verre, le champ de vision est ouvert, a la climatisation, spacieux et confortable.<\/p>\n<p>3\u3001Le cadre est compos\u00e9 de deux parties, qui est reli\u00e9e par charni\u00e8re, la conception est appropri\u00e9e et le virage de tout le v\u00e9hicule est tr\u00e8s flexible.<\/p>\n<p>4, m\u00e9canisme de tournage hydraulique complet, changement de vitesse sans pas.<\/p>\n<p>5\u3001Balayage: les deux brosses sont \u00e0 l'avant du v\u00e9hicule, le port d'aspiration est au milieu, de sorte que les brosses peuvent balayer les ordures au port d'aspiration avec succ\u00e8s.<\/p>\n<p>6\u3001Mode d'aspiration: il adopte la filtration de l'air d'\u00e9chappement circulaire, lorsque l'air du ventilateur est filtr\u00e9 par le syst\u00e8me de filtre sec, alors il retournera au port d'aspiration pour l'utilisation de soufflage inverse, haute efficacit\u00e9, protection de l'environnement et faible re-pollution.<\/p>\n<p>7\u3001Le balayeur est \u00e9quip\u00e9 d'un r\u00e9servoir d'eau propre de 170L, allumez la buse, qui est sur le support de brosse, pour r\u00e9duire la poussi\u00e8re avec l'arrosage. Il est ouvert pour r\u00e9duire la poussi\u00e8re lors du balayage dans la zone de travail sp\u00e9ciale et du balayage de la poussi\u00e8re.<\/p>\n<p>8\u3001Les ordures collect\u00e9es sont transport\u00e9es dans la poubelle de 500L. L'\u00e9tag\u00e8re de levage, contr\u00f4l\u00e9e par l'hydraulique, peut laisser tomber la poubelle \u00e0 terre simplement et tranquillement. L'op\u00e9ration est pratique.<\/p>","protected":false},"excerpt":{"rendered":"<p>Le balayeur CHR31M adopte un moteur unique et la conduite par hydraulique compl\u00e8te, il est fabriqu\u00e9 avec la technologie avanc\u00e9e de la c\u00e9l\u00e8bre soci\u00e9t\u00e9.<\/p>","protected":false},"featured_media":2387,"template":"","meta":[],"product_brand":[],"product_cat":[30,29],"product_tag":[],"class_list":{"0":"post-2386","1":"product","2":"type-product","3":"status-publish","4":"has-post-thumbnail","6":"product_cat-compact-street-sweepers","7":"product_cat-winter-snow-removal-equipment","9":"first","10":"instock","11":"shipping-taxable","12":"product-type-simple"},"_links":{"self":[{"href":"https:\/\/www.haideclean.com\/fr\/wp-json\/wp\/v2\/product\/2386","targetHints":{"allow":["GET"]}}],"collection":[{"href":"https:\/\/www.haideclean.com\/fr\/wp-json\/wp\/v2\/product"}],"about":[{"href":"https:\/\/www.haideclean.com\/fr\/wp-json\/wp\/v2\/types\/product"}],"wp:featuredmedia":[{"embeddable":true,"href":"https:\/\/www.haideclean.com\/fr\/wp-json\/wp\/v2\/media\/2387"}],"wp:attachment":[{"href":"https:\/\/www.haideclean.com\/fr\/wp-json\/wp\/v2\/media?parent=2386"}],"wp:term":[{"taxonomy":"product_brand","embeddable":true,"href":"https:\/\/www.haideclean.com\/fr\/wp-json\/wp\/v2\/product_brand?post=2386"},{"taxonomy":"product_cat","embeddable":true,"href":"https:\/\/www.haideclean.com\/fr\/wp-json\/wp\/v2\/product_cat?post=2386"},{"taxonomy":"product_tag","embeddable":true,"href":"https:\/\/www.haideclean.com\/fr\/wp-json\/wp\/v2\/product_tag?post=2386"}],"curies":[{"name":"wp","href":"https:\/\/api.w.org\/{rel}","templated":true}]}}