{"id":2396,"date":"2026-01-07T16:24:51","date_gmt":"2026-01-07T08:24:51","guid":{"rendered":"https:\/\/www.haideclean.com\/?post_type=product&#038;p=2396"},"modified":"2026-03-19T11:53:47","modified_gmt":"2026-03-19T03:53:47","slug":"chr42m-diesel-street-sweeper","status":"publish","type":"product","link":"https:\/\/www.haideclean.com\/fr\/produit\/chr42m-diesel-street-sweeper\/","title":{"rendered":"CHR42M balayeur de rue diesel"},"content":{"rendered":"<p><strong>Caract\u00e9ristiques<\/strong><strong>:<\/strong><\/p>\n<p>1) Il est con\u00e7u avec une structure de charni\u00e8re bidirectionnelle unique au milieu, de sorte que les cadres avant et arri\u00e8re peuvent balancer dans les deux directions de torsion et de direction, et l'op\u00e9ration de direction est flexible et le rayon de virage est petit.<\/p>\n<p>2) La cabine adopte une structure en verre panoramique, et la ligne de vue d'op\u00e9ration est large.<\/p>\n<p>3) Environnement de conduite confortable, \u00e9quip\u00e9 de radio, fonction de contr\u00f4le de vitesse, fonction \u00e9lectronique de r\u00e9gulation de vitesse sans pas, le conducteur peut conduire le v\u00e9hicule plus facilement et facilement.<\/p>\n<p>4) Excellent syst\u00e8me de contr\u00f4le \u00e9lectrique:<\/p>\n<p>\u2606  L'ensemble du v\u00e9hicule est contr\u00f4l\u00e9 num\u00e9riquement par un contr\u00f4leur, qui se caract\u00e9rise par une bonne r\u00e9sistance sismique et un niveau de protection \u00e9lev\u00e9.<\/p>\n<p>\u2606  Toutes les actions de nettoyage peuvent \u00eatre r\u00e9alis\u00e9es en appuyant sur une touche.<\/p>\n<p>\u2606  La vitesse de brosse peut \u00eatre r\u00e9gl\u00e9e sans pas en fonction des exigences de fonctionnement.<\/p>\n<p>\u2606  Il est \u00e9quip\u00e9 d'un moniteur LCD de 7 pouces, qui peut observer l'\u00e9tat de fonctionnement du v\u00e9hicule \u00e0 tout moment et fournir une image d'inversion.<\/p>\n<p>5) syst\u00e8me de voyage stable:<\/p>\n<p>\u2606  La traction \u00e0 quatre roues et la traction avant \u00e0 deux roues peuvent \u00eatre commut\u00e9es pour r\u00e9pondre aux exigences de conduite et d'escalade;<\/p>\n<p>\u2606  La fonction anti-d\u00e9rapage unique peut r\u00e9aliser l'auto-extrication des roues du d\u00e9rapage dans l'op\u00e9ration d'enl\u00e8vement de neige d'hiver;<\/p>\n<p>6) d\u00e9charge de haut niveau:<\/p>\n<p>\u2606  Le r\u00e9cipient est en acier inoxydable de haute qualit\u00e9, qui est non seulement r\u00e9sistant \u00e0 la corrosion, mais aussi de haute r\u00e9sistance.<\/p>\n<p>\u2606  L'auto-d\u00e9versement \u00e9lev\u00e9 r\u00e9duit l'intensit\u00e9 de travail de l'op\u00e9rateur, ce qui rend tr\u00e8s pratique le d\u00e9versement des ordures et le nettoyage et l'entretien de toute la machine.<\/p>\n<p>7) fonction d'auto-nettoyage<\/p>\n<p>\u2606  Il est \u00e9quip\u00e9 d'une pompe \u00e0 eau de lavage, qui peut fournir de l'eau propre \u00e0 haute pression.<\/p>\n<p>8) Tuyau d'aspiration \u00e0 main: \u00c9quip\u00e9 de paille r\u00e9tractable \u00e0 main d'extension, qui peut \u00eatre utilis\u00e9 pour la collecte de poussi\u00e8res dans les ceintures vertes et d'autres endroits.<\/p>\n<p>9) Syst\u00e8me d'urgence<\/p>\n<p>\u2606  Un extincteur portable est \u00e9quip\u00e9 dans la cabine pour faire face aux urgences.<\/p>\n<p>\u2606  La pompe \u00e0 huile \u00e0 main d'urgence est \u00e9quip\u00e9e pour soulever la poubelle pour le d\u00e9pannage en cas de panne du syst\u00e8me hydraulique.<\/p>\n<p>\u2606  L'interrupteur d'arr\u00eat d'urgence du moteur est \u00e9quip\u00e9 dans la cabine.<\/p>\n<p>\u2606  L'interrupteur d'arr\u00eat d'urgence de puissance du v\u00e9hicule m\u00e9canique est \u00e9quip\u00e9.<\/p>","protected":false},"excerpt":{"rendered":"<p>La balayeuse routi\u00e8re CHR42M est une balayeuse routi\u00e8re multifonctionnelle avec une structure sp\u00e9ciale de ch\u00e2ssis qui peut remplacer divers accessoires fonctionnels. Cette balayeuse routi\u00e8re adopte le concept de conception avanc\u00e9 de plate-forme de v\u00e9hicule et d'accessoires fonctionnels modulaires, qui peuvent rapidement basculer entre fonctions sans outils. Toute la machine est aliment\u00e9e par un moteur diesel original import\u00e9 Yangma, et toutes les op\u00e9rations sont compl\u00e9t\u00e9es conjointement par la structure m\u00e9canique, le syst\u00e8me \u00e9lectrique et le syst\u00e8me hydraulique.<\/p>","protected":false},"featured_media":2397,"template":"","meta":[],"product_brand":[],"product_cat":[30,29],"product_tag":[],"class_list":{"0":"post-2396","1":"product","2":"type-product","3":"status-publish","4":"has-post-thumbnail","6":"product_cat-compact-street-sweepers","7":"product_cat-winter-snow-removal-equipment","9":"first","10":"instock","11":"shipping-taxable","12":"product-type-simple"},"_links":{"self":[{"href":"https:\/\/www.haideclean.com\/fr\/wp-json\/wp\/v2\/product\/2396","targetHints":{"allow":["GET"]}}],"collection":[{"href":"https:\/\/www.haideclean.com\/fr\/wp-json\/wp\/v2\/product"}],"about":[{"href":"https:\/\/www.haideclean.com\/fr\/wp-json\/wp\/v2\/types\/product"}],"wp:featuredmedia":[{"embeddable":true,"href":"https:\/\/www.haideclean.com\/fr\/wp-json\/wp\/v2\/media\/2397"}],"wp:attachment":[{"href":"https:\/\/www.haideclean.com\/fr\/wp-json\/wp\/v2\/media?parent=2396"}],"wp:term":[{"taxonomy":"product_brand","embeddable":true,"href":"https:\/\/www.haideclean.com\/fr\/wp-json\/wp\/v2\/product_brand?post=2396"},{"taxonomy":"product_cat","embeddable":true,"href":"https:\/\/www.haideclean.com\/fr\/wp-json\/wp\/v2\/product_cat?post=2396"},{"taxonomy":"product_tag","embeddable":true,"href":"https:\/\/www.haideclean.com\/fr\/wp-json\/wp\/v2\/product_tag?post=2396"}],"curies":[{"name":"wp","href":"https:\/\/api.w.org\/{rel}","templated":true}]}}