{"id":2404,"date":"2026-01-07T16:30:07","date_gmt":"2026-01-07T08:30:07","guid":{"rendered":"https:\/\/www.haideclean.com\/?post_type=product&#038;p=2404"},"modified":"2026-03-18T11:36:27","modified_gmt":"2026-03-18T03:36:27","slug":"chr51m-multi-functional-road-sweeper","status":"publish","type":"product","link":"https:\/\/www.haideclean.com\/fr\/produit\/chr51m-multi-functional-road-sweeper\/","title":{"rendered":"CHR51M Balaisseur routier multifonctionnel"},"content":{"rendered":"<h3><strong><b>Points saillants du produit<\/b><\/strong><\/h3>\n<ul>\n<li><strong>Une machine avec plusieurs fonctions<\/strong><\/li>\n<\/ul>\n<p>La fonction de nettoyage, la fonction de lavage du sol, la fonction de rin\u00e7age \u00e0 haute pression, la fonction de pouss\u00e9e de neige, la fonction de balayage de neige et la fonction de levage de neige peuvent \u00eatre atteintes en rempla\u00e7ant les accessoires fonctionnels frontaux.<\/p>\n<ul>\n<li><strong>Cabine de conduite confortable<\/strong><\/li>\n<\/ul>\n<p>La cabine adopte une conception globale ergonomique, structure en verre panoramique, si\u00e8ges suspendus, pneus radiaux, syst\u00e8me multim\u00e9dia, volant enti\u00e8rement hydraulique, syst\u00e8me de commande \u00e0 un bouton, syst\u00e8me d'imagerie inverse, syst\u00e8me de contr\u00f4le de vitesse et syst\u00e8me de freinage hydrostatique, assurant la s\u00e9curit\u00e9 et le confort de la conduite.<\/p>\n<ul>\n<li><strong>La capacit\u00e9 est grande.<\/strong><\/li>\n<\/ul>\n<p>Le moteur adopte un moteur diesel turbocompress\u00e9 Qingling de 67kw avec une puissance \u00e9lev\u00e9e;<\/p>\n<p>Volume du corps 1,9 m\u00b3, grande capacit\u00e9;<\/p>\n<p>La quantit\u00e9 d'eau circulante pour la r\u00e9duction de la poussi\u00e8re peut atteindre 40L \/ min, avec une grande quantit\u00e9 d'eau de r\u00e9duction de la poussi\u00e8re;<\/p>\n<ul>\n<li><strong>Performance fiable<\/strong><\/li>\n<\/ul>\n<p>Les principaux composants de l'ensemble de la machine, tels que le moteur, la pompe \u00e0 d\u00e9placement variable, le moteur \u00e0 pied et la direction, sont import\u00e9s de marques internationales de premier niveau, avec des performances sup\u00e9rieures et une qualit\u00e9 fiable.<\/p>\n<ul>\n<li><strong>Fonctionnement efficace<\/strong><\/li>\n<\/ul>\n<p>Le syst\u00e8me de nettoyage de l'ensemble de la machine adopte une conception de mise en page frontale qui est propice \u00e0 assurer la qualit\u00e9 et l'efficacit\u00e9 du travail;<\/p>\n<p>Le syst\u00e8me de balayage est \u00e9quip\u00e9 d'une structure de bras de brosse flottante qui peut \u00eatre ajust\u00e9e en fonction des conditions routi\u00e8res;<\/p>\n<p>Le syst\u00e8me principal de r\u00e9duction de poussi\u00e8res dans le syst\u00e8me de r\u00e9duction de poussi\u00e8res adopte un syst\u00e8me unique de r\u00e9duction de poussi\u00e8res \u00e0 haut d\u00e9bit circulant pour la r\u00e9duction de poussi\u00e8res, tandis que le syst\u00e8me secondaire de r\u00e9duction de poussi\u00e8res utilise un syst\u00e8me de r\u00e9duction de poussi\u00e8res \u00e0 4 buses \u00e0 brosse;<\/p>\n<p>Le ventilateur du syst\u00e8me d'aspiration adopte un ventilateur centrifuge avec une zone large et efficace optimis\u00e9e gr\u00e2ce \u00e0 de multiples simulations CAE, combin\u00e9 avec un diam\u00e8tre de 200 mm Un tuyau d'aspiration de grand diam\u00e8tre peut assurer efficacement la qualit\u00e9 d'aspiration.<\/p>\n<h3><strong><b>Caract\u00e9ristiques de performance<\/b><\/strong><\/h3>\n<p><strong><b>1.<\/b><b>Poubelle de grande capacit\u00e9<\/b><\/strong><\/p>\n<p>La poubelle est fabriqu\u00e9e en acier inoxydable de haute qualit\u00e9 avec un volume de 1,9 m\u00b3, Capable de levage et de d\u00e9chargement auto-hydraulique.<\/p>\n<p><strong><b>2.<\/b><b>puissance forte<\/b><\/strong><\/p>\n<p>L'ensemble du v\u00e9hicule est aliment\u00e9 par un moteur diesel turbocompress\u00e9 Qingling de 67kw, avec d'excellentes performances et une qualit\u00e9 fiable.<\/p>\n<p><strong><b>3.<\/b><b>Syst\u00e8me d'aspiration efficace<\/b><\/strong><\/p>\n<p>La structure du ventilateur d'aspiration a \u00e9t\u00e9 optimis\u00e9e \u00e0 plusieurs reprises gr\u00e2ce \u00e0 la simulation CAE, ce qui lui permet d'avoir une large gamme de rendement \u00e9lev\u00e9, permettant au ventilateur de fonctionner efficacement \u00e0 diff\u00e9rentes exigences de vitesse.<\/p>\n<p>Le port d'aspiration est \u00e9quip\u00e9 d'un m\u00e9canisme d'interf\u00e9rence du flux d'air et d'un dispositif de r\u00e9glage du flux d'air, qui permet au flux d'aspiration d'agiter rapidement la poussi\u00e8re attach\u00e9e \u00e0 la surface de la route, d'acc\u00e9l\u00e9rer l'entr\u00e9e dans le port d'aspiration, d'assurer l'efficacit\u00e9 d'aspiration et d'am\u00e9liorer consid\u00e9rablement l'efficacit\u00e9 du travail.<\/p>\n<p><strong><b>4.<\/b><b>Syst\u00e8me puissant de suppression de poussi\u00e8res<\/b><\/strong><\/p>\n<p>Le syst\u00e8me principal de suppression de poussi\u00e8res utilise de l'eau circulante auto-\u00e9coulante avec un d\u00e9bit allant jusqu'\u00e0 40L\/min pour la suppression de poussi\u00e8res. L'eau circulante dans la bo\u00eete coule automatiquement vers le port d'aspiration. Sous l'action du jet stream, elle est compl\u00e8tement combin\u00e9e avec la poussi\u00e8re aspir\u00e9e dans le tuyau d'aspiration pour obtenir la suppression de la poussi\u00e8re; L'eau qui n'est pas impliqu\u00e9e dans la combinaison passe par un filtre sp\u00e9cial sur la plaque lat\u00e9rale de la bo\u00eete, puis retourne au port d'aspiration pour participer \u00e0 la r\u00e9duction de la poussi\u00e8re et est r\u00e9utilis\u00e9e. Par rapport aux autres m\u00e9thodes de r\u00e9duction de la poussi\u00e8re par pulv\u00e9risation, la quantit\u00e9 d'eau impliqu\u00e9e dans la r\u00e9duction de la poussi\u00e8re est plus grande et l'effet de r\u00e9duction de la poussi\u00e8re est meilleur; Au cours du processus de r\u00e9duction de la poussi\u00e8re, il n'y a pas de consommation suppl\u00e9mentaire d'eau propre du r\u00e9servoir d'eau embarqu\u00e9, ce qui prolonge le temps de fonctionnement de l'ensemble du v\u00e9hicule et augmente le rayon de fonctionnement du v\u00e9hicule.<\/p>\n<p>Les quatre buses de r\u00e9duction de la poussi\u00e8re install\u00e9es au-dessus de la brosse peuvent supprimer la poussi\u00e8re pendant le processus de nettoyage, et le conducteur peut ajuster la quantit\u00e9 d'eau pulv\u00e9ris\u00e9e sans \u00e9tape en fonction des conditions routi\u00e8res.<\/p>\n<p><strong><b>5.<\/b><b>Un conducteur&#8217; s cabine avec vue large<\/b><\/strong><\/p>\n<p>Le conducteur&#8217; s cabine adopte une structure en verre panoramique, qui offre une large vue du travail et \u00e9limine les taches mortes visuelles pendant le fonctionnement, ce qui est plus propice \u00e0 assurer la qualit\u00e9 du travail; Dans le m\u00eame temps, tout le verre est rev\u00eatu d'un film solaire, qui peut fournir une bonne isolation en \u00e9t\u00e9 chaud et emp\u00eacher le verre d'\u00e9clater lorsqu'il est frapp\u00e9 par des objets durs, assurant la s\u00e9curit\u00e9 du conducteur.<\/p>\n<p><strong><b>6.<\/b><b>Performance stable<\/b><\/strong><\/p>\n<p>Les principaux composants du syst\u00e8me hydraulique sont tous fabriqu\u00e9s avec des produits de marque de renomm\u00e9e internationale, tels que la pompe variable marchande de Linde en Allemagne, le moteur marchant de Poclain en France, la direction hydraulique de Danfoss au Danemark et le filtre de Hydac en Allemagne.<\/p>\n<p><strong><b>7.<\/b><b>Processus d'exploitation simple<\/b><\/strong><\/p>\n<p>Une op\u00e9ration en un clic, qui implique une s\u00e9rie d'actions telles que l'abaissement du dispositif de nettoyage, le balancement automatique de la brosse vers l'ext\u00e9rieur, l'abaissement du port d'aspiration, l'ouverture de la pompe \u00e0 eau anti-poussi\u00e8re et l'ouverture du ventilateur. De m\u00eame, l'action de compl\u00e9ter les devoirs peut \u00e9galement \u00eatre r\u00e9alis\u00e9e avec un bouton.<\/p>\n<p>La vitesse de la brosse et la vitesse du ventilateur peuvent \u00eatre r\u00e9gl\u00e9es sans pas en fonction des conditions de fonctionnement;<\/p>\n<p>\u00c9quip\u00e9 d'un syst\u00e8me de contr\u00f4le de vitesse, il assure non seulement l'effet de nettoyage, mais lib\u00e8re \u00e9galement le conducteur&#8217; pieds et r\u00e9duit l'intensit\u00e9 du travail.<\/p>\n<p><strong><b>8.<\/b><b>Syst\u00e8me de surveillance de l'\u00e9tat du v\u00e9hicule<\/b><\/strong><\/p>\n<p>L'ensemble du v\u00e9hicule est \u00e9quip\u00e9 d'un \u00e9cran d'affichage de 7 pouces, qui peut afficher en temps r\u00e9el l'\u00e9tat de fonctionnement et les informations d'alarme du v\u00e9hicule; \u00c9quip\u00e9 d'une plateforme de d\u00e9tection arri\u00e8re-plan, il peut identifier rapidement la cause des d\u00e9faillances dans l'ensemble du v\u00e9hicule.<\/p>\n<p><strong><b>9.<\/b><b>Environnement de conduite confortable<\/b><\/strong><\/p>\n<p>\u00c9quip\u00e9 d'un lecteur CD, le conducteur peut effectuer l'op\u00e9ration de nettoyage confortablement;<\/p>\n<p>\u00c9quip\u00e9 de climatisation et de chauffage \u00e0 structure divis\u00e9e, et \u00e9quip\u00e9 de plusieurs engrenages, permettant au conducteur de conduire le v\u00e9hicule plus confortablement;<\/p>\n<p>\u00c9quip\u00e9 de si\u00e8ges de suspension GRAMMER d'Allemagne, il peut ajuster la force tampon selon le conducteur&#8217; s poids, am\u00e9liorant le conducteur&#8217; confort;<\/p>\n<p>\u00c9quip\u00e9 d'une image inverse couleur, ce qui rend plus s\u00fbr pour les conducteurs de conduire le v\u00e9hicule;<\/p>\n<p>\u00c9quip\u00e9 d'un grand r\u00e9troviseur de champ chauff\u00e9 pour assurer le conducteur&#8217; s\u00e9curit\u00e9 de conduite;<\/p>\n<p>Le conducteur&#8217; La cabine s est \u00e9quip\u00e9e d'une conception de porte double face, ce qui permet au conducteur de monter et de descendre en fonction de la situation.<\/p>\n<p><strong><b>10.<\/b><b>Syst\u00e8me de freinage fiable<\/b><\/strong><\/p>\n<p>Le syst\u00e8me de freinage se compose de trois parties : freinage de service, freinage d\u2019urgence et freinage de stationnement. Le freinage de service est r\u00e9alis\u00e9 par les caract\u00e9ristiques de freinage anti-tra\u00een\u00e9e d'une boucle ferm\u00e9e entra\u00een\u00e9e par pression hydrostatique; Le freinage d'urgence est r\u00e9alis\u00e9 par le freinage hydraulique \u00e0 l'aide des freins de roue avant; Le frein de stationnement est r\u00e9alis\u00e9 en utilisant le moteur \u00e0 pied avec un freinage m\u00e9canique fort. Le syst\u00e8me de freinage fiable assure la s\u00e9curit\u00e9 du fonctionnement.<\/p>\n<p><strong><b>11.<\/b><b>Syst\u00e8me de contr\u00f4le hautement int\u00e9gr\u00e9<\/b><\/strong><\/p>\n<p>L'ensemble du v\u00e9hicule est contr\u00f4l\u00e9 par un syst\u00e8me de bus CAN, et le contr\u00f4leur utilis\u00e9 pr\u00e9sente les caract\u00e9ristiques de bonne r\u00e9sistance sismique, de haut niveau de protection, de r\u00e9sistance aux grandes diff\u00e9rences de temp\u00e9rature, aux fluctuations de tension et \u00e0 la capacit\u00e9 d'effectuer des calculs de contr\u00f4le complexes. Il dispose de multiples fonctions telles que l'auto-diagnostic, le traitement d'alerte pr\u00e9coce, l'analyse des d\u00e9fauts et l'enregistrement des op\u00e9rations, ce qui en fait le choix optimal pour r\u00e9aliser le contr\u00f4le \u00e9lectrique des v\u00e9hicules mobiles non routiers.<\/p>\n<p><strong>12. Plateforme multifonction<\/strong><\/p>\n<p>L\u2019ensemble du v\u00e9hicule est un produit de plateforme multifonctionnel qui peut r\u00e9aliser plusieurs utilisations pour une seule machine. La fonction de nettoyage, la fonction de balayage de neige, la fonction de lavage du sol et la fonction de rin\u00e7age \u00e0 haute pression peuvent \u00eatre r\u00e9alis\u00e9es en rempla\u00e7ant les accessoires fonctionnels frontaux.<\/p>","protected":false},"excerpt":{"rendered":"<p>La balayeuse multifonctionnelle CHR51M est une balayeuse diesel \u00e0 cadre int\u00e9gr\u00e9 fabriqu\u00e9e par Shandong Howe Technologies Co., Ltd. Bas\u00e9e sur l'h\u00e9ritage de la balayeuse \"Street Sweeping Emperor\" - un mod\u00e8le avec plus de 20 ans d'histoire de production - elle h\u00e9rite des composants de base &#8217; performances exceptionnelles, qualit\u00e9 stable et efficacit\u00e9 op\u00e9rationnelle \u00e9lev\u00e9e. Ce mod\u00e8le a \u00e9t\u00e9 mis \u00e0 niveau en int\u00e9grant des concepts modernes de conception industrielle et Hongrui Group&#8217; des \u00e9l\u00e9ments de la famille de signature.<\/p>","protected":false},"featured_media":2412,"template":"","meta":[],"product_brand":[],"product_cat":[30,29],"product_tag":[],"class_list":{"0":"post-2404","1":"product","2":"type-product","3":"status-publish","4":"has-post-thumbnail","6":"product_cat-compact-street-sweepers","7":"product_cat-winter-snow-removal-equipment","9":"first","10":"instock","11":"shipping-taxable","12":"product-type-simple"},"_links":{"self":[{"href":"https:\/\/www.haideclean.com\/fr\/wp-json\/wp\/v2\/product\/2404","targetHints":{"allow":["GET"]}}],"collection":[{"href":"https:\/\/www.haideclean.com\/fr\/wp-json\/wp\/v2\/product"}],"about":[{"href":"https:\/\/www.haideclean.com\/fr\/wp-json\/wp\/v2\/types\/product"}],"wp:featuredmedia":[{"embeddable":true,"href":"https:\/\/www.haideclean.com\/fr\/wp-json\/wp\/v2\/media\/2412"}],"wp:attachment":[{"href":"https:\/\/www.haideclean.com\/fr\/wp-json\/wp\/v2\/media?parent=2404"}],"wp:term":[{"taxonomy":"product_brand","embeddable":true,"href":"https:\/\/www.haideclean.com\/fr\/wp-json\/wp\/v2\/product_brand?post=2404"},{"taxonomy":"product_cat","embeddable":true,"href":"https:\/\/www.haideclean.com\/fr\/wp-json\/wp\/v2\/product_cat?post=2404"},{"taxonomy":"product_tag","embeddable":true,"href":"https:\/\/www.haideclean.com\/fr\/wp-json\/wp\/v2\/product_tag?post=2404"}],"curies":[{"name":"wp","href":"https:\/\/api.w.org\/{rel}","templated":true}]}}