{"id":2427,"date":"2026-01-07T16:35:42","date_gmt":"2026-01-07T08:35:42","guid":{"rendered":"https:\/\/www.haideclean.com\/?post_type=product&#038;p=2427"},"modified":"2026-03-19T13:59:58","modified_gmt":"2026-03-19T05:59:58","slug":"chr42mhev-full-electric-multi-functional-road-sweeper","status":"publish","type":"product","link":"https:\/\/www.haideclean.com\/fr\/produit\/chr42mhev-full-electric-multi-functional-road-sweeper\/","title":{"rendered":"CHR42MHEV balayeur routier multifonctionnel pleinement \u00e9lectrique"},"content":{"rendered":"<h3><strong><b>Points saillants du produit<\/b><\/strong><\/h3>\n<ul>\n<li>Fonctions multiples en une seule machine<\/li>\n<\/ul>\n<p>En rempla\u00e7ant les accessoires de fonction avant ou les accessoires de crochetage derri\u00e8re le v\u00e9hicule, il peut r\u00e9aliser le balayage, le nettoyage du sol, la troisi\u00e8me brosse, la charrue \u00e0 neige, le balayage de neige, le soufflage de neige et les fonctions de propagation.<\/p>\n<ul>\n<li><strong>Cabine de conduite confortable<\/strong><\/li>\n<\/ul>\n<p>La cabine adopte une conception de disposition globale ergonomique, une cabine de structure en verre panoramique, des si\u00e8ges de suspension, des pneus radiaux, un syst\u00e8me multim\u00e9dia, une direction hydraulique compl\u00e8te du volant, un syst\u00e8me d'exploitation en un clic, un syst\u00e8me vid\u00e9o d'inversion, un syst\u00e8me de contr\u00f4le de vitesse, un syst\u00e8me de freinage hydraulique, un syst\u00e8me d'entra\u00eenement \u00e0 quatre roues et un syst\u00e8me antid\u00e9rapant d'entra\u00eenement, etc., pour assurer la s\u00e9curit\u00e9 et le confort de la conduite.<\/p>\n<ul>\n<li><strong>Performance fiable<\/strong><\/li>\n<\/ul>\n<p>Les composants principaux de l'ensemble de la machine, tels que les batteries d'alimentation, les moteurs \u00e0 pied, les dirigants, les unit\u00e9s d'alimentation, les moteurs et les groupes de vannes hydrauliques, utilisent des produits de marque domestiques internationaux de premier niveau, avec d'excellentes performances et une qualit\u00e9 fiable.<\/p>\n<ul>\n<li><strong>Haute efficacit\u00e9<\/strong><\/li>\n<\/ul>\n<p>Le syst\u00e8me de nettoyage de toute la machine adopte une conception de disposition frontale qui est propice \u00e0 assurer la qualit\u00e9 et l'efficacit\u00e9 de l'op\u00e9ration;<\/p>\n<p>Le syst\u00e8me de balayage est configur\u00e9 avec une structure de bras de brosse suspendue qui peut \u00eatre r\u00e9gl\u00e9e en fonction des conditions routi\u00e8res;<\/p>\n<p>Le syst\u00e8me principal de r\u00e9duction de poussi\u00e8res du syst\u00e8me de r\u00e9duction de poussi\u00e8res utilise un syst\u00e8me unique de r\u00e9duction de poussi\u00e8res circulaires \u00e0 grand d\u00e9bit pour la r\u00e9duction de poussi\u00e8res. Le syst\u00e8me de r\u00e9duction de poussi\u00e8re utilise une brosse \u00e0 4 buses de r\u00e9duction de poussi\u00e8re et un grand d\u00e9bit de la bouche pour pulv\u00e9riser la r\u00e9duction de poussi\u00e8re;<\/p>\n<p>Les ventilateurs du syst\u00e8me de pompage sont des ventilateurs centrifuges avec une zone large et \u00e0 haut rendement qui sont optimis\u00e9s par de nombreuses simulations CAE, et combin\u00e9s avec un tube d'absorption \u00e0 grand circuit de diam\u00e8tre de 180 mm, ce qui peut b\u00e9n\u00e9ficier de la qualit\u00e9 d'aspiration.<\/p>\n<h3><strong><b>Caract\u00e9ristiques de performance<\/b><\/strong><\/h3>\n<p><strong>1) Fonctionnement flexible<\/strong><\/p>\n<p><strong>\u2606<\/strong>Il est con\u00e7u avec une structure articul\u00e9e bidirectionnelle unique au centre. Les cadres avant et arri\u00e8re peuvent \u00eatre tord\u00e9s et dirig\u00e9s dans les deux sens avec une commande flexible et un petit rayon de virage.<\/p>\n<p><strong>2) Vision ouverte<\/strong><\/p>\n<p><strong>\u2606 Le cabinet adopte la structure en verre panoramique, et l'op\u00e9ration est large.<\/strong><\/p>\n<p><img fetchpriority=\"high\" decoding=\"async\" class=\"alignnone wp-image-2529 size-full\" src=\"https:\/\/www.haideclean.com\/wp-content\/uploads\/2026\/01\/Open-vision2.jpg\" alt=\"\" width=\"724\" height=\"543\" srcset=\"https:\/\/www.haideclean.com\/wp-content\/uploads\/2026\/01\/Open-vision2.jpg 724w, https:\/\/www.haideclean.com\/wp-content\/uploads\/2026\/01\/Open-vision2-300x225.jpg 300w, https:\/\/www.haideclean.com\/wp-content\/uploads\/2026\/01\/Open-vision2-600x450.jpg 600w\" sizes=\"(max-width: 724px) 100vw, 724px\" \/><\/p>\n<p><strong>3) Un environnement de conduite confortable<\/strong><\/p>\n<p>\u00c9quip\u00e9 de radio.<\/p>\n<p><strong>\u2606<\/strong>\u00c9quip\u00e9 du climatiseur et de l'air chaud avec la structure divis\u00e9e, le climatiseur est la structure sup\u00e9rieure de la partie sup\u00e9rieure, et le vent chaud est le fond du fond de la structure d'installation du bas, ce qui peut rendre le climatiseur et l'air chaud fonctionnent plus efficacement, et fournir au conducteur un pour fournir un conducteur avec un.<\/p>\n<p><strong>\u2606<\/strong>\u00c9quip\u00e9 d'une fonction de croisi\u00e8re \u00e0 vitesse fixe.<\/p>\n<p><strong>\u2606 \u00c9quip\u00e9 d'une fonction \u00e9lectronique de r\u00e9glage de vitesse pour rendre le conducteur plus d\u00e9tendu et pratique pour conduire le v\u00e9hicule.<\/strong><\/p>\n<p><strong>\u2606<\/strong>\u00c9quip\u00e9 d'un conducteur confortable&#8217; s si\u00e8ge, la cabine peut \u00eatre ajust\u00e9e selon le conducteur&#8217; poids pour am\u00e9liorer le confort du conducteur. Le si\u00e8ge est \u00e9quip\u00e9 d'une ceinture de s\u00e9curit\u00e9 pour assurer la s\u00e9curit\u00e9 de conduite du conducteur.<\/p>\n<p><strong>4) Excellent syst\u00e8me de contr\u00f4le \u00e9lectrique<\/strong><\/p>\n<p><strong>\u2606<\/strong>Tout le v\u00e9hicule est contr\u00f4l\u00e9 num\u00e9riquement par un contr\u00f4leur avec une bonne r\u00e9sistance aux chocs et un niveau de protection \u00e9lev\u00e9.<\/p>\n<p>&nbsp;<\/p>\n<p><strong>\u2606<\/strong>Il suffit d'appuyer sur un bouton pour r\u00e9aliser toute l'action.<\/p>\n<p><strong>La vitesse de nettoyage peut \u00eatre r\u00e9gl\u00e9e selon les besoins de travail.<\/strong><\/p>\n<p><strong>\u2606<\/strong>Avec un moniteur LCD de 7 pouces, vous pouvez observer l'\u00e9tat de travail du v\u00e9hicule \u00e0 tout moment et fournir des images d'inversion.<\/p>\n<p><strong>5) syst\u00e8me de marche stable<\/strong><\/p>\n<p>Ce pilote de d\u00e9placement \u00e0 balayage fr\u00e9quentiel du circuit adopte un syst\u00e8me de transmission hydraulique \u00e0 variation continue de vitesse, associ\u00e9 \u00e0 des algorithmes logiciels et un syst\u00e8me de contr\u00f4le matures, ce qui rend les performances du syst\u00e8me de d\u00e9placement de la machine compl\u00e8te plus stables et fiables.<\/p>\n<p>Peut \u00eatre transform\u00e9 par quatre roues motrices et deux roues motrices avant pour r\u00e9pondre aux besoins de conduite et d'escalade;<\/p>\n<p>La fonction anti-glissement unique peut atteindre les roues lorsque les roues sont gliss\u00e9es dans l'op\u00e9ration d'enneigement de l'hiver;<\/p>\n<p>Le v\u00e9hicule utilise un r\u00e9glage automatique de la charge de la commande de transmission. Le conducteur n'a qu'\u00e0 monter sur la p\u00e9dale pour atteindre la vitesse id\u00e9ale. Le v\u00e9hicule ajustera la vitesse du moteur en fonction du v\u00e9hicule&#8217; S charge.<\/p>\n<p><strong>6) conception multi-collision<\/strong><\/p>\n<p><strong>\u2606<\/strong>Les brosses \u00e0 balayage adoptent une conception anti-collision multiple pour r\u00e9aliser une protection maximale des brosses contre les dommages caus\u00e9s par les collisions.<\/p>\n<p><strong>7) syst\u00e8me d'\u00e9limination de la poussi\u00e8re<\/strong><\/p>\n<p><strong>\u2606<\/strong>\u00c9quip\u00e9 d'un syst\u00e8me d'\u00e9limination de poussi\u00e8re d'eau circulante \u00e0 grand d\u00e9bit, l'eau circulante dans la bo\u00eete circule du flux d'eau \u00e0 l'entr\u00e9e. Sous l'influence du flux d'air \u00e0 grande vitesse, il est enti\u00e8rement combin\u00e9 avec la poussi\u00e8re absorbante dans le tube de pompage pour r\u00e9aliser la r\u00e9duction de la poussi\u00e8re; Le filtre sp\u00e9cial sur la carte, puis refouler \u00e0 l'endroit d'entr\u00e9e pour participer \u00e0 la r\u00e9duction de la poussi\u00e8re, r\u00e9utiliser<\/p>\n<p><strong>\u00c9quip\u00e9 d\u2019un syst\u00e8me de balayage et de brumisation pour la d\u00e9poussi\u00e9rage.<\/strong><\/p>\n<p><strong>\u2606 Le haut de la brosse est \u00e9quip\u00e9 de 4 buses anti-poussi\u00e8re<\/strong><\/p>\n<p><strong>8) Dumping \u00e0 haut niveau<\/strong><\/p>\n<p><strong>\u2606<\/strong>Le r\u00e9servoir \u00e0 ordures est fabriqu\u00e9 en acier inoxydable de haute qualit\u00e9, qui est non seulement r\u00e9sistant \u00e0 la corrosion, mais aussi \u00e0 haute r\u00e9sistance.  \u2606  Il adopte une m\u00e9thode de d\u00e9versement \u00e9lev\u00e9e pour d\u00e9verser les ordures, ce qui r\u00e9duit l'intensit\u00e9 de travail de l'op\u00e9rateur et rend le d\u00e9versement des ordures, le nettoyage et l'entretien de toute la machine extr\u00eamement pratiques.<\/p>\n<p><strong>9) fonction d'auto-nettoyage<\/strong><\/p>\n<p><strong>\u2606<\/strong>Il est \u00e9quip\u00e9 d'une pompe de brossage de voiture qui peut fournir de l'eau \u00e0 haute pression. Les pistolets \u00e0 haute pression peuvent \u00eatre transport\u00e9s avec la voiture. Apr\u00e8s le fonctionnement du v\u00e9hicule, le v\u00e9hicule peut \u00eatre nettoy\u00e9 pour s'assurer que le v\u00e9hicule&#8217; L'apparence est nette.<\/p>\n<p><strong>10) syst\u00e8me de freinage fiable<\/strong><\/p>\n<p>Le syst\u00e8me de freinage combine le freinage par moyeu de frein et le freinage automatique par transmission de tension statique. Les quatre roues sont \u00e9quip\u00e9es d'un frein hydraulique, tandis que les roues arri\u00e8re disposent en outre d'un frein \u00e0 traction. Cette conception garantit la s\u00e9curit\u00e9 du freinage en service et du freinage de stationnement.<\/p>\n<p><strong>11) paille r\u00e9tractable \u00e0 main et outil auxiliaire<\/strong><\/p>\n<p>\u00c9quip\u00e9 d'une paille de couverture \u00e0 main d'extension, vous pouvez effectuer des op\u00e9rations d'aspiration dans des endroits tels que les ceintures vertes.<\/p>\n<p>\u00c9quip\u00e9 d'outils auxiliaires, les ordures bloqu\u00e9es dans la grande bo\u00eete peuvent \u00eatre nettoy\u00e9es et peuvent \u00eatre utilis\u00e9es comme pompe \u00e0 huile manuelle d'urgence correspondante.<\/p>\n<p><strong>12) Syst\u00e8me d'urgence<\/strong><\/p>\n<p>La cabine est \u00e9quip\u00e9e d'un extincteur portable pour les situations d'urgence.<\/p>\n<p>\u00c9quip\u00e9 de pompes \u00e0 huile manuelles d'urgence, lorsque le syst\u00e8me hydraulique \u00e9choue, la poubelle peut \u00eatre soulev\u00e9e et une enqu\u00eate de d\u00e9faillance peut \u00eatre effectu\u00e9e.<\/p>","protected":false},"excerpt":{"rendered":"<p>La balayeuse routi\u00e8re CHR42MHEV est une balayeuse routi\u00e8re multifonctionnelle avec une structure de ch\u00e2ssis d\u00e9di\u00e9e qui remplace une vari\u00e9t\u00e9 d'accessoires fonctionnels. Cette balayeuse routi\u00e8re adopte des concepts de conception avanc\u00e9s de plateforme de v\u00e9hicule et de modularit\u00e9 de fixation fonctionnelle, qui peuvent rapidement r\u00e9aliser la commutation des fonctions sans outils. Toutes les op\u00e9rations sont compl\u00e9t\u00e9es conjointement par la structure m\u00e9canique, le syst\u00e8me \u00e9lectrique et le syst\u00e8me hydraulique.<\/p>","protected":false},"featured_media":2428,"template":"","meta":[],"product_brand":[],"product_cat":[30,29],"product_tag":[],"class_list":{"0":"post-2427","1":"product","2":"type-product","3":"status-publish","4":"has-post-thumbnail","6":"product_cat-compact-street-sweepers","7":"product_cat-winter-snow-removal-equipment","9":"first","10":"instock","11":"shipping-taxable","12":"product-type-simple"},"_links":{"self":[{"href":"https:\/\/www.haideclean.com\/fr\/wp-json\/wp\/v2\/product\/2427","targetHints":{"allow":["GET"]}}],"collection":[{"href":"https:\/\/www.haideclean.com\/fr\/wp-json\/wp\/v2\/product"}],"about":[{"href":"https:\/\/www.haideclean.com\/fr\/wp-json\/wp\/v2\/types\/product"}],"wp:featuredmedia":[{"embeddable":true,"href":"https:\/\/www.haideclean.com\/fr\/wp-json\/wp\/v2\/media\/2428"}],"wp:attachment":[{"href":"https:\/\/www.haideclean.com\/fr\/wp-json\/wp\/v2\/media?parent=2427"}],"wp:term":[{"taxonomy":"product_brand","embeddable":true,"href":"https:\/\/www.haideclean.com\/fr\/wp-json\/wp\/v2\/product_brand?post=2427"},{"taxonomy":"product_cat","embeddable":true,"href":"https:\/\/www.haideclean.com\/fr\/wp-json\/wp\/v2\/product_cat?post=2427"},{"taxonomy":"product_tag","embeddable":true,"href":"https:\/\/www.haideclean.com\/fr\/wp-json\/wp\/v2\/product_tag?post=2427"}],"curies":[{"name":"wp","href":"https:\/\/api.w.org\/{rel}","templated":true}]}}