{"id":2431,"date":"2026-01-07T16:37:53","date_gmt":"2026-01-07T08:37:53","guid":{"rendered":"https:\/\/www.haideclean.com\/?post_type=product&#038;p=2431"},"modified":"2026-03-18T11:35:56","modified_gmt":"2026-03-18T03:35:56","slug":"chr50mev-full-electric-street-sweeper","status":"publish","type":"product","link":"https:\/\/www.haideclean.com\/fr\/produit\/chr50mev-full-electric-street-sweeper\/","title":{"rendered":"CHR50MEV balayeur de rue enti\u00e8rement \u00e9lectrique"},"content":{"rendered":"<p><strong>Caract\u00e9ristiques de performance des balayeurs multifonctions pleinement \u00e9lectriques CHR50MEV<\/strong><\/p>\n<ol>\n<li><strong>Syst\u00e8me de direction :<\/strong><\/li>\n<\/ol>\n<p>Adoptant un syst\u00e8me de direction enti\u00e8rement hydraulique, la structure est simple et la direction est lisse. Facile \u00e0 utiliser lors d'op\u00e9rations de nettoyage fr\u00e9quentes avec conduite \u00e0 basse vitesse et direction fr\u00e9quente.<\/p>\n<p><img fetchpriority=\"high\" decoding=\"async\" class=\"alignnone wp-image-2515 size-full\" src=\"https:\/\/www.haideclean.com\/wp-content\/uploads\/2026\/01\/Four-wheel.jpg\" alt=\"\" width=\"1377\" height=\"340\" srcset=\"https:\/\/www.haideclean.com\/wp-content\/uploads\/2026\/01\/Four-wheel.jpg 1377w, https:\/\/www.haideclean.com\/wp-content\/uploads\/2026\/01\/Four-wheel-300x74.jpg 300w, https:\/\/www.haideclean.com\/wp-content\/uploads\/2026\/01\/Four-wheel-1024x253.jpg 1024w, https:\/\/www.haideclean.com\/wp-content\/uploads\/2026\/01\/Four-wheel-768x190.jpg 768w, https:\/\/www.haideclean.com\/wp-content\/uploads\/2026\/01\/Four-wheel-600x148.jpg 600w\" sizes=\"(max-width: 1377px) 100vw, 1377px\" \/><\/p>\n<p><strong><b>Quatre roues<\/b><b>\u00a0\u00a0\u00a0\u00a0\u00a0\u00a0\u00a0\u00a0\u00a0Ajuster la forme du crabe et la direction de la roue arri\u00e8re<\/b><\/strong><\/p>\n<p>Afin de faire face aux conditions de travail complexes et \u00e9troites des rues arri\u00e8re et des ruelles, nous avons d\u00e9velopp\u00e9 diff\u00e9rents syst\u00e8mes de tournage.<\/p>\n<p>Direction sur les quatre roues, rayon de braquage r\u00e9duit ; rayon de braquage d\u2019environ 3,5 m\u00e8tres.<\/p>\n<p>R\u00e9glage pr\u00e9cis de la posture de mouvement en crabe et des param\u00e8tres de direction des roues arri\u00e8re dans la trajectoire r\u00e9elle du v\u00e9hicule.<\/p>\n<p>3.Front roue de direction pour la conduite normale, rayon de virage \u2248 5,3 m\u00e8tres;<\/p>\n<p>La direction \u00e0 quatre roues est une technologie de direction cr\u00e9\u00e9e pour s'aligner sur le petit rayon de virage des cadres articul\u00e9s;<\/p>\n<p><strong><b>2.<\/b><b>Syst\u00e8me de collecte des ordures<\/b><\/strong><\/p>\n<p>La poubelle est faite de plaques en acier inoxydable dans son ensemble, et les d\u00e9corations ext\u00e9rieures sont en mat\u00e9riau FRP, qui est l\u00e9ger et dur, s\u00fbr et non conducteur, avec une haute r\u00e9sistance m\u00e9canique et r\u00e9sistance \u00e0 la corrosion;<\/p>\n<table style=\"border-collapse: collapse; width: 100%;\">\n<tbody>\n<tr>\n<td style=\"width: 50%;\"><img decoding=\"async\" class=\"alignnone wp-image-2516 size-full\" src=\"https:\/\/www.haideclean.com\/wp-content\/uploads\/2026\/01\/Garbage-Collection-System.jpg\" alt=\"\" width=\"800\" height=\"800\" srcset=\"https:\/\/www.haideclean.com\/wp-content\/uploads\/2026\/01\/Garbage-Collection-System.jpg 800w, https:\/\/www.haideclean.com\/wp-content\/uploads\/2026\/01\/Garbage-Collection-System-300x300.jpg 300w, https:\/\/www.haideclean.com\/wp-content\/uploads\/2026\/01\/Garbage-Collection-System-150x150.jpg 150w, https:\/\/www.haideclean.com\/wp-content\/uploads\/2026\/01\/Garbage-Collection-System-768x768.jpg 768w, https:\/\/www.haideclean.com\/wp-content\/uploads\/2026\/01\/Garbage-Collection-System-600x600.jpg 600w, https:\/\/www.haideclean.com\/wp-content\/uploads\/2026\/01\/Garbage-Collection-System-100x100.jpg 100w\" sizes=\"(max-width: 800px) 100vw, 800px\" \/><\/td>\n<td style=\"width: 50%;\">La fl\u00e8che noire indique que la buse d'aspiration aspire les ordures et les eaux us\u00e9es dans la poubelle, tandis que la fl\u00e8che bleue indique que les eaux us\u00e9es s'\u00e9coulent dans la buse d'aspiration.<\/td>\n<\/tr>\n<\/tbody>\n<\/table>\n<ul>\n<li>Capacit\u00e9 puissante de collecte de feuilles, la puissance maximale du ventilateur peut atteindre 10KW, qu'il s'agisse d'une feuille de wutong fran\u00e7aise de taille face ou d'une aiguille de pin mince de poils, elle peut \u00eatre facilement enlev\u00e9e, avec la poubelle super grande de 2 m\u00e8tres cubes, ce qui explique parfaitement ce qu'est un artefact de collecte de feuilles;<\/li>\n<li>La poubelle est faite de plaques en acier inoxydable et les d\u00e9chets dans le flux d'aspiration sont stock\u00e9s dans la poubelle apr\u00e8s s\u00e9dimentation et s\u00e9paration. L'eau de pulv\u00e9risation et les d\u00e9chets sont s\u00e9par\u00e9s et filtr\u00e9s \u00e0 travers des filtres en acier inoxydable des deux c\u00f4t\u00e9s et devant la bo\u00eete avant de s'\u00e9couler dans le canal d'eau de filtration inf\u00e9rieur, formant un syst\u00e8me de circulation de l'eau et de r\u00e9duction de la poussi\u00e8re pour l'ensemble du v\u00e9hicule;<\/li>\n<li>Le filtre en acier inoxydable a une structure unique, une haute r\u00e9sistance et n'est pas facilement endommag\u00e9. Il a une forte fluidit\u00e9, une haute pr\u00e9cision de filtration et n'est pas facile \u00e0 bloquer et \u00e0 nettoyer.<\/li>\n<li>Le dispositif de balayage et d'aspiration est situ\u00e9 sous le pilote&#8217; s cabine, avec une largeur d'ouverture d'aspiration de 800mm, le diam\u00e8tre de la paille est de 180mm, et la largeur de nettoyage efficace maximale est de 2400mm.<\/li>\n<li>Le ventilateur d'aspiration a une efficacit\u00e9 \u00e9lev\u00e9e et un faible bruit, une consommation d'\u00e9nergie extr\u00eamement faible, une forte capacit\u00e9 d'aspiration et peut facilement inhaler des briques, des pierres, des feuilles de wutong, etc.<\/li>\n<li>Un m\u00e9canisme d'interf\u00e9rence du flux d'air est con\u00e7u \u00e0 l'int\u00e9rieur du port d'aspiration pour agiter rapidement la poussi\u00e8re adh\u00e9rant \u00e0 la surface de la route et acc\u00e9l\u00e9rer son entr\u00e9e dans le port d'aspiration. Cela peut atteindre un taux d'aspiration \u00e9lev\u00e9 \u00e0 une vitesse de nettoyage \u00e9lev\u00e9e, am\u00e9liorant consid\u00e9rablement l'efficacit\u00e9 du travail.<\/li>\n<li>Une plaque de r\u00e9glage du volume d'air est install\u00e9e sur le port d'aspiration pour r\u00e9gler l'ouverture de la plaque de couverture en fonction de la situation des ordures sur la surface de la route, afin d'obtenir un volume d'air et une vitesse du vent appropri\u00e9s, assurant une efficacit\u00e9 d'aspiration \u00e9lev\u00e9e.<\/li>\n<\/ul>\n<table style=\"border-collapse: collapse; width: 100%;\">\n<tbody>\n<tr>\n<td style=\"width: 50%;\"><img decoding=\"async\" class=\"wp-image-2517 size-full aligncenter\" src=\"https:\/\/www.haideclean.com\/wp-content\/uploads\/2026\/01\/CHR50MEV-Multi-Functional-Full-Electric-Road-Sweeper.jpg\" alt=\"\" width=\"591\" height=\"465\" srcset=\"https:\/\/www.haideclean.com\/wp-content\/uploads\/2026\/01\/CHR50MEV-Multi-Functional-Full-Electric-Road-Sweeper.jpg 591w, https:\/\/www.haideclean.com\/wp-content\/uploads\/2026\/01\/CHR50MEV-Multi-Functional-Full-Electric-Road-Sweeper-300x236.jpg 300w\" sizes=\"(max-width: 591px) 100vw, 591px\" \/><\/td>\n<td style=\"width: 50%;\"><img loading=\"lazy\" decoding=\"async\" class=\"wp-image-2518 size-full aligncenter\" src=\"https:\/\/www.haideclean.com\/wp-content\/uploads\/2026\/01\/CHR50MEV-Multi-Functional-Full-Electric-Road-Sweeper2.jpg\" alt=\"\" width=\"608\" height=\"455\" srcset=\"https:\/\/www.haideclean.com\/wp-content\/uploads\/2026\/01\/CHR50MEV-Multi-Functional-Full-Electric-Road-Sweeper2.jpg 608w, https:\/\/www.haideclean.com\/wp-content\/uploads\/2026\/01\/CHR50MEV-Multi-Functional-Full-Electric-Road-Sweeper2-300x225.jpg 300w, https:\/\/www.haideclean.com\/wp-content\/uploads\/2026\/01\/CHR50MEV-Multi-Functional-Full-Electric-Road-Sweeper2-600x449.jpg 600w\" sizes=\"(max-width: 608px) 100vw, 608px\" \/><\/td>\n<\/tr>\n<\/tbody>\n<\/table>\n<ul>\n<li><strong>Syst\u00e8me \u00e9lectrique complet :<\/strong><\/li>\n<li>La plateforme enti\u00e8rement \u00e9lectrique int\u00e8gre la technologie Powertrain et batterie pour atteindre une efficacit\u00e9 op\u00e9rationnelle, des performances et une endurance plus \u00e9lev\u00e9es.<\/li>\n<li>La batterie au lithium adopte le contr\u00f4le de gestion BMS pour assurer un fonctionnement stable du v\u00e9hicule.<\/li>\n<li>L'ensemble du v\u00e9hicule adopte un contr\u00f4leur pour le contr\u00f4le num\u00e9rique, qui a les caract\u00e9ristiques de bonne r\u00e9sistance sismique, de haut niveau de protection, de r\u00e9sistance aux grandes diff\u00e9rences de temp\u00e9rature, aux fluctuations de tension et \u00e0 la capacit\u00e9 d'effectuer des calculs de contr\u00f4le complexes. C'est le choix optimal pour r\u00e9aliser le contr\u00f4le \u00e9lectrique des v\u00e9hicules mobiles non routiers.<\/li>\n<li>Avec un clic de d\u00e9marrage, le dispositif de nettoyage et le port d'aspiration peuvent \u00eatre utilis\u00e9s et recycl\u00e9s. La vitesse de balayage peut \u00eatre r\u00e9gl\u00e9e sans \u00e9tape; En m\u00eame temps, le contr\u00f4leur communique avec le module d'entr\u00e9e et le module de sortie via le bus CAN, simplifiant la distribution des harnais de c\u00e2blage du v\u00e9hicule, r\u00e9duisant les points de d\u00e9faillance du circuit et rendant la maintenance plus pratique.<\/li>\n<\/ul>\n<p><strong>Syst\u00e8me de suppression de la poussi\u00e8re:<\/strong><\/p>\n<p>Le syst\u00e8me de r\u00e9duction de la poussi\u00e8re se compose de deux parties: la pulv\u00e9risation d'eau et la r\u00e9duction de la poussi\u00e8re d'eau circulante.<\/p>\n<p>La buse d'eau propre est install\u00e9e sur le porte-brosse et la pulv\u00e9risation est utilis\u00e9e pour r\u00e9duire la poussi\u00e8re, de sorte que les ordures peuvent \u00eatre mouill\u00e9es \u00e0 l'avance pour contr\u00f4ler la poussi\u00e8re \u00e0 la sortie d'air. La quantit\u00e9 d'eau pulv\u00e9ris\u00e9e peut \u00eatre ajust\u00e9e. Le circuit d'eau circulante des eaux us\u00e9es install\u00e9 au port d'aspiration permet de tremper compl\u00e8tement les ordures; L'eau circulante utilis\u00e9e pour la pulv\u00e9risation et la r\u00e9duction de la poussi\u00e8re s'\u00e9coule dans le r\u00e9servoir d'eau circulante \u00e0 travers un \u00e9cran filtrant sp\u00e9cial sur la plaque lat\u00e9rale de la bo\u00eete pour la r\u00e9utilisation. En raison du fait que l'eau circule, il n'est pas n\u00e9cessaire d'augmenter la capacit\u00e9 du r\u00e9servoir d'eau pour produire une grande quantit\u00e9 d'eau. Le filtre en acier inoxydable a une structure unique, une haute r\u00e9sistance et n'est pas facilement endommag\u00e9. Il a une forte capacit\u00e9 de d\u00e9bit, une haute pr\u00e9cision de filtration et n'est pas facile \u00e0 bloquer, ce qui le rend facile \u00e0 nettoyer.<\/p>\n<p><img loading=\"lazy\" decoding=\"async\" class=\"alignnone wp-image-2519 size-full\" src=\"https:\/\/www.haideclean.com\/wp-content\/uploads\/2026\/01\/CHR50MEV-Multi-Functional-Full-Electric-Road-Sweeper3.jpg\" alt=\"\" width=\"1065\" height=\"536\" srcset=\"https:\/\/www.haideclean.com\/wp-content\/uploads\/2026\/01\/CHR50MEV-Multi-Functional-Full-Electric-Road-Sweeper3.jpg 1065w, https:\/\/www.haideclean.com\/wp-content\/uploads\/2026\/01\/CHR50MEV-Multi-Functional-Full-Electric-Road-Sweeper3-300x151.jpg 300w, https:\/\/www.haideclean.com\/wp-content\/uploads\/2026\/01\/CHR50MEV-Multi-Functional-Full-Electric-Road-Sweeper3-1024x515.jpg 1024w, https:\/\/www.haideclean.com\/wp-content\/uploads\/2026\/01\/CHR50MEV-Multi-Functional-Full-Electric-Road-Sweeper3-768x387.jpg 768w, https:\/\/www.haideclean.com\/wp-content\/uploads\/2026\/01\/CHR50MEV-Multi-Functional-Full-Electric-Road-Sweeper3-600x302.jpg 600w\" sizes=\"(max-width: 1065px) 100vw, 1065px\" \/><\/p>\n<p>Sous la structure unique de la circulation des eaux us\u00e9es, la sortie d'air minimise la concentration de poussi\u00e8re et, lorsqu'elle est \u00e9vacu\u00e9e, elle est essentiellement dans un \u00e9tat de brouillard d'eau, r\u00e9pondant \u00e0 la valeur de pH des normes nationales.<\/p>\n<p><strong>6. Structure g\u00e9n\u00e9rale <\/strong><\/p>\n<p>L'essieu avant CHR51MHEV adopte des ressorts \u00e0 lames standard pour v\u00e9hicules commerciaux, qui sont robustes, supportants et confortables. L'essieu arri\u00e8re adopte un m\u00e9canisme unique de liaison d'essieu et un syst\u00e8me d'amortissement en caoutchouc, qui est le premier dans le pays.<\/p>\n<p><img loading=\"lazy\" decoding=\"async\" class=\"alignnone wp-image-2520 size-full\" src=\"https:\/\/www.haideclean.com\/wp-content\/uploads\/2026\/01\/Integral-Frame.jpg\" alt=\"\" width=\"1269\" height=\"728\" srcset=\"https:\/\/www.haideclean.com\/wp-content\/uploads\/2026\/01\/Integral-Frame.jpg 1269w, https:\/\/www.haideclean.com\/wp-content\/uploads\/2026\/01\/Integral-Frame-300x172.jpg 300w, https:\/\/www.haideclean.com\/wp-content\/uploads\/2026\/01\/Integral-Frame-1024x587.jpg 1024w, https:\/\/www.haideclean.com\/wp-content\/uploads\/2026\/01\/Integral-Frame-768x441.jpg 768w, https:\/\/www.haideclean.com\/wp-content\/uploads\/2026\/01\/Integral-Frame-600x344.jpg 600w\" sizes=\"(max-width: 1269px) 100vw, 1269px\" \/><\/p>\n<p>Le ch\u00e2ssis est le connecteur porteur de toutes les structures de syst\u00e8me de l'ensemble du v\u00e9hicule. Le cadre est une structure soud\u00e9e int\u00e9grale, et la poutre longitudinale principale est faite de plaque d'acier 16Mn haute r\u00e9sistance. Haute r\u00e9sistance, poids l\u00e9ger et structure simple.<\/p>\n<p><strong>Cabine du conducteur :<\/strong><\/p>\n<p>Le conducteur&#8217; s cabine adopte une structure en verre panoramique, qui offre une large vue du travail et \u00e9limine les taches mortes visuelles pendant le fonctionnement, ce qui est plus propice \u00e0 assurer la qualit\u00e9 du travail; Dans le m\u00eame temps, tout le verre est rev\u00eatu d'un film solaire, qui peut fournir une bonne isolation en \u00e9t\u00e9 chaud et emp\u00eacher le verre d'\u00e9clater lorsqu'il est frapp\u00e9 par des objets durs, assurant la s\u00e9curit\u00e9 du conducteur.<\/p>\n<p><img loading=\"lazy\" decoding=\"async\" class=\"alignnone wp-image-2521 size-large\" src=\"https:\/\/www.haideclean.com\/wp-content\/uploads\/2026\/01\/Driver-Cab-767x1024.jpg\" alt=\"\" width=\"767\" height=\"1024\" srcset=\"https:\/\/www.haideclean.com\/wp-content\/uploads\/2026\/01\/Driver-Cab-767x1024.jpg 767w, https:\/\/www.haideclean.com\/wp-content\/uploads\/2026\/01\/Driver-Cab-225x300.jpg 225w, https:\/\/www.haideclean.com\/wp-content\/uploads\/2026\/01\/Driver-Cab-768x1025.jpg 768w, https:\/\/www.haideclean.com\/wp-content\/uploads\/2026\/01\/Driver-Cab-600x801.jpg 600w, https:\/\/www.haideclean.com\/wp-content\/uploads\/2026\/01\/Driver-Cab.jpg 855w\" sizes=\"(max-width: 767px) 100vw, 767px\" \/><\/p>\n<ul>\n<li>\u00c9quip\u00e9 d'un lecteur CD, le conducteur peut effectuer l'op\u00e9ration de nettoyage confortablement;<\/li>\n<li>Dot\u00e9 d'un \u00e9cran d'affichage de 7 pouces, il affiche non seulement l'\u00e9tat de fonctionnement de l'ensemble du v\u00e9hicule, mais contr\u00f4le \u00e9galement le mouvement du v\u00e9hicule. En m\u00eame temps, il int\u00e8gre \u00e9galement une image invers\u00e9e, tirant pleinement parti des avantages de l'\u00e9cran de 7 pouces;<\/li>\n<li>Le conducteur&#8217; s cabine est \u00e9quip\u00e9e d'une conception de porte double face, ce qui permet au conducteur de monter et de descendre en fonction de la situation;<\/li>\n<li>Pendant de longues heures de travail, le conducteur&#8217; Le pied gauche reste au ralenti, provoquant un inconfort dans la jambe gauche des utilisateurs plus courts. Par cons\u00e9quent, l'ajout d'un kit de repose-pieds peut \u00eatre utilis\u00e9 comme un kit d'outils ou comme un repose-pieds pour am\u00e9liorer l'utilisateur&#8217; S conduire le bonheur.<\/li>\n<li>Si\u00e8ges en cuir suspendus, faciles \u00e0 nettoyer, confortables et fiables. Le conducteur&#8217; s si\u00e8ge peut \u00eatre ajust\u00e9 manuellement selon le conducteur&#8217; s poids pour s'assurer que le si\u00e8ge fournit une force d'amortissement suffisante et am\u00e9liore le conducteur&#8217; du confort.<\/li>\n<li>\u00c9quip\u00e9 d'une structure divis\u00e9e de climatisation et de chauffage, l'environnement de fonctionnement est confortable. La climatisation est une structure mont\u00e9e en haut qui \u00e9vacue l'air en haut, tandis que le chauffage est une structure mont\u00e9e en bas qui \u00e9vacue l'air en bas. Dans le m\u00eame temps, la climatisation et le chauffage sont \u00e9quip\u00e9s de multiples engrenages, qui peuvent \u00eatre s\u00e9lectionn\u00e9s en fonction de diff\u00e9rents environnements, permettant un environnement de travail confortable \u00e0 la fois en \u00e9t\u00e9 et en hiver.<\/li>\n<\/ul>\n<p><strong>Syst\u00e8me d'eau \u00e0 haute pression:<\/strong><\/p>\n<p>Le syst\u00e8me d'eau haute pression est divis\u00e9 en deux fonctions en mode de nettoyage multifonctionnel, avec une fonction d'autonettoyage de bo\u00eete et une fonction de pistolet \u00e0 pulv\u00e9risation haute pression.<\/p>\n<p>Accessoires optionnels multifonctionnels &#8211; maintenance routi\u00e8re et fonction de nettoyage de point unique.<\/p>\n<p><img loading=\"lazy\" decoding=\"async\" class=\"alignnone wp-image-2522 size-large\" src=\"https:\/\/www.haideclean.com\/wp-content\/uploads\/2026\/01\/High-Pressure-Water-System-1024x767.jpg\" alt=\"\" width=\"800\" height=\"599\" srcset=\"https:\/\/www.haideclean.com\/wp-content\/uploads\/2026\/01\/High-Pressure-Water-System-1024x767.jpg 1024w, https:\/\/www.haideclean.com\/wp-content\/uploads\/2026\/01\/High-Pressure-Water-System-300x225.jpg 300w, https:\/\/www.haideclean.com\/wp-content\/uploads\/2026\/01\/High-Pressure-Water-System-768x575.jpg 768w, https:\/\/www.haideclean.com\/wp-content\/uploads\/2026\/01\/High-Pressure-Water-System-600x449.jpg 600w, https:\/\/www.haideclean.com\/wp-content\/uploads\/2026\/01\/High-Pressure-Water-System.jpg 1180w\" sizes=\"(max-width: 800px) 100vw, 800px\" \/><\/p>\n<ul>\n<li>La fonction de nettoyage \u00e0 l'int\u00e9rieur du corps peut \u00eatre activ\u00e9e en un clic pour effectuer le nettoyage \u00e0 l'int\u00e9rieur du corps. R\u00e9duit la possibilit\u00e9 d'\u00e9claboussements de d\u00e9chets sur le pilote&#8217; s corps lors du nettoyage de la poubelle, assurant la propret\u00e9 et l'hygi\u00e8ne; Il r\u00e9duit la charge qui incombe aux conducteurs de nettoyer les poubelles et \u00e9limine la possibilit\u00e9 d'obstruction des poubelles pour les eaux us\u00e9es, initiative nationale.<\/li>\n<li>La fonction pistolet \u00e0 pulv\u00e9risation haute pression peut nettoyer l'apparence des v\u00e9hicules et effectuer \u00e9galement un nettoyage point \u00e0 point sur les publicit\u00e9s routi\u00e8res, ce qui est pratique et pratique.<\/li>\n<\/ul>","protected":false},"excerpt":{"rendered":"<p>CHR50MEV est une balayeuse multifonction enti\u00e8rement \u00e9lectrique de nouvelle \u00e9nergie con\u00e7ue avec une disposition int\u00e9gr\u00e9e d'un cadre int\u00e9gr\u00e9 et d'un ch\u00e2ssis d\u00e9di\u00e9.<\/p>\n<p>Forte de nombreuses ann\u00e9es d\u2019exp\u00e9rience dans la fabrication d\u2019\u00e9quipements de sanitation urbaine et en \u00e9troite collaboration avec les utilisateurs, notre soci\u00e9t\u00e9 a con\u00e7u et d\u00e9velopp\u00e9 ce balayeuse multifonctionnelle enti\u00e8rement \u00e9lectrique pour r\u00e9pondre \u00e0 tous leurs besoins. Le travail est r\u00e9alis\u00e9 conjointement par la structure m\u00e9canique, le syst\u00e8me \u00e9lectrique et le syst\u00e8me hydraulique, avec une excellente vision panoramique, une utilisation facile et une conduite confortable.<\/p>","protected":false},"featured_media":2433,"template":"","meta":[],"product_brand":[],"product_cat":[30],"product_tag":[],"class_list":{"0":"post-2431","1":"product","2":"type-product","3":"status-publish","4":"has-post-thumbnail","6":"product_cat-compact-street-sweepers","8":"first","9":"instock","10":"shipping-taxable","11":"product-type-simple"},"_links":{"self":[{"href":"https:\/\/www.haideclean.com\/fr\/wp-json\/wp\/v2\/product\/2431","targetHints":{"allow":["GET"]}}],"collection":[{"href":"https:\/\/www.haideclean.com\/fr\/wp-json\/wp\/v2\/product"}],"about":[{"href":"https:\/\/www.haideclean.com\/fr\/wp-json\/wp\/v2\/types\/product"}],"wp:featuredmedia":[{"embeddable":true,"href":"https:\/\/www.haideclean.com\/fr\/wp-json\/wp\/v2\/media\/2433"}],"wp:attachment":[{"href":"https:\/\/www.haideclean.com\/fr\/wp-json\/wp\/v2\/media?parent=2431"}],"wp:term":[{"taxonomy":"product_brand","embeddable":true,"href":"https:\/\/www.haideclean.com\/fr\/wp-json\/wp\/v2\/product_brand?post=2431"},{"taxonomy":"product_cat","embeddable":true,"href":"https:\/\/www.haideclean.com\/fr\/wp-json\/wp\/v2\/product_cat?post=2431"},{"taxonomy":"product_tag","embeddable":true,"href":"https:\/\/www.haideclean.com\/fr\/wp-json\/wp\/v2\/product_tag?post=2431"}],"curies":[{"name":"wp","href":"https:\/\/api.w.org\/{rel}","templated":true}]}}