{"id":2446,"date":"2026-01-07T16:38:50","date_gmt":"2026-01-07T08:38:50","guid":{"rendered":"https:\/\/www.haideclean.com\/?post_type=product&#038;p=2446"},"modified":"2026-03-18T11:35:42","modified_gmt":"2026-03-18T03:35:42","slug":"chr52mhev-all-electric-multi-functional-road-sweeper","status":"publish","type":"product","link":"https:\/\/www.haideclean.com\/fr\/produit\/chr52mhev-all-electric-multi-functional-road-sweeper\/","title":{"rendered":"CHR52MHEV Balaisseur routier multifonctionnel tout \u00e9lectrique"},"content":{"rendered":"<p><strong>Points saillants du produit<\/strong><\/p>\n<ul>\n<li><b><\/b><strong><b>Capacit\u00e9s multiples<\/b><\/strong><\/li>\n<\/ul>\n<p>Il peut r\u00e9aliser la fonction de nettoyage, lavage du sol, troisi\u00e8me brosse, pousser la neige, balayer la neige, soulever la neige et se propager en rempla\u00e7ant les accessoires de fonction avant ou les accessoires de crochetage \u00e0 l'arri\u00e8re du v\u00e9hicule.<\/p>\n<ul>\n<li><b><\/b><strong><b>Cabine confortable<\/b><\/strong><\/li>\n<\/ul>\n<p>Le cockpit adopte une conception de disposition globale ergonomique, cabine de structure en verre panoramique, si\u00e8ges de suspension, pneus radiaux, syst\u00e8me multim\u00e9dia, direction hydraulique compl\u00e8te du volant, syst\u00e8me d'exploitation \u00e0 un bouton, syst\u00e8me d'image inverse, syst\u00e8me de contr\u00f4le de vitesse, syst\u00e8me de freinage hydraulique, syst\u00e8me d'entra\u00eenement \u00e0 quatre roues et syst\u00e8me antid\u00e9rapant d'entra\u00eenement pour assurer la s\u00e9curit\u00e9 et le confort de la conduite.<\/p>\n<ul>\n<li><b><\/b><strong>Performance fiable<\/strong><\/li>\n<\/ul>\n<p>Les composants principaux de l'ensemble de la machine, tels que la batterie d'alimentation, le moteur marchant, la direction, l'unit\u00e9 de puissance, le moteur et le groupe de vannes hydrauliques adoptent des produits de marque de premi\u00e8re ligne nationaux et internationaux, des performances sup\u00e9rieures et une qualit\u00e9 fiable.<\/p>\n<ul>\n<li><b><\/b><strong>Haute efficacit\u00e9 du travail<\/strong><\/li>\n<\/ul>\n<p>Le syst\u00e8me de nettoyage de toute la machine adopte la conception de disposition avant qui est propice \u00e0 assurer la qualit\u00e9 de travail et l'efficacit\u00e9.<\/p>\n<p>Le syst\u00e8me de brosse est \u00e9quip\u00e9 d'une structure de bras de brosse en suspension qui peut s'ajuster en fonction de l'\u00e9tat de la route.<\/p>\n<p>Dans le syst\u00e8me d'\u00e9limination de la poussi\u00e8re, le syst\u00e8me principal d'\u00e9limination de la poussi\u00e8re adopte le syst\u00e8me sp\u00e9cial d'\u00e9limination de la poussi\u00e8re d'eau circulante \u00e0 grand d\u00e9bit, et le syst\u00e8me secondaire d'\u00e9limination de la poussi\u00e8re adopte les buses \u00e0 balayage 4 et la buse d'aspiration \u00e0 grand d\u00e9bit d'\u00e9limination de la poussi\u00e8re par pulv\u00e9risation.<\/p>\n<p>Le ventilateur du syst\u00e8me d'aspiration adopte un ventilateur centrifuge avec une large zone de haut rendement optimis\u00e9e par de multiples simulations CAE, combin\u00e9 avec une pipette d'aspiration de grand diam\u00e8tre d'un diam\u00e8tre de Phi 180mm, qui peut aider \u00e0 assurer la qualit\u00e9 d'aspiration.<\/p>\n<p><img fetchpriority=\"high\" decoding=\"async\" class=\"alignnone wp-image-2496 size-full\" src=\"https:\/\/www.haideclean.com\/wp-content\/uploads\/2026\/01\/All-electric-Multi-functional-Road-Sweeper.jpg\" alt=\"\" width=\"885\" height=\"433\" srcset=\"https:\/\/www.haideclean.com\/wp-content\/uploads\/2026\/01\/All-electric-Multi-functional-Road-Sweeper.jpg 885w, https:\/\/www.haideclean.com\/wp-content\/uploads\/2026\/01\/All-electric-Multi-functional-Road-Sweeper-300x147.jpg 300w, https:\/\/www.haideclean.com\/wp-content\/uploads\/2026\/01\/All-electric-Multi-functional-Road-Sweeper-768x376.jpg 768w, https:\/\/www.haideclean.com\/wp-content\/uploads\/2026\/01\/All-electric-Multi-functional-Road-Sweeper-600x294.jpg 600w\" sizes=\"(max-width: 885px) 100vw, 885px\" \/><\/p>\n<p><img decoding=\"async\" class=\"alignnone wp-image-2497 size-full\" src=\"https:\/\/www.haideclean.com\/wp-content\/uploads\/2026\/01\/All-electric-Multi-functional-Road-Sweeper2.jpg\" alt=\"\" width=\"672\" height=\"780\" srcset=\"https:\/\/www.haideclean.com\/wp-content\/uploads\/2026\/01\/All-electric-Multi-functional-Road-Sweeper2.jpg 672w, https:\/\/www.haideclean.com\/wp-content\/uploads\/2026\/01\/All-electric-Multi-functional-Road-Sweeper2-258x300.jpg 258w, https:\/\/www.haideclean.com\/wp-content\/uploads\/2026\/01\/All-electric-Multi-functional-Road-Sweeper2-600x696.jpg 600w\" sizes=\"(max-width: 672px) 100vw, 672px\" \/><\/p>\n<p><strong>Caract\u00e9ristiques de performance<\/strong><\/p>\n<p><strong>1) Op\u00e9ration flexible<\/strong><\/p>\n<p><strong>\u2606<\/strong>La conception a une structure articul\u00e9e bidirectionnelle moyenne unique, de sorte que le cadre avant et arri\u00e8re peuvent \u00eatre tord\u00e9s et tourn\u00e9s dans deux directions, un fonctionnement de direction flexible et un petit rayon de virage.<\/p>\n<p><img decoding=\"async\" class=\"alignnone wp-image-2499 size-full\" src=\"https:\/\/www.haideclean.com\/wp-content\/uploads\/2026\/01\/person.jpg\" alt=\"\" width=\"636\" height=\"395\" srcset=\"https:\/\/www.haideclean.com\/wp-content\/uploads\/2026\/01\/person.jpg 636w, https:\/\/www.haideclean.com\/wp-content\/uploads\/2026\/01\/person-300x186.jpg 300w, https:\/\/www.haideclean.com\/wp-content\/uploads\/2026\/01\/person-600x373.jpg 600w\" sizes=\"(max-width: 636px) 100vw, 636px\" \/><\/p>\n<p><strong>2) Vue grand angle<\/strong><\/p>\n<p><strong>\u2606<\/strong>La cabine est \u00e9quip\u00e9e d'une structure vitr\u00e9e panoramique, offrant un large champ de vision.<\/p>\n<p><img loading=\"lazy\" decoding=\"async\" class=\"alignnone wp-image-2500 size-full\" src=\"https:\/\/www.haideclean.com\/wp-content\/uploads\/2026\/01\/Wide-view.jpg\" alt=\"\" width=\"724\" height=\"543\" srcset=\"https:\/\/www.haideclean.com\/wp-content\/uploads\/2026\/01\/Wide-view.jpg 724w, https:\/\/www.haideclean.com\/wp-content\/uploads\/2026\/01\/Wide-view-300x225.jpg 300w, https:\/\/www.haideclean.com\/wp-content\/uploads\/2026\/01\/Wide-view-600x450.jpg 600w\" sizes=\"(max-width: 724px) 100vw, 724px\" \/><\/p>\n<p><strong>3) environnement de conduite confortable<\/strong><\/p>\n<p><strong>\u2606<\/strong>\u00c9quip\u00e9 d'une radio.<\/p>\n<p><strong>\u2606<\/strong>\u00c9quip\u00e9 d'une structure s\u00e9par\u00e9e de climatisation et de chauffage, la climatisation pour la structure sup\u00e9rieure de l'air sup\u00e9rieur, l'air chaud pour la structure d'installation inf\u00e9rieure de l'air inf\u00e9rieur, peut rendre la climatisation et le chauffage plus efficaces et fournir un environnement de conduite confortable pour le conducteur.<\/p>\n<p><strong>\u2606<\/strong>\u00c9quip\u00e9 de fonction de contr\u00f4le de croisi\u00e8re.<\/p>\n<p><strong>\u2606<\/strong>Il est \u00e9quip\u00e9 d'une fonction \u00e9lectronique de r\u00e9gulation de vitesse sans pas, de sorte que le conducteur peut conduire le v\u00e9hicule plus facilement et facilement.<\/p>\n<p><strong>\u2606<\/strong>Il est \u00e9quip\u00e9 d'un si\u00e8ge de conduite confortable, le si\u00e8ge de cabine peut \u00eatre ajust\u00e9 selon le conducteur&#8217; s poids pour am\u00e9liorer le conducteur&#8217; confort, et la ceinture de s\u00e9curit\u00e9 est standard pour assurer le conducteur&#8217; S s\u00e9curit\u00e9 de conduite.<\/p>\n<p><strong>\u2606<\/strong>\u00c9quip\u00e9 d'un syst\u00e8me de suspension confortable, le v\u00e9hicule dispose d'une exp\u00e9rience de conduite en suspension confortable au niveau des voitures de tourisme.<\/p>\n<p><strong>4) Excellent syst\u00e8me de contr\u00f4le \u00e9lectrique<\/strong><\/p>\n<p><strong>\u2606<\/strong>L'ensemble du v\u00e9hicule adopte le contr\u00f4leur pour le contr\u00f4le num\u00e9rique, qui a les caract\u00e9ristiques de bonne r\u00e9sistance aux chocs et de haut niveau de protection.<\/p>\n<p><strong>\u2606<\/strong>Il suffit d'appuyer sur une touche, vous pouvez nettoyer toutes les actions de la mise en \u0153uvre.<\/p>\n<p>\u2606 La vitesse de brosse peut \u00eatre r\u00e9gl\u00e9e sans pas en fonction des exigences de fonctionnement.<\/p>\n<p><strong>\u2606<\/strong>Dot\u00e9 d'un moniteur LCD de 7 pouces, vous pouvez observer l'\u00e9tat de travail du v\u00e9hicule \u00e0 tout moment et fournir une vid\u00e9o inverse.<\/p>\n<p><strong>5) syst\u00e8me de marche stable<\/strong><\/p>\n<p>La balayeuse routi\u00e8re est entra\u00een\u00e9e par un syst\u00e8me de transmission hydraulique sans pas, avec un algorithme logiciel mature et un syst\u00e8me de contr\u00f4le, de sorte que les performances du syst\u00e8me de marche sont plus stables et la qualit\u00e9 est plus fiable.<\/p>\n<p>La traction \u00e0 quatre roues et la traction avant \u00e0 deux roues peuvent \u00eatre converties pour r\u00e9pondre aux besoins de conduite et d'escalade;<\/p>\n<p>La fonction antid\u00e9rapante unique peut r\u00e9aliser l'auto-\u00e9vasion lorsque la roue glisse dans l'op\u00e9ration d'enl\u00e8vement de neige d'hiver;<\/p>\n<p>Le v\u00e9hicule adopte le contr\u00f4le automatique de la transmission d'ajustement de la charge, le conducteur n'a besoin que de marcher sur la p\u00e9dale pour atteindre la vitesse id\u00e9ale, le v\u00e9hicule ajustera la vitesse du moteur en fonction de la charge du v\u00e9hicule.<\/p>\n<p><strong>6) conception d'\u00e9vitement de collision multiple<\/strong><\/p>\n<p><strong>\u2606<\/strong>La brosse est con\u00e7ue avec des conceptions multiples d'\u00e9vitement des collisions pour maximiser la protection de la brosse contre les dommages caus\u00e9s par les collisions.<\/p>\n<p><strong>7) syst\u00e8me d'\u00e9limination de la poussi\u00e8re<\/strong><\/p>\n<p><strong>\u2606<\/strong>\u00c9quip\u00e9 d'un syst\u00e8me d'\u00e9limination de poussi\u00e8re d'eau circulante \u00e0 grand d\u00e9bit, l'eau circulante dans la bo\u00eete s'\u00e9coule vers le port d'aspiration, sous l'action d'un flux d'air \u00e0 grande vitesse, enti\u00e8rement combin\u00e9e avec la poussi\u00e8re d'aspiration dans le tuyau d'aspiration pour r\u00e9aliser la r\u00e9duction de la poussi\u00e8re; L'eau non impliqu\u00e9e dans la combinaison passe \u00e0 travers l'\u00e9cran filtrant sp\u00e9cial sur le panneau lat\u00e9ral de la bo\u00eete, puis retourne au port d'aspiration pour participer \u00e0 la r\u00e9duction de la poussi\u00e8re et \u00e0 la r\u00e9utilisation.<\/p>\n<p>\u2606 \u00c9quip\u00e9 d'un syst\u00e8me d'\u00e9limination de la poussi\u00e8re par spray de brosse<\/p>\n<p>Quatre buses anti-poussi\u00e8re sont install\u00e9es au-dessus de la brosse.<\/p>\n<p><strong>8) d\u00e9charge \u00e9lev\u00e9e<\/strong><\/p>\n<p><strong>\u2606<\/strong>La poubelle \u00e0 d\u00e9chets est fabriqu\u00e9e en acier inoxydable de haute qualit\u00e9, qui est non seulement r\u00e9sistant \u00e0 la corrosion, mais aussi \u00e0 haute r\u00e9sistance.<\/p>\n<p><strong>\u2606<\/strong>L'utilisation de la m\u00e9thode de d\u00e9versement \u00e9lev\u00e9e pour d\u00e9verser les ordures, r\u00e9duit l'intensit\u00e9 de travail de l'op\u00e9rateur, de sorte que le d\u00e9versement des ordures, le nettoyage et l'entretien de toute la machine sont tr\u00e8s pratiques.<\/p>\n<p><strong>9) fonction d'auto-nettoyage<\/strong><\/p>\n<p><strong>\u2606<\/strong>\u00c9quip\u00e9 d'une pompe \u00e0 brosse, peut fournir de l'eau \u00e0 haute pression, pistolet \u00e0 pulv\u00e9risation \u00e0 haute pression peut \u00eatre transport\u00e9 avec la voiture, peut \u00eatre nettoy\u00e9 apr\u00e8s le travail du v\u00e9hicule, pour s'assurer que l'apparence du v\u00e9hicule est propre.<\/p>\n<p><strong>10) syst\u00e8me de freinage fiable<\/strong><\/p>\n<p>Le mode de freinage adopte le freinage du moyeu de frein et le freinage automatique de la transmission hydrostatique, les quatre roues adoptent le freinage de la pompe de frein, tandis que la roue arri\u00e8re adopte le freinage de tension, et la poign\u00e9e de frein manuel peut r\u00e9aliser le frein de stationnement lorsque le v\u00e9hicule est stationnaire, assurant la s\u00e9curit\u00e9 de la conduite et du freinage de stationnement.<\/p>\n<p><strong>11) pailles r\u00e9tractables \u00e0 main et outils auxiliaires<\/strong><\/p>\n<p>Il est \u00e9quip\u00e9 d'un tube aspirant t\u00e9lescopique manuel allong\u00e9, utilisable pour les op\u00e9rations d'aspiration dans des zones telles que les bandes plant\u00e9es.<\/p>\n<p>Il est \u00e9quip\u00e9 d'outils auxiliaires pour nettoyer les ordures bloqu\u00e9es dans le grand r\u00e9servoir et peut \u00eatre utilis\u00e9 comme un basculeur pour faire fonctionner la pompe \u00e0 main d'urgence.<\/p>\n<p><strong>12) Syst\u00e8me d'urgence<\/strong><\/p>\n<p>La cabine est \u00e9quip\u00e9e d'un extincteur portable pour les situations d'urgence.<\/p>\n<p>\u00c9quip\u00e9 d'une pompe \u00e0 huile \u00e0 main d'urgence, lorsque le syst\u00e8me hydraulique \u00e9choue, la poubelle peut \u00eatre soulev\u00e9e pour le d\u00e9pannage.<\/p>","protected":false},"excerpt":{"rendered":"<p>Cette balayeuse est une balayeuse multifonction pure \u00e9lectrique avec une structure de ch\u00e2ssis d\u00e9di\u00e9e qui peut \u00eatre remplac\u00e9e par une vari\u00e9t\u00e9 d'accessoires fonctionnels. Le balayeur adopte le concept de conception avanc\u00e9 de la plate-forme du v\u00e9hicule et des accessoires fonctionnels modulaires, qui peuvent rapidement r\u00e9aliser le commutation entre fonctions sans outils. Tous les travaux sont effectu\u00e9s par structure m\u00e9canique, syst\u00e8me \u00e9lectrique et syst\u00e8me hydraulique. Il peut \u00eatre largement utilis\u00e9 dans les parcs, les gares, les zones r\u00e9sidentielles, les ports et les docks.<\/p>","protected":false},"featured_media":2447,"template":"","meta":[],"product_brand":[],"product_cat":[30,29],"product_tag":[],"class_list":{"0":"post-2446","1":"product","2":"type-product","3":"status-publish","4":"has-post-thumbnail","6":"product_cat-compact-street-sweepers","7":"product_cat-winter-snow-removal-equipment","9":"first","10":"instock","11":"shipping-taxable","12":"product-type-simple"},"_links":{"self":[{"href":"https:\/\/www.haideclean.com\/fr\/wp-json\/wp\/v2\/product\/2446","targetHints":{"allow":["GET"]}}],"collection":[{"href":"https:\/\/www.haideclean.com\/fr\/wp-json\/wp\/v2\/product"}],"about":[{"href":"https:\/\/www.haideclean.com\/fr\/wp-json\/wp\/v2\/types\/product"}],"wp:featuredmedia":[{"embeddable":true,"href":"https:\/\/www.haideclean.com\/fr\/wp-json\/wp\/v2\/media\/2447"}],"wp:attachment":[{"href":"https:\/\/www.haideclean.com\/fr\/wp-json\/wp\/v2\/media?parent=2446"}],"wp:term":[{"taxonomy":"product_brand","embeddable":true,"href":"https:\/\/www.haideclean.com\/fr\/wp-json\/wp\/v2\/product_brand?post=2446"},{"taxonomy":"product_cat","embeddable":true,"href":"https:\/\/www.haideclean.com\/fr\/wp-json\/wp\/v2\/product_cat?post=2446"},{"taxonomy":"product_tag","embeddable":true,"href":"https:\/\/www.haideclean.com\/fr\/wp-json\/wp\/v2\/product_tag?post=2446"}],"curies":[{"name":"wp","href":"https:\/\/api.w.org\/{rel}","templated":true}]}}