{"id":2735,"date":"2026-01-14T15:00:38","date_gmt":"2026-01-14T07:00:38","guid":{"rendered":"https:\/\/www.haideclean.com\/?post_type=product&#038;p=2735"},"modified":"2026-03-18T11:44:11","modified_gmt":"2026-03-18T03:44:11","slug":"chd5030csj-sand-suction-machine","status":"publish","type":"product","link":"https:\/\/www.haideclean.com\/fr\/produit\/chd5030csj-sand-suction-machine\/","title":{"rendered":"CHD5030CSJ machine d'aspiration de sable"},"content":{"rendered":"<ul>\n<li><strong>Mat\u00e9riaux applicables<\/strong><\/li>\n<\/ul>\n<p><span style=\"text-decoration: underline;\"> Poudres industrielles: <\/span>Cendres volantes, ciment, poudre de calcium, poudre min\u00e9rale, poudre de magn\u00e9sium, poudre de charbon, alumine, r\u00e9sidus de collecte de poussi\u00e8res, gangue de charbon, poussi\u00e8res industrielles, cendres de charbon;<\/p>\n<p><span style=\"text-decoration: underline;\">Mat\u00e9riaux granulaires:<\/span> Granules de c\u00e9r\u00e9ales, plastiques (PT, PET, PA66);<\/p>\n<p><span style=\"text-decoration: underline;\">Mat\u00e9riaux sp\u00e9ciaux:<\/span> Sable (y compris le sable du d\u00e9sert, le sable accumul\u00e9, les rejets de sable, etc.).<\/p>\n<ul>\n<li><strong>Sc\u00e9narios d'application<\/strong><\/li>\n<\/ul>\n<p><span style=\"text-decoration: underline;\"> p\u00e9trole &amp; Champs de gaz:<\/span> entretien des ol\u00e9oducs et gazoducs d\u00e9sertiques, nettoyage des rejets de sable provenant de puits p\u00e9troliers, r\u00e9cup\u00e9ration du sable sur les sites de forage et de transformation, zones de transformation \u00e0 haute fr\u00e9quence dans les champs matures, zones de fracturation intensive du schiste;<\/p>\n<p><span style=\"text-decoration: underline;\"> Construction industrielle :<\/span> R\u00e9cup\u00e9ration abrasive apr\u00e8s sablage de pipeline \/ puits, nettoyage de l'accumulation de sable t\u00eatu dans les installations;<\/p>\n<p><span style=\"text-decoration: underline;\"> Conditions sp\u00e9ciales :<\/span> Environnements complexes avec des rejets de sable graves comme les plateaux de boue c\u00f4tiers et les d\u00e9serts;<\/p>\n<p><span style=\"text-decoration: underline;\"> Sites industriels :<\/span> Transfert et r\u00e9cup\u00e9ration de poudres industrielles (p. ex. ciment, cendres volantes) dans les locaux de l'usine.<\/p>\n<p><img fetchpriority=\"high\" decoding=\"async\" class=\"alignnone size-medium wp-image-2765\" src=\"https:\/\/www.haideclean.com\/wp-content\/uploads\/2026\/01\/Sand-Suction-Machine5-300x300.jpg\" alt=\"\" width=\"300\" height=\"300\" srcset=\"https:\/\/www.haideclean.com\/wp-content\/uploads\/2026\/01\/Sand-Suction-Machine5-300x300.jpg 300w, https:\/\/www.haideclean.com\/wp-content\/uploads\/2026\/01\/Sand-Suction-Machine5-150x150.jpg 150w, https:\/\/www.haideclean.com\/wp-content\/uploads\/2026\/01\/Sand-Suction-Machine5-768x768.jpg 768w, https:\/\/www.haideclean.com\/wp-content\/uploads\/2026\/01\/Sand-Suction-Machine5-12x12.jpg 12w, https:\/\/www.haideclean.com\/wp-content\/uploads\/2026\/01\/Sand-Suction-Machine5-600x600.jpg 600w, https:\/\/www.haideclean.com\/wp-content\/uploads\/2026\/01\/Sand-Suction-Machine5-100x100.jpg 100w, https:\/\/www.haideclean.com\/wp-content\/uploads\/2026\/01\/Sand-Suction-Machine5.jpg 800w\" sizes=\"(max-width: 300px) 100vw, 300px\" \/><\/p>","protected":false},"excerpt":{"rendered":"<p>Transporte efficacement divers mat\u00e9riaux en vrac, y compris les poudres et les mat\u00e9riaux granulaires, r\u00e9pondant aux diff\u00e9rentes exigences de r\u00e9cup\u00e9ration et de transfert de mat\u00e9riaux dans de multiples sc\u00e9narios.<\/p>","protected":false},"featured_media":2940,"template":"","meta":[],"product_brand":[],"product_cat":[31],"product_tag":[],"class_list":{"0":"post-2735","1":"product","2":"type-product","3":"status-publish","4":"has-post-thumbnail","6":"product_cat-others","8":"first","9":"instock","10":"shipping-taxable","11":"product-type-simple"},"_links":{"self":[{"href":"https:\/\/www.haideclean.com\/fr\/wp-json\/wp\/v2\/product\/2735","targetHints":{"allow":["GET"]}}],"collection":[{"href":"https:\/\/www.haideclean.com\/fr\/wp-json\/wp\/v2\/product"}],"about":[{"href":"https:\/\/www.haideclean.com\/fr\/wp-json\/wp\/v2\/types\/product"}],"wp:featuredmedia":[{"embeddable":true,"href":"https:\/\/www.haideclean.com\/fr\/wp-json\/wp\/v2\/media\/2940"}],"wp:attachment":[{"href":"https:\/\/www.haideclean.com\/fr\/wp-json\/wp\/v2\/media?parent=2735"}],"wp:term":[{"taxonomy":"product_brand","embeddable":true,"href":"https:\/\/www.haideclean.com\/fr\/wp-json\/wp\/v2\/product_brand?post=2735"},{"taxonomy":"product_cat","embeddable":true,"href":"https:\/\/www.haideclean.com\/fr\/wp-json\/wp\/v2\/product_cat?post=2735"},{"taxonomy":"product_tag","embeddable":true,"href":"https:\/\/www.haideclean.com\/fr\/wp-json\/wp\/v2\/product_tag?post=2735"}],"curies":[{"name":"wp","href":"https:\/\/api.w.org\/{rel}","templated":true}]}}