{"id":2812,"date":"2026-01-15T12:19:17","date_gmt":"2026-01-15T04:19:17","guid":{"rendered":"https:\/\/www.haideclean.com\/?post_type=product&#038;p=2812"},"modified":"2026-03-18T11:48:06","modified_gmt":"2026-03-18T03:48:06","slug":"chr70m-multi-functional-snow-removal-sweeper","status":"publish","type":"product","link":"https:\/\/www.haideclean.com\/fr\/produit\/chr70m-multi-functional-snow-removal-sweeper\/","title":{"rendered":"CHR70M Balayeuse d\u00e9neigeuse multifonctionnelle"},"content":{"rendered":"<p><img decoding=\"async\" class=\"alignnone size-medium wp-image-2847\" src=\"https:\/\/www.haideclean.com\/wp-content\/uploads\/2026\/01\/CHR70M111-300x165.png\" alt=\"\" width=\"300\" height=\"165\" srcset=\"https:\/\/www.haideclean.com\/wp-content\/uploads\/2026\/01\/CHR70M111-300x165.png 300w, https:\/\/www.haideclean.com\/wp-content\/uploads\/2026\/01\/CHR70M111-18x10.png 18w, https:\/\/www.haideclean.com\/wp-content\/uploads\/2026\/01\/CHR70M111.png 557w\" sizes=\"(max-width: 300px) 100vw, 300px\" \/><\/p>\n<p>Le v\u00e9hicule de d\u00e9neigement multifonctionnel CHR70M, d\u00e9velopp\u00e9 par Shandong Howe Technologies Co. Ltd., est un v\u00e9hicule utilitaire compact, de haute qualit\u00e9 et de haute performance dot\u00e9 d'une structure de ch\u00e2ssis articul\u00e9. Sa conception incarne des concepts avanc\u00e9s, r\u00e9alisant une plate-forme de v\u00e9hicule unifi\u00e9e et des \u00e9quipements auxiliaires modulaires. \u00c9quip\u00e9 de supports de montage multifonctionnels aux deux extr\u00e9mit\u00e9s, il prend en charge divers accessoires fonctionnels, permettant une rapidit\u00e9<\/p>\n<p>Tout au long de sa R&amp; D et les processus de production, Shandong Howe Technologies Co., Ltd. accorde constamment la priorit\u00e9 \u00e0 s'assurer que ses produits offrent une polyvalence, une haute qualit\u00e9 et des performances exceptionnelles. Les composants de base de ce v\u00e9hicule polyvalent utilisent des marques de premier plan dans le monde, ce qui permet un d\u00e9ploiement efficace pour les op\u00e9rations d'enneigement hivernales. Il est largement applicable dans des sc\u00e9narios tels que les a\u00e9roports, les parcs industriels et les rues pi\u00e9tonnes.<\/p>","protected":false},"excerpt":{"rendered":"<p>Le v\u00e9hicule de d\u00e9neigement multifonctionnel CHR70M, d\u00e9velopp\u00e9 par Shandong Howe Technologies Co. Ltd., est un v\u00e9hicule utilitaire compact, de haute qualit\u00e9 et de haute performance dot\u00e9 d'une structure de ch\u00e2ssis articul\u00e9. Sa conception incarne des concepts avanc\u00e9s, r\u00e9alisant une plate-forme de v\u00e9hicule unifi\u00e9e et des \u00e9quipements auxiliaires modulaires. \u00c9quip\u00e9 de supports de montage multifonctionnels aux deux extr\u00e9mit\u00e9s, il prend en charge diverses fixations fonctionnelles, permettant une conversion rapide entre diff\u00e9rents modes de fonctionnement.<\/p>","protected":false},"featured_media":2814,"template":"","meta":[],"product_brand":[],"product_cat":[29],"product_tag":[],"class_list":{"0":"post-2812","1":"product","2":"type-product","3":"status-publish","4":"has-post-thumbnail","6":"product_cat-winter-snow-removal-equipment","8":"first","9":"instock","10":"shipping-taxable","11":"product-type-simple"},"_links":{"self":[{"href":"https:\/\/www.haideclean.com\/fr\/wp-json\/wp\/v2\/product\/2812","targetHints":{"allow":["GET"]}}],"collection":[{"href":"https:\/\/www.haideclean.com\/fr\/wp-json\/wp\/v2\/product"}],"about":[{"href":"https:\/\/www.haideclean.com\/fr\/wp-json\/wp\/v2\/types\/product"}],"wp:featuredmedia":[{"embeddable":true,"href":"https:\/\/www.haideclean.com\/fr\/wp-json\/wp\/v2\/media\/2814"}],"wp:attachment":[{"href":"https:\/\/www.haideclean.com\/fr\/wp-json\/wp\/v2\/media?parent=2812"}],"wp:term":[{"taxonomy":"product_brand","embeddable":true,"href":"https:\/\/www.haideclean.com\/fr\/wp-json\/wp\/v2\/product_brand?post=2812"},{"taxonomy":"product_cat","embeddable":true,"href":"https:\/\/www.haideclean.com\/fr\/wp-json\/wp\/v2\/product_cat?post=2812"},{"taxonomy":"product_tag","embeddable":true,"href":"https:\/\/www.haideclean.com\/fr\/wp-json\/wp\/v2\/product_tag?post=2812"}],"curies":[{"name":"wp","href":"https:\/\/api.w.org\/{rel}","templated":true}]}}