{"id":2838,"date":"2026-01-15T14:23:06","date_gmt":"2026-01-15T06:23:06","guid":{"rendered":"https:\/\/www.haideclean.com\/?post_type=product&#038;p=2838"},"modified":"2026-03-18T11:40:23","modified_gmt":"2026-03-18T03:40:23","slug":"chr200sc-ride-on-floor-scrubber","status":"publish","type":"product","link":"https:\/\/www.haideclean.com\/fr\/produit\/chr200sc-ride-on-floor-scrubber\/","title":{"rendered":"CHR200SC Ride-on Scrubber de plancher"},"content":{"rendered":"<p>&nbsp;<\/p>\n<p><img fetchpriority=\"high\" decoding=\"async\" class=\"alignnone size-medium wp-image-2857\" src=\"https:\/\/www.haideclean.com\/wp-content\/uploads\/2026\/01\/CHR200S1-300x300.jpg\" alt=\"\" width=\"300\" height=\"300\" srcset=\"https:\/\/www.haideclean.com\/wp-content\/uploads\/2026\/01\/CHR200S1-300x300.jpg 300w, https:\/\/www.haideclean.com\/wp-content\/uploads\/2026\/01\/CHR200S1-150x150.jpg 150w, https:\/\/www.haideclean.com\/wp-content\/uploads\/2026\/01\/CHR200S1-768x768.jpg 768w, https:\/\/www.haideclean.com\/wp-content\/uploads\/2026\/01\/CHR200S1-12x12.jpg 12w, https:\/\/www.haideclean.com\/wp-content\/uploads\/2026\/01\/CHR200S1-600x600.jpg 600w, https:\/\/www.haideclean.com\/wp-content\/uploads\/2026\/01\/CHR200S1-100x100.jpg 100w, https:\/\/www.haideclean.com\/wp-content\/uploads\/2026\/01\/CHR200S1.jpg 800w\" sizes=\"(max-width: 300px) 100vw, 300px\" \/><\/p>\n<p>CHR200SCCHR200SC est adapt\u00e9 pour le nettoyage dans variousplaces tels que les centres commerciaux, les h\u00f4pitaux d'entrep\u00f4t, les h\u00f4tels, les garages souterrains, les usines, les a\u00e9roports, les stations de m\u00e9tro, etc. lt a plusieurs modes de travail tels que l'\u00e9conomie, la normale, l'am\u00e9lioration, le polissage et le nettoyage.<\/p>","protected":false},"excerpt":{"rendered":"<p>Le nettoyeur de sol CHR200SC convient pour le nettoyage dans divers endroits tels que les centres commerciaux.<\/p>","protected":false},"featured_media":2855,"template":"","meta":[],"product_brand":[],"product_cat":[39],"product_tag":[],"class_list":{"0":"post-2838","1":"product","2":"type-product","3":"status-publish","4":"has-post-thumbnail","6":"product_cat-indoor-cleaning-equipment","8":"first","9":"instock","10":"shipping-taxable","11":"product-type-simple"},"_links":{"self":[{"href":"https:\/\/www.haideclean.com\/fr\/wp-json\/wp\/v2\/product\/2838","targetHints":{"allow":["GET"]}}],"collection":[{"href":"https:\/\/www.haideclean.com\/fr\/wp-json\/wp\/v2\/product"}],"about":[{"href":"https:\/\/www.haideclean.com\/fr\/wp-json\/wp\/v2\/types\/product"}],"wp:featuredmedia":[{"embeddable":true,"href":"https:\/\/www.haideclean.com\/fr\/wp-json\/wp\/v2\/media\/2855"}],"wp:attachment":[{"href":"https:\/\/www.haideclean.com\/fr\/wp-json\/wp\/v2\/media?parent=2838"}],"wp:term":[{"taxonomy":"product_brand","embeddable":true,"href":"https:\/\/www.haideclean.com\/fr\/wp-json\/wp\/v2\/product_brand?post=2838"},{"taxonomy":"product_cat","embeddable":true,"href":"https:\/\/www.haideclean.com\/fr\/wp-json\/wp\/v2\/product_cat?post=2838"},{"taxonomy":"product_tag","embeddable":true,"href":"https:\/\/www.haideclean.com\/fr\/wp-json\/wp\/v2\/product_tag?post=2838"}],"curies":[{"name":"wp","href":"https:\/\/api.w.org\/{rel}","templated":true}]}}