{"id":2858,"date":"2026-01-15T14:50:00","date_gmt":"2026-01-15T06:50:00","guid":{"rendered":"https:\/\/www.haideclean.com\/?post_type=product&#038;p=2858"},"modified":"2026-03-19T12:03:07","modified_gmt":"2026-03-19T04:03:07","slug":"chr400msc-multifunctional-floor-scrubber","status":"publish","type":"product","link":"https:\/\/www.haideclean.com\/fr\/produit\/chr400msc-multifunctional-floor-scrubber\/","title":{"rendered":"CHR400MSC Scrubber de plancher multifonctionnel"},"content":{"rendered":"<p><img fetchpriority=\"high\" decoding=\"async\" class=\"alignnone size-medium wp-image-2875\" src=\"https:\/\/www.haideclean.com\/wp-content\/uploads\/2026\/01\/CHR400MSC1-300x214.png\" alt=\"\" width=\"300\" height=\"214\" srcset=\"https:\/\/www.haideclean.com\/wp-content\/uploads\/2026\/01\/CHR400MSC1-300x214.png 300w, https:\/\/www.haideclean.com\/wp-content\/uploads\/2026\/01\/CHR400MSC1-18x12.png 18w, https:\/\/www.haideclean.com\/wp-content\/uploads\/2026\/01\/CHR400MSC1-600x428.png 600w, https:\/\/www.haideclean.com\/wp-content\/uploads\/2026\/01\/CHR400MSC1.png 691w\" sizes=\"(max-width: 300px) 100vw, 300px\" \/><\/p>\n<ol>\n<li>La fonction int\u00e9gr\u00e9e de lavage et de balayage \u00e0 grande \u00e9chelle peut \u00eatre largement utilis\u00e9e pour le nettoyage profond de diff\u00e9rents \u00e9tages tels que les parkings r\u00e9sidentiels, les parcs r\u00e9sidentiels, les routes auxiliaires, les blocs commerciaux, les places, etc.;<\/li>\n<li>Il peut atteindre un effet parfait de lavage et de balayage du sol, et les taches d'eaux us\u00e9es au sol peuvent \u00eatre nettoy\u00e9es et recycl\u00e9es, r\u00e9alisant vraiment l'effet de nettoyage de &#8220; voyant la vraie couleur sur la route, assis sur le sol&#8221;.<\/li>\n<li>Il peut tourner en place dans un canal de seulement 2740 mm de large, rendant le nettoyage plus flexible et efficace;<\/li>\n<li>Il peut nettoyer les pierres, les ordures, les branches, les b\u00e2tons de bambou et autres d\u00e9bris sur le sol, avec une pression de lavage allant jusqu'\u00e0 180 kilogrammes, ce qui facilite le nettoyage minutieux et parfait de la salet\u00e9, des taches d'huile et diverses impressions sur le sol;<\/li>\n<\/ol>","protected":false},"excerpt":{"rendered":"<p>Cette machine \u00e0 laver et balayer \u00e0 grande \u00e9chelle permet le tournage en place dans des canaux de 2740 mm de large pour un nettoyage profond flexible et efficace de multiples surfaces. Avec une pression de lavage de 180 kg, il \u00e9limine compl\u00e8tement, recycle les eaux us\u00e9es et les d\u00e9bris, et \u00e9limine la salet\u00e9, les taches d'huile et les empreintes, obtenant un &#8220; vraie couleur de route, assez propre pour s'asseoir&#8221; effet.<\/p>","protected":false},"featured_media":2862,"template":"","meta":[],"product_brand":[],"product_cat":[39],"product_tag":[],"class_list":{"0":"post-2858","1":"product","2":"type-product","3":"status-publish","4":"has-post-thumbnail","6":"product_cat-indoor-cleaning-equipment","8":"first","9":"instock","10":"shipping-taxable","11":"product-type-simple"},"_links":{"self":[{"href":"https:\/\/www.haideclean.com\/fr\/wp-json\/wp\/v2\/product\/2858","targetHints":{"allow":["GET"]}}],"collection":[{"href":"https:\/\/www.haideclean.com\/fr\/wp-json\/wp\/v2\/product"}],"about":[{"href":"https:\/\/www.haideclean.com\/fr\/wp-json\/wp\/v2\/types\/product"}],"wp:featuredmedia":[{"embeddable":true,"href":"https:\/\/www.haideclean.com\/fr\/wp-json\/wp\/v2\/media\/2862"}],"wp:attachment":[{"href":"https:\/\/www.haideclean.com\/fr\/wp-json\/wp\/v2\/media?parent=2858"}],"wp:term":[{"taxonomy":"product_brand","embeddable":true,"href":"https:\/\/www.haideclean.com\/fr\/wp-json\/wp\/v2\/product_brand?post=2858"},{"taxonomy":"product_cat","embeddable":true,"href":"https:\/\/www.haideclean.com\/fr\/wp-json\/wp\/v2\/product_cat?post=2858"},{"taxonomy":"product_tag","embeddable":true,"href":"https:\/\/www.haideclean.com\/fr\/wp-json\/wp\/v2\/product_tag?post=2858"}],"curies":[{"name":"wp","href":"https:\/\/api.w.org\/{rel}","templated":true}]}}