{"id":2936,"date":"2026-01-19T10:41:24","date_gmt":"2026-01-19T02:41:24","guid":{"rendered":"https:\/\/www.haideclean.com\/?post_type=product&#038;p=2936"},"modified":"2026-03-18T11:42:15","modified_gmt":"2026-03-18T03:42:15","slug":"chr5031csj-mobile-photovoltaic-power-supply-sand-removal-machine","status":"publish","type":"product","link":"https:\/\/www.haideclean.com\/fr\/produit\/chr5031csj-mobile-photovoltaic-power-supply-sand-removal-machine\/","title":{"rendered":"Mod\u00e8le CHR5031CSJ, d\u00e9ssableur mobile aliment\u00e9 par \u00e9nergie photovolta\u00efque"},"content":{"rendered":"<p><strong>Fonctionnalit\u00e9 principale<\/strong><\/p>\n<p>Il transporte efficacement tous les types de mat\u00e9riaux en vrac, notamment les mat\u00e9riaux pulv\u00e9rulents et granul\u00e9s, r\u00e9pond aux besoins de r\u00e9cup\u00e9ration et de transfert de mat\u00e9riaux dans de multiples sc\u00e9narios, tout en r\u00e9solvant les difficult\u00e9s de collecte dans des conditions de fonctionnement sp\u00e9ciales.<\/p>\n<p><strong>Mat\u00e9riaux applicables<\/strong><\/p>\n<p>Poudres industrielles : cendres volantes, ciment, poudre de calcium, poudre min\u00e9rale, poudre de magn\u00e9sium, poudre de charbon, alumine, poussi\u00e8re de d\u00e9poussi\u00e9rage, schiste charbonneux, poussi\u00e8re industrielle, cendres de charbon.<\/p>\n<p>Mat\u00e9riaux granul\u00e9s : c\u00e9r\u00e9ales, granul\u00e9s de plastique (PT, PET, PA66).<\/p>\n<p>Mat\u00e9riaux sp\u00e9ciaux : sable (y compris sable de d\u00e9sert, sable s\u00e9dimentaire et sable d\u2019exploitation, etc.)<\/p>\n<p><strong>Champs d\u2019application<\/strong><\/p>\n<p>Relatifs aux gisements p\u00e9troliers et gaziers: canalisations de gisements p\u00e9troliers et gaziers dans le d\u00e9sert, d\u00e9ssablage des puits de p\u00e9trole, r\u00e9cup\u00e9ration de sable sur les sites de forage et de r\u00e9paration de puits, zones de maintenance fr\u00e9quente des anciens gisements p\u00e9troliers, zones intensives de fracturation du schiste.<\/p>\n<p>Construction industrielle: sablage pour d\u00e9calaminage des canalisations et des puits, r\u00e9cup\u00e9ration ult\u00e9rieure des abrasifs et \u00e9limination du sable accumul\u00e9 tenace sur le site.<\/p>\n<p>Conditions de fonctionnement sp\u00e9ciales: environnements complexes avec \u00e9missions s\u00e9v\u00e8res de poussi\u00e8re et de sable, tels que l\u2019\u00e9tage intertidal c\u00f4tier et le d\u00e9sert.<\/p>\n<p>Travaux en usine : traitement et r\u00e9cup\u00e9ration de poudres industrielles (telles que le ciment et les cendres volantes).<\/p>","protected":false},"excerpt":{"rendered":"<p>La machine d\u2019\u00e9limination du sable mobile aliment\u00e9e par \u00e9nergie photovolta\u00efque mod\u00e8le CHR5031CSJ est une centrale de stockage d\u2019\u00e9nergie photovolta\u00efque int\u00e9gr\u00e9e, pliable et \u00e0 d\u00e9placement rapide, sp\u00e9cialement con\u00e7ue pour fournir de l\u2019\u00e9lectricit\u00e9 \u00e0 des \u00e9quipements lourds (tels que les dispositifs d\u2019\u00e9limination du sable de champs p\u00e9trolif\u00e8res) dans des zones sans r\u00e9seau \u00e9lectrique comme les d\u00e9serts et les r\u00e9gions arides. Cet \u00e9quipement r\u00e9sout efficacement les probl\u00e8mes des g\u00e9n\u00e9rateurs diesel traditionnels, tels que le bruit \u00e9lev\u00e9, la forte pollution et les co\u00fbts de maintenance \u00e9lev\u00e9s, tout en surmontant la limitation de la faible flexibilit\u00e9 des grandes centrales photovolta\u00efques fixes. Cette solution innovante permet de transporter l\u2019\u00e9nergie verte directement sur le front de travail.<\/p>","protected":false},"featured_media":2937,"template":"","meta":[],"product_brand":[],"product_cat":[31],"product_tag":[],"class_list":{"0":"post-2936","1":"product","2":"type-product","3":"status-publish","4":"has-post-thumbnail","6":"product_cat-others","8":"first","9":"instock","10":"shipping-taxable","11":"product-type-simple"},"_links":{"self":[{"href":"https:\/\/www.haideclean.com\/fr\/wp-json\/wp\/v2\/product\/2936","targetHints":{"allow":["GET"]}}],"collection":[{"href":"https:\/\/www.haideclean.com\/fr\/wp-json\/wp\/v2\/product"}],"about":[{"href":"https:\/\/www.haideclean.com\/fr\/wp-json\/wp\/v2\/types\/product"}],"wp:featuredmedia":[{"embeddable":true,"href":"https:\/\/www.haideclean.com\/fr\/wp-json\/wp\/v2\/media\/2937"}],"wp:attachment":[{"href":"https:\/\/www.haideclean.com\/fr\/wp-json\/wp\/v2\/media?parent=2936"}],"wp:term":[{"taxonomy":"product_brand","embeddable":true,"href":"https:\/\/www.haideclean.com\/fr\/wp-json\/wp\/v2\/product_brand?post=2936"},{"taxonomy":"product_cat","embeddable":true,"href":"https:\/\/www.haideclean.com\/fr\/wp-json\/wp\/v2\/product_cat?post=2936"},{"taxonomy":"product_tag","embeddable":true,"href":"https:\/\/www.haideclean.com\/fr\/wp-json\/wp\/v2\/product_tag?post=2936"}],"curies":[{"name":"wp","href":"https:\/\/api.w.org\/{rel}","templated":true}]}}