{"id":80,"date":"2025-12-10T15:42:55","date_gmt":"2025-12-10T07:42:55","guid":{"rendered":"https:\/\/www.haideclean.com\/?post_type=product&#038;p=80"},"modified":"2026-03-19T12:25:43","modified_gmt":"2026-03-19T04:25:43","slug":"chd5075tcajle6-kitchen-food-garbage-truck","status":"publish","type":"product","link":"https:\/\/www.haideclean.com\/fr\/produit\/chd5075tcajle6-kitchen-food-garbage-truck\/","title":{"rendered":"Camion de d\u00e9chets alimentaires de cuisine mod\u00e8le CHD5075TCAJLE6"},"content":{"rendered":"<ul>\n<li>La hauteur de l'ensemble du v\u00e9hicule n'est pas sup\u00e9rieure \u00e0 2,2 m\u00e8tres, et il peut entrer en douceur dans le parking souterrain de chaque complexe commercial (la limite de hauteur de l'entr\u00e9e est sup\u00e9rieure \u00e0 2,2 m\u00e8tres et la limite de hauteur de l'int\u00e9rieur est sup\u00e9rieure \u00e0 3,3 m\u00e8tres) pour effectuer des op\u00e9rations de collecte et de transport.<\/li>\n<li><strong>Conception de maximisation du volume:<\/strong> Le compartiment adopte une conception de structure carr\u00e9e et ronde pour maximiser le volume. Le mat\u00e9riau est en acier au carbone de haute qualit\u00e9 avec une haute r\u00e9sistance.<\/li>\n<li><strong>Conception unique de la structure d'\u00e9tanch\u00e9it\u00e9:<\/strong> L'ouverture, la fermeture et le verrouillage de la porte arri\u00e8re sont contr\u00f4l\u00e9s par diff\u00e9rents cylindres et scell\u00e9s par des bandes d'\u00e9tanch\u00e9it\u00e9 sp\u00e9ciales brevet\u00e9es avec m\u00e9canisme de verrouillage r\u00e9glable, de sorte qu'il n'y a pas de fuite dans le processus de fonctionnement et de conduite du v\u00e9hicule.<\/li>\n<li>Entr\u00e9e agrandie de type large ouverture, \u00e9tanche par couvercle d'\u00e9tanch\u00e9it\u00e9, ouverture et fermeture contr\u00f4l\u00e9es par cylindre hydraulique.<\/li>\n<li><strong>M\u00e9canisme de chargement des ordures largement applicable:<\/strong> Il peut soulever les poubelles standard 120L et 240L avec m\u00e9canisme de verrouillage automatique de s\u00e9curit\u00e9, de sorte que les poubelles dans le f\u00fbt ne d\u00e9bordent pas ou ne soient pas laiss\u00e9es derri\u00e8re pendant le processus de chargement.<\/li>\n<li><strong>M\u00e9canisme de chargement des ordures auto-d\u00e9tectant:<\/strong> Lors du soul\u00e8vement et du chargement des ordures, il peut d\u00e9tecter si le couvercle sup\u00e9rieur est enti\u00e8rement ouvert et si la plaque de pouss\u00e9e est retourn\u00e9e \u00e0 sa position. Lorsqu'il d\u00e9tecte que le couvercle sup\u00e9rieur n'est pas ouvert ou que la plaque de pouss\u00e9e n'est pas retourn\u00e9e \u00e0 sa position, le v\u00e9hicule donnera un rappel d'avertissement.<\/li>\n<li>Compression des ordures et compression mod\u00e9r\u00e9e des ordures pour maximiser le chargement.<\/li>\n<li><strong>Conception de d\u00e9chargement automatique:<\/strong> Manipulez l'interrupteur, ouvrez la porte arri\u00e8re et poussez les ordures de l'avant vers l'arri\u00e8re avec la plaque de pouss\u00e9e, soigneusement nettoy\u00e9e.<\/li>\n<li><strong>D\u00e9flecteur \u00e9largi :<\/strong> La porte d'\u00e9vacuation de la poubelle est \u00e9quip\u00e9e d'un d\u00e9flecteur \u00e9largi, qui emp\u00eache efficacement les eaux us\u00e9es de s'\u00e9clabousser des deux c\u00f4t\u00e9s du v\u00e9hicule lors du d\u00e9versement des ordures, et est respectueuse de l'environnement et hygi\u00e9nique.<\/li>\n<li>Conception fiable d'\u00e9tanch\u00e9it\u00e9 de la porte arri\u00e8re: l'ouverture de la porte arri\u00e8re est contr\u00f4l\u00e9e par des double interrupteurs pour \u00e9viter le mauvais fonctionnement et \u00e9viter les fuites.<\/li>\n<li>Les cylindres d'ouverture et de fermeture de la porte arri\u00e8re sont install\u00e9s avec des vannes de s\u00e9curit\u00e9 pour emp\u00eacher la chute automatique de la porte arri\u00e8re et assurer la s\u00e9curit\u00e9.<\/li>\n<li><strong>Conception de s\u00e9curit\u00e9 fiable:<\/strong> La porte arri\u00e8re du v\u00e9hicule est \u00e9quip\u00e9e d'un support de s\u00e9curit\u00e9, qui peut \u00eatre soutenu lorsque la porte arri\u00e8re est ouverte pour assurer la s\u00e9curit\u00e9 de l'op\u00e9rateur.<\/li>\n<\/ul>","protected":false},"excerpt":{"rendered":"<p>Le camion \u00e0 ordures de cuisine CHD5075TCAJLE6 produit par Yantai Haide Special Vehicle Co., Ltd. est un nouveau produit d\u00e9velopp\u00e9 et con\u00e7u sur la base du ch\u00e2ssis EQ1075SJ3CDF produit par Dongfeng Motor Co., LTD. Est une grande capacit\u00e9, une haute efficacit\u00e9, aucune fuite, un haut degr\u00e9 d'automatisation des \u00e9quipements de collecte et de transport des ordures alimentaires et de cuisine, largement utilis\u00e9 dans les h\u00f4tels, la collecte et le transport des restes de cantines.<\/p>","protected":false},"featured_media":1248,"template":"","meta":[],"product_brand":[],"product_cat":[28],"product_tag":[],"class_list":{"0":"post-80","1":"product","2":"type-product","3":"status-publish","4":"has-post-thumbnail","6":"product_cat-waste-collection-transport","8":"first","9":"instock","10":"shipping-taxable","11":"product-type-simple"},"_links":{"self":[{"href":"https:\/\/www.haideclean.com\/fr\/wp-json\/wp\/v2\/product\/80","targetHints":{"allow":["GET"]}}],"collection":[{"href":"https:\/\/www.haideclean.com\/fr\/wp-json\/wp\/v2\/product"}],"about":[{"href":"https:\/\/www.haideclean.com\/fr\/wp-json\/wp\/v2\/types\/product"}],"wp:featuredmedia":[{"embeddable":true,"href":"https:\/\/www.haideclean.com\/fr\/wp-json\/wp\/v2\/media\/1248"}],"wp:attachment":[{"href":"https:\/\/www.haideclean.com\/fr\/wp-json\/wp\/v2\/media?parent=80"}],"wp:term":[{"taxonomy":"product_brand","embeddable":true,"href":"https:\/\/www.haideclean.com\/fr\/wp-json\/wp\/v2\/product_brand?post=80"},{"taxonomy":"product_cat","embeddable":true,"href":"https:\/\/www.haideclean.com\/fr\/wp-json\/wp\/v2\/product_cat?post=80"},{"taxonomy":"product_tag","embeddable":true,"href":"https:\/\/www.haideclean.com\/fr\/wp-json\/wp\/v2\/product_tag?post=80"}],"curies":[{"name":"wp","href":"https:\/\/api.w.org\/{rel}","templated":true}]}}