{"id":1314,"date":"2025-12-19T15:29:43","date_gmt":"2025-12-19T07:29:43","guid":{"rendered":"https:\/\/www.haideclean.com\/?post_type=product&#038;p=1314"},"modified":"2026-03-19T11:42:05","modified_gmt":"2026-03-19T03:42:05","slug":"chd5070twqqle6-high-pressure-water-road-marking-line-cleaning-truck","status":"publish","type":"product","link":"https:\/\/www.haideclean.com\/pt\/produto\/chd5070twqqle6-high-pressure-water-road-marking-line-cleaning-truck\/","title":{"rendered":"CHD5070TWQLE6 Cami\u00e3o de limpeza de linha de marca\u00e7\u00e3o da estrada de \u00e1gua de alta press\u00e3o"},"content":{"rendered":"<p><strong>\u4e00\u3001 Core Power &amp; - Capacidades de limpeza<\/strong><\/p>\n<ul>\n<li>Unidade de bomba de ultra alta press\u00e3o: adotando tecnologia avan\u00e7ada, a press\u00e3o de trabalho atinge 70 MPa, percebendo limpeza profunda do solo.<\/li>\n<li>Optimiza\u00e7\u00e3o da caixa de redu\u00e7\u00e3o de divis\u00e3o: o motor principal do chassis est\u00e1 equipado com uma caixa de redu\u00e7\u00e3o de divis\u00e3o, o que reduz a velocidade de condu\u00e7\u00e3o e melhora significativamente a efici\u00eancia da limpeza do ch\u00e3o.<\/li>\n<\/ul>\n<p><strong>\u4e8c\u3001 Configura\u00e7\u00e3o eficiente de transmiss\u00e3o e subsistema<\/strong><\/p>\n<ul>\n<li>Sistema de condu\u00e7\u00e3o direta sub-motor: o sub-motor dirige diretamente a bomba de \u00e1gua de alta press\u00e3o e o dispositivo de trabalho, assegurando controle preciso e alta efici\u00eancia de transmiss\u00e3o.<\/li>\n<\/ul>\n<p><strong>\u4e09\u3001 Dispositivos de trabalho flex\u00edveis<\/strong><\/p>\n<ul>\n<li>Dispositivo de lavagem frontal tipo de disco: com fun\u00e7\u00e3o de swing multidirecional (esquerda, direita, para cima e para baixo), adaptando-se ao complexo ambiente rodovi\u00e1rio e aumentando a flexibilidade operacional.<\/li>\n<li>Design de seguran\u00e7a de condu\u00e7\u00e3o: o dispositivo de trabalho \u00e9 retirado automaticamente para a posi\u00e7\u00e3o pr\u00f3xima do condutor&#8217; o t\u00e1xi quando conduz para assegurar a seguran\u00e7a e estabilidade da condu\u00e7\u00e3o.<\/li>\n<\/ul>\n<p><strong>\u56db\u3001 Componentes de alta qualidade e prote\u00e7\u00e3o inteligente<\/strong><\/p>\n<ul>\n<li>Componentes de marca bem conhecidos: todos os componentes s\u00e3o selecionados de marcas bem conhecidas para assegurar um desempenho excelente e uma opera\u00e7\u00e3o confi\u00e1vel.<\/li>\n<li>Sem sistema de alarme de \u00e1gua: A bomba de \u00e1gua de alta press\u00e3o est\u00e1 equipada com dispositivo de alarme de n\u00edvel de \u00e1gua, que automaticamente monitora e alarme para evitar rota\u00e7\u00e3o seca sem \u00e1gua.<\/li>\n<\/ul>\n<p><strong>\u4e94\u3001 Opera\u00e7\u00e3o conveniente e monitoramento abrangente<\/strong><\/p>\n<ul>\n<li>Sistema de controle integrado: adop\u00e7\u00e3o de controlador avan\u00e7ado, realiza\u00e7\u00e3o de uma opera\u00e7\u00e3o interior de uma chave e monitoramento de instrumentos, simplifica\u00e7\u00e3o do processo de opera\u00e7\u00e3o e facilita\u00e7\u00e3o do controle exato da opera\u00e7\u00e3o de limpeza e de lavagem de estradas.<\/li>\n<\/ul>\n<p><strong>\u516d\u3001 Materiales Dur\u00e1veis e Design Estrutural<\/strong><\/p>\n<ul>\n<li>Tanque de a\u00e7o inoxid\u00e1vel: o tanque \u00e9 feito de material de a\u00e7o inoxid\u00e1vel, que tem excelente resist\u00eancia \u00e0 corros\u00e3o e prolonga a vida de servi\u00e7o.<\/li>\n<\/ul>","protected":false},"excerpt":{"rendered":"<p>CHD5070TWQLE6 High-pressure water marking cleaning vehicle is Yantai Haide Special Vehicle Co., Ltd. according to the market demand for independent development of the road surface depth cleaning and parking apron oil removal and other functions.<\/p>","protected":false},"featured_media":1315,"template":"","meta":[],"product_brand":[],"product_cat":[27],"product_tag":[],"class_list":{"0":"post-1314","1":"product","2":"type-product","3":"status-publish","4":"has-post-thumbnail","6":"product_cat-cleaning-vehicles","8":"first","9":"instock","10":"shipping-taxable","11":"product-type-simple"},"_links":{"self":[{"href":"https:\/\/www.haideclean.com\/pt\/wp-json\/wp\/v2\/product\/1314","targetHints":{"allow":["GET"]}}],"collection":[{"href":"https:\/\/www.haideclean.com\/pt\/wp-json\/wp\/v2\/product"}],"about":[{"href":"https:\/\/www.haideclean.com\/pt\/wp-json\/wp\/v2\/types\/product"}],"wp:featuredmedia":[{"embeddable":true,"href":"https:\/\/www.haideclean.com\/pt\/wp-json\/wp\/v2\/media\/1315"}],"wp:attachment":[{"href":"https:\/\/www.haideclean.com\/pt\/wp-json\/wp\/v2\/media?parent=1314"}],"wp:term":[{"taxonomy":"product_brand","embeddable":true,"href":"https:\/\/www.haideclean.com\/pt\/wp-json\/wp\/v2\/product_brand?post=1314"},{"taxonomy":"product_cat","embeddable":true,"href":"https:\/\/www.haideclean.com\/pt\/wp-json\/wp\/v2\/product_cat?post=1314"},{"taxonomy":"product_tag","embeddable":true,"href":"https:\/\/www.haideclean.com\/pt\/wp-json\/wp\/v2\/product_tag?post=1314"}],"curies":[{"name":"wp","href":"https:\/\/api.w.org\/{rel}","templated":true}]}}