{"id":1325,"date":"2025-12-19T15:51:29","date_gmt":"2025-12-19T07:51:29","guid":{"rendered":"https:\/\/www.haideclean.com\/?post_type=product&#038;p=1325"},"modified":"2026-03-19T12:25:06","modified_gmt":"2026-03-19T04:25:06","slug":"chd5180zxxdfe6-hook-lift-garbage-truck","status":"publish","type":"product","link":"https:\/\/www.haideclean.com\/pt\/produto\/chd5180zxxdfe6-hook-lift-garbage-truck\/","title":{"rendered":"Caminh\u00e3o de lixo com bra\u00e7o de gancho modelo CHD5180ZXXDFE6"},"content":{"rendered":"<p><strong>1. A estrutura superior do boom \u00e9 suada de placa de a\u00e7o de alta resist\u00eancia BS700MC:<\/strong> A estrutura geral do boom \u00e9 feita de placa de a \u00e7o de alta resist\u00eancia BS700MC com uma resist\u00eancia de rendimento de 730 N\/mm \u00b2, com a\u00e7o fundido ou a\u00e7o forjado usado em partes cr\u00edticas. A estrutura de boom \u00e9 suada por um rob\u00f4 de soldagem usando soldagem protegida por g\u00e1s de alta for\u00e7a, assegurando desempenho de soldagem est\u00e1vel e confi\u00e1vel. Todos os buracos rotativos s\u00e3o maquinados usando uma grande m\u00e1quina de borracha e molhamento CNC, assegurando a precis\u00e3o de toda a estrutura da m\u00e1quina.<\/p>\n<p>Tabela dos par\u00e2metros de propriedade mec\u00e2nica dos materiais:<\/p>\n<table>\n<tbody>\n<tr>\n<td colspan=\"8\" width=\"367\">Composi\u00e7\u00e3o qu\u00edmica<\/td>\n<td colspan=\"6\" width=\"282\">Propriedades mec\u00e2nicas<\/td>\n<\/tr>\n<tr>\n<td width=\"42\">C<\/td>\n<td width=\"42\">Si<\/td>\n<td width=\"42\">Mn<\/td>\n<td width=\"49\">P<\/td>\n<td width=\"49\">S<\/td>\n<td width=\"49\">ALT<\/td>\n<td width=\"42\">Ti<\/td>\n<td width=\"49\">Cr<\/td>\n<td width=\"58\">For\u00e7a de rendimento<\/td>\n<td width=\"46\">for\u00e7a de tens\u00e3o<\/td>\n<td width=\"38\">elonga\u00e7\u00e3o<\/td>\n<td width=\"62\">Desenvolvimento<\/td>\n<td width=\"38\">temperatura de choque<\/td>\n<td width=\"38\">Medio de impacto<\/td>\n<\/tr>\n<tr>\n<td width=\"42\">0.07<\/td>\n<td width=\"42\">0.19<\/td>\n<td width=\"42\">1.87<\/td>\n<td width=\"49\">0.012<\/td>\n<td width=\"49\">0.003<\/td>\n<td width=\"49\">0.031<\/td>\n<td width=\"42\">0.03<\/td>\n<td width=\"49\">0.058<\/td>\n<td width=\"58\">730<\/p>\n<p>\/N\/mm2<\/td>\n<td width=\"46\">835<\/p>\n<p>\/MPa<\/td>\n<td width=\"38\">20%<\/td>\n<td width=\"62\">180\u00bad=2,0a<\/td>\n<td width=\"38\">-20<\/p>\n<p>\u00b0C<\/td>\n<td width=\"38\">90J<\/td>\n<\/tr>\n<\/tbody>\n<\/table>\n<p>2. O mecanismo de guia do bra\u00e7o telesc\u00f3pico adota o sliding groove lateral e slider com a estrutura de guia para fazer o processo de carga e descarga funcionar suavemente.<\/p>\n<p><img fetchpriority=\"high\" decoding=\"async\" class=\"alignnone wp-image-2432 size-full\" src=\"https:\/\/www.haideclean.com\/wp-content\/uploads\/2025\/12\/High-strength-slider.jpg\" alt=\"\" width=\"800\" height=\"600\" srcset=\"https:\/\/www.haideclean.com\/wp-content\/uploads\/2025\/12\/High-strength-slider.jpg 800w, https:\/\/www.haideclean.com\/wp-content\/uploads\/2025\/12\/High-strength-slider-300x225.jpg 300w, https:\/\/www.haideclean.com\/wp-content\/uploads\/2025\/12\/High-strength-slider-768x576.jpg 768w, https:\/\/www.haideclean.com\/wp-content\/uploads\/2025\/12\/High-strength-slider-600x450.jpg 600w\" sizes=\"(max-width: 800px) 100vw, 800px\" \/><\/p>\n<p>Eslizador de alta for\u00e7a<\/p>\n<p>3. Todas as pe\u00e7as de acoplamento de buracos rotativos utilizam lugares lubricados sem petr\u00f3leo sem manuten\u00e7\u00e3o de DU, tornando o trabalho de manuten\u00e7\u00e3o simples e o funcionamento do equipamento fi\u00e1vel.<\/p>\n<p><img decoding=\"async\" class=\"alignnone wp-image-2438 size-full\" src=\"https:\/\/www.haideclean.com\/wp-content\/uploads\/2025\/12\/High-strength-slider2.jpg\" alt=\"\" width=\"800\" height=\"600\" srcset=\"https:\/\/www.haideclean.com\/wp-content\/uploads\/2025\/12\/High-strength-slider2.jpg 800w, https:\/\/www.haideclean.com\/wp-content\/uploads\/2025\/12\/High-strength-slider2-300x225.jpg 300w, https:\/\/www.haideclean.com\/wp-content\/uploads\/2025\/12\/High-strength-slider2-768x576.jpg 768w, https:\/\/www.haideclean.com\/wp-content\/uploads\/2025\/12\/High-strength-slider2-600x450.jpg 600w\" sizes=\"(max-width: 800px) 100vw, 800px\" \/><\/p>\n<p>Recursos lubrificados sem petr\u00f3leo sem manuten\u00e7\u00e3o de DU<\/p>\n<p>4. O bra\u00e7o do gancho adota uma estrutura autom\u00e1tica de fechamento e abertura. O bloco de bloqueio se abre pela gravidade quando a caixa est\u00e1 sendo conectada, e est\u00e1 bloqueado no estado de transporte. Quando a caixa est\u00e1 sendo conectada, o bloco de fechamento se abre, o que alarga a abertura da parte de guia do gancho, tornando mais f\u00e1cil para o condutor conectar a caixa.<\/p>\n<p><img decoding=\"async\" class=\"alignnone wp-image-2443 size-full\" src=\"https:\/\/www.haideclean.com\/wp-content\/uploads\/2025\/12\/High-strength-slider3.jpg\" alt=\"\" width=\"800\" height=\"800\" srcset=\"https:\/\/www.haideclean.com\/wp-content\/uploads\/2025\/12\/High-strength-slider3.jpg 800w, https:\/\/www.haideclean.com\/wp-content\/uploads\/2025\/12\/High-strength-slider3-300x300.jpg 300w, https:\/\/www.haideclean.com\/wp-content\/uploads\/2025\/12\/High-strength-slider3-150x150.jpg 150w, https:\/\/www.haideclean.com\/wp-content\/uploads\/2025\/12\/High-strength-slider3-768x768.jpg 768w, https:\/\/www.haideclean.com\/wp-content\/uploads\/2025\/12\/High-strength-slider3-600x600.jpg 600w, https:\/\/www.haideclean.com\/wp-content\/uploads\/2025\/12\/High-strength-slider3-100x100.jpg 100w\" sizes=\"(max-width: 800px) 100vw, 800px\" \/><\/p>\n<p>5. O recipiente de bloqueio, o cilindro de bloqueio e o cilindro telesc\u00f3pico est\u00e3o equipados com bloqueios hidr\u00e1ulicos bidireccionados para assegurar que o movimento permanece em qualquer posi\u00e7\u00e3o.<\/p>\n<p><img loading=\"lazy\" decoding=\"async\" class=\"alignnone wp-image-2444 size-full\" src=\"https:\/\/www.haideclean.com\/wp-content\/uploads\/2025\/12\/High-strength-slider4.jpg\" alt=\"\" width=\"800\" height=\"600\" srcset=\"https:\/\/www.haideclean.com\/wp-content\/uploads\/2025\/12\/High-strength-slider4.jpg 800w, https:\/\/www.haideclean.com\/wp-content\/uploads\/2025\/12\/High-strength-slider4-300x225.jpg 300w, https:\/\/www.haideclean.com\/wp-content\/uploads\/2025\/12\/High-strength-slider4-768x576.jpg 768w, https:\/\/www.haideclean.com\/wp-content\/uploads\/2025\/12\/High-strength-slider4-600x450.jpg 600w\" sizes=\"(max-width: 800px) 100vw, 800px\" \/><\/p>\n<p>Caixa de bloqueio hidr\u00e1ulico<\/p>\n<p><img loading=\"lazy\" decoding=\"async\" class=\"alignnone wp-image-2445 size-full\" src=\"https:\/\/www.haideclean.com\/wp-content\/uploads\/2025\/12\/High-strength-slider6.jpg\" alt=\"\" width=\"800\" height=\"800\" srcset=\"https:\/\/www.haideclean.com\/wp-content\/uploads\/2025\/12\/High-strength-slider6.jpg 800w, https:\/\/www.haideclean.com\/wp-content\/uploads\/2025\/12\/High-strength-slider6-300x300.jpg 300w, https:\/\/www.haideclean.com\/wp-content\/uploads\/2025\/12\/High-strength-slider6-150x150.jpg 150w, https:\/\/www.haideclean.com\/wp-content\/uploads\/2025\/12\/High-strength-slider6-768x768.jpg 768w, https:\/\/www.haideclean.com\/wp-content\/uploads\/2025\/12\/High-strength-slider6-600x600.jpg 600w, https:\/\/www.haideclean.com\/wp-content\/uploads\/2025\/12\/High-strength-slider6-100x100.jpg 100w\" sizes=\"(max-width: 800px) 100vw, 800px\" \/><\/p>\n<p>Bloqueio hidr\u00e1ulico telesc\u00f3pico<\/p>\n<p>6. O ve\u00edculo adota um mecanismo de bloqueio transversal, que bloqueia o raio longitudinal principal da lata de lixo com o gancho de bloqueio, assegurando a seguran\u00e7a e a confiabilidade da lata de lixo; O cilindro de bloqueio controlado hidr\u00e1ulicamente \u00e9 simples de funcionar e tem desempenho est\u00e1vel, tornando o lixo mais seguro.<\/p>\n<p><img loading=\"lazy\" decoding=\"async\" class=\"alignnone wp-image-2448 size-full\" src=\"https:\/\/www.haideclean.com\/wp-content\/uploads\/2025\/12\/High-strength-slider7.jpg\" alt=\"\" width=\"800\" height=\"600\" srcset=\"https:\/\/www.haideclean.com\/wp-content\/uploads\/2025\/12\/High-strength-slider7.jpg 800w, https:\/\/www.haideclean.com\/wp-content\/uploads\/2025\/12\/High-strength-slider7-300x225.jpg 300w, https:\/\/www.haideclean.com\/wp-content\/uploads\/2025\/12\/High-strength-slider7-768x576.jpg 768w, https:\/\/www.haideclean.com\/wp-content\/uploads\/2025\/12\/High-strength-slider7-600x450.jpg 600w\" sizes=\"(max-width: 800px) 100vw, 800px\" \/><\/p>\n<p>7. A v\u00e1lvula direcional multidirecional assegura uma troca direcional confi\u00e1vel do sistema hidr\u00e1ulico e assegura que o cilindro de trabalho pode permanecer em qualquer posi\u00e7\u00e3o.<\/p>\n<p><img loading=\"lazy\" decoding=\"async\" class=\"alignnone wp-image-2449 size-full\" src=\"https:\/\/www.haideclean.com\/wp-content\/uploads\/2025\/12\/High-strength-slider8.jpg\" alt=\"\" width=\"800\" height=\"600\" srcset=\"https:\/\/www.haideclean.com\/wp-content\/uploads\/2025\/12\/High-strength-slider8.jpg 800w, https:\/\/www.haideclean.com\/wp-content\/uploads\/2025\/12\/High-strength-slider8-300x225.jpg 300w, https:\/\/www.haideclean.com\/wp-content\/uploads\/2025\/12\/High-strength-slider8-768x576.jpg 768w, https:\/\/www.haideclean.com\/wp-content\/uploads\/2025\/12\/High-strength-slider8-600x450.jpg 600w\" sizes=\"(max-width: 800px) 100vw, 800px\" \/><\/p>\n<p>V\u00e1lvula hidr\u00e1ulica direcional<\/p>\n<p>8. A v\u00e1lvula de equil\u00edbrio em duas dire\u00e7\u00f5es assegura que os dois cilindros principais de boom se movem sincronicamente e mant\u00eam press\u00e3o constante.<\/p>\n<p><img loading=\"lazy\" decoding=\"async\" class=\"alignnone wp-image-2450 size-full\" src=\"https:\/\/www.haideclean.com\/wp-content\/uploads\/2025\/12\/High-strength-slider9.jpg\" alt=\"\" width=\"800\" height=\"600\" srcset=\"https:\/\/www.haideclean.com\/wp-content\/uploads\/2025\/12\/High-strength-slider9.jpg 800w, https:\/\/www.haideclean.com\/wp-content\/uploads\/2025\/12\/High-strength-slider9-300x225.jpg 300w, https:\/\/www.haideclean.com\/wp-content\/uploads\/2025\/12\/High-strength-slider9-768x576.jpg 768w, https:\/\/www.haideclean.com\/wp-content\/uploads\/2025\/12\/High-strength-slider9-600x450.jpg 600w\" sizes=\"(max-width: 800px) 100vw, 800px\" \/><\/p>\n<p>V\u00e1lvula de equil\u00edbrio<\/p>\n<p>9. O sistema de filtra\u00e7\u00e3o hidr\u00e1ulica utiliza elementos de filtra\u00e7\u00e3o de alta precis\u00e3o, o que pode melhorar consideravelmente a precis\u00e3o de filtra\u00e7\u00e3o do sistema hidr\u00e1ulico inteiro do ve\u00edculo.<\/p>\n<p><img loading=\"lazy\" decoding=\"async\" class=\"alignnone wp-image-2451 size-full\" src=\"https:\/\/www.haideclean.com\/wp-content\/uploads\/2025\/12\/High-strength-slider10.jpg\" alt=\"\" width=\"800\" height=\"600\" srcset=\"https:\/\/www.haideclean.com\/wp-content\/uploads\/2025\/12\/High-strength-slider10.jpg 800w, https:\/\/www.haideclean.com\/wp-content\/uploads\/2025\/12\/High-strength-slider10-300x225.jpg 300w, https:\/\/www.haideclean.com\/wp-content\/uploads\/2025\/12\/High-strength-slider10-768x576.jpg 768w, https:\/\/www.haideclean.com\/wp-content\/uploads\/2025\/12\/High-strength-slider10-600x450.jpg 600w\" sizes=\"(max-width: 800px) 100vw, 800px\" \/><\/p>\n<p>10. O dispositivo de suporte traseiro hidr\u00e1ulicamente conduzido baixa o quadro da roda de suporte quando conecta e descarrega a caixa de carga, fornecendo suporte auxiliar. Os rolos de um \u00fanico peda\u00e7o ampliados aumentam o ve\u00edculo o centro da gama de gravidade, assegurando assim estabilidade e confiabilidade gerais.<\/p>\n<p><img loading=\"lazy\" decoding=\"async\" class=\"alignnone wp-image-2452 size-full\" src=\"https:\/\/www.haideclean.com\/wp-content\/uploads\/2025\/12\/High-strength-slider11.jpg\" alt=\"\" width=\"800\" height=\"600\" srcset=\"https:\/\/www.haideclean.com\/wp-content\/uploads\/2025\/12\/High-strength-slider11.jpg 800w, https:\/\/www.haideclean.com\/wp-content\/uploads\/2025\/12\/High-strength-slider11-300x225.jpg 300w, https:\/\/www.haideclean.com\/wp-content\/uploads\/2025\/12\/High-strength-slider11-768x576.jpg 768w, https:\/\/www.haideclean.com\/wp-content\/uploads\/2025\/12\/High-strength-slider11-600x450.jpg 600w\" sizes=\"(max-width: 800px) 100vw, 800px\" \/><\/p>\n<p>v\u00e1lvula de controle pneum\u00e1tico<\/p>\n<p>11. Usam-se placas de a \u00e7o de alta for\u00e7a, e o raio sub adota uma se\u00e7\u00e3o em forma de Z para assegurar que o raio sub pode ser integrado plenamente com o raio principal do chassis, preservando a curvatura natural do raio principal do chassis.<\/p>\n<p><img loading=\"lazy\" decoding=\"async\" class=\"alignnone wp-image-2453 size-full\" src=\"https:\/\/www.haideclean.com\/wp-content\/uploads\/2025\/12\/High-strength-slider12.jpg\" alt=\"\" width=\"800\" height=\"600\" srcset=\"https:\/\/www.haideclean.com\/wp-content\/uploads\/2025\/12\/High-strength-slider12.jpg 800w, https:\/\/www.haideclean.com\/wp-content\/uploads\/2025\/12\/High-strength-slider12-300x225.jpg 300w, https:\/\/www.haideclean.com\/wp-content\/uploads\/2025\/12\/High-strength-slider12-768x576.jpg 768w, https:\/\/www.haideclean.com\/wp-content\/uploads\/2025\/12\/High-strength-slider12-600x450.jpg 600w\" sizes=\"(max-width: 800px) 100vw, 800px\" \/><\/p>\n<p>Tipo de alta for\u00e7a<\/p>\n<p>12. O t\u00e1xi tem um sistema de controle eletr\u00f4nico integrado, permitindo que todas as fun\u00e7\u00f5es sejam operadas desde dentro do t\u00e1xi.<\/p>\n<p><img loading=\"lazy\" decoding=\"async\" class=\"alignnone wp-image-2454 size-full\" src=\"https:\/\/www.haideclean.com\/wp-content\/uploads\/2025\/12\/High-strength-slider13.jpg\" alt=\"\" width=\"800\" height=\"600\" srcset=\"https:\/\/www.haideclean.com\/wp-content\/uploads\/2025\/12\/High-strength-slider13.jpg 800w, https:\/\/www.haideclean.com\/wp-content\/uploads\/2025\/12\/High-strength-slider13-300x225.jpg 300w, https:\/\/www.haideclean.com\/wp-content\/uploads\/2025\/12\/High-strength-slider13-768x576.jpg 768w, https:\/\/www.haideclean.com\/wp-content\/uploads\/2025\/12\/High-strength-slider13-600x450.jpg 600w\" sizes=\"(max-width: 800px) 100vw, 800px\" \/><\/p>\n<p><img loading=\"lazy\" decoding=\"async\" class=\"alignnone wp-image-2455 size-full\" src=\"https:\/\/www.haideclean.com\/wp-content\/uploads\/2025\/12\/High-strength-slider14.jpg\" alt=\"\" width=\"800\" height=\"600\" srcset=\"https:\/\/www.haideclean.com\/wp-content\/uploads\/2025\/12\/High-strength-slider14.jpg 800w, https:\/\/www.haideclean.com\/wp-content\/uploads\/2025\/12\/High-strength-slider14-300x225.jpg 300w, https:\/\/www.haideclean.com\/wp-content\/uploads\/2025\/12\/High-strength-slider14-768x576.jpg 768w, https:\/\/www.haideclean.com\/wp-content\/uploads\/2025\/12\/High-strength-slider14-600x450.jpg 600w\" sizes=\"(max-width: 800px) 100vw, 800px\" \/> <img loading=\"lazy\" decoding=\"async\" class=\"alignnone wp-image-2456 size-full\" src=\"https:\/\/www.haideclean.com\/wp-content\/uploads\/2025\/12\/High-strength-slider15.jpg\" alt=\"\" width=\"800\" height=\"600\" srcset=\"https:\/\/www.haideclean.com\/wp-content\/uploads\/2025\/12\/High-strength-slider15.jpg 800w, https:\/\/www.haideclean.com\/wp-content\/uploads\/2025\/12\/High-strength-slider15-300x225.jpg 300w, https:\/\/www.haideclean.com\/wp-content\/uploads\/2025\/12\/High-strength-slider15-768x576.jpg 768w, https:\/\/www.haideclean.com\/wp-content\/uploads\/2025\/12\/High-strength-slider15-600x450.jpg 600w\" sizes=\"(max-width: 800px) 100vw, 800px\" \/><\/p>","protected":false},"excerpt":{"rendered":"<p>O cami\u00e3o de lixo CHD5180ZXXDFE6 \u00e9 um ve\u00edculo de saneamento que combina alta efici\u00eancia, confiabilidade e amigabilidade ambiental.<\/p>\n<p>O ve\u00edculo apresenta um desempenho poderoso, baixo consumo de combust\u00edvel e ru\u00eddo m\u00ednimo. Seu recipiente de res\u00edduos totalmente selado evita polui\u00e7\u00e3o secund\u00e1ria durante o transporte, oferece uma simples opera\u00e7\u00e3o e assegura um desempenho est\u00e1vel.<\/p>","protected":false},"featured_media":1327,"template":"","meta":[],"product_brand":[],"product_cat":[28],"product_tag":[],"class_list":{"0":"post-1325","1":"product","2":"type-product","3":"status-publish","4":"has-post-thumbnail","6":"product_cat-waste-collection-transport","8":"first","9":"instock","10":"shipping-taxable","11":"product-type-simple"},"_links":{"self":[{"href":"https:\/\/www.haideclean.com\/pt\/wp-json\/wp\/v2\/product\/1325","targetHints":{"allow":["GET"]}}],"collection":[{"href":"https:\/\/www.haideclean.com\/pt\/wp-json\/wp\/v2\/product"}],"about":[{"href":"https:\/\/www.haideclean.com\/pt\/wp-json\/wp\/v2\/types\/product"}],"wp:featuredmedia":[{"embeddable":true,"href":"https:\/\/www.haideclean.com\/pt\/wp-json\/wp\/v2\/media\/1327"}],"wp:attachment":[{"href":"https:\/\/www.haideclean.com\/pt\/wp-json\/wp\/v2\/media?parent=1325"}],"wp:term":[{"taxonomy":"product_brand","embeddable":true,"href":"https:\/\/www.haideclean.com\/pt\/wp-json\/wp\/v2\/product_brand?post=1325"},{"taxonomy":"product_cat","embeddable":true,"href":"https:\/\/www.haideclean.com\/pt\/wp-json\/wp\/v2\/product_cat?post=1325"},{"taxonomy":"product_tag","embeddable":true,"href":"https:\/\/www.haideclean.com\/pt\/wp-json\/wp\/v2\/product_tag?post=1325"}],"curies":[{"name":"wp","href":"https:\/\/api.w.org\/{rel}","templated":true}]}}