{"id":1336,"date":"2025-12-19T16:03:16","date_gmt":"2025-12-19T08:03:16","guid":{"rendered":"https:\/\/www.haideclean.com\/?post_type=product&#038;p=1336"},"modified":"2026-03-18T11:22:03","modified_gmt":"2026-03-18T03:22:03","slug":"chd5050twq-dirty-removal-truck","status":"publish","type":"product","link":"https:\/\/www.haideclean.com\/pt\/produto\/chd5050twq-dirty-removal-truck\/","title":{"rendered":"Caminh\u00e3o de coleta de lixo modelo CHD5050TWQ"},"content":{"rendered":"<p>A m\u00e1quina adota o mundo o motor Cummins de melhor qualidade para fornecer energia para todo o ve\u00edculo. A pot\u00eancia nominal do motor \u00e9 de 81kw, com forte pot\u00eancia e desempenho est\u00e1vel. O motor Cummins tem prote\u00e7\u00e3o nacional, o que pode eliminar as preocupa\u00e7\u00f5es dos clientes.<\/p>\n<p><img fetchpriority=\"high\" decoding=\"async\" class=\"alignnone wp-image-2468 size-full\" src=\"https:\/\/www.haideclean.com\/wp-content\/uploads\/2025\/12\/Cummins-engine1.jpg\" alt=\"\" width=\"309\" height=\"245\" srcset=\"https:\/\/www.haideclean.com\/wp-content\/uploads\/2025\/12\/Cummins-engine1.jpg 309w, https:\/\/www.haideclean.com\/wp-content\/uploads\/2025\/12\/Cummins-engine1-300x238.jpg 300w\" sizes=\"(max-width: 309px) 100vw, 309px\" \/><\/p>\n<p>Motor Cummins de imagem 1<\/p>\n<p>O removedor de lixo est\u00e1 equipado com uma grande bomba vari\u00e1vel de deslocamento caminhando e pist\u00e3o de motor importado da Alemanha. Ao ajustar sem passos o tamanho de deslocamento da bomba vari\u00e1vel, pode obter a velocidade de andamento constante necess\u00e1ria.<\/p>\n<p><img decoding=\"async\" class=\"alignnone wp-image-2467 size-full\" src=\"https:\/\/www.haideclean.com\/wp-content\/uploads\/2025\/12\/Germany-Linde-walking-variable-pump-and-piston-motor.jpg\" alt=\"\" width=\"514\" height=\"217\" srcset=\"https:\/\/www.haideclean.com\/wp-content\/uploads\/2025\/12\/Germany-Linde-walking-variable-pump-and-piston-motor.jpg 514w, https:\/\/www.haideclean.com\/wp-content\/uploads\/2025\/12\/Germany-Linde-walking-variable-pump-and-piston-motor-300x127.jpg 300w\" sizes=\"(max-width: 514px) 100vw, 514px\" \/><\/p>\n<p>Imagem 2 Alemanha Linde caminhando bomba vari\u00e1vel e pist\u00e3o<\/p>\n<p>O removedor de lixo est\u00e1 equipado com um sucedor de aspira\u00e7\u00e3o em frente, e pode operar a fun\u00e7\u00e3o de retra\u00e7\u00e3o do prato de limpeza na sala de condu\u00e7\u00e3o;<\/p>\n<p><strong>O ve\u00edculo tem v\u00e1rios modos de opera\u00e7\u00e3o para escolher:<\/strong><\/p>\n<ol>\n<li>O prato de limpeza pode remover o lixo separadamente. atrav\u00e9s do prato de limpeza se dirige para a esquerda e para a direita, pode perceber que a opera\u00e7\u00e3o de limpeza da polui\u00e7\u00e3o no lado esquerdo e direito do roa<\/li>\n<li>A opera\u00e7\u00e3o de limpeza da polui\u00e7\u00e3o,no lado direito. Por meio da coopera\u00e7\u00e3o entre a l\u00e2mina direita de pulveriza\u00e7\u00e3o e o sucessor, ela pode perceber a lavagem e polui\u00e7\u00e3o no lado direito do ve\u00edculo e pedras ao longo das estradas.<\/li>\n<li>A opera\u00e7\u00e3o de limpeza da polui\u00e7\u00e3o no lado esquerdo. atrav\u00e9s da coopera\u00e7\u00e3o entre a l\u00e2mina esquerda de pulveriza\u00e7\u00e3o e o sugador de suc\u00e7\u00e3o, ele pode perceber a lavagem e polui\u00e7\u00e3o no lado esquerdo do ve\u00edculo e pedras ao longo das estradas.<\/li>\n<li>A suc\u00e7\u00e3o de fluxo na frente tem a fun\u00e7\u00e3o de se mover em dire\u00e7\u00e3o \u00e0 esquerda e \u00e0 direita, Movingsize \u00e9 220mm de cada lado.<\/li>\n<\/ol>\n<p><img decoding=\"async\" class=\"alignnone wp-image-2466 size-full\" src=\"https:\/\/www.haideclean.com\/wp-content\/uploads\/2025\/12\/Working-device-in-front.jpg\" alt=\"\" width=\"343\" height=\"225\" srcset=\"https:\/\/www.haideclean.com\/wp-content\/uploads\/2025\/12\/Working-device-in-front.jpg 343w, https:\/\/www.haideclean.com\/wp-content\/uploads\/2025\/12\/Working-device-in-front-300x197.jpg 300w\" sizes=\"(max-width: 343px) 100vw, 343px\" \/><\/p>\n<p>Imagem 3 [UNK] Dispositivo de trabalho na frente<\/p>\n<p>A pist\u00e3o de alta press\u00e3o, a bomba de alta press\u00e3o, \u00e9 tamb\u00e9m importada da It\u00e1lia. Faz o desempenho est\u00e1vel e confi\u00e1vel. Atrav\u00e9s da condu\u00e7\u00e3o hidr\u00e1ulica e do ajuste sem passos, ela pode satisfazer os requisitos de funcionamento da bomba de obten\u00e7\u00e3o de fluxo e press\u00e3o diferentes em velocidade de rota\u00e7\u00e3o diferente. A press\u00e3o m\u00e1xima pode atingir 300bar[UNK]nosistema de \u00e1gua do ve\u00edculo.<\/p>\n<p><img loading=\"lazy\" decoding=\"async\" class=\"alignnone wp-image-2465 size-full\" src=\"https:\/\/www.haideclean.com\/wp-content\/uploads\/2025\/12\/Italian-high-pressure-piston-pump-.jpg\" alt=\"\" width=\"293\" height=\"209\" \/><\/p>\n<p>Imagem 4 bomba italiana de pist\u00e3o de alta press\u00e3o<\/p>\n<p>Nota: Nossa empresa mant\u00e9m o direito de todas as mudan\u00e7as nos produtos. A informa\u00e7\u00e3o fornecida nesta especifica\u00e7\u00e3o t\u00e9cnica pode ser apenas para refer\u00eancia. Os par\u00e2metros e configura\u00e7\u00f5es espec\u00edficos est\u00e3o sujeitos \u00e0 entrega real.<\/p>\n<p>O motor deste remover de lixo est\u00e1 equipado ao meio do quadro, e h\u00e1 tanques de \u00e1gua independentes nos dois lados do quadro respectivamente. A bomba de \u00e1gua de alta press\u00e3o e o silenciador do motor s\u00e3o respectivamente montados dentro do tanque de \u00e1gua. O tanque de poeira e limpeza de \u00e1gua adotam a estrutura integral. O tanque de \u00e1gua \u00e9 colocado em ambos os lados do tanque e no fundo para alcan\u00e7ar a utiliza\u00e7\u00e3o m\u00e1xima do espa\u00e7o global. O polvo adota um cilindro hidr\u00e1ulico duplo que pode descarregar e levantar para descarregar. O vaso de p\u00f3 est\u00e1 equipado com projeto de lavagem frontal para alcan\u00e7ar o prop\u00f3sito de descarga auxiliar. A estrutura da porta de tr\u00e1s adopta a estrutura de dupla selagem, que pode evitar a omiss\u00e3o de esgotos causada pelo problema de selagem da porta de tr\u00e1s no processo de transporte de ve\u00edculos ap\u00f3s o fim da opera\u00e7\u00e3o do ve\u00edculo.<\/p>\n<p>Sensor de baixo n\u00edvel de \u00e1gua \u00e9 instalado na parte posterior do tanque de \u00e1gua limpa do lado. Quando o n\u00edvel de \u00e1gua no tanque de \u00e1gua limpa est\u00e1 perto do primeiro n\u00edvel de \u00e1gua de alarme, a luz indicadora instalada no display no condutor&#8217; a sala vai alarmar no caminho de &#8220; flash\u201d; fluta [UNK]sound[UNK]. Eles lembram ao operador de adicionar \u00e1gua no tempo. Se n\u00e3o atrair a aten\u00e7\u00e3o oportuna do operador, e ap\u00f3s o alarme flash ser\u00e1 alcan\u00e7ado o momento em que o n\u00edvel de \u00e1gua est\u00e1 perto do segundo n\u00edvel de alarme que pode evitar os danos causados pela falta de \u00e1gua, o circuito de controle da bomba de \u00e1gua de alta press\u00e3o cortar\u00e1 automaticamente, de modo que a bomba pare de funcionar.<\/p>\n<p><img loading=\"lazy\" decoding=\"async\" class=\"alignnone wp-image-2464 size-full\" src=\"https:\/\/www.haideclean.com\/wp-content\/uploads\/2025\/12\/Low-water-level-alarm-device-for-cleaning-water-tank.jpg\" alt=\"\" width=\"264\" height=\"218\" \/><\/p>\n<p>Imagem 5 Dispositivo de alarme de baixo n\u00edvel de \u00e1gua para limpar o tanque de \u00e1gua<\/p>\n<p>A fim de ajudar a descarga oportuna das \u00e1guas residuais durante a opera\u00e7\u00e3o de lavagem de alta press\u00e3o do ve\u00edculo (especialmente na temporada da chuva), o ve\u00edculo est\u00e1 equipado com um dispositivo de alarme flutuante de alto n\u00edvel de \u00e1gua na parte superior do lixo. Quando o esgoto no lixo alcan\u00e7ar o n\u00edvel de alarme, o dispositivo flutuante ir\u00e1 flutuar automaticamente com o aumento do n\u00edvel de \u00e1gua, e quando alcan\u00e7ar o n\u00edvel l\u00edquido estabelecido, o dispositivo de alarme no painel de controle dentro da sala de condu\u00e7\u00e3o far\u00e1 um cont\u00ednuo &#8220; flashing&#8221; e &#8220; fluta - som de alarme. Isto ir\u00e1 lembrar ao operador de descargar esgotos no tempo.<\/p>\n<p><img loading=\"lazy\" decoding=\"async\" class=\"alignnone wp-image-2462 size-full\" src=\"https:\/\/www.haideclean.com\/wp-content\/uploads\/2025\/12\/Dustbin-high-water-level-alarm-and-flush-device.jpg\" alt=\"\" width=\"386\" height=\"209\" srcset=\"https:\/\/www.haideclean.com\/wp-content\/uploads\/2025\/12\/Dustbin-high-water-level-alarm-and-flush-device.jpg 386w, https:\/\/www.haideclean.com\/wp-content\/uploads\/2025\/12\/Dustbin-high-water-level-alarm-and-flush-device-300x162.jpg 300w\" sizes=\"(max-width: 386px) 100vw, 386px\" \/><\/p>\n<p>Imagem 6<\/p>\n<p>A lata de lixo do ve\u00edculo n\u00e3o s\u00f3 tem uma simples fun\u00e7\u00e3o de derrubamento e descarga, mas tamb\u00e9m est\u00e1 equipada com um dispositivo de derrubamento de alta press\u00e3o na frente da lata de lixo. Isto \u00e9, quando o ve\u00edculo est\u00e1 descargando o lixo, o operador primeiro abre a porta de tr\u00e1s e depois levanta a caixa, e finalmente abre o dispositivo de derrubamento de alta press\u00e3o montado na frente da lata de p\u00f3, para lavar cuidadosamente a lata de p\u00f3. A fim de facilitar o operador a adicionar \u00e1gua em tempo \u00fatil para o tanque de \u00e1gua, o tanque de \u00e1gua \u00e9 colocado na meia do lado direito do tanque de p\u00f3: Quando a \u00e1gua precisa ser adicionada, o operador apenas conecta a interface hidrante com o tanque de conex\u00e3o de \u00e1gua, atrav\u00e9s do cinto de fogo, para adicionar \u00e1gua;<\/p>\n<p><img loading=\"lazy\" decoding=\"async\" class=\"alignnone wp-image-2461 size-full\" src=\"https:\/\/www.haideclean.com\/wp-content\/uploads\/2025\/12\/Clean-water-filler.jpg\" alt=\"\" width=\"298\" height=\"236\" \/><\/p>\n<p>Imagem 7 Enchimento de \u00e1gua limpa<\/p>\n<p>Um modo de controle autom\u00e1tico inteligente de uma chave, isto \u00e9, ap\u00f3s a sele\u00e7\u00e3o do modo de funcionamento do ve\u00edculo, a opera\u00e7\u00e3o de controle do ve\u00edculo pode ser completada com uma opera\u00e7\u00e3o de chave, e o ve\u00edculo pode entrar diretamente no estado de funcionamento previsto. Todos os interruptores de controle s\u00e3o t\u00e3o acess\u00edveis para obter. A opera\u00e7\u00e3o \u00e9 muito conveniente.<\/p>\n<p><img loading=\"lazy\" decoding=\"async\" class=\"alignnone wp-image-2460 size-full\" src=\"https:\/\/www.haideclean.com\/wp-content\/uploads\/2025\/12\/One-button-automatic-control.jpg\" alt=\"\" width=\"368\" height=\"215\" srcset=\"https:\/\/www.haideclean.com\/wp-content\/uploads\/2025\/12\/One-button-automatic-control.jpg 368w, https:\/\/www.haideclean.com\/wp-content\/uploads\/2025\/12\/One-button-automatic-control-300x175.jpg 300w\" sizes=\"(max-width: 368px) 100vw, 368px\" \/><\/p>\n<p>Imagem 8 Controlo autom\u00e1tico de um bot\u00e3o<\/p>\n<p>Para facilitar o operador a observar o n\u00edvel de esgotos no tanque de esgotos no tempo, o carro est\u00e1 equipado com um espelho de observa\u00e7\u00e3o de esgotos na porta traseira do tanque, o que \u00e9 muito conveniente para o operador observar e operar o n\u00edvel de esgotos no tanque.<\/p>\n<p><img loading=\"lazy\" decoding=\"async\" class=\"alignnone wp-image-2459 size-full\" src=\"https:\/\/www.haideclean.com\/wp-content\/uploads\/2025\/12\/sewage-observation-mirror-on-the-rear-door-of-the-dustbin.jpg\" alt=\"\" width=\"365\" height=\"206\" srcset=\"https:\/\/www.haideclean.com\/wp-content\/uploads\/2025\/12\/sewage-observation-mirror-on-the-rear-door-of-the-dustbin.jpg 365w, https:\/\/www.haideclean.com\/wp-content\/uploads\/2025\/12\/sewage-observation-mirror-on-the-rear-door-of-the-dustbin-300x169.jpg 300w\" sizes=\"(max-width: 365px) 100vw, 365px\" \/><\/p>\n<p>Imagem 9 espelho de observa\u00e7\u00e3o dos esgotos na porta traseira do polvo<\/p>\n<p>A remo\u00e7\u00e3o do lixo est\u00e1 equipada n\u00e3o s\u00f3 com opera\u00e7\u00e3o comum de ve\u00edculos que requerem dispositivos de ilumina\u00e7\u00e3o, mas tamb\u00e9m com frecha de indica\u00e7\u00e3o de opera\u00e7\u00e3o superior. Por meio da forma de indica\u00e7\u00e3o cont\u00ednua de brilho, ela recorda a seguran\u00e7a da opera\u00e7\u00e3o do ve\u00edculo posterior.<\/p>\n<p><img loading=\"lazy\" decoding=\"async\" class=\"alignnone wp-image-2458 size-full\" src=\"https:\/\/www.haideclean.com\/wp-content\/uploads\/2025\/12\/Rear-indicating-arrow-light.jpg\" alt=\"\" width=\"340\" height=\"216\" srcset=\"https:\/\/www.haideclean.com\/wp-content\/uploads\/2025\/12\/Rear-indicating-arrow-light.jpg 340w, https:\/\/www.haideclean.com\/wp-content\/uploads\/2025\/12\/Rear-indicating-arrow-light-300x191.jpg 300w\" sizes=\"(max-width: 340px) 100vw, 340px\" \/><\/p>\n<p>Imagem 10 Atr\u00e1s indicando luz de flecha<\/p>\n<p>Um dispositivo de pulveriza\u00e7\u00e3o manual com fun\u00e7\u00e3o autom\u00e1tica de bobina \u00e9 montado no meio esquerdo do ve\u00edculo, que \u00e9 usado para a remo\u00e7\u00e3o do pr\u00f3prio corpo do ve\u00edculo e os an\u00fancios do lado rodovi\u00e1rio. O comprimento da bobina \u00e9 de at\u00e9 15 metros, e tamb\u00e9m pode ser usado para conectar o dispositivo de lavagem rotacional empurrado \u00e0 m\u00e3o e pulsado \u00e0 m\u00e3o para realizar a opera\u00e7\u00e3o de flushing do tronco.<\/p>\n<p><img loading=\"lazy\" decoding=\"async\" class=\"alignnone wp-image-2457 size-full\" src=\"https:\/\/www.haideclean.com\/wp-content\/uploads\/2025\/12\/Picture-11.jpg\" alt=\"\" width=\"364\" height=\"250\" srcset=\"https:\/\/www.haideclean.com\/wp-content\/uploads\/2025\/12\/Picture-11.jpg 364w, https:\/\/www.haideclean.com\/wp-content\/uploads\/2025\/12\/Picture-11-300x206.jpg 300w\" sizes=\"(max-width: 364px) 100vw, 364px\" \/><\/p>\n<p>Imagem 11<\/p>","protected":false},"excerpt":{"rendered":"<p>CHD50TWQ \u00e9 um novo ve\u00edculo de trabalho rodovi\u00e1rio projetado e desenvolvido por Yantai Haide Special Vehicle Co., LTD. \u00c9 principalmente aplicado \u00e0 profunda descontamina\u00e7\u00e3o e limpeza do pavimento, quadrado, parque e comunidade.<\/p>","protected":false},"featured_media":1337,"template":"","meta":[],"product_brand":[],"product_cat":[27],"product_tag":[],"class_list":{"0":"post-1336","1":"product","2":"type-product","3":"status-publish","4":"has-post-thumbnail","6":"product_cat-cleaning-vehicles","8":"first","9":"instock","10":"shipping-taxable","11":"product-type-simple"},"_links":{"self":[{"href":"https:\/\/www.haideclean.com\/pt\/wp-json\/wp\/v2\/product\/1336","targetHints":{"allow":["GET"]}}],"collection":[{"href":"https:\/\/www.haideclean.com\/pt\/wp-json\/wp\/v2\/product"}],"about":[{"href":"https:\/\/www.haideclean.com\/pt\/wp-json\/wp\/v2\/types\/product"}],"wp:featuredmedia":[{"embeddable":true,"href":"https:\/\/www.haideclean.com\/pt\/wp-json\/wp\/v2\/media\/1337"}],"wp:attachment":[{"href":"https:\/\/www.haideclean.com\/pt\/wp-json\/wp\/v2\/media?parent=1336"}],"wp:term":[{"taxonomy":"product_brand","embeddable":true,"href":"https:\/\/www.haideclean.com\/pt\/wp-json\/wp\/v2\/product_brand?post=1336"},{"taxonomy":"product_cat","embeddable":true,"href":"https:\/\/www.haideclean.com\/pt\/wp-json\/wp\/v2\/product_cat?post=1336"},{"taxonomy":"product_tag","embeddable":true,"href":"https:\/\/www.haideclean.com\/pt\/wp-json\/wp\/v2\/product_tag?post=1336"}],"curies":[{"name":"wp","href":"https:\/\/api.w.org\/{rel}","templated":true}]}}