{"id":1349,"date":"2025-12-19T16:13:51","date_gmt":"2025-12-19T08:13:51","guid":{"rendered":"https:\/\/www.haideclean.com\/?post_type=product&#038;p=1349"},"modified":"2026-04-10T09:26:17","modified_gmt":"2026-04-10T01:26:17","slug":"chd5110twq-high-pressure-dirty-removal-road-sweeper","status":"publish","type":"product","link":"https:\/\/www.haideclean.com\/pt\/produto\/chd5110twq-high-pressure-dirty-removal-road-sweeper\/","title":{"rendered":"Varredora de estradas potente de alta press\u00e3o modelo CHD5110TWQ"},"content":{"rendered":"<ul>\n<li>Tecnologia hidrost\u00e1tica de impulso<\/li>\n<\/ul>\n<p>Para satisfazer a opera\u00e7\u00e3o de descontamina\u00e7\u00e3o do ve\u00edculo das necessidades de caminhada de baixa velocidade, o chassis das opera\u00e7\u00f5es de caminhada do ve\u00edculo montado com tecnologia de caminhada hidrost\u00e1tica, para alcan\u00e7ar o ve\u00edculo&#8217; as necessidades de caminhada ultra-baixa velocidade de alto torque. Para perceber o ve\u00edculo s necessidades de opera\u00e7\u00e3o de descontamina\u00e7\u00e3o profunda, viagem de baixa velocidade para o uso de controle autom\u00e1tico de cruzeiro.<\/p>\n<ul>\n<li>Multiplas combina\u00e7\u00f5es modulares fazem o ve\u00edculo realmente multiprop\u00f3sito<\/li>\n<\/ul>\n<p>O ve\u00edculo est\u00e1 equipado com uma placa de pincel de limpeza montada no lado, que pode satisfazer a opera\u00e7\u00e3o de lavagem do ve\u00edculo quando a remo\u00e7\u00e3o do lixo no canto da estrada, o ve\u00edculo uma variedade de modos operacionais de m\u00faltiplas op\u00e7\u00f5es: 1, o disco de limpeza traseira do modo de funcionamento individual de descontamina\u00e7\u00e3o, atrav\u00e9s do lado esquerdo e direito do disco de limpeza, pode perceber o ve\u00edculo&#8217; o lado esquerdo e direito das necessidades operacionais; 2, a placa de escova montada no lado e o disco de limpeza posterior, para alcan\u00e7ar as opera\u00e7\u00f5es de limpeza e limpeza do lixo no canto da estrada do ve\u00edculo; 3, a parte posterior da redu\u00e7\u00e3o de p\u00f3 de pulveriza\u00e7\u00e3o 3, a fun\u00e7\u00e3o de redu\u00e7\u00e3o de p\u00f3 de pulveriza\u00e7\u00e3o posterior, pode ser para a p\u00f3 de resfriamento de ver\u00e3o quente; 4, arma de pulveriza\u00e7\u00e3o de pulveriza\u00e7\u00e3o de carros de alta press\u00e3o manual n\u00e3o s\u00f3 pode perceber o ve\u00edculo sua pr\u00f3pria limpeza, mas tamb\u00e9m pode ser usada para remover a fun\u00e7\u00e3o da publicidade ao lado da estrada.<\/p>\n<ul>\n<li>Protec\u00e7\u00e3o multialarme<\/li>\n<\/ul>\n<p>O ve\u00edculo s tanque de \u00e1gua est\u00e1 equipado com um dispositivo de alarme de baixo n\u00edvel de \u00e1gua para prevenir danos \u00e0 bomba devido \u00e0 falta de \u00e1gua, e o ve\u00edculo est\u00e1 equipado com um dispositivo de alarme flutuante de alto n\u00edvel de \u00e1gua no fundo superior do lixo pode lembrar ao operador de realizar descargas de esgotos em tempo quando o esgoto no lixo atinge o n\u00edvel de alarme.<\/p>\n<ul>\n<li>A arma de alta press\u00e3o pode efetivamente eliminar a superf\u00edcie do ve\u00edculo e a polui\u00e7\u00e3o local do petr\u00f3leo.<\/li>\n<\/ul>\n<p>Montado com uma unidade de lavagem autom\u00e1tica de carro de tipo winch rotante, uma lan\u00e7a de lavagem manual de alta press\u00e3o com um comprimento de bobina de at\u00e9 20 metros para facilitar a limpeza das superf\u00edcies do ve\u00edculo e a lavagem de pequenos an \u00fancios ao lado da estrada, com uma press\u00e3o de trabalho de at\u00e9 300 bar.<\/p>","protected":false},"excerpt":{"rendered":"<p>CHD5110TWQ Road Pollutant Removal Vehicle is a new type of road surface environmental protection construction vehicle adapted by Yantai Haide Special Vehicle Company Limited from the chassis of QL1110ANMACY truck of Qingling Motors Co. It is mainly used for road deep cleaning and cleaning and sweeping operations.<\/p>","protected":false},"featured_media":1350,"template":"","meta":[],"product_brand":[],"product_cat":[15],"product_tag":[],"class_list":{"0":"post-1349","1":"product","2":"type-product","3":"status-publish","4":"has-post-thumbnail","6":"product_cat-road-sweeping","8":"first","9":"instock","10":"shipping-taxable","11":"product-type-simple"},"_links":{"self":[{"href":"https:\/\/www.haideclean.com\/pt\/wp-json\/wp\/v2\/product\/1349","targetHints":{"allow":["GET"]}}],"collection":[{"href":"https:\/\/www.haideclean.com\/pt\/wp-json\/wp\/v2\/product"}],"about":[{"href":"https:\/\/www.haideclean.com\/pt\/wp-json\/wp\/v2\/types\/product"}],"wp:featuredmedia":[{"embeddable":true,"href":"https:\/\/www.haideclean.com\/pt\/wp-json\/wp\/v2\/media\/1350"}],"wp:attachment":[{"href":"https:\/\/www.haideclean.com\/pt\/wp-json\/wp\/v2\/media?parent=1349"}],"wp:term":[{"taxonomy":"product_brand","embeddable":true,"href":"https:\/\/www.haideclean.com\/pt\/wp-json\/wp\/v2\/product_brand?post=1349"},{"taxonomy":"product_cat","embeddable":true,"href":"https:\/\/www.haideclean.com\/pt\/wp-json\/wp\/v2\/product_cat?post=1349"},{"taxonomy":"product_tag","embeddable":true,"href":"https:\/\/www.haideclean.com\/pt\/wp-json\/wp\/v2\/product_tag?post=1349"}],"curies":[{"name":"wp","href":"https:\/\/api.w.org\/{rel}","templated":true}]}}