{"id":1352,"date":"2025-12-19T16:14:49","date_gmt":"2025-12-19T08:14:49","guid":{"rendered":"https:\/\/www.haideclean.com\/?post_type=product&#038;p=1352"},"modified":"2026-03-19T11:40:35","modified_gmt":"2026-03-19T03:40:35","slug":"chd5180gqxdfe6-road-cleaning-truck","status":"publish","type":"product","link":"https:\/\/www.haideclean.com\/pt\/produto\/chd5180gqxdfe6-road-cleaning-truck\/","title":{"rendered":"Caminh\u00e3o lavador de estradas modelo CHD5180GQXDFE6"},"content":{"rendered":"<ul>\n<li><b><\/b><strong><b>Tanque de a \u00e7o inoxid\u00e1vel padr\u00e3o, com um sistema de alarme de baixa \u00e1gua;<\/b><\/strong><\/li>\n<li><b><\/b><strong><b>O traseiro do ve\u00edculo est\u00e1 equipado com sinais de opera\u00e7\u00e3o emitindo luz;<\/b><\/strong><\/li>\n<li><b><\/b><strong><b>Dois conjuntos de alta press\u00e3o independentes, - sistema de \u00e1gua de baixa press\u00e3o;<\/b><\/strong><\/li>\n<li><b><\/b><strong><b>Sistema de \u00e1gua de alta press\u00e3o<\/b><\/strong>\n<ol>\n<li>A bomba de \u00e1gua de alta press\u00e3o ultrapassava a prote\u00e7\u00e3o autom\u00e1tica do alarme<\/li>\n<li>Sistema de controle pneum\u00e1tico para opera\u00e7\u00e3o de v\u00e1lvulas de \u00e1gua de alta press\u00e3o no t\u00e1xi<\/li>\n<li>A frente est\u00e1 equipada com um dispositivo de lavagem de alta press\u00e3o que vai para a esquerda e para a direita com controle pneum\u00e1tico para a seguran\u00e7a e evita\u00e7\u00e3o de obst\u00e1culos, e a largura da limpeza \u00e9 aumentada para 3,5 metros;<\/li>\n<li>H\u00e1 um aparelho de pulveriza\u00e7\u00e3o atr\u00e1s do ve\u00edculo para ajustar a temperatura do ar<\/li>\n<li>A frente do ve\u00edculo est\u00e1 equipada com nozes de alta press\u00e3o esquerda e direita<\/li>\n<\/ol>\n<\/li>\n<li><b><\/b><strong><b>Sistema de \u00e1gua de baixa press\u00e3o<\/b><\/strong>\n<ol>\n<li>Todas as opera\u00e7\u00f5es s\u00e3o realizadas no t\u00e1xi, e v\u00e1rias tarefas podem ser completadas com um clic<\/li>\n<li>Equipado com nozes laterais de colunas multicurvas para opera\u00e7\u00e3o de flushing lateral, o \u00e2ngulo de flushing pode ser ajustado arbitrariamente, a largura de flushing \u00e9 maior que 24M. H\u00e1 nozes de pato-p\u00e9 e nozes cilindricas na frente e atr\u00e1s, e a largura de espinho \u00e9 maior que 16 M.<\/li>\n<li>Plataforma de trabalho posterior, usando arma de \u00e1gua de longa dist\u00e2ncia ajustada (cilindrica ou nevoeiro)<\/li>\n<li>Ela tem uma fun\u00e7\u00e3o de autopriming e usa a bomba de \u00e1gua no ve\u00edculo para absorver \u00e1gua no tanque.<\/li>\n<li>H\u00e1 um ciclo de autocircula\u00e7\u00e3o no sistema de \u00e1gua, que pode ser usado para derreter agente de derreter neve no inverno;<\/li>\n<li>O fundo do ve\u00edculo est\u00e1 equipado com uma interface de combate ao inc\u00eandio com press\u00e3o de tubos de \u00e1gua de cinto verde para facilitar a conex\u00e3o com tubos de \u00e1gua remotos;<\/li>\n<\/ol>\n<\/li>\n<\/ul>\n<p><img fetchpriority=\"high\" decoding=\"async\" class=\"alignnone size-medium wp-image-2479\" src=\"https:\/\/www.haideclean.com\/wp-content\/uploads\/2025\/12\/Arrow-style-operation-instructions1-213x300.jpg\" alt=\"\" width=\"213\" height=\"300\" data-wp-editing=\"1\" srcset=\"https:\/\/www.haideclean.com\/wp-content\/uploads\/2025\/12\/Arrow-style-operation-instructions1-213x300.jpg 213w, https:\/\/www.haideclean.com\/wp-content\/uploads\/2025\/12\/Arrow-style-operation-instructions1-726x1024.jpg 726w, https:\/\/www.haideclean.com\/wp-content\/uploads\/2025\/12\/Arrow-style-operation-instructions1-768x1083.jpg 768w, https:\/\/www.haideclean.com\/wp-content\/uploads\/2025\/12\/Arrow-style-operation-instructions1-600x846.jpg 600w, https:\/\/www.haideclean.com\/wp-content\/uploads\/2025\/12\/Arrow-style-operation-instructions1.jpg 790w\" sizes=\"(max-width: 213px) 100vw, 213px\" \/> <img decoding=\"async\" class=\"alignnone size-medium wp-image-2480\" src=\"https:\/\/www.haideclean.com\/wp-content\/uploads\/2025\/12\/Arrow-style-operation-instructions15-219x300.jpg\" alt=\"\" width=\"219\" height=\"300\" srcset=\"https:\/\/www.haideclean.com\/wp-content\/uploads\/2025\/12\/Arrow-style-operation-instructions15-219x300.jpg 219w, https:\/\/www.haideclean.com\/wp-content\/uploads\/2025\/12\/Arrow-style-operation-instructions15-746x1024.jpg 746w, https:\/\/www.haideclean.com\/wp-content\/uploads\/2025\/12\/Arrow-style-operation-instructions15-768x1054.jpg 768w, https:\/\/www.haideclean.com\/wp-content\/uploads\/2025\/12\/Arrow-style-operation-instructions15-600x823.jpg 600w, https:\/\/www.haideclean.com\/wp-content\/uploads\/2025\/12\/Arrow-style-operation-instructions15.jpg 790w\" sizes=\"(max-width: 219px) 100vw, 219px\" \/> <img decoding=\"async\" class=\"alignnone size-medium wp-image-2481\" src=\"https:\/\/www.haideclean.com\/wp-content\/uploads\/2025\/12\/Arrow-style-operation-instructions17-124x300.jpg\" alt=\"\" width=\"124\" height=\"300\" srcset=\"https:\/\/www.haideclean.com\/wp-content\/uploads\/2025\/12\/Arrow-style-operation-instructions17-124x300.jpg 124w, https:\/\/www.haideclean.com\/wp-content\/uploads\/2025\/12\/Arrow-style-operation-instructions17-424x1024.jpg 424w, https:\/\/www.haideclean.com\/wp-content\/uploads\/2025\/12\/Arrow-style-operation-instructions17-768x1853.jpg 768w, https:\/\/www.haideclean.com\/wp-content\/uploads\/2025\/12\/Arrow-style-operation-instructions17-637x1536.jpg 637w, https:\/\/www.haideclean.com\/wp-content\/uploads\/2025\/12\/Arrow-style-operation-instructions17-600x1448.jpg 600w, https:\/\/www.haideclean.com\/wp-content\/uploads\/2025\/12\/Arrow-style-operation-instructions17.jpg 790w\" sizes=\"(max-width: 124px) 100vw, 124px\" \/> <img loading=\"lazy\" decoding=\"async\" class=\"alignnone size-medium wp-image-2482\" src=\"https:\/\/www.haideclean.com\/wp-content\/uploads\/2025\/12\/Arrow-style-operation-instructions19-143x300.jpg\" alt=\"\" width=\"143\" height=\"300\" srcset=\"https:\/\/www.haideclean.com\/wp-content\/uploads\/2025\/12\/Arrow-style-operation-instructions19-143x300.jpg 143w, https:\/\/www.haideclean.com\/wp-content\/uploads\/2025\/12\/Arrow-style-operation-instructions19-487x1024.jpg 487w, https:\/\/www.haideclean.com\/wp-content\/uploads\/2025\/12\/Arrow-style-operation-instructions19-768x1616.jpg 768w, https:\/\/www.haideclean.com\/wp-content\/uploads\/2025\/12\/Arrow-style-operation-instructions19-730x1536.jpg 730w, https:\/\/www.haideclean.com\/wp-content\/uploads\/2025\/12\/Arrow-style-operation-instructions19-600x1262.jpg 600w, https:\/\/www.haideclean.com\/wp-content\/uploads\/2025\/12\/Arrow-style-operation-instructions19.jpg 790w\" sizes=\"(max-width: 143px) 100vw, 143px\" \/> <img loading=\"lazy\" decoding=\"async\" class=\"alignnone size-medium wp-image-2483\" src=\"https:\/\/www.haideclean.com\/wp-content\/uploads\/2025\/12\/Arrow-style-operation-instructions27-174x300.jpg\" alt=\"\" width=\"174\" height=\"300\" srcset=\"https:\/\/www.haideclean.com\/wp-content\/uploads\/2025\/12\/Arrow-style-operation-instructions27-174x300.jpg 174w, https:\/\/www.haideclean.com\/wp-content\/uploads\/2025\/12\/Arrow-style-operation-instructions27-593x1024.jpg 593w, https:\/\/www.haideclean.com\/wp-content\/uploads\/2025\/12\/Arrow-style-operation-instructions27-768x1326.jpg 768w, https:\/\/www.haideclean.com\/wp-content\/uploads\/2025\/12\/Arrow-style-operation-instructions27-600x1036.jpg 600w, https:\/\/www.haideclean.com\/wp-content\/uploads\/2025\/12\/Arrow-style-operation-instructions27.jpg 790w\" sizes=\"(max-width: 174px) 100vw, 174px\" \/><\/p>","protected":false},"excerpt":{"rendered":"<p>A s\u00e9rie de cami\u00f5es de limpeza rodovi\u00e1ria \u00e9 desenvolvida por Haide[UNK]Vehicle[UNK], com desempenho confi\u00e1vel e m\u00faltiplas aplica\u00e7\u00f5es em mente. Tem uma variedade de fun\u00e7\u00f5es como lavagem de pavimento, lavagem de estradas, lavagem de estradas, spray de jardim e prote\u00e7\u00e3o de inc\u00eandios de emerg\u00eancia.<\/p>","protected":false},"featured_media":1353,"template":"","meta":[],"product_brand":[],"product_cat":[27],"product_tag":[],"class_list":{"0":"post-1352","1":"product","2":"type-product","3":"status-publish","4":"has-post-thumbnail","6":"product_cat-cleaning-vehicles","8":"first","9":"instock","10":"shipping-taxable","11":"product-type-simple"},"_links":{"self":[{"href":"https:\/\/www.haideclean.com\/pt\/wp-json\/wp\/v2\/product\/1352","targetHints":{"allow":["GET"]}}],"collection":[{"href":"https:\/\/www.haideclean.com\/pt\/wp-json\/wp\/v2\/product"}],"about":[{"href":"https:\/\/www.haideclean.com\/pt\/wp-json\/wp\/v2\/types\/product"}],"wp:featuredmedia":[{"embeddable":true,"href":"https:\/\/www.haideclean.com\/pt\/wp-json\/wp\/v2\/media\/1353"}],"wp:attachment":[{"href":"https:\/\/www.haideclean.com\/pt\/wp-json\/wp\/v2\/media?parent=1352"}],"wp:term":[{"taxonomy":"product_brand","embeddable":true,"href":"https:\/\/www.haideclean.com\/pt\/wp-json\/wp\/v2\/product_brand?post=1352"},{"taxonomy":"product_cat","embeddable":true,"href":"https:\/\/www.haideclean.com\/pt\/wp-json\/wp\/v2\/product_cat?post=1352"},{"taxonomy":"product_tag","embeddable":true,"href":"https:\/\/www.haideclean.com\/pt\/wp-json\/wp\/v2\/product_tag?post=1352"}],"curies":[{"name":"wp","href":"https:\/\/api.w.org\/{rel}","templated":true}]}}