{"id":2223,"date":"2026-01-07T14:03:18","date_gmt":"2026-01-07T06:03:18","guid":{"rendered":"https:\/\/www.haideclean.com\/?post_type=product&#038;p=2223"},"modified":"2026-03-18T11:31:48","modified_gmt":"2026-03-18T03:31:48","slug":"chd5250gqxdfe6-road-cleaning-truck","status":"publish","type":"product","link":"https:\/\/www.haideclean.com\/pt\/produto\/chd5250gqxdfe6-road-cleaning-truck\/","title":{"rendered":"Caminh\u00e3o lavador de estradas modelo CHD5250GQXDFE6"},"content":{"rendered":"<p>Tanque de a \u00e7o inoxid\u00e1vel padr\u00e3o, instala um sistema de alarme sem \u00e1gua;<\/p>\n<p>O traseiro do ve\u00edculo est\u00e1 equipado com sinais de opera\u00e7\u00e3o emitindo luz;<\/p>\n<p>Dois conjuntos de sistemas independentes de vias h\u00eddricas de baixa press\u00e3o;<\/p>\n<p><strong><b>Sistema de vias \u00e1guas de alta press\u00e3o<\/b><b>\"<\/b><\/strong><\/p>\n<p>Prote\u00e7\u00e3o do alarme de alta press\u00e3o de bomba de \u00e1gua com velocidade;<\/p>\n<p>V\u00e1lvula de \u00e1gua de alta press\u00e3o dirigindo o sistema de controle aerodin\u00e2mico no interior;<\/p>\n<p>Controlo de seguran\u00e7a e pneum\u00e1tico dos dispositivos de lavagem de alta press\u00e3o de swing esquerdo e direito na frente, a largura da limpeza aumenta para 3,5 metros;<\/p>\n<p>H\u00e1 um dispositivo de pulveriza\u00e7\u00e3o atr\u00e1s do ve\u00edculo para ajustar a temperatura do ar;<\/p>\n<p>A frente do ve\u00edculo est\u00e1 equipada com um nozzle de alta press\u00e3o esquerda e direita para lavagem lateral de alta tens\u00e3o;<\/p>\n<p><strong><b>Sistema de vias h\u00eddricas de baixa press\u00e3o<\/b><b>\"<\/b><\/strong><\/p>\n<p>Todas as opera\u00e7\u00f5es no t\u00e1xi, completam todas as opera\u00e7\u00f5es em um clic;<\/p>\n<p>Com nozes de pulveriza\u00e7\u00e3o em forma de colunas m\u00faltiplas curvas e opera\u00e7\u00f5es de lavagem lateral, voc\u00ea pode ajustar arbitrariamente o \u00e2ngulo de lavagem, e a largura de pulveriza\u00e7\u00e3o \u00e9 maior que 24m. - Um nozzle de palma de pato e nozzle cilindrico s\u00e3o fornecidos com uma largura do sprinkler superior a 16 m.<\/p>\n<p>A plataforma de trabalho traseira usa uma arma de \u00e1gua de long a dist\u00e2ncia ajustada (coluna ou nevoeiro);<\/p>\n<p>Com a fun\u00e7\u00e3o auto-absorvente, usar a bomba de \u00e1gua no carro para absorver \u00e1gua no tanque;<\/p>\n<p>H\u00e1 um circuito autocirculante no sistema das vias h\u00eddricas, que pode ser usado para derreter agentes de derreter neve no inverno;<\/p>\n<p>O fundo do ve\u00edculo est\u00e1 equipado com uma interface de fogo de press\u00e3o de tubo de \u00e1gua para tubos de \u00e1gua para facilitar a conex\u00e3o do tubo de \u00e1gua remoto;<\/p>\n<p><img fetchpriority=\"high\" decoding=\"async\" class=\"alignnone size-medium wp-image-2469\" src=\"https:\/\/www.haideclean.com\/wp-content\/uploads\/2025\/12\/CHD5180GQXDFE6-Road-Cleaning-Truck-1-300x200.jpg\" alt=\"\" width=\"300\" height=\"200\" srcset=\"https:\/\/www.haideclean.com\/wp-content\/uploads\/2025\/12\/CHD5180GQXDFE6-Road-Cleaning-Truck-1-300x200.jpg 300w, https:\/\/www.haideclean.com\/wp-content\/uploads\/2025\/12\/CHD5180GQXDFE6-Road-Cleaning-Truck-1-768x512.jpg 768w, https:\/\/www.haideclean.com\/wp-content\/uploads\/2025\/12\/CHD5180GQXDFE6-Road-Cleaning-Truck-1-600x400.jpg 600w, https:\/\/www.haideclean.com\/wp-content\/uploads\/2025\/12\/CHD5180GQXDFE6-Road-Cleaning-Truck-1.jpg 1004w\" sizes=\"(max-width: 300px) 100vw, 300px\" \/><\/p>\n<p><img decoding=\"async\" class=\"alignnone size-medium wp-image-2470\" src=\"https:\/\/www.haideclean.com\/wp-content\/uploads\/2025\/12\/CHD5180GQXDFE6-Road-Cleaning-Truck2-1-300x229.jpg\" alt=\"\" width=\"300\" height=\"229\" srcset=\"https:\/\/www.haideclean.com\/wp-content\/uploads\/2025\/12\/CHD5180GQXDFE6-Road-Cleaning-Truck2-1-300x229.jpg 300w, https:\/\/www.haideclean.com\/wp-content\/uploads\/2025\/12\/CHD5180GQXDFE6-Road-Cleaning-Truck2-1-600x457.jpg 600w, https:\/\/www.haideclean.com\/wp-content\/uploads\/2025\/12\/CHD5180GQXDFE6-Road-Cleaning-Truck2-1.jpg 718w\" sizes=\"(max-width: 300px) 100vw, 300px\" \/><\/p>\n<p>Dispositivo de fresco frontal<\/p>\n<p><img decoding=\"async\" class=\"alignnone size-medium wp-image-2471\" src=\"https:\/\/www.haideclean.com\/wp-content\/uploads\/2025\/12\/CHD5180GQXDFE6-Road-Cleaning-Truck3-300x200.jpg\" alt=\"\" width=\"300\" height=\"200\" srcset=\"https:\/\/www.haideclean.com\/wp-content\/uploads\/2025\/12\/CHD5180GQXDFE6-Road-Cleaning-Truck3-300x200.jpg 300w, https:\/\/www.haideclean.com\/wp-content\/uploads\/2025\/12\/CHD5180GQXDFE6-Road-Cleaning-Truck3-768x513.jpg 768w, https:\/\/www.haideclean.com\/wp-content\/uploads\/2025\/12\/CHD5180GQXDFE6-Road-Cleaning-Truck3-600x400.jpg 600w, https:\/\/www.haideclean.com\/wp-content\/uploads\/2025\/12\/CHD5180GQXDFE6-Road-Cleaning-Truck3.jpg 866w\" sizes=\"(max-width: 300px) 100vw, 300px\" \/><\/p>\n<p>Grande taxa de fluxo<\/p>\n<p><img loading=\"lazy\" decoding=\"async\" class=\"alignnone size-medium wp-image-2472\" src=\"https:\/\/www.haideclean.com\/wp-content\/uploads\/2025\/12\/CHD5180GQXDFE6-Road-Cleaning-Truck4-300x200.jpg\" alt=\"\" width=\"300\" height=\"200\" srcset=\"https:\/\/www.haideclean.com\/wp-content\/uploads\/2025\/12\/CHD5180GQXDFE6-Road-Cleaning-Truck4-300x200.jpg 300w, https:\/\/www.haideclean.com\/wp-content\/uploads\/2025\/12\/CHD5180GQXDFE6-Road-Cleaning-Truck4-768x512.jpg 768w, https:\/\/www.haideclean.com\/wp-content\/uploads\/2025\/12\/CHD5180GQXDFE6-Road-Cleaning-Truck4-600x400.jpg 600w, https:\/\/www.haideclean.com\/wp-content\/uploads\/2025\/12\/CHD5180GQXDFE6-Road-Cleaning-Truck4.jpg 858w\" sizes=\"(max-width: 300px) 100vw, 300px\" \/><\/p>\n<p>Dispositivo de pulveriza\u00e7\u00e3o de tr\u00e1s<\/p>\n<p><img loading=\"lazy\" decoding=\"async\" class=\"alignnone size-medium wp-image-2473\" src=\"https:\/\/www.haideclean.com\/wp-content\/uploads\/2025\/12\/CHD5180GQXDFE6-Road-Cleaning-Truck6-300x250.jpg\" alt=\"\" width=\"300\" height=\"250\" srcset=\"https:\/\/www.haideclean.com\/wp-content\/uploads\/2025\/12\/CHD5180GQXDFE6-Road-Cleaning-Truck6-300x250.jpg 300w, https:\/\/www.haideclean.com\/wp-content\/uploads\/2025\/12\/CHD5180GQXDFE6-Road-Cleaning-Truck6-600x499.jpg 600w, https:\/\/www.haideclean.com\/wp-content\/uploads\/2025\/12\/CHD5180GQXDFE6-Road-Cleaning-Truck6.jpg 721w\" sizes=\"(max-width: 300px) 100vw, 300px\" \/><\/p>\n<p>Arma de spray de alta press\u00e3o verde<\/p>\n<p><img loading=\"lazy\" decoding=\"async\" class=\"alignnone size-medium wp-image-2474\" src=\"https:\/\/www.haideclean.com\/wp-content\/uploads\/2025\/12\/CHD5180GQXDFE6-Road-Cleaning-Truck8-300x200.jpg\" alt=\"\" width=\"300\" height=\"200\" srcset=\"https:\/\/www.haideclean.com\/wp-content\/uploads\/2025\/12\/CHD5180GQXDFE6-Road-Cleaning-Truck8-300x200.jpg 300w, https:\/\/www.haideclean.com\/wp-content\/uploads\/2025\/12\/CHD5180GQXDFE6-Road-Cleaning-Truck8-768x512.jpg 768w, https:\/\/www.haideclean.com\/wp-content\/uploads\/2025\/12\/CHD5180GQXDFE6-Road-Cleaning-Truck8-600x400.jpg 600w, https:\/\/www.haideclean.com\/wp-content\/uploads\/2025\/12\/CHD5180GQXDFE6-Road-Cleaning-Truck8.jpg 927w\" sizes=\"(max-width: 300px) 100vw, 300px\" \/><\/p>\n<p>Sinal de atribui\u00e7\u00e3o de ilumina\u00e7\u00e3o<\/p>\n<p><strong><b>Op\u00e7\u00e3o<\/b><\/strong><\/p>\n<ol>\n<li>N\u00e3o escolha nenhum aparelho de roupa na frente do ve\u00edculo.<\/li>\n<li>Escolha o nozzle redondo atr\u00e1s.<\/li>\n<li>\u00a0Escolha a montagem do tubo.<\/li>\n<li>\u00a0Escolha os dispositivos de vers\u00e3o verde esquerdo e direito.<\/li>\n<li>\u00a0Escolha o dispositivo de derramamento verde em cima.<\/li>\n<li>\u00a0Seleccione o indicador de opera\u00e7\u00e3o de estilo de flecha.<\/li>\n<li>\u00a0Escolha o sinal de logotipo externo do novo ve\u00edculo.<\/li>\n<li>\u00a0Escolha a placa de luz do indicador operacional.<\/li>\n<\/ol>\n<p><img loading=\"lazy\" decoding=\"async\" class=\"alignnone size-medium wp-image-2475\" src=\"https:\/\/www.haideclean.com\/wp-content\/uploads\/2025\/12\/CHD5180GQXDFE6-Road-Cleaning-Truck11-300x145.png\" alt=\"\" width=\"300\" height=\"145\" srcset=\"https:\/\/www.haideclean.com\/wp-content\/uploads\/2025\/12\/CHD5180GQXDFE6-Road-Cleaning-Truck11-300x145.png 300w, https:\/\/www.haideclean.com\/wp-content\/uploads\/2025\/12\/CHD5180GQXDFE6-Road-Cleaning-Truck11.png 443w\" sizes=\"(max-width: 300px) 100vw, 300px\" \/><\/p>\n<p>Quebra redonda<\/p>\n<p><img loading=\"lazy\" decoding=\"async\" class=\"alignnone wp-image-2476 size-medium\" src=\"https:\/\/www.haideclean.com\/wp-content\/uploads\/2025\/12\/CHD5180GQXDFE6-Road-Cleaning-Truck14-300x234.png\" alt=\"\" width=\"300\" height=\"234\" srcset=\"https:\/\/www.haideclean.com\/wp-content\/uploads\/2025\/12\/CHD5180GQXDFE6-Road-Cleaning-Truck14-300x234.png 300w, https:\/\/www.haideclean.com\/wp-content\/uploads\/2025\/12\/CHD5180GQXDFE6-Road-Cleaning-Truck14.png 314w\" sizes=\"(max-width: 300px) 100vw, 300px\" \/><\/p>\n<p>Montagem de tubos rolados<\/p>\n<p><img loading=\"lazy\" decoding=\"async\" class=\"alignnone wp-image-2477 size-medium\" src=\"https:\/\/www.haideclean.com\/wp-content\/uploads\/2025\/12\/CHD5180GQXDFE6-Road-Cleaning-Truck16-300x179.jpg\" alt=\"\" width=\"300\" height=\"179\" srcset=\"https:\/\/www.haideclean.com\/wp-content\/uploads\/2025\/12\/CHD5180GQXDFE6-Road-Cleaning-Truck16-300x179.jpg 300w, https:\/\/www.haideclean.com\/wp-content\/uploads\/2025\/12\/CHD5180GQXDFE6-Road-Cleaning-Truck16-600x357.jpg 600w, https:\/\/www.haideclean.com\/wp-content\/uploads\/2025\/12\/CHD5180GQXDFE6-Road-Cleaning-Truck16.jpg 658w\" sizes=\"(max-width: 300px) 100vw, 300px\" \/><\/p>\n<p>Instru\u00e7\u00f5es de opera\u00e7\u00e3o de estilo de flecha<\/p>","protected":false},"excerpt":{"rendered":"<p>CHD5250GQXDFE6 \u00e9 um ve\u00edculo de limpeza de g\u00e1s natural desenvolvido independentemente por Yantai[UNK]HaideSpecial Vehicle Co., Ltd., com excelente desempenho e tecnologia de lideran\u00e7a. Os componentes essenciais usam produtos de marca mundial, desempenho est\u00e1vel e integra\u00e7\u00e3o multifuncional. Ela tem uma variedade de fun\u00e7\u00f5es como espira\u00e7\u00e3o de pavimento, lavagem de estradas, espira\u00e7\u00e3o de jardim e prote\u00e7\u00e3o de inc\u00eandios de emerg\u00eancia.<\/p>","protected":false},"featured_media":2224,"template":"","meta":[],"product_brand":[],"product_cat":[27],"product_tag":[],"class_list":{"0":"post-2223","1":"product","2":"type-product","3":"status-publish","4":"has-post-thumbnail","6":"product_cat-cleaning-vehicles","8":"first","9":"instock","10":"shipping-taxable","11":"product-type-simple"},"_links":{"self":[{"href":"https:\/\/www.haideclean.com\/pt\/wp-json\/wp\/v2\/product\/2223","targetHints":{"allow":["GET"]}}],"collection":[{"href":"https:\/\/www.haideclean.com\/pt\/wp-json\/wp\/v2\/product"}],"about":[{"href":"https:\/\/www.haideclean.com\/pt\/wp-json\/wp\/v2\/types\/product"}],"wp:featuredmedia":[{"embeddable":true,"href":"https:\/\/www.haideclean.com\/pt\/wp-json\/wp\/v2\/media\/2224"}],"wp:attachment":[{"href":"https:\/\/www.haideclean.com\/pt\/wp-json\/wp\/v2\/media?parent=2223"}],"wp:term":[{"taxonomy":"product_brand","embeddable":true,"href":"https:\/\/www.haideclean.com\/pt\/wp-json\/wp\/v2\/product_brand?post=2223"},{"taxonomy":"product_cat","embeddable":true,"href":"https:\/\/www.haideclean.com\/pt\/wp-json\/wp\/v2\/product_cat?post=2223"},{"taxonomy":"product_tag","embeddable":true,"href":"https:\/\/www.haideclean.com\/pt\/wp-json\/wp\/v2\/product_tag?post=2223"}],"curies":[{"name":"wp","href":"https:\/\/api.w.org\/{rel}","templated":true}]}}