{"id":2226,"date":"2026-01-07T14:19:24","date_gmt":"2026-01-07T06:19:24","guid":{"rendered":"https:\/\/www.haideclean.com\/?post_type=product&#038;p=2226"},"modified":"2026-03-18T11:31:35","modified_gmt":"2026-03-18T03:31:35","slug":"chd5180gssdfe6-watering-truck","status":"publish","type":"product","link":"https:\/\/www.haideclean.com\/pt\/produto\/chd5180gssdfe6-watering-truck\/","title":{"rendered":"CHD5180GSSDFE6 Cami\u00e3o de Agua"},"content":{"rendered":"<p>A estrutura do tanque \u00e9 quadrada e redonda, selecionada WISCO materiais de a\u00e7o de carbono de alta qualidade, bombas especiais, extratores, bombas, v\u00e1lvulas de bola, telas s\u00e3o produtos padr\u00e3o nacionais, com excelente desempenho, trabalho confi\u00e1vel, alta efici\u00eancia, alta taxa de fluxo, manuten\u00e7\u00e3o f\u00e1cil e assim por diante.<\/p>\n<p>Ap\u00f3s uma an\u00e1lise cuidadosa de projeto por an\u00e1lise de elementos finitos, em conjunto com a estrutura interna de tamp\u00e3o de placas anti-ondas, estrutura de quadro inferior, o corpo do tanque usa uma grande m\u00e1quina de rolamento para formar uma molda de rolamento em uma vez, e o rob\u00f4 suava automaticamente um tanque para formar-se em uma vez.<\/p>\n<p>A dobragem global do tubo de vias de \u00e1gua est\u00e1 inclinada para reduzir a superf\u00edcie de soldagem, reduzir efetivamente o risco de fuga, o tubo n\u00e3o est\u00e1 bloqueado, o carro inteiro&#8217; sua v\u00e1lvula de grande circuito, o fluxo de \u00e1gua \u00e9 maior.<\/p>\n<p>A apar\u00eancia \u00e9 pulverizada com tinta multirusta e tinta decorativa, e a superf\u00edcie interior \u00e9 pulverizada com tecnologia anticorrosiva de alta qualidade, e o tanque \u00e9 duradouro. Equipamento avan\u00e7ado, habilidades exquisitas, processo padronizado, apar\u00eancia bonita e excelente desempenho de selagem.<\/p>\n<p>O produtoo est\u00e1 equipequipo com can \u00f5es de alta presspresspresspress\u00e1g\u00e1g\u00e1g\u00e1g\u00e1gcancancancancancancancancancancancancanon na frenrusrusrusrusrusrusrusback sprispringengengelado lado spraspraspraside side spraspraspraspray, platplatplatplatplat,  e platplatplat ( pode rotarotarota360360 \u00b0,  e a forma do fogfogfogfogfogfogfogfogo pode ser adapta a straight, heavy rain heavy, medium rain, medium rain, light rain, light light rain, hairhairhairrain rain on on on a a da frenfrenfrenfrenfrenfrencom com com com com com com com com com com com com com com com com com com com com com com com com com com com com com com com com com com com com com com com com com com com com com com com com com com com com com com com com com com com com com com com Plug-in water), 1 set of self-run valve system (self-suction, maximum suction 7 meters), 2 water-divert steel wire gum pipes. \u00c9 adequado para diversas limpezas rodovi\u00e1rias; - \u00e1rvores, cintos verdes, e verde da erva; estradas, f\u00e1bricas e minas, constru\u00e7\u00e3o e constru\u00e7\u00e3o, e lavagem de edif\u00edcio de alta altitude. Tem uma variedade de fun\u00e7\u00f5es como espiradora, poeira, pulveriza\u00e7\u00e3o alta (baixa), pulveriza\u00e7\u00e3o de pesticidas, parafuso de cerca e prote\u00e7\u00e3o de inc\u00eandios de emerg\u00eancia.<\/p>\n<p>Ben\u00e7\u00e3o tecnol\u00f3gica inteligente: sistema de prote\u00e7\u00e3o da for\u00e7a, controle de um clic, eliminando os danos ao dano \u00e0 for\u00e7a; O n\u00edvel de \u00e1gua impulsiona o sistema de alarme, atrav\u00e9s do sensor de n\u00edvel de \u00e1gua, monitora o n\u00edvel interno de \u00e1gua do tanque, alerta precoce para evitar queimadura sem \u00e1gua e queimar a bomba; O recordador de voz do gabinete, orienta\u00e7\u00e3o e uso em todas as dire\u00e7\u00f5es, eliminando o uso errado de novos e causando danos ao ve\u00edculo.<\/p>","protected":false},"excerpt":{"rendered":"<p>CHD5180GSSDFE6 \u00e9 um ve\u00edculo de \u00e1gua de baixa press\u00e3o desenvolvido independentemente baseado na demand a do mercado. Tem excelentes desempenhos e tecnologia l\u00edder. As principais partes estrangeiras de compra usam produtos famosos do mundo, com qualidade est\u00e1vel e multifun\u00e7\u00e3o e integra\u00e7\u00e3o. Ela tem uma variedade de fun\u00e7\u00f5es como espira\u00e7\u00e3o de pavimento, lavagem de estradas, espira\u00e7\u00e3o de jardim e prote\u00e7\u00e3o de inc\u00eandios de emerg\u00eancia.<\/p>","protected":false},"featured_media":2228,"template":"","meta":[],"product_brand":[],"product_cat":[27],"product_tag":[],"class_list":{"0":"post-2226","1":"product","2":"type-product","3":"status-publish","4":"has-post-thumbnail","6":"product_cat-cleaning-vehicles","8":"first","9":"instock","10":"shipping-taxable","11":"product-type-simple"},"_links":{"self":[{"href":"https:\/\/www.haideclean.com\/pt\/wp-json\/wp\/v2\/product\/2226","targetHints":{"allow":["GET"]}}],"collection":[{"href":"https:\/\/www.haideclean.com\/pt\/wp-json\/wp\/v2\/product"}],"about":[{"href":"https:\/\/www.haideclean.com\/pt\/wp-json\/wp\/v2\/types\/product"}],"wp:featuredmedia":[{"embeddable":true,"href":"https:\/\/www.haideclean.com\/pt\/wp-json\/wp\/v2\/media\/2228"}],"wp:attachment":[{"href":"https:\/\/www.haideclean.com\/pt\/wp-json\/wp\/v2\/media?parent=2226"}],"wp:term":[{"taxonomy":"product_brand","embeddable":true,"href":"https:\/\/www.haideclean.com\/pt\/wp-json\/wp\/v2\/product_brand?post=2226"},{"taxonomy":"product_cat","embeddable":true,"href":"https:\/\/www.haideclean.com\/pt\/wp-json\/wp\/v2\/product_cat?post=2226"},{"taxonomy":"product_tag","embeddable":true,"href":"https:\/\/www.haideclean.com\/pt\/wp-json\/wp\/v2\/product_tag?post=2226"}],"curies":[{"name":"wp","href":"https:\/\/api.w.org\/{rel}","templated":true}]}}